{"id":413,"date":"2025-02-25T21:08:14","date_gmt":"2025-02-25T21:08:14","guid":{"rendered":"https:\/\/escoladigital.madeira.gov.pt\/eb1perbrava\/?page_id=413"},"modified":"2025-03-26T17:36:11","modified_gmt":"2025-03-26T17:36:11","slug":"seguranet","status":"publish","type":"page","link":"https:\/\/escoladigital.madeira.gov.pt\/eb1perbrava\/seguranet\/","title":{"rendered":"Seguranet"},"content":{"rendered":"\n<figure class=\"wp-block-image alignwide size-full\"><a href=\"https:\/\/www.seguranet.pt\/\"><img fetchpriority=\"high\" decoding=\"async\" width=\"5760\" height=\"2160\" src=\"https:\/\/escoladigital.madeira.gov.pt\/eb1perbrava\/wp-content\/uploads\/sites\/46\/2025\/02\/Design-sem-nome-4.png\" alt=\"\" class=\"wp-image-482\" srcset=\"https:\/\/escoladigital.madeira.gov.pt\/eb1perbrava\/wp-content\/uploads\/sites\/46\/2025\/02\/Design-sem-nome-4.png 5760w, https:\/\/escoladigital.madeira.gov.pt\/eb1perbrava\/wp-content\/uploads\/sites\/46\/2025\/02\/Design-sem-nome-4-300x113.png 300w, https:\/\/escoladigital.madeira.gov.pt\/eb1perbrava\/wp-content\/uploads\/sites\/46\/2025\/02\/Design-sem-nome-4-1024x384.png 1024w, https:\/\/escoladigital.madeira.gov.pt\/eb1perbrava\/wp-content\/uploads\/sites\/46\/2025\/02\/Design-sem-nome-4-768x288.png 768w, https:\/\/escoladigital.madeira.gov.pt\/eb1perbrava\/wp-content\/uploads\/sites\/46\/2025\/02\/Design-sem-nome-4-1536x576.png 1536w, https:\/\/escoladigital.madeira.gov.pt\/eb1perbrava\/wp-content\/uploads\/sites\/46\/2025\/02\/Design-sem-nome-4-2048x768.png 2048w\" sizes=\"(max-width: 5760px) 100vw, 5760px\" \/><\/a><figcaption class=\"wp-element-caption\">O SeguraNet tem como miss\u00e3o promover a Educa\u00e7\u00e3o para a Cidadania Digital.<\/figcaption><\/figure>\n\n\n\n<div id=\"wp-block-themeisle-blocks-slider-9e7b5ba1\" class=\"wp-block-themeisle-blocks-slider alignwide glide\" data-per-view=\"1\" data-gap=\"0\" data-peek=\"0\" data-autoplay=\"true\" data-height=\"400px\" data-hide-arrows=\"false\"><div class=\"glide__track\" data-glide-el=\"track\"><div class=\"glide__slides\"><div class=\"wp-block-themeisle-blocks-slider-item-wrapper glide__slide\"><figure><img decoding=\"async\" class=\"wp-block-themeisle-blocks-slider-item\" src=\"https:\/\/escoladigital.madeira.gov.pt\/eb1perbrava\/wp-content\/uploads\/sites\/46\/2025\/02\/evid-desafio-1o-seguranet.png\" alt=\"\" title=\"\" data-id=\"490\" \/><\/figure><\/div><div class=\"wp-block-themeisle-blocks-slider-item-wrapper glide__slide\"><figure><img decoding=\"async\" class=\"wp-block-themeisle-blocks-slider-item\" src=\"https:\/\/escoladigital.madeira.gov.pt\/eb1perbrava\/wp-content\/uploads\/sites\/46\/2025\/02\/evidecia-desafio-seguranet.png\" alt=\"\" title=\"\" data-id=\"488\" \/><\/figure><\/div><div class=\"wp-block-themeisle-blocks-slider-item-wrapper glide__slide\"><figure><img decoding=\"async\" class=\"wp-block-themeisle-blocks-slider-item\" src=\"https:\/\/escoladigital.madeira.gov.pt\/eb1perbrava\/wp-content\/uploads\/sites\/46\/2025\/02\/evidenca-1o-desafio.png\" alt=\"\" title=\"\" data-id=\"491\" \/><\/figure><\/div><div class=\"wp-block-themeisle-blocks-slider-item-wrapper glide__slide\"><figure><img decoding=\"async\" class=\"wp-block-themeisle-blocks-slider-item\" src=\"https:\/\/escoladigital.madeira.gov.pt\/eb1perbrava\/wp-content\/uploads\/sites\/46\/2025\/02\/evidencia-desafio-herois.png\" alt=\"\" title=\"\" data-id=\"487\" \/><\/figure><\/div><div class=\"wp-block-themeisle-blocks-slider-item-wrapper glide__slide\"><figure><img decoding=\"async\" class=\"wp-block-themeisle-blocks-slider-item\" src=\"https:\/\/escoladigital.madeira.gov.pt\/eb1perbrava\/wp-content\/uploads\/sites\/46\/2025\/02\/evidencia-desafios-herois.png\" alt=\"\" title=\"\" data-id=\"489\" \/><\/figure><\/div><div class=\"wp-block-themeisle-blocks-slider-item-wrapper glide__slide\"><figure><img decoding=\"async\" class=\"wp-block-themeisle-blocks-slider-item\" src=\"https:\/\/escoladigital.madeira.gov.pt\/eb1perbrava\/wp-content\/uploads\/sites\/46\/2025\/02\/evidencia-desafios-seguranet.png\" alt=\"\" title=\"\" data-id=\"492\" \/><\/figure><\/div><div class=\"wp-block-themeisle-blocks-slider-item-wrapper glide__slide\"><figure><img decoding=\"async\" class=\"wp-block-themeisle-blocks-slider-item\" src=\"https:\/\/escoladigital.madeira.gov.pt\/eb1perbrava\/wp-content\/uploads\/sites\/46\/2025\/02\/sebastian.png\" alt=\"\" title=\"\" data-id=\"486\" \/><\/figure><\/div><div class=\"wp-block-themeisle-blocks-slider-item-wrapper glide__slide\"><figure><img decoding=\"async\" class=\"wp-block-themeisle-blocks-slider-item\" src=\"https:\/\/escoladigital.madeira.gov.pt\/eb1perbrava\/wp-content\/uploads\/sites\/46\/2025\/02\/super-robot-seguro.png\" alt=\"\" title=\"\" data-id=\"485\" \/><\/figure><\/div><div class=\"wp-block-themeisle-blocks-slider-item-wrapper glide__slide\"><figure><img decoding=\"async\" class=\"wp-block-themeisle-blocks-slider-item\" src=\"https:\/\/escoladigital.madeira.gov.pt\/eb1perbrava\/wp-content\/uploads\/sites\/46\/2025\/02\/superdidinet.png\" alt=\"\" title=\"\" data-id=\"484\" \/><\/figure><\/div><\/div><div class=\"glide__bullets\" data-glide-el=\"controls[nav]\"><button class=\"glide__bullet\" data-glide-dir=\"=0\"><\/button><button class=\"glide__bullet\" data-glide-dir=\"=1\"><\/button><button class=\"glide__bullet\" data-glide-dir=\"=2\"><\/button><button class=\"glide__bullet\" data-glide-dir=\"=3\"><\/button><button class=\"glide__bullet\" data-glide-dir=\"=4\"><\/button><button class=\"glide__bullet\" data-glide-dir=\"=5\"><\/button><button class=\"glide__bullet\" data-glide-dir=\"=6\"><\/button><button class=\"glide__bullet\" data-glide-dir=\"=7\"><\/button><button class=\"glide__bullet\" data-glide-dir=\"=8\"><\/button><\/div><\/div><\/div>\n\n\n\n<p><strong>Folheto Bem-estar digital Alunos<\/strong><\/p>\n\n\n\n<div data-wp-interactive=\"core\/file\" class=\"wp-block-file aligncenter\"><object data-wp-bind--hidden=\"!state.hasPdfPreview\" hidden class=\"wp-block-file__embed\" data=\"https:\/\/escoladigital.madeira.gov.pt\/eb1perbrava\/wp-content\/uploads\/sites\/46\/2025\/03\/Folheto-bem-estar-digital-alunos.pdf\" type=\"application\/pdf\" style=\"width:100%;height:600px\" aria-label=\"Incorpora\u00e7\u00e3o de Folheto bem estar digital alunos.\"><\/object><a id=\"wp-block-file--media-413a7eb0-3184-46b8-a212-05f7e9d4d7af\" href=\"https:\/\/escoladigital.madeira.gov.pt\/eb1perbrava\/wp-content\/uploads\/sites\/46\/2025\/03\/Folheto-bem-estar-digital-alunos.pdf\">Folheto bem estar digital alunos<\/a><a href=\"https:\/\/escoladigital.madeira.gov.pt\/eb1perbrava\/wp-content\/uploads\/sites\/46\/2025\/03\/Folheto-bem-estar-digital-alunos.pdf\" class=\"wp-block-file__button wp-element-button\" download aria-describedby=\"wp-block-file--media-413a7eb0-3184-46b8-a212-05f7e9d4d7af\">Descarregar<\/a><\/div>\n\n\n\n<p>Folheto bem-estar Digital Enc. Educa\u00e7\u00e3o<\/p>\n\n\n\n<div data-wp-interactive=\"core\/file\" class=\"wp-block-file\"><object data-wp-bind--hidden=\"!state.hasPdfPreview\" hidden class=\"wp-block-file__embed\" data=\"https:\/\/escoladigital.madeira.gov.pt\/eb1perbrava\/wp-content\/uploads\/sites\/46\/2025\/03\/folheto-bem-estar-digital-Enc.-Educacao.pdf\" type=\"application\/pdf\" style=\"width:100%;height:600px\" aria-label=\"Incorpora\u00e7\u00e3o de folheto bem estar digital Enc. Educa\u00e7\u00e3o.\"><\/object><a id=\"wp-block-file--media-30e6d598-465b-40c5-974d-be9d59c4d541\" href=\"https:\/\/escoladigital.madeira.gov.pt\/eb1perbrava\/wp-content\/uploads\/sites\/46\/2025\/03\/folheto-bem-estar-digital-Enc.-Educacao.pdf\">folheto bem estar digital Enc. Educa\u00e7\u00e3o<\/a><a href=\"https:\/\/escoladigital.madeira.gov.pt\/eb1perbrava\/wp-content\/uploads\/sites\/46\/2025\/03\/folheto-bem-estar-digital-Enc.-Educacao.pdf\" class=\"wp-block-file__button wp-element-button\" download aria-describedby=\"wp-block-file--media-30e6d598-465b-40c5-974d-be9d59c4d541\">Descarregar<\/a><\/div>\n","protected":false},"excerpt":{"rendered":"<p>Folheto Bem-estar digital Alunos Folheto bem-estar Digital Enc. Educa\u00e7\u00e3o<\/p>\n","protected":false},"author":62,"featured_media":0,"parent":0,"menu_order":0,"comment_status":"closed","ping_status":"closed","template":"","meta":{"site-sidebar-layout":"default","site-content-layout":"","ast-site-content-layout":"default","site-content-style":"default","site-sidebar-style":"default","ast-global-header-display":"","ast-banner-title-visibility":"","ast-main-header-display":"","ast-hfb-above-header-display":"","ast-hfb-below-header-display":"","ast-hfb-mobile-header-display":"","site-post-title":"","ast-breadcrumbs-content":"","ast-featured-img":"","footer-sml-layout":"","ast-disable-related-posts":"","theme-transparent-header-meta":"","adv-header-id-meta":"","stick-header-meta":"","header-above-stick-meta":"","header-main-stick-meta":"","header-below-stick-meta":"","astra-migrate-meta-layouts":"default","ast-page-background-enabled":"default","ast-page-background-meta":{"desktop":{"background-color":"var(--ast-global-color-5)","background-image":"","background-repeat":"repeat","background-position":"center center","background-size":"auto","background-attachment":"scroll","background-type":"","background-media":"","overlay-type":"","overlay-color":"","overlay-opacity":"","overlay-gradient":""},"tablet":{"background-color":"","background-image":"","background-repeat":"repeat","background-position":"center center","background-size":"auto","background-attachment":"scroll","background-type":"","background-media":"","overlay-type":"","overlay-color":"","overlay-opacity":"","overlay-gradient":""},"mobile":{"background-color":"","background-image":"","background-repeat":"repeat","background-position":"center center","background-size":"auto","background-attachment":"scroll","background-type":"","background-media":"","overlay-type":"","overlay-color":"","overlay-opacity":"","overlay-gradient":""}},"ast-content-background-meta":{"desktop":{"background-color":"var(--ast-global-color-4)","background-image":"","background-repeat":"repeat","background-position":"center center","background-size":"auto","background-attachment":"scroll","background-type":"","background-media":"","overlay-type":"","overlay-color":"","overlay-opacity":"","overlay-gradient":""},"tablet":{"background-color":"var(--ast-global-color-4)","background-image":"","background-repeat":"repeat","background-position":"center center","background-size":"auto","background-attachment":"scroll","background-type":"","background-media":"","overlay-type":"","overlay-color":"","overlay-opacity":"","overlay-gradient":""},"mobile":{"background-color":"var(--ast-global-color-4)","background-image":"","background-repeat":"repeat","background-position":"center center","background-size":"auto","background-attachment":"scroll","background-type":"","background-media":"","overlay-type":"","overlay-color":"","overlay-opacity":"","overlay-gradient":""}},"_themeisle_gutenberg_block_has_review":false,"footnotes":""},"class_list":["post-413","page","type-page","status-publish","hentry"],"_links":{"self":[{"href":"https:\/\/escoladigital.madeira.gov.pt\/eb1perbrava\/wp-json\/wp\/v2\/pages\/413","targetHints":{"allow":["GET"]}}],"collection":[{"href":"https:\/\/escoladigital.madeira.gov.pt\/eb1perbrava\/wp-json\/wp\/v2\/pages"}],"about":[{"href":"https:\/\/escoladigital.madeira.gov.pt\/eb1perbrava\/wp-json\/wp\/v2\/types\/page"}],"author":[{"embeddable":true,"href":"https:\/\/escoladigital.madeira.gov.pt\/eb1perbrava\/wp-json\/wp\/v2\/users\/62"}],"replies":[{"embeddable":true,"href":"https:\/\/escoladigital.madeira.gov.pt\/eb1perbrava\/wp-json\/wp\/v2\/comments?post=413"}],"version-history":[{"count":8,"href":"https:\/\/escoladigital.madeira.gov.pt\/eb1perbrava\/wp-json\/wp\/v2\/pages\/413\/revisions"}],"predecessor-version":[{"id":559,"href":"https:\/\/escoladigital.madeira.gov.pt\/eb1perbrava\/wp-json\/wp\/v2\/pages\/413\/revisions\/559"}],"wp:attachment":[{"href":"https:\/\/escoladigital.madeira.gov.pt\/eb1perbrava\/wp-json\/wp\/v2\/media?parent=413"}],"curies":[{"name":"wp","href":"https:\/\/api.w.org\/{rel}","templated":true}]}}