{"id":73,"date":"2025-01-29T15:39:55","date_gmt":"2025-01-29T15:39:55","guid":{"rendered":"https:\/\/escoladigital.madeira.gov.pt\/eb1perbrava\/?page_id=73"},"modified":"2025-03-10T11:00:25","modified_gmt":"2025-03-10T11:00:25","slug":"organizacao","status":"publish","type":"page","link":"https:\/\/escoladigital.madeira.gov.pt\/eb1perbrava\/organizacao\/","title":{"rendered":"Organiza\u00e7\u00e3o"},"content":{"rendered":"\n<figure class=\"wp-block-image size-large is-resized\"><img fetchpriority=\"high\" decoding=\"async\" width=\"1024\" height=\"601\" src=\"https:\/\/escoladigital.madeira.gov.pt\/eb1perbrava\/wp-content\/uploads\/sites\/46\/2025\/03\/organizacao-escola-1024x601.png\" alt=\"\" class=\"wp-image-505\" style=\"width:734px;height:auto\" srcset=\"https:\/\/escoladigital.madeira.gov.pt\/eb1perbrava\/wp-content\/uploads\/sites\/46\/2025\/03\/organizacao-escola-1024x601.png 1024w, https:\/\/escoladigital.madeira.gov.pt\/eb1perbrava\/wp-content\/uploads\/sites\/46\/2025\/03\/organizacao-escola-300x176.png 300w, https:\/\/escoladigital.madeira.gov.pt\/eb1perbrava\/wp-content\/uploads\/sites\/46\/2025\/03\/organizacao-escola-768x451.png 768w, https:\/\/escoladigital.madeira.gov.pt\/eb1perbrava\/wp-content\/uploads\/sites\/46\/2025\/03\/organizacao-escola.png 1030w\" sizes=\"(max-width: 1024px) 100vw, 1024px\" \/><figcaption class=\"wp-element-caption\">De acordo com Decreto Legislativo Regional n\u00ba 21 \/2006\/M que altera o Decreto Legislativo Regional n.\u00ba 4\/2000\/M, de 31 de janeiro, que aprovou o regime de autonomia, administra\u00e7\u00e3o e gest\u00e3o dos estabelecimentos de educa\u00e7\u00e3o e de ensino p\u00fablicos da Regi\u00e3o Aut\u00f3noma da Madeira, art.5\u00ba sobre os \u00f3rg\u00e3os de gest\u00e3o, as escolas definem lideran\u00e7as interm\u00e9dias que fundamentam o trabalho colaborativo e potenciam a efic\u00e1cia e efici\u00eancia das mesmas.<\/figcaption><\/figure>\n","protected":false},"excerpt":{"rendered":"","protected":false},"author":62,"featured_media":0,"parent":0,"menu_order":0,"comment_status":"closed","ping_status":"closed","template":"","meta":{"site-sidebar-layout":"default","site-content-layout":"","ast-site-content-layout":"default","site-content-style":"default","site-sidebar-style":"default","ast-global-header-display":"","ast-banner-title-visibility":"","ast-main-header-display":"","ast-hfb-above-header-display":"","ast-hfb-below-header-display":"","ast-hfb-mobile-header-display":"","site-post-title":"","ast-breadcrumbs-content":"","ast-featured-img":"","footer-sml-layout":"","ast-disable-related-posts":"","theme-transparent-header-meta":"","adv-header-id-meta":"","stick-header-meta":"","header-above-stick-meta":"","header-main-stick-meta":"","header-below-stick-meta":"","astra-migrate-meta-layouts":"default","ast-page-background-enabled":"default","ast-page-background-meta":{"desktop":{"background-color":"var(--ast-global-color-5)","background-image":"","background-repeat":"repeat","background-position":"center center","background-size":"auto","background-attachment":"scroll","background-type":"","background-media":"","overlay-type":"","overlay-color":"","overlay-opacity":"","overlay-gradient":""},"tablet":{"background-color":"","background-image":"","background-repeat":"repeat","background-position":"center center","background-size":"auto","background-attachment":"scroll","background-type":"","background-media":"","overlay-type":"","overlay-color":"","overlay-opacity":"","overlay-gradient":""},"mobile":{"background-color":"","background-image":"","background-repeat":"repeat","background-position":"center center","background-size":"auto","background-attachment":"scroll","background-type":"","background-media":"","overlay-type":"","overlay-color":"","overlay-opacity":"","overlay-gradient":""}},"ast-content-background-meta":{"desktop":{"background-color":"var(--ast-global-color-4)","background-image":"","background-repeat":"repeat","background-position":"center center","background-size":"auto","background-attachment":"scroll","background-type":"","background-media":"","overlay-type":"","overlay-color":"","overlay-opacity":"","overlay-gradient":""},"tablet":{"background-color":"var(--ast-global-color-4)","background-image":"","background-repeat":"repeat","background-position":"center center","background-size":"auto","background-attachment":"scroll","background-type":"","background-media":"","overlay-type":"","overlay-color":"","overlay-opacity":"","overlay-gradient":""},"mobile":{"background-color":"var(--ast-global-color-4)","background-image":"","background-repeat":"repeat","background-position":"center center","background-size":"auto","background-attachment":"scroll","background-type":"","background-media":"","overlay-type":"","overlay-color":"","overlay-opacity":"","overlay-gradient":""}},"_themeisle_gutenberg_block_has_review":false,"footnotes":""},"class_list":["post-73","page","type-page","status-publish","hentry"],"_links":{"self":[{"href":"https:\/\/escoladigital.madeira.gov.pt\/eb1perbrava\/wp-json\/wp\/v2\/pages\/73","targetHints":{"allow":["GET"]}}],"collection":[{"href":"https:\/\/escoladigital.madeira.gov.pt\/eb1perbrava\/wp-json\/wp\/v2\/pages"}],"about":[{"href":"https:\/\/escoladigital.madeira.gov.pt\/eb1perbrava\/wp-json\/wp\/v2\/types\/page"}],"author":[{"embeddable":true,"href":"https:\/\/escoladigital.madeira.gov.pt\/eb1perbrava\/wp-json\/wp\/v2\/users\/62"}],"replies":[{"embeddable":true,"href":"https:\/\/escoladigital.madeira.gov.pt\/eb1perbrava\/wp-json\/wp\/v2\/comments?post=73"}],"version-history":[{"count":6,"href":"https:\/\/escoladigital.madeira.gov.pt\/eb1perbrava\/wp-json\/wp\/v2\/pages\/73\/revisions"}],"predecessor-version":[{"id":506,"href":"https:\/\/escoladigital.madeira.gov.pt\/eb1perbrava\/wp-json\/wp\/v2\/pages\/73\/revisions\/506"}],"wp:attachment":[{"href":"https:\/\/escoladigital.madeira.gov.pt\/eb1perbrava\/wp-json\/wp\/v2\/media?parent=73"}],"curies":[{"name":"wp","href":"https:\/\/api.w.org\/{rel}","templated":true}]}}