{"id":127,"date":"2025-04-30T15:52:16","date_gmt":"2025-04-30T15:52:16","guid":{"rendered":"https:\/\/escoladigital.madeira.gov.pt\/eb1percaldeira\/?page_id=127"},"modified":"2025-12-11T11:54:58","modified_gmt":"2025-12-11T11:54:58","slug":"pagina-inicial","status":"publish","type":"page","link":"https:\/\/escoladigital.madeira.gov.pt\/eb1percaldeira\/","title":{"rendered":"P\u00e1gina Inicial"},"content":{"rendered":"\n<div style=\"height:32px\" aria-hidden=\"true\" class=\"wp-block-spacer\"><\/div>\n\n\n<h1 style=\"text-align: center\"><strong>Bem-Vindos!<\/strong><\/h1>\n<p style=\"text-align: center\"><em>Abrimos as portas a um novo ano letivo cheio de oportunidades! Que a motiva\u00e7\u00e3o, a curiosidade e a amizade acompanhem todos os nossos alunos neste caminho de conhecimento.<\/em><\/p>\n\n\n<div class=\"wp-block-columns has-ast-global-color-5-background-color has-background is-layout-flex wp-container-core-columns-is-layout-37c77feb wp-block-columns-is-layout-flex\" style=\"border-style:none;border-width:0px;margin-top:0;margin-bottom:0;padding-top:var(--wp--preset--spacing--50);padding-right:0;padding-bottom:var(--wp--preset--spacing--50);padding-left:0\">\n<div class=\"wp-block-column is-layout-flow wp-block-column-is-layout-flow\" style=\"border-style:none;border-width:0px\">\n<figure class=\"wp-block-image alignleft size-large is-resized\"><img fetchpriority=\"high\" decoding=\"async\" width=\"884\" height=\"1024\" src=\"https:\/\/escoladigital.madeira.gov.pt\/eb1percaldeira\/wp-content\/uploads\/sites\/51\/2025\/12\/1-884x1024.png\" alt=\"\" class=\"wp-image-966\" style=\"aspect-ratio:0.8632923229784623;width:439px;height:auto\" srcset=\"https:\/\/escoladigital.madeira.gov.pt\/eb1percaldeira\/wp-content\/uploads\/sites\/51\/2025\/12\/1-884x1024.png 884w, https:\/\/escoladigital.madeira.gov.pt\/eb1percaldeira\/wp-content\/uploads\/sites\/51\/2025\/12\/1-259x300.png 259w, https:\/\/escoladigital.madeira.gov.pt\/eb1percaldeira\/wp-content\/uploads\/sites\/51\/2025\/12\/1-768x890.png 768w, https:\/\/escoladigital.madeira.gov.pt\/eb1percaldeira\/wp-content\/uploads\/sites\/51\/2025\/12\/1.png 932w\" sizes=\"(max-width: 884px) 100vw, 884px\" \/><\/figure>\n<\/div>\n\n\n\n<div class=\"wp-block-column is-layout-flow wp-block-column-is-layout-flow\">\n<figure class=\"wp-block-image size-large is-resized\"><img decoding=\"async\" width=\"887\" height=\"1024\" src=\"https:\/\/escoladigital.madeira.gov.pt\/eb1percaldeira\/wp-content\/uploads\/sites\/51\/2025\/12\/SITE-1-1-887x1024.png\" alt=\"\" class=\"wp-image-969\" style=\"aspect-ratio:0.8662287775269037;width:444px;height:auto\" srcset=\"https:\/\/escoladigital.madeira.gov.pt\/eb1percaldeira\/wp-content\/uploads\/sites\/51\/2025\/12\/SITE-1-1-887x1024.png 887w, https:\/\/escoladigital.madeira.gov.pt\/eb1percaldeira\/wp-content\/uploads\/sites\/51\/2025\/12\/SITE-1-1-260x300.png 260w, https:\/\/escoladigital.madeira.gov.pt\/eb1percaldeira\/wp-content\/uploads\/sites\/51\/2025\/12\/SITE-1-1-768x886.png 768w, https:\/\/escoladigital.madeira.gov.pt\/eb1percaldeira\/wp-content\/uploads\/sites\/51\/2025\/12\/SITE-1-1.png 936w\" sizes=\"(max-width: 887px) 100vw, 887px\" \/><\/figure>\n<\/div>\n\n\n\n<div class=\"wp-block-column has-ast-global-color-5-background-color has-background is-layout-flow wp-container-core-column-is-layout-759c07a8 wp-block-column-is-layout-flow\" style=\"padding-top:var(--wp--preset--spacing--40);padding-right:0;padding-bottom:var(--wp--preset--spacing--40);padding-left:0\">\n<iframe src=\"https:\/\/www.facebook.com\/plugins\/page.php?href=https%3A%2F%2Fwww.facebook.com%2Fescola.ranchoecaldeira&amp;tabs=timeline&amp;width=400&amp;height=500&amp;small_header=false&amp;adapt_container_width=true&amp;hide_cover=false&amp;show_facepile=true&amp;appId\" width=\"500\" height=\"600\" style=\"border:none;overflow:hidden\" scrolling=\"no\" frameborder=\"0\" allowfullscreen=\"true\" allow=\"autoplay; clipboard-write; encrypted-media; picture-in-picture; web-share\"><\/iframe>\n<\/div>\n<\/div>\n\n\n\n<div style=\"height:40px\" aria-hidden=\"true\" class=\"wp-block-spacer\"><\/div>\n\n\n<div class=\"is-style-boxed wp-block-themeisle-blocks-posts-grid\" id=\"wp-block-themeisle-blocks-posts-grid-61b80698\"><div class=\"is-grid o-posts-grid-columns-3\"><div class=\"o-posts-grid-post-blog o-posts-grid-post-plain\"><div class=\"o-posts-grid-post\"><div class=\"o-posts-grid-post-body is-full\"><span class=\"o-posts-grid-post-category\"><a href=\"https:\/\/escoladigital.madeira.gov.pt\/eb1percaldeira\/category\/noticias\/\">Not\u00edcias<\/a><\/span><h4 class=\"o-posts-grid-post-title\"><a href=\"https:\/\/escoladigital.madeira.gov.pt\/eb1percaldeira\/2026\/02\/20\/%f0%9f%8c%90%f0%9f%93%b1-1-o-ciclo-participa-no-desafio-bem-estar-digital-da-seguranet\/\">\ud83c\udf10\ud83d\udcf1 1.\u00ba Ciclo participa no desafio \u201cBem-Estar Digital\u201d da SeguraNet<\/a><\/h4><p class=\"o-posts-grid-post-meta\">  <time datetime=\"2026-02-20T14:49:50+00:00\">20 de Fevereiro, 2026<\/time> by <a href=\"https:\/\/escoladigital.madeira.gov.pt\/eb1percaldeira\/author\/eb1percaldeira\/\">eb1percaldeira<\/a><\/p><div class=\"o-posts-grid-post-description\"><p>Os alunos do 1.\u00ba Ciclo participaram com entusiasmo no desafio \u201cBem-Estar Digital\u201d, promovido pela Se\u2026<\/p><\/div><\/div><\/div><\/div><div class=\"o-posts-grid-post-blog o-posts-grid-post-plain\"><div class=\"o-posts-grid-post\"><div class=\"o-posts-grid-post-body is-full\"><span class=\"o-posts-grid-post-category\"><a href=\"https:\/\/escoladigital.madeira.gov.pt\/eb1percaldeira\/category\/noticias\/\">Not\u00edcias<\/a><\/span><h4 class=\"o-posts-grid-post-title\"><a href=\"https:\/\/escoladigital.madeira.gov.pt\/eb1percaldeira\/2026\/02\/20\/%f0%9f%92%bb%f0%9f%93%b1-fevereiro-mes-de-sensibilizacao-para-a-internet-segura\/\">\ud83d\udcbb\ud83d\udcf1 Fevereiro: M\u00eas de Sensibiliza\u00e7\u00e3o para a Internet Segura<\/a><\/h4><p class=\"o-posts-grid-post-meta\">  <time datetime=\"2026-02-20T14:43:28+00:00\">20 de Fevereiro, 2026<\/time> by <a href=\"https:\/\/escoladigital.madeira.gov.pt\/eb1percaldeira\/author\/eb1percaldeira\/\">eb1percaldeira<\/a><\/p><div class=\"o-posts-grid-post-description\"><p>Ao longo de v\u00e1rias semanas do m\u00eas de fevereiro, a nossa escola desenvolveu diversas atividades no \u00e2m\u2026<\/p><\/div><\/div><\/div><\/div><div class=\"o-posts-grid-post-blog o-posts-grid-post-plain\"><div class=\"o-posts-grid-post\"><div class=\"o-posts-grid-post-body is-full\"><span class=\"o-posts-grid-post-category\"><a href=\"https:\/\/escoladigital.madeira.gov.pt\/eb1percaldeira\/category\/noticias\/\">Not\u00edcias<\/a><\/span><h4 class=\"o-posts-grid-post-title\"><a href=\"https:\/\/escoladigital.madeira.gov.pt\/eb1percaldeira\/2025\/12\/10\/postais-de-natal-digitais-nas-aulas-de-tic\/\">Postais de Natal Digitais nas Aulas de TIC<\/a><\/h4><p class=\"o-posts-grid-post-meta\">  <time datetime=\"2025-12-10T14:27:54+00:00\">10 de Dezembro, 2025<\/time> by <a href=\"https:\/\/escoladigital.madeira.gov.pt\/eb1percaldeira\/author\/eb1percaldeira\/\">eb1percaldeira<\/a><\/p><div class=\"o-posts-grid-post-description\"><p>Nesta quadra natal\u00edcia, os alunos do 1.\u00ba Ciclo deram asas \u00e0 criatividade e criaram os seus pr\u00f3prios \u2026<\/p><\/div><\/div><\/div><\/div><div class=\"o-posts-grid-post-blog o-posts-grid-post-plain\"><div class=\"o-posts-grid-post\"><div class=\"o-posts-grid-post-body is-full\"><span class=\"o-posts-grid-post-category\"><a href=\"https:\/\/escoladigital.madeira.gov.pt\/eb1percaldeira\/category\/noticias\/\">Not\u00edcias<\/a><\/span><h4 class=\"o-posts-grid-post-title\"><a href=\"https:\/\/escoladigital.madeira.gov.pt\/eb1percaldeira\/2025\/12\/03\/dia-internacional-da-pessoa-com-deficiencia\/\">Dia Internacional da Pessoa com Defici\u00eancia<\/a><\/h4><p class=\"o-posts-grid-post-meta\">  <time datetime=\"2025-12-03T16:33:19+00:00\">3 de Dezembro, 2025<\/time> by <a href=\"https:\/\/escoladigital.madeira.gov.pt\/eb1percaldeira\/author\/eb1percaldeira\/\">eb1percaldeira<\/a><\/p><div class=\"o-posts-grid-post-description\"><p>O Dia Internacional da Pessoa com Defici\u00eancia , celebrado a 3 de dezembro , \u00e9 uma data dedicada \u00e0 im\u2026<\/p><\/div><\/div><\/div><\/div><div class=\"o-posts-grid-post-blog o-posts-grid-post-plain\"><div class=\"o-posts-grid-post\"><div class=\"o-posts-grid-post-body is-full\"><span class=\"o-posts-grid-post-category\"><a href=\"https:\/\/escoladigital.madeira.gov.pt\/eb1percaldeira\/category\/eco-escolas\/\">Eco-Escolas<\/a><\/span><h4 class=\"o-posts-grid-post-title\"><a href=\"https:\/\/escoladigital.madeira.gov.pt\/eb1percaldeira\/2025\/12\/03\/hastear-da-bandeira-eco-escolas\/\">Hastear da Bandeira Eco-Escolas<\/a><\/h4><p class=\"o-posts-grid-post-meta\">  <time datetime=\"2025-12-03T15:24:43+00:00\">3 de Dezembro, 2025<\/time> by <a href=\"https:\/\/escoladigital.madeira.gov.pt\/eb1percaldeira\/author\/eb1percaldeira\/\">eb1percaldeira<\/a><\/p><div class=\"o-posts-grid-post-description\"><p>A nossa escola hasteou a Bandeira Eco-Escolas, um reconhecimento de todo o trabalho em prol do ambie\u2026<\/p><\/div><\/div><\/div><\/div><div class=\"o-posts-grid-post-blog o-posts-grid-post-plain\"><div class=\"o-posts-grid-post\"><div class=\"o-posts-grid-post-body is-full\"><span class=\"o-posts-grid-post-category\"><a href=\"https:\/\/escoladigital.madeira.gov.pt\/eb1percaldeira\/category\/noticias\/\">Not\u00edcias<\/a><\/span><h4 class=\"o-posts-grid-post-title\"><a href=\"https:\/\/escoladigital.madeira.gov.pt\/eb1percaldeira\/2025\/11\/26\/workshops-ciencias-da-computacao\/\">Workshops Ci\u00eancias da Computa\u00e7\u00e3o<\/a><\/h4><p class=\"o-posts-grid-post-meta\">  <time datetime=\"2025-11-26T18:48:53+00:00\">26 de Novembro, 2025<\/time> by <a href=\"https:\/\/escoladigital.madeira.gov.pt\/eb1percaldeira\/author\/eb1percaldeira\/\">eb1percaldeira<\/a><\/p><div class=\"o-posts-grid-post-description\"><p><\/p><\/div><\/div><\/div><\/div><\/div> <\/div>\n\n\n<div style=\"height:33px\" aria-hidden=\"true\" class=\"wp-block-spacer\"><\/div>\n\n\n\n<div class=\"wp-block-columns is-layout-flex wp-container-core-columns-is-layout-28f84493 wp-block-columns-is-layout-flex\">\n<div class=\"wp-block-column is-layout-flow wp-block-column-is-layout-flow\" style=\"flex-basis:25%\">\n<figure class=\"wp-block-gallery has-nested-images columns-default is-cropped wp-block-gallery-1 is-layout-flex wp-block-gallery-is-layout-flex\">\n<figure class=\"wp-block-image size-large\"><img decoding=\"async\" width=\"923\" height=\"924\" data-id=\"515\" src=\"https:\/\/escoladigital.madeira.gov.pt\/eb1percaldeira\/wp-content\/uploads\/sites\/51\/2025\/11\/481259866_1099930518603158_6388835034751480986_n-edited.jpg\" alt=\"\" class=\"wp-image-515\" srcset=\"https:\/\/escoladigital.madeira.gov.pt\/eb1percaldeira\/wp-content\/uploads\/sites\/51\/2025\/11\/481259866_1099930518603158_6388835034751480986_n-edited.jpg 923w, https:\/\/escoladigital.madeira.gov.pt\/eb1percaldeira\/wp-content\/uploads\/sites\/51\/2025\/11\/481259866_1099930518603158_6388835034751480986_n-edited-300x300.jpg 300w, https:\/\/escoladigital.madeira.gov.pt\/eb1percaldeira\/wp-content\/uploads\/sites\/51\/2025\/11\/481259866_1099930518603158_6388835034751480986_n-edited-150x150.jpg 150w, https:\/\/escoladigital.madeira.gov.pt\/eb1percaldeira\/wp-content\/uploads\/sites\/51\/2025\/11\/481259866_1099930518603158_6388835034751480986_n-edited-768x769.jpg 768w\" sizes=\"(max-width: 923px) 100vw, 923px\" \/><\/figure>\n<\/figure>\n\n\n\n<figure class=\"wp-block-image alignfull size-large\"><img loading=\"lazy\" decoding=\"async\" width=\"1024\" height=\"425\" src=\"https:\/\/escoladigital.madeira.gov.pt\/eb1percaldeira\/wp-content\/uploads\/sites\/51\/2025\/05\/Cmagia-1024x425.jpg\" alt=\"\" class=\"wp-image-336\" srcset=\"https:\/\/escoladigital.madeira.gov.pt\/eb1percaldeira\/wp-content\/uploads\/sites\/51\/2025\/05\/Cmagia-1024x425.jpg 1024w, https:\/\/escoladigital.madeira.gov.pt\/eb1percaldeira\/wp-content\/uploads\/sites\/51\/2025\/05\/Cmagia-300x125.jpg 300w, https:\/\/escoladigital.madeira.gov.pt\/eb1percaldeira\/wp-content\/uploads\/sites\/51\/2025\/05\/Cmagia-768x319.jpg 768w, https:\/\/escoladigital.madeira.gov.pt\/eb1percaldeira\/wp-content\/uploads\/sites\/51\/2025\/05\/Cmagia-1536x638.jpg 1536w, https:\/\/escoladigital.madeira.gov.pt\/eb1percaldeira\/wp-content\/uploads\/sites\/51\/2025\/05\/Cmagia.jpg 1813w\" sizes=\"(max-width: 1024px) 100vw, 1024px\" \/><\/figure>\n<\/div>\n\n\n\n<div class=\"wp-block-column is-layout-flow wp-block-column-is-layout-flow\" style=\"flex-basis:50%\">\n<figure class=\"wp-block-image aligncenter size-large\"><img loading=\"lazy\" decoding=\"async\" width=\"1024\" height=\"577\" src=\"https:\/\/escoladigital.madeira.gov.pt\/eb1percaldeira\/wp-content\/uploads\/sites\/51\/2025\/05\/Blue-Sea-Photo-Collage-Facebook-Cover-5-1024x577.png\" alt=\"\" class=\"wp-image-335\" srcset=\"https:\/\/escoladigital.madeira.gov.pt\/eb1percaldeira\/wp-content\/uploads\/sites\/51\/2025\/05\/Blue-Sea-Photo-Collage-Facebook-Cover-5-1024x577.png 1024w, https:\/\/escoladigital.madeira.gov.pt\/eb1percaldeira\/wp-content\/uploads\/sites\/51\/2025\/05\/Blue-Sea-Photo-Collage-Facebook-Cover-5-300x169.png 300w, https:\/\/escoladigital.madeira.gov.pt\/eb1percaldeira\/wp-content\/uploads\/sites\/51\/2025\/05\/Blue-Sea-Photo-Collage-Facebook-Cover-5-768x433.png 768w, https:\/\/escoladigital.madeira.gov.pt\/eb1percaldeira\/wp-content\/uploads\/sites\/51\/2025\/05\/Blue-Sea-Photo-Collage-Facebook-Cover-5-1536x865.png 1536w, https:\/\/escoladigital.madeira.gov.pt\/eb1percaldeira\/wp-content\/uploads\/sites\/51\/2025\/05\/Blue-Sea-Photo-Collage-Facebook-Cover-5.png 1640w\" sizes=\"(max-width: 1024px) 100vw, 1024px\" \/><\/figure>\n<\/div>\n\n\n\n<div class=\"wp-block-column is-layout-flow wp-block-column-is-layout-flow\" style=\"flex-basis:25%\">\n<figure class=\"wp-block-image alignwide size-large\"><img loading=\"lazy\" decoding=\"async\" width=\"1024\" height=\"382\" src=\"https:\/\/escoladigital.madeira.gov.pt\/eb1percaldeira\/wp-content\/uploads\/sites\/51\/2025\/05\/latas-1024x382.jpg\" alt=\"\" class=\"wp-image-338\" srcset=\"https:\/\/escoladigital.madeira.gov.pt\/eb1percaldeira\/wp-content\/uploads\/sites\/51\/2025\/05\/latas-1024x382.jpg 1024w, https:\/\/escoladigital.madeira.gov.pt\/eb1percaldeira\/wp-content\/uploads\/sites\/51\/2025\/05\/latas-300x112.jpg 300w, https:\/\/escoladigital.madeira.gov.pt\/eb1percaldeira\/wp-content\/uploads\/sites\/51\/2025\/05\/latas-768x286.jpg 768w, https:\/\/escoladigital.madeira.gov.pt\/eb1percaldeira\/wp-content\/uploads\/sites\/51\/2025\/05\/latas-1536x573.jpg 1536w, https:\/\/escoladigital.madeira.gov.pt\/eb1percaldeira\/wp-content\/uploads\/sites\/51\/2025\/05\/latas.jpg 1875w\" sizes=\"(max-width: 1024px) 100vw, 1024px\" \/><\/figure>\n\n\n\n<figure class=\"wp-block-image size-large\"><img loading=\"lazy\" decoding=\"async\" width=\"1024\" height=\"462\" src=\"https:\/\/escoladigital.madeira.gov.pt\/eb1percaldeira\/wp-content\/uploads\/sites\/51\/2025\/04\/481981908_1099930641936479_6873339172687886430_n-1024x462.jpg\" alt=\"\" class=\"wp-image-91\" srcset=\"https:\/\/escoladigital.madeira.gov.pt\/eb1percaldeira\/wp-content\/uploads\/sites\/51\/2025\/04\/481981908_1099930641936479_6873339172687886430_n-1024x462.jpg 1024w, https:\/\/escoladigital.madeira.gov.pt\/eb1percaldeira\/wp-content\/uploads\/sites\/51\/2025\/04\/481981908_1099930641936479_6873339172687886430_n-300x135.jpg 300w, https:\/\/escoladigital.madeira.gov.pt\/eb1percaldeira\/wp-content\/uploads\/sites\/51\/2025\/04\/481981908_1099930641936479_6873339172687886430_n-768x346.jpg 768w, https:\/\/escoladigital.madeira.gov.pt\/eb1percaldeira\/wp-content\/uploads\/sites\/51\/2025\/04\/481981908_1099930641936479_6873339172687886430_n-1536x692.jpg 1536w, https:\/\/escoladigital.madeira.gov.pt\/eb1percaldeira\/wp-content\/uploads\/sites\/51\/2025\/04\/481981908_1099930641936479_6873339172687886430_n.jpg 2048w\" sizes=\"(max-width: 1024px) 100vw, 1024px\" \/><\/figure>\n\n\n\n<figure class=\"wp-block-image size-large\"><img loading=\"lazy\" decoding=\"async\" width=\"1024\" height=\"374\" src=\"https:\/\/escoladigital.madeira.gov.pt\/eb1percaldeira\/wp-content\/uploads\/sites\/51\/2025\/04\/287997566_2012993702218011_6777172994823787528_n-1-1024x374.jpg\" alt=\"\" class=\"wp-image-87\" srcset=\"https:\/\/escoladigital.madeira.gov.pt\/eb1percaldeira\/wp-content\/uploads\/sites\/51\/2025\/04\/287997566_2012993702218011_6777172994823787528_n-1-1024x374.jpg 1024w, https:\/\/escoladigital.madeira.gov.pt\/eb1percaldeira\/wp-content\/uploads\/sites\/51\/2025\/04\/287997566_2012993702218011_6777172994823787528_n-1-300x110.jpg 300w, https:\/\/escoladigital.madeira.gov.pt\/eb1percaldeira\/wp-content\/uploads\/sites\/51\/2025\/04\/287997566_2012993702218011_6777172994823787528_n-1-768x281.jpg 768w, https:\/\/escoladigital.madeira.gov.pt\/eb1percaldeira\/wp-content\/uploads\/sites\/51\/2025\/04\/287997566_2012993702218011_6777172994823787528_n-1-1536x561.jpg 1536w, https:\/\/escoladigital.madeira.gov.pt\/eb1percaldeira\/wp-content\/uploads\/sites\/51\/2025\/04\/287997566_2012993702218011_6777172994823787528_n-1.jpg 1801w\" sizes=\"(max-width: 1024px) 100vw, 1024px\" \/><\/figure>\n<\/div>\n<\/div>\n\n\n\n<p><\/p>\n","protected":false},"excerpt":{"rendered":"<p>Bem-Vindos! Abrimos as portas a um novo ano letivo cheio de oportunidades! Que a motiva\u00e7\u00e3o, a curiosidade e a amizade [&hellip;]<\/p>\n","protected":false},"author":67,"featured_media":0,"parent":0,"menu_order":0,"comment_status":"closed","ping_status":"closed","template":"","meta":{"site-sidebar-layout":"default","site-content-layout":"","ast-site-content-layout":"","site-content-style":"default","site-sidebar-style":"default","ast-global-header-display":"","ast-banner-title-visibility":"","ast-main-header-display":"","ast-hfb-above-header-display":"","ast-hfb-below-header-display":"","ast-hfb-mobile-header-display":"","site-post-title":"disabled","ast-breadcrumbs-content":"","ast-featured-img":"","footer-sml-layout":"","ast-disable-related-posts":"","theme-transparent-header-meta":"","adv-header-id-meta":"","stick-header-meta":"","header-above-stick-meta":"","header-main-stick-meta":"","header-below-stick-meta":"","astra-migrate-meta-layouts":"default","ast-page-background-enabled":"default","ast-page-background-meta":{"desktop":{"background-color":"var(--ast-global-color-5)","background-image":"","background-repeat":"repeat","background-position":"center center","background-size":"auto","background-attachment":"scroll","background-type":"","background-media":"","overlay-type":"","overlay-color":"","overlay-opacity":"","overlay-gradient":""},"tablet":{"background-color":"","background-image":"","background-repeat":"repeat","background-position":"center center","background-size":"auto","background-attachment":"scroll","background-type":"","background-media":"","overlay-type":"","overlay-color":"","overlay-opacity":"","overlay-gradient":""},"mobile":{"background-color":"","background-image":"","background-repeat":"repeat","background-position":"center center","background-size":"auto","background-attachment":"scroll","background-type":"","background-media":"","overlay-type":"","overlay-color":"","overlay-opacity":"","overlay-gradient":""}},"ast-content-background-meta":{"desktop":{"background-color":"var(--ast-global-color-4)","background-image":"","background-repeat":"repeat","background-position":"center center","background-size":"auto","background-attachment":"scroll","background-type":"","background-media":"","overlay-type":"","overlay-color":"","overlay-opacity":"","overlay-gradient":""},"tablet":{"background-color":"var(--ast-global-color-4)","background-image":"","background-repeat":"repeat","background-position":"center center","background-size":"auto","background-attachment":"scroll","background-type":"","background-media":"","overlay-type":"","overlay-color":"","overlay-opacity":"","overlay-gradient":""},"mobile":{"background-color":"var(--ast-global-color-4)","background-image":"","background-repeat":"repeat","background-position":"center center","background-size":"auto","background-attachment":"scroll","background-type":"","background-media":"","overlay-type":"","overlay-color":"","overlay-opacity":"","overlay-gradient":""}},"_themeisle_gutenberg_block_has_review":false,"footnotes":""},"class_list":["post-127","page","type-page","status-publish","hentry"],"_links":{"self":[{"href":"https:\/\/escoladigital.madeira.gov.pt\/eb1percaldeira\/wp-json\/wp\/v2\/pages\/127","targetHints":{"allow":["GET"]}}],"collection":[{"href":"https:\/\/escoladigital.madeira.gov.pt\/eb1percaldeira\/wp-json\/wp\/v2\/pages"}],"about":[{"href":"https:\/\/escoladigital.madeira.gov.pt\/eb1percaldeira\/wp-json\/wp\/v2\/types\/page"}],"author":[{"embeddable":true,"href":"https:\/\/escoladigital.madeira.gov.pt\/eb1percaldeira\/wp-json\/wp\/v2\/users\/67"}],"replies":[{"embeddable":true,"href":"https:\/\/escoladigital.madeira.gov.pt\/eb1percaldeira\/wp-json\/wp\/v2\/comments?post=127"}],"version-history":[{"count":105,"href":"https:\/\/escoladigital.madeira.gov.pt\/eb1percaldeira\/wp-json\/wp\/v2\/pages\/127\/revisions"}],"predecessor-version":[{"id":996,"href":"https:\/\/escoladigital.madeira.gov.pt\/eb1percaldeira\/wp-json\/wp\/v2\/pages\/127\/revisions\/996"}],"wp:attachment":[{"href":"https:\/\/escoladigital.madeira.gov.pt\/eb1percaldeira\/wp-json\/wp\/v2\/media?parent=127"}],"curies":[{"name":"wp","href":"https:\/\/api.w.org\/{rel}","templated":true}]}}