{"id":39,"date":"2025-05-14T14:30:15","date_gmt":"2025-05-14T14:30:15","guid":{"rendered":"https:\/\/escoladigital.madeira.gov.pt\/eb1percaldeira\/?page_id=39"},"modified":"2026-03-10T15:09:14","modified_gmt":"2026-03-10T15:09:14","slug":"documentos-orientadores","status":"publish","type":"page","link":"https:\/\/escoladigital.madeira.gov.pt\/eb1percaldeira\/escola\/documentos-orientadores\/","title":{"rendered":"Documentos Orientadores"},"content":{"rendered":"\t\t<div data-elementor-type=\"wp-page\" data-elementor-id=\"39\" class=\"elementor elementor-39\">\n\t\t\t\t<div class=\"elementor-element elementor-element-2459275 e-grid e-con-boxed e-con e-parent\" data-id=\"2459275\" data-element_type=\"container\" data-e-type=\"container\" data-settings=\"{&quot;background_background&quot;:&quot;classic&quot;}\">\n\t\t\t\t\t<div class=\"e-con-inner\">\n\t\t\t\t<div class=\"elementor-element elementor-element-1828ae9 elementor-widget elementor-widget-text-editor\" data-id=\"1828ae9\" data-element_type=\"widget\" data-e-type=\"widget\" data-widget_type=\"text-editor.default\">\n\t\t\t\t<div class=\"elementor-widget-container\">\n\t\t\t\t\t\t\t\t\t<div id=\"wp-block-themeisle-blocks-button-group-d9f0e4a9\" class=\"wp-block-themeisle-blocks-button-group wp-block-buttons\">\n<p><\/p>\n<div id=\"wp-block-themeisle-blocks-button-89791667\" class=\"wp-block-themeisle-blocks-button wp-block-button\"><a class=\"wp-block-button__link\" href=\"https:\/\/escoladigital.madeira.gov.pt\/eb1percaldeira\/wp-content\/uploads\/sites\/51\/2025\/12\/RI-23.27-Rancho.pdf\" target=\"_self\" rel=\"noopener noreferrer\">Regulamento Interno\u00a0<\/a><\/div>\n<div id=\"wp-block-themeisle-blocks-button-group-3dc9a843\" class=\"wp-block-themeisle-blocks-button-group wp-block-buttons\"><\/div>\n<\/div>\t\t\t\t\t\t\t\t<\/div>\n\t\t\t\t<\/div>\n\t\t\t\t<div class=\"elementor-element elementor-element-25d53c5 elementor-widget elementor-widget-text-editor\" data-id=\"25d53c5\" data-element_type=\"widget\" data-e-type=\"widget\" data-widget_type=\"text-editor.default\">\n\t\t\t\t<div class=\"elementor-widget-container\">\n\t\t\t\t\t\t\t\t\t<div id=\"wp-block-themeisle-blocks-button-group-d9f0e4a9\" class=\"wp-block-themeisle-blocks-button-group wp-block-buttons\">\n<div id=\"wp-block-themeisle-blocks-button-89791667\" class=\"wp-block-themeisle-blocks-button wp-block-button\"><a class=\"wp-block-button__link\" href=\"https:\/\/drive.google.com\/file\/d\/1BRt2TER71fUdwxDLCUEiCycnOBVUgpzN\/view?usp=drive_link\" target=\"_self\" rel=\"noopener noreferrer\">Estrat\u00e9gia de Educa\u00e7\u00e3o para a Cidadania\u00a0<\/a><\/div>\n<\/div>\n<div><em><strong>Em atualiza\u00e7\u00e3o<\/strong><\/em><\/div>\t\t\t\t\t\t\t\t<\/div>\n\t\t\t\t<\/div>\n\t\t\t\t<div class=\"elementor-element elementor-element-f7b8fba elementor-widget elementor-widget-text-editor\" data-id=\"f7b8fba\" data-element_type=\"widget\" data-e-type=\"widget\" data-widget_type=\"text-editor.default\">\n\t\t\t\t<div class=\"elementor-widget-container\">\n\t\t\t\t\t\t\t\t\t<div id=\"wp-block-themeisle-blocks-button-group-d9f0e4a9\" class=\"wp-block-themeisle-blocks-button-group wp-block-buttons\">\n<p><\/p>\n<div id=\"wp-block-themeisle-blocks-button-89791667\" class=\"wp-block-themeisle-blocks-button wp-block-button\"><a class=\"wp-block-button__link\" href=\"https:\/\/drive.google.com\/file\/d\/13d7ZHH5UeVGxhESEp1TUDEjt9eo3nW_H\/view?usp=drive_link\" target=\"_self\" rel=\"noopener noreferrer\">Projeto Educativo de Escola\u00a0<\/a><\/div>\n<div id=\"wp-block-themeisle-blocks-button-group-3dc9a843\" class=\"wp-block-themeisle-blocks-button-group wp-block-buttons\"><\/div>\n<\/div>\t\t\t\t\t\t\t\t<\/div>\n\t\t\t\t<\/div>\n\t\t\t\t<div class=\"elementor-element elementor-element-46ce5ca elementor-widget elementor-widget-text-editor\" data-id=\"46ce5ca\" data-element_type=\"widget\" data-e-type=\"widget\" data-widget_type=\"text-editor.default\">\n\t\t\t\t<div class=\"elementor-widget-container\">\n\t\t\t\t\t\t\t\t\t<div id=\"wp-block-themeisle-blocks-button-group-d9f0e4a9\" class=\"wp-block-themeisle-blocks-button-group wp-block-buttons\">\n<p><\/p>\n<div id=\"wp-block-themeisle-blocks-button-89791667\" class=\"wp-block-themeisle-blocks-button wp-block-button\"><a class=\"wp-block-button__link\" href=\"https:\/\/escoladigital.madeira.gov.pt\/eb1percaldeira\/wp-content\/uploads\/sites\/51\/2026\/03\/PCE-2025-2026.pdf\" target=\"_self\" rel=\"noopener noreferrer\">Projeto Curricular de Escola\u00a0<\/a><\/div>\n<div id=\"wp-block-themeisle-blocks-button-group-3dc9a843\" class=\"wp-block-themeisle-blocks-button-group wp-block-buttons\"><\/div>\n<\/div>\t\t\t\t\t\t\t\t<\/div>\n\t\t\t\t<\/div>\n\t\t\t\t<div class=\"elementor-element elementor-element-9fbc60d elementor-widget elementor-widget-text-editor\" data-id=\"9fbc60d\" data-element_type=\"widget\" data-e-type=\"widget\" data-widget_type=\"text-editor.default\">\n\t\t\t\t<div class=\"elementor-widget-container\">\n\t\t\t\t\t\t\t\t\t<div id=\"wp-block-themeisle-blocks-button-group-d9f0e4a9\" class=\"wp-block-themeisle-blocks-button-group wp-block-buttons\">\n<p><\/p>\n<div id=\"wp-block-themeisle-blocks-button-89791667\" class=\"wp-block-themeisle-blocks-button wp-block-button\"><a class=\"wp-block-button__link\" href=\"https:\/\/drive.google.com\/file\/d\/1AnmadCkL21A2-1Xp-ArXDlbYYSWwdnsE\/view?usp=drive_link\" target=\"_self\" rel=\"noopener noreferrer\">Relat\u00f3rio de Autoavalia\u00e7\u00e3o de Escola<\/a><\/div>\n<div><em><strong>Em atualiza\u00e7\u00e3o<\/strong><\/em><\/div>\n<div id=\"wp-block-themeisle-blocks-button-group-3dc9a843\" class=\"wp-block-themeisle-blocks-button-group wp-block-buttons\"><\/div>\n<\/div>\t\t\t\t\t\t\t\t<\/div>\n\t\t\t\t<\/div>\n\t\t\t\t<div class=\"elementor-element elementor-element-9ddd668 elementor-widget elementor-widget-text-editor\" data-id=\"9ddd668\" data-element_type=\"widget\" data-e-type=\"widget\" data-widget_type=\"text-editor.default\">\n\t\t\t\t<div class=\"elementor-widget-container\">\n\t\t\t\t\t\t\t\t\t<div id=\"wp-block-themeisle-blocks-button-group-d9f0e4a9\" class=\"wp-block-themeisle-blocks-button-group wp-block-buttons\">\n<p><\/p>\n<div id=\"wp-block-themeisle-blocks-button-89791667\" class=\"wp-block-themeisle-blocks-button wp-block-button\"><a class=\"wp-block-button__link\" href=\"https:\/\/escoladigital.madeira.gov.pt\/eb1percaldeira\/wp-content\/uploads\/sites\/51\/2025\/11\/PAA-ATIVIDADES-PROJETOS-2025-2026.pdf\" target=\"_self\" rel=\"noopener noreferrer\">Plano Anual de Atividades\u00a0<\/a><\/div>\n<div id=\"wp-block-themeisle-blocks-button-group-3dc9a843\" class=\"wp-block-themeisle-blocks-button-group wp-block-buttons\"><\/div>\n<\/div>\t\t\t\t\t\t\t\t<\/div>\n\t\t\t\t<\/div>\n\t\t\t\t<div class=\"elementor-element elementor-element-6647a4c elementor-widget elementor-widget-text-editor\" data-id=\"6647a4c\" data-element_type=\"widget\" data-e-type=\"widget\" data-widget_type=\"text-editor.default\">\n\t\t\t\t<div class=\"elementor-widget-container\">\n\t\t\t\t\t\t\t\t\t<div id=\"wp-block-themeisle-blocks-button-group-d9f0e4a9\" class=\"wp-block-themeisle-blocks-button-group wp-block-buttons\">\n<p><\/p>\n<div id=\"wp-block-themeisle-blocks-button-89791667\" class=\"wp-block-themeisle-blocks-button wp-block-button\"><a class=\"wp-block-button__link\" href=\"https:\/\/escoladigital.madeira.gov.pt\/eb1percaldeira\/wp-content\/uploads\/sites\/51\/2025\/11\/Plano-TIC.pdf\" target=\"_self\" rel=\"noopener noreferrer\" data-wplink-edit=\"true\">Plano TIC<\/a><\/div>\n<div id=\"wp-block-themeisle-blocks-button-group-3dc9a843\" class=\"wp-block-themeisle-blocks-button-group wp-block-buttons\"><\/div>\n<\/div>\t\t\t\t\t\t\t\t<\/div>\n\t\t\t\t<\/div>\n\t\t\t\t\t<\/div>\n\t\t\t\t<\/div>\n\t\t<div class=\"elementor-element elementor-element-f35a9f1 e-flex e-con-boxed e-con e-parent\" data-id=\"f35a9f1\" data-element_type=\"container\" data-e-type=\"container\">\n\t\t\t\t\t<div class=\"e-con-inner\">\n\t\t\t\t<div class=\"elementor-element elementor-element-24858e0 elementor-widget elementor-widget-image\" data-id=\"24858e0\" data-element_type=\"widget\" data-e-type=\"widget\" data-widget_type=\"image.default\">\n\t\t\t\t<div class=\"elementor-widget-container\">\n\t\t\t\t\t\t\t\t\t\t\t\t\t\t\t<img fetchpriority=\"high\" decoding=\"async\" width=\"612\" height=\"612\" src=\"https:\/\/escoladigital.madeira.gov.pt\/eb1percaldeira\/wp-content\/uploads\/sites\/51\/2025\/11\/docsss.jpg\" class=\"attachment-2048x2048 size-2048x2048 wp-image-809\" alt=\"\" srcset=\"https:\/\/escoladigital.madeira.gov.pt\/eb1percaldeira\/wp-content\/uploads\/sites\/51\/2025\/11\/docsss.jpg 612w, https:\/\/escoladigital.madeira.gov.pt\/eb1percaldeira\/wp-content\/uploads\/sites\/51\/2025\/11\/docsss-300x300.jpg 300w, https:\/\/escoladigital.madeira.gov.pt\/eb1percaldeira\/wp-content\/uploads\/sites\/51\/2025\/11\/docsss-150x150.jpg 150w\" sizes=\"(max-width: 612px) 100vw, 612px\" \/>\t\t\t\t\t\t\t\t\t\t\t\t\t\t\t<\/div>\n\t\t\t\t<\/div>\n\t\t\t\t\t<\/div>\n\t\t\t\t<\/div>\n\t\t\t\t<\/div>\n\t\t","protected":false},"excerpt":{"rendered":"<p>Estrat\u00e9gia de Educa\u00e7\u00e3o para a Cidadania\u00a0 Em atualiza\u00e7\u00e3o<\/p>\n","protected":false},"author":67,"featured_media":0,"parent":404,"menu_order":0,"comment_status":"closed","ping_status":"closed","template":"","meta":{"site-sidebar-layout":"default","site-content-layout":"","ast-site-content-layout":"","site-content-style":"default","site-sidebar-style":"default","ast-global-header-display":"","ast-banner-title-visibility":"","ast-main-header-display":"","ast-hfb-above-header-display":"","ast-hfb-below-header-display":"","ast-hfb-mobile-header-display":"","site-post-title":"","ast-breadcrumbs-content":"","ast-featured-img":"disabled","footer-sml-layout":"","ast-disable-related-posts":"","theme-transparent-header-meta":"","adv-header-id-meta":"","stick-header-meta":"","header-above-stick-meta":"","header-main-stick-meta":"","header-below-stick-meta":"","astra-migrate-meta-layouts":"default","ast-page-background-enabled":"default","ast-page-background-meta":{"desktop":{"background-color":"var(--ast-global-color-5)","background-image":"","background-repeat":"repeat","background-position":"center center","background-size":"auto","background-attachment":"scroll","background-type":"","background-media":"","overlay-type":"","overlay-color":"","overlay-opacity":"","overlay-gradient":""},"tablet":{"background-color":"","background-image":"","background-repeat":"repeat","background-position":"center center","background-size":"auto","background-attachment":"scroll","background-type":"","background-media":"","overlay-type":"","overlay-color":"","overlay-opacity":"","overlay-gradient":""},"mobile":{"background-color":"","background-image":"","background-repeat":"repeat","background-position":"center center","background-size":"auto","background-attachment":"scroll","background-type":"","background-media":"","overlay-type":"","overlay-color":"","overlay-opacity":"","overlay-gradient":""}},"ast-content-background-meta":{"desktop":{"background-color":"var(--ast-global-color-4)","background-image":"","background-repeat":"repeat","background-position":"center center","background-size":"auto","background-attachment":"scroll","background-type":"","background-media":"","overlay-type":"","overlay-color":"","overlay-opacity":"","overlay-gradient":""},"tablet":{"background-color":"var(--ast-global-color-4)","background-image":"","background-repeat":"repeat","background-position":"center center","background-size":"auto","background-attachment":"scroll","background-type":"","background-media":"","overlay-type":"","overlay-color":"","overlay-opacity":"","overlay-gradient":""},"mobile":{"background-color":"var(--ast-global-color-4)","background-image":"","background-repeat":"repeat","background-position":"center center","background-size":"auto","background-attachment":"scroll","background-type":"","background-media":"","overlay-type":"","overlay-color":"","overlay-opacity":"","overlay-gradient":""}},"_themeisle_gutenberg_block_has_review":false,"footnotes":""},"class_list":["post-39","page","type-page","status-publish","hentry"],"_links":{"self":[{"href":"https:\/\/escoladigital.madeira.gov.pt\/eb1percaldeira\/wp-json\/wp\/v2\/pages\/39","targetHints":{"allow":["GET"]}}],"collection":[{"href":"https:\/\/escoladigital.madeira.gov.pt\/eb1percaldeira\/wp-json\/wp\/v2\/pages"}],"about":[{"href":"https:\/\/escoladigital.madeira.gov.pt\/eb1percaldeira\/wp-json\/wp\/v2\/types\/page"}],"author":[{"embeddable":true,"href":"https:\/\/escoladigital.madeira.gov.pt\/eb1percaldeira\/wp-json\/wp\/v2\/users\/67"}],"replies":[{"embeddable":true,"href":"https:\/\/escoladigital.madeira.gov.pt\/eb1percaldeira\/wp-json\/wp\/v2\/comments?post=39"}],"version-history":[{"count":158,"href":"https:\/\/escoladigital.madeira.gov.pt\/eb1percaldeira\/wp-json\/wp\/v2\/pages\/39\/revisions"}],"predecessor-version":[{"id":1036,"href":"https:\/\/escoladigital.madeira.gov.pt\/eb1percaldeira\/wp-json\/wp\/v2\/pages\/39\/revisions\/1036"}],"up":[{"embeddable":true,"href":"https:\/\/escoladigital.madeira.gov.pt\/eb1percaldeira\/wp-json\/wp\/v2\/pages\/404"}],"wp:attachment":[{"href":"https:\/\/escoladigital.madeira.gov.pt\/eb1percaldeira\/wp-json\/wp\/v2\/media?parent=39"}],"curies":[{"name":"wp","href":"https:\/\/api.w.org\/{rel}","templated":true}]}}