{"id":414,"date":"2025-11-21T21:31:39","date_gmt":"2025-11-21T21:31:39","guid":{"rendered":"https:\/\/escoladigital.madeira.gov.pt\/eb1percaldeira\/?page_id=414"},"modified":"2025-11-21T21:31:39","modified_gmt":"2025-11-21T21:31:39","slug":"clubes-vivos","status":"publish","type":"page","link":"https:\/\/escoladigital.madeira.gov.pt\/eb1percaldeira\/projetos-clubes\/clubes-vivos\/","title":{"rendered":"Clubes Vivos"},"content":{"rendered":"\n<p>Os clubes funcionam no hor\u00e1rio das Atividades de Enriquecimento Curricular (AEC), todos os dias das 16:45 \u00e0s 17:45.\u00a0<\/p>\n\n\n\n<p>No total s\u00e3o oito clubes: Ba\u00fa de Leitura e Teatro; Clube de Ingl\u00eas; Clube de Xadrez; Eco-TIC; Jogos de Tabuleiro; Pano para Mangas; Super Quinas e Vozes Encantadas.&nbsp;<\/p>\n\n\n\n<div class=\"wp-block-group is-layout-constrained wp-block-group-is-layout-constrained\">\n<div class=\"wp-block-columns is-layout-flex wp-container-core-columns-is-layout-28f84493 wp-block-columns-is-layout-flex\">\n<div class=\"wp-block-column is-layout-flow wp-block-column-is-layout-flow\" style=\"flex-basis:66.66%\">\n<h5><strong>Ba\u00fa de Leitura e Teatro:<\/strong><\/h5>\n<p><span data-contrast=\"auto\">\u00a0&#8211; Contribuir para a inclus\u00e3o dos alunos na escola;<\/span><span data-ccp-props=\"{}\">\u00a0<\/span><\/p>\n<p><span data-contrast=\"auto\">&#8211;\u00a0 Promover a competi\u00e7\u00e3o saud\u00e1vel, favorecendo um clima de boas rela\u00e7\u00f5es interpessoais;<\/span><span data-ccp-props=\"{}\">\u00a0<\/span><\/p>\n<p><span data-contrast=\"auto\">&#8211; Fomentar a coopera\u00e7\u00e3o, a responsabilidade, a autonomia e criatividade<\/span><span data-ccp-props=\"{}\">\u00a0<\/span><\/p>\n<\/div>\n\n\n\n<div class=\"wp-block-column is-layout-flow wp-block-column-is-layout-flow\" style=\"flex-basis:33.33%\">\n<figure class=\"wp-block-image aligncenter size-full\"><img fetchpriority=\"high\" decoding=\"async\" width=\"299\" height=\"168\" src=\"https:\/\/escoladigital.madeira.gov.pt\/eb1percaldeira\/wp-content\/uploads\/sites\/51\/2025\/11\/bau.jpeg\" alt=\"\" class=\"wp-image-538\" \/><\/figure>\n<\/div>\n<\/div>\n<\/div>\n\n\n\n<div class=\"wp-block-group is-layout-constrained wp-block-group-is-layout-constrained\">\n<div class=\"wp-block-columns is-layout-flex wp-container-core-columns-is-layout-28f84493 wp-block-columns-is-layout-flex\">\n<div class=\"wp-block-column is-layout-flow wp-block-column-is-layout-flow\" style=\"flex-basis:66.66%\">\n<h5><strong>Clube de Ingl\u00eas:<\/strong><\/h5>\n<p><span data-contrast=\"auto\">\u00a0&#8211; Contribuir para a inclus\u00e3o dos alunos na escola;<\/span><span data-ccp-props=\"{}\">\u00a0<\/span><\/p>\n<p><span data-contrast=\"auto\">&#8211;\u00a0 Promover a competi\u00e7\u00e3o saud\u00e1vel, favorecendo um clima de boas rela\u00e7\u00f5es interpessoais;<\/span><span data-ccp-props=\"{}\">\u00a0<\/span><\/p>\n<p><span data-contrast=\"auto\">&#8211; Fomentar a coopera\u00e7\u00e3o, a responsabilidade, a autonomia e criatividade;<\/span><span data-ccp-props=\"{}\">\u00a0<\/span><\/p>\n<\/div>\n\n\n\n<div class=\"wp-block-column is-layout-flow wp-block-column-is-layout-flow\" style=\"flex-basis:33.33%\">\n<figure class=\"wp-block-image aligncenter size-full\"><img decoding=\"async\" width=\"330\" height=\"198\" src=\"https:\/\/escoladigital.madeira.gov.pt\/eb1percaldeira\/wp-content\/uploads\/sites\/51\/2025\/11\/Flag_of_the_United_Kingdom_3-5.svg-1.webp\" alt=\"\" class=\"wp-image-540\" srcset=\"https:\/\/escoladigital.madeira.gov.pt\/eb1percaldeira\/wp-content\/uploads\/sites\/51\/2025\/11\/Flag_of_the_United_Kingdom_3-5.svg-1.webp 330w, https:\/\/escoladigital.madeira.gov.pt\/eb1percaldeira\/wp-content\/uploads\/sites\/51\/2025\/11\/Flag_of_the_United_Kingdom_3-5.svg-1-300x180.webp 300w\" sizes=\"(max-width: 330px) 100vw, 330px\" \/><\/figure>\n<\/div>\n<\/div>\n<\/div>\n\n\n\n<div class=\"wp-block-group is-layout-constrained wp-block-group-is-layout-constrained\">\n<div class=\"wp-block-columns is-layout-flex wp-container-core-columns-is-layout-28f84493 wp-block-columns-is-layout-flex\">\n<div class=\"wp-block-column is-layout-flow wp-block-column-is-layout-flow\" style=\"flex-basis:66.66%\">\n<h5><strong>Clube de Xadrez:<\/strong><\/h5>\n<p><span data-contrast=\"auto\">&#8212; Contribuir para a inclus\u00e3o dos alunos na escola;<\/span><span data-ccp-props=\"{}\">\u00a0<\/span><\/p>\n<p><span data-contrast=\"auto\">&#8211;\u00a0 Promover a competi\u00e7\u00e3o saud\u00e1vel, favorecendo um clima de boas rela\u00e7\u00f5es interpessoais;<\/span><span data-ccp-props=\"{}\">\u00a0<\/span><\/p>\n<p><span data-contrast=\"auto\">&#8211; Fomentar a coopera\u00e7\u00e3o, a responsabilidade, a autonomia e criatividade<\/span><span data-ccp-props=\"{}\">\u00a0<\/span><\/p>\n<\/div>\n\n\n\n<div class=\"wp-block-column is-layout-flow wp-block-column-is-layout-flow\" style=\"flex-basis:33.33%\">\n<figure class=\"wp-block-image aligncenter size-full\"><img decoding=\"async\" width=\"273\" height=\"184\" src=\"https:\/\/escoladigital.madeira.gov.pt\/eb1percaldeira\/wp-content\/uploads\/sites\/51\/2025\/11\/images.png\" alt=\"\" class=\"wp-image-541\" \/><\/figure>\n<\/div>\n<\/div>\n<\/div>\n\n\n\n<div class=\"wp-block-group is-layout-constrained wp-block-group-is-layout-constrained\">\n<div class=\"wp-block-columns is-layout-flex wp-container-core-columns-is-layout-28f84493 wp-block-columns-is-layout-flex\">\n<div class=\"wp-block-column is-layout-flow wp-block-column-is-layout-flow\" style=\"flex-basis:66.66%\">\n<h5><strong>Jogos de tabuleiro:<\/strong><\/h5>\n<p><span data-contrast=\"auto\">&#8212; Contribuir para a inclus\u00e3o dos alunos na escola;<\/span><span data-ccp-props=\"{}\">\u00a0<\/span><\/p>\n<p><span data-contrast=\"auto\">&#8211;\u00a0 Promover a competi\u00e7\u00e3o saud\u00e1vel, favorecendo um clima de boas rela\u00e7\u00f5es interpessoais;<\/span><span data-ccp-props=\"{}\">\u00a0<\/span><\/p>\n<p><span data-contrast=\"auto\">&#8211; Fomentar a coopera\u00e7\u00e3o, a responsabilidade, a autonomia e criatividade<\/span><span data-ccp-props=\"{}\">\u00a0<\/span><\/p>\n<\/div>\n\n\n\n<div class=\"wp-block-column is-layout-flow wp-block-column-is-layout-flow\" style=\"flex-basis:33.33%\">\n<figure class=\"wp-block-image aligncenter size-full\"><img loading=\"lazy\" decoding=\"async\" width=\"474\" height=\"328\" src=\"https:\/\/escoladigital.madeira.gov.pt\/eb1percaldeira\/wp-content\/uploads\/sites\/51\/2025\/11\/jogos.webp\" alt=\"\" class=\"wp-image-543\" srcset=\"https:\/\/escoladigital.madeira.gov.pt\/eb1percaldeira\/wp-content\/uploads\/sites\/51\/2025\/11\/jogos.webp 474w, https:\/\/escoladigital.madeira.gov.pt\/eb1percaldeira\/wp-content\/uploads\/sites\/51\/2025\/11\/jogos-300x208.webp 300w\" sizes=\"(max-width: 474px) 100vw, 474px\" \/><\/figure>\n<\/div>\n<\/div>\n<\/div>\n\n\n\n<div class=\"wp-block-group is-layout-constrained wp-block-group-is-layout-constrained\">\n<div class=\"wp-block-columns is-layout-flex wp-container-core-columns-is-layout-28f84493 wp-block-columns-is-layout-flex\">\n<div class=\"wp-block-column is-layout-flow wp-block-column-is-layout-flow\" style=\"flex-basis:66.66%\">\n<h5><strong>Pano para Mangas:<\/strong><\/h5>\n<p><span data-contrast=\"auto\">&#8212; Contribuir para a inclus\u00e3o dos alunos na escola;<\/span><span data-ccp-props=\"{}\">\u00a0<\/span><\/p>\n<p><span data-contrast=\"auto\">&#8211;\u00a0 Promover a competi\u00e7\u00e3o saud\u00e1vel, favorecendo um clima de boas rela\u00e7\u00f5es interpessoais;<\/span><span data-ccp-props=\"{}\">\u00a0<\/span><\/p>\n<p><span data-contrast=\"auto\">&#8211; Fomentar a coopera\u00e7\u00e3o, a responsabilidade, a autonomia e criatividade.<\/span><\/p>\n<\/div>\n\n\n\n<div class=\"wp-block-column is-layout-flow wp-block-column-is-layout-flow\" style=\"flex-basis:33.33%\">\n<figure class=\"wp-block-image aligncenter size-full\"><img loading=\"lazy\" decoding=\"async\" width=\"224\" height=\"225\" src=\"https:\/\/escoladigital.madeira.gov.pt\/eb1percaldeira\/wp-content\/uploads\/sites\/51\/2025\/11\/jogos-matematicos.jpeg\" alt=\"\" class=\"wp-image-544\" srcset=\"https:\/\/escoladigital.madeira.gov.pt\/eb1percaldeira\/wp-content\/uploads\/sites\/51\/2025\/11\/jogos-matematicos.jpeg 224w, https:\/\/escoladigital.madeira.gov.pt\/eb1percaldeira\/wp-content\/uploads\/sites\/51\/2025\/11\/jogos-matematicos-150x150.jpeg 150w\" sizes=\"(max-width: 224px) 100vw, 224px\" \/><\/figure>\n<\/div>\n<\/div>\n<\/div>\n\n\n\n<div class=\"wp-block-group is-layout-constrained wp-block-group-is-layout-constrained\">\n<div class=\"wp-block-columns is-layout-flex wp-container-core-columns-is-layout-28f84493 wp-block-columns-is-layout-flex\">\n<div class=\"wp-block-column is-layout-flow wp-block-column-is-layout-flow\" style=\"flex-basis:66.66%\">\n<h5><strong>SuperQuinas:<\/strong><\/h5>\n<p><span data-contrast=\"auto\">&#8211; <\/span><span data-contrast=\"auto\">Promover nas crian\u00e7as a aquisi\u00e7\u00e3o de estilos de vida ativos e a melhoria da literacia motora atrav\u00e9s da participa\u00e7\u00e3o em atividades f\u00edsicas e desportivas que lhes proporcionem experi\u00eancias e brincadeiras significativas, positivas, prazerosas e muito divertidas.<\/span><span data-ccp-props=\"{&quot;335551550&quot;:6,&quot;335551620&quot;:6}\">\u00a0<\/span><\/p>\n<p><span data-contrast=\"auto\">-Promover o desenvolvimento de aptid\u00f5es, habilidades, valores e comportamentos.<\/span><span data-ccp-props=\"{&quot;335551550&quot;:6,&quot;335551620&quot;:6}\">\u00a0<\/span><\/p>\n<p><span data-contrast=\"auto\">-Promover o bem-estar f\u00edsico e mental atrav\u00e9s do desporto.<\/span><span data-ccp-props=\"{&quot;335551550&quot;:6,&quot;335551620&quot;:6}\">\u00a0<\/span><\/p>\n<\/div>\n\n\n\n<div class=\"wp-block-column is-layout-flow wp-block-column-is-layout-flow\" style=\"flex-basis:33.33%\">\n<figure class=\"wp-block-image size-full\"><img loading=\"lazy\" decoding=\"async\" width=\"566\" height=\"434\" src=\"https:\/\/escoladigital.madeira.gov.pt\/eb1percaldeira\/wp-content\/uploads\/sites\/51\/2025\/11\/superquinas.webp\" alt=\"\" class=\"wp-image-545\" srcset=\"https:\/\/escoladigital.madeira.gov.pt\/eb1percaldeira\/wp-content\/uploads\/sites\/51\/2025\/11\/superquinas.webp 566w, https:\/\/escoladigital.madeira.gov.pt\/eb1percaldeira\/wp-content\/uploads\/sites\/51\/2025\/11\/superquinas-300x230.webp 300w\" sizes=\"(max-width: 566px) 100vw, 566px\" \/><\/figure>\n<\/div>\n<\/div>\n<\/div>\n\n\n\n<div class=\"wp-block-group is-layout-constrained wp-block-group-is-layout-constrained\">\n<div class=\"wp-block-columns is-layout-flex wp-container-core-columns-is-layout-28f84493 wp-block-columns-is-layout-flex\">\n<div class=\"wp-block-column is-layout-flow wp-block-column-is-layout-flow\" style=\"flex-basis:66.66%\">\n<h5><strong>Vozes Encantadas:<\/strong><\/h5>\n<p><span data-contrast=\"auto\">\u00a0&#8211; Contribuir para a inclus\u00e3o dos alunos na escola;<\/span><span data-ccp-props=\"{}\">\u00a0<\/span><\/p>\n<p><span data-contrast=\"auto\">&#8211;\u00a0 Promover a competi\u00e7\u00e3o saud\u00e1vel, favorecendo um clima de boas rela\u00e7\u00f5es interpessoais;<\/span><span data-ccp-props=\"{}\">\u00a0<\/span><\/p>\n<p><span data-contrast=\"auto\">&#8211; Fomentar a coopera\u00e7\u00e3o, a responsabilidade, a autonomia e criatividade.<\/span><\/p>\n<p>\u00a0<\/p>\n<\/div>\n\n\n\n<div class=\"wp-block-column is-layout-flow wp-block-column-is-layout-flow\" style=\"flex-basis:33.33%\">\n<figure class=\"wp-block-image aligncenter size-full\"><img loading=\"lazy\" decoding=\"async\" width=\"474\" height=\"344\" src=\"https:\/\/escoladigital.madeira.gov.pt\/eb1percaldeira\/wp-content\/uploads\/sites\/51\/2025\/11\/vozes.webp\" alt=\"\" class=\"wp-image-546\" srcset=\"https:\/\/escoladigital.madeira.gov.pt\/eb1percaldeira\/wp-content\/uploads\/sites\/51\/2025\/11\/vozes.webp 474w, https:\/\/escoladigital.madeira.gov.pt\/eb1percaldeira\/wp-content\/uploads\/sites\/51\/2025\/11\/vozes-300x218.webp 300w\" sizes=\"(max-width: 474px) 100vw, 474px\" \/><\/figure>\n<\/div>\n<\/div>\n<\/div>\n\n\n\n<div class=\"wp-block-group is-layout-constrained wp-block-group-is-layout-constrained\">\n<div class=\"wp-block-columns is-layout-flex wp-container-core-columns-is-layout-28f84493 wp-block-columns-is-layout-flex\">\n<div class=\"wp-block-column is-layout-flow wp-block-column-is-layout-flow\" style=\"flex-basis:66.66%\">\n<div class=\"wp-block-group is-layout-constrained wp-block-group-is-layout-constrained\">\n<h5><strong>Clube Eco-TIC:<\/strong><\/h5>\n<p><span data-contrast=\"auto\">&#8211; Desenvolver atividades digitais e pr\u00e1ticas que promovam h\u00e1bitos sustent\u00e1veis e ecol\u00f3gicos;<\/span><\/p>\n<p><span style=\"font-size: 1rem\">&#8211; Utilizar as TIC como ferramentas para investigar, criar e divulgar boas pr\u00e1ticas ambientais;<\/span><\/p>\n<p><span style=\"font-size: 1rem\">&#8211; Produzir conte\u00fados digitais (cartazes, v\u00eddeos, apresenta\u00e7\u00f5es, c\u00f3digos QR, etc.) relacionados com temas do Eco-Escolas;<\/span><\/p>\n<\/div>\n<\/div>\n\n\n\n<div class=\"wp-block-column is-layout-flow wp-block-column-is-layout-flow\" style=\"flex-basis:33.33%\">\n<figure class=\"wp-block-image size-full\"><img loading=\"lazy\" decoding=\"async\" width=\"515\" height=\"535\" src=\"https:\/\/escoladigital.madeira.gov.pt\/eb1percaldeira\/wp-content\/uploads\/sites\/51\/2025\/11\/eco-tic.png\" alt=\"\" class=\"wp-image-542\" srcset=\"https:\/\/escoladigital.madeira.gov.pt\/eb1percaldeira\/wp-content\/uploads\/sites\/51\/2025\/11\/eco-tic.png 515w, https:\/\/escoladigital.madeira.gov.pt\/eb1percaldeira\/wp-content\/uploads\/sites\/51\/2025\/11\/eco-tic-289x300.png 289w\" sizes=\"(max-width: 515px) 100vw, 515px\" \/><\/figure>\n<\/div>\n<\/div>\n<\/div>\n\n\n\n<p><\/p>\n","protected":false},"excerpt":{"rendered":"<p>Os clubes funcionam no hor\u00e1rio das Atividades de Enriquecimento Curricular (AEC), todos os dias das 16:45 \u00e0s 17:45.\u00a0 No total [&hellip;]<\/p>\n","protected":false},"author":67,"featured_media":0,"parent":417,"menu_order":2,"comment_status":"closed","ping_status":"closed","template":"","meta":{"site-sidebar-layout":"default","site-content-layout":"","ast-site-content-layout":"default","site-content-style":"default","site-sidebar-style":"default","ast-global-header-display":"","ast-banner-title-visibility":"","ast-main-header-display":"","ast-hfb-above-header-display":"","ast-hfb-below-header-display":"","ast-hfb-mobile-header-display":"","site-post-title":"","ast-breadcrumbs-content":"","ast-featured-img":"","footer-sml-layout":"","ast-disable-related-posts":"","theme-transparent-header-meta":"","adv-header-id-meta":"","stick-header-meta":"","header-above-stick-meta":"","header-main-stick-meta":"","header-below-stick-meta":"","astra-migrate-meta-layouts":"default","ast-page-background-enabled":"default","ast-page-background-meta":{"desktop":{"background-color":"var(--ast-global-color-5)","background-image":"","background-repeat":"repeat","background-position":"center center","background-size":"auto","background-attachment":"scroll","background-type":"","background-media":"","overlay-type":"","overlay-color":"","overlay-opacity":"","overlay-gradient":""},"tablet":{"background-color":"","background-image":"","background-repeat":"repeat","background-position":"center center","background-size":"auto","background-attachment":"scroll","background-type":"","background-media":"","overlay-type":"","overlay-color":"","overlay-opacity":"","overlay-gradient":""},"mobile":{"background-color":"","background-image":"","background-repeat":"repeat","background-position":"center center","background-size":"auto","background-attachment":"scroll","background-type":"","background-media":"","overlay-type":"","overlay-color":"","overlay-opacity":"","overlay-gradient":""}},"ast-content-background-meta":{"desktop":{"background-color":"var(--ast-global-color-4)","background-image":"","background-repeat":"repeat","background-position":"center center","background-size":"auto","background-attachment":"scroll","background-type":"","background-media":"","overlay-type":"","overlay-color":"","overlay-opacity":"","overlay-gradient":""},"tablet":{"background-color":"var(--ast-global-color-4)","background-image":"","background-repeat":"repeat","background-position":"center center","background-size":"auto","background-attachment":"scroll","background-type":"","background-media":"","overlay-type":"","overlay-color":"","overlay-opacity":"","overlay-gradient":""},"mobile":{"background-color":"var(--ast-global-color-4)","background-image":"","background-repeat":"repeat","background-position":"center center","background-size":"auto","background-attachment":"scroll","background-type":"","background-media":"","overlay-type":"","overlay-color":"","overlay-opacity":"","overlay-gradient":""}},"_themeisle_gutenberg_block_has_review":false,"footnotes":""},"class_list":["post-414","page","type-page","status-publish","hentry"],"_links":{"self":[{"href":"https:\/\/escoladigital.madeira.gov.pt\/eb1percaldeira\/wp-json\/wp\/v2\/pages\/414","targetHints":{"allow":["GET"]}}],"collection":[{"href":"https:\/\/escoladigital.madeira.gov.pt\/eb1percaldeira\/wp-json\/wp\/v2\/pages"}],"about":[{"href":"https:\/\/escoladigital.madeira.gov.pt\/eb1percaldeira\/wp-json\/wp\/v2\/types\/page"}],"author":[{"embeddable":true,"href":"https:\/\/escoladigital.madeira.gov.pt\/eb1percaldeira\/wp-json\/wp\/v2\/users\/67"}],"replies":[{"embeddable":true,"href":"https:\/\/escoladigital.madeira.gov.pt\/eb1percaldeira\/wp-json\/wp\/v2\/comments?post=414"}],"version-history":[{"count":2,"href":"https:\/\/escoladigital.madeira.gov.pt\/eb1percaldeira\/wp-json\/wp\/v2\/pages\/414\/revisions"}],"predecessor-version":[{"id":547,"href":"https:\/\/escoladigital.madeira.gov.pt\/eb1percaldeira\/wp-json\/wp\/v2\/pages\/414\/revisions\/547"}],"up":[{"embeddable":true,"href":"https:\/\/escoladigital.madeira.gov.pt\/eb1percaldeira\/wp-json\/wp\/v2\/pages\/417"}],"wp:attachment":[{"href":"https:\/\/escoladigital.madeira.gov.pt\/eb1percaldeira\/wp-json\/wp\/v2\/media?parent=414"}],"curies":[{"name":"wp","href":"https:\/\/api.w.org\/{rel}","templated":true}]}}