{"id":417,"date":"2025-11-21T12:14:40","date_gmt":"2025-11-21T12:14:40","guid":{"rendered":"https:\/\/escoladigital.madeira.gov.pt\/eb1percaldeira\/?page_id=417"},"modified":"2025-11-21T23:43:02","modified_gmt":"2025-11-21T23:43:02","slug":"projetos-clubes","status":"publish","type":"page","link":"https:\/\/escoladigital.madeira.gov.pt\/eb1percaldeira\/projetos-clubes\/","title":{"rendered":"Projetos\/Clubes"},"content":{"rendered":"<p>Na nossa escola, os projetos educativos e os clubes permitem aos alunos aprender de forma pr\u00e1tica, desenvolver compet\u00eancias, criatividade e cidadania. Estas iniciativas envolvem toda a comunidade escolar e promovem valores como o respeito, a coopera\u00e7\u00e3o e a responsabilidade, preparando os nossos alunos para desafios acad\u00e9micos e pessoais.<\/p>\n<h4><strong>Projetos:<\/strong><\/h4>\n\n\n<div id=\"wp-block-themeisle-blocks-icon-list-f4d4df20\" class=\"wp-block-themeisle-blocks-icon-list\">\n<div id=\"wp-block-themeisle-blocks-icon-list-item-ace9bd6a\" class=\"wp-block-themeisle-blocks-icon-list-item\"><i class=\"fas fa-check wp-block-themeisle-blocks-icon-list-item-icon\"><\/i><p class=\"wp-block-themeisle-blocks-icon-list-item-content\"><strong>Eco-Escolas: <\/strong>Implementa\u00e7\u00e3o da metodologia Eco-Escolas para promover a sustentabilidade e participa\u00e7\u00e3o c\u00edvica.<\/p><\/div>\n\n\n\n<div id=\"wp-block-themeisle-blocks-icon-list-item-7dda0934\" class=\"wp-block-themeisle-blocks-icon-list-item\"><i class=\"fas fa-check wp-block-themeisle-blocks-icon-list-item-icon\"><\/i><p class=\"wp-block-themeisle-blocks-icon-list-item-content\"><strong>Escola Azul:<\/strong> Desenvolver literacia dos oceanos e promover consci\u00eancia ambiental cr\u00edtica.<\/p><\/div>\n\n\n\n<div id=\"wp-block-themeisle-blocks-icon-list-item-76aefc98\" class=\"wp-block-themeisle-blocks-icon-list-item\"><i class=\"fas fa-check wp-block-themeisle-blocks-icon-list-item-icon\"><\/i><p class=\"wp-block-themeisle-blocks-icon-list-item-content\"><strong>PESPR:<\/strong> Dar a conhecer medidas de autoprote\u00e7\u00e3o em caso de riscos naturais, mistos ou tecnol\u00f3gicos.<\/p><\/div>\n\n\n\n<div id=\"wp-block-themeisle-blocks-icon-list-item-e94a76ac\" class=\"wp-block-themeisle-blocks-icon-list-item\"><i class=\"fas fa-check wp-block-themeisle-blocks-icon-list-item-icon\"><\/i><p class=\"wp-block-themeisle-blocks-icon-list-item-content\"><strong>PRER:<\/strong> Educa\u00e7\u00e3o para a seguran\u00e7a rodovi\u00e1ria, atrav\u00e9s de aulas pr\u00e1ticas, passatempos e sensibiliza\u00e7\u00f5es;<\/p><\/div>\n\n\n\n<div id=\"wp-block-themeisle-blocks-icon-list-item-7560ce8b\" class=\"wp-block-themeisle-blocks-icon-list-item\"><i class=\"fas fa-check wp-block-themeisle-blocks-icon-list-item-icon\"><\/i><p class=\"wp-block-themeisle-blocks-icon-list-item-content\"><strong>Aprender com o Cinema:<\/strong> No \u00e2mbito das TIC, incluir novas metodologias pedag\u00f3gicas e t\u00e9cnicas de aprendizagem ativa com apoio audiovisual;<\/p><\/div>\n\n\n\n<div id=\"wp-block-themeisle-blocks-icon-list-item-ae2fc5a3\" class=\"wp-block-themeisle-blocks-icon-list-item\"><i class=\"fas fa-check wp-block-themeisle-blocks-icon-list-item-icon\"><\/i><p class=\"wp-block-themeisle-blocks-icon-list-item-content\"><strong>Desafios SeguraNet:<\/strong> Educa\u00e7\u00e3o para a Cidadania digital e utiliza\u00e7\u00e3o segura das tecnologias e internet;<\/p><\/div>\n\n\n\n<div id=\"wp-block-themeisle-blocks-icon-list-item-f5beedc7\" class=\"wp-block-themeisle-blocks-icon-list-item\"><i class=\"fas fa-check wp-block-themeisle-blocks-icon-list-item-icon\"><\/i><p class=\"wp-block-themeisle-blocks-icon-list-item-content\"><strong>Ci\u00eancias da Computa\u00e7\u00e3o:<\/strong> Desenvolver a intelig\u00eancia artificial;<\/p><\/div>\n\n\n\n<div id=\"wp-block-themeisle-blocks-icon-list-item-d994672e\" class=\"wp-block-themeisle-blocks-icon-list-item\"><i class=\"fas fa-check wp-block-themeisle-blocks-icon-list-item-icon\"><\/i><p class=\"wp-block-themeisle-blocks-icon-list-item-content\"><strong>MiniBasquete Skills:<\/strong> Aperfei\u00e7oamento de capacidades motoras e t\u00e9cnicas, fomentando o esp\u00edrito de grupo;<\/p><\/div>\n\n\n\n<div id=\"wp-block-themeisle-blocks-icon-list-item-a34c91d7\" class=\"wp-block-themeisle-blocks-icon-list-item\"><i class=\"fas fa-check wp-block-themeisle-blocks-icon-list-item-icon\"><\/i><p class=\"wp-block-themeisle-blocks-icon-list-item-content\"><strong>Gira Volei:<\/strong> Desenvolver capacidades motoras e esp\u00edrito de equipa, atrav\u00e9s do voleibol;<\/p><\/div>\n\n\n\n<div id=\"wp-block-themeisle-blocks-icon-list-item-83ca14d2\" class=\"wp-block-themeisle-blocks-icon-list-item\"><i class=\"fas fa-check wp-block-themeisle-blocks-icon-list-item-icon\"><\/i><p class=\"wp-block-themeisle-blocks-icon-list-item-content\"><strong>Projeto &#8220;A hora dos SuperQuinas&#8221;<\/strong>: Melhorar a pr\u00e1tica desportiva, combater o sedentarismo e refor\u00e7ar a literacia motora;<\/p><\/div>\n\n\n\n<div id=\"wp-block-themeisle-blocks-icon-list-item-3280a30a\" class=\"wp-block-themeisle-blocks-icon-list-item\"><i class=\"fas fa-check wp-block-themeisle-blocks-icon-list-item-icon\"><\/i><p class=\"wp-block-themeisle-blocks-icon-list-item-content\"><strong>&#8220;Ba\u00fa de Leitura&#8221;:<\/strong> Estimular a oralidade, debate, respeito e aquisi\u00e7\u00e3o de conhecimentos gerais atrav\u00e9s da leitura e concursos;<\/p><\/div>\n\n\n\n<div id=\"wp-block-themeisle-blocks-icon-list-item-f5cfca86\" class=\"wp-block-themeisle-blocks-icon-list-item\"><i class=\"fas fa-check wp-block-themeisle-blocks-icon-list-item-icon\"><\/i><p class=\"wp-block-themeisle-blocks-icon-list-item-content\"><strong>Exposi\u00e7\u00e3o Regional de Express\u00e3o Pl\u00e1stica (Banana Parade): <\/strong> Divulgar a criativade dos alunos e valorizar o seu desenvolvimento art\u00edstico;<\/p><\/div>\n\n\n\n<div id=\"wp-block-themeisle-blocks-icon-list-item-2410d1ca\" class=\"wp-block-themeisle-blocks-icon-list-item\"><i class=\"fas fa-check wp-block-themeisle-blocks-icon-list-item-icon\"><\/i><p class=\"wp-block-themeisle-blocks-icon-list-item-content\"><strong>Projeto de Educa\u00e7\u00e3o Alimentar: <\/strong>Promover a alimenta\u00e7\u00e3o saud\u00e1vel e comportamentos de sa\u00fade entre alunos e comunidade escolar;<\/p><\/div>\n\n\n\n<div id=\"wp-block-themeisle-blocks-icon-list-item-3fb46076\" class=\"wp-block-themeisle-blocks-icon-list-item\"><i class=\"fas fa-check wp-block-themeisle-blocks-icon-list-item-icon\"><\/i><p class=\"wp-block-themeisle-blocks-icon-list-item-content\"><strong>Projeto &#8220;O Teatro vai \u00e0 escola&#8221;:<\/strong> Estimular a criatividade, express\u00e3o, leitura e trabalho em equipa atrav\u00e9s do teatro.<\/p><\/div>\n<\/div>\n\n\n\n<div class=\"wp-block-columns is-layout-flex wp-container-core-columns-is-layout-28f84493 wp-block-columns-is-layout-flex\">\n<div class=\"wp-block-column is-layout-flow wp-block-column-is-layout-flow\">\n<h4 style=\"text-align: left\"><strong>Clubes:<\/strong><\/h4>\n<p><span data-contrast=\"auto\">O<\/span><span data-contrast=\"auto\">s clubes funcionam no hor\u00e1rio das Atividades de Enriquecimento Curricular (AEC), todos os dias das 16:45 \u00e0s 17:45.<\/span><span data-ccp-props=\"{&quot;201341983&quot;:0,&quot;335551550&quot;:6,&quot;335551620&quot;:6,&quot;335559740&quot;:360}\">\u00a0<\/span><\/p>\n<p><span data-contrast=\"auto\">No total s\u00e3o oito clubes: Ba\u00fa de Leitura e Teatro; Clube de Ingl\u00eas; Clube de Xadrez; Eco-TIC; Jogos de Tabuleiro; Pano para Mangas; Super Quinas e Vozes Encantadas.<\/span><span data-ccp-props=\"{&quot;201341983&quot;:0,&quot;335551550&quot;:6,&quot;335551620&quot;:6,&quot;335559731&quot;:720,&quot;335559740&quot;:360}\">\u00a0<\/span><\/p>\n<p><span data-contrast=\"auto\">Pretendemos que os clubes representem um espa\u00e7o privilegiado para promover o desenvolvimento global das crian\u00e7as, facilitando a sua integra\u00e7\u00e3o harmoniosa em contexto escolar. Alinhados com o Projeto Educativo de Escola (PEE), refor\u00e7am valores essenciais como a inclus\u00e3o, a participa\u00e7\u00e3o, a democraticidade e a responsabilidade.<\/span><span data-ccp-props=\"{&quot;201341983&quot;:0,&quot;335551550&quot;:6,&quot;335551620&quot;:6,&quot;335559731&quot;:720,&quot;335559740&quot;:360}\">\u00a0<\/span><\/p>\n<p><span data-contrast=\"auto\">\u00c9 nossa pretens\u00e3o que os alunos identifiquem e explorem \u00e1reas do seu interesse com a escolha dos clubes e que estes sejam um espa\u00e7o que os apoia n\u00e3o s\u00f3 no seu desenvolvimento curricular, mas tamb\u00e9m pessoal, atrav\u00e9s de atividades pr\u00e1ticas e colaborativas.<\/span><span data-ccp-props=\"{&quot;201341983&quot;:0,&quot;335551550&quot;:6,&quot;335551620&quot;:6,&quot;335559731&quot;:720,&quot;335559740&quot;:360}\">\u00a0<\/span><\/p>\n<\/div>\n\n\n\n<div class=\"wp-block-column is-layout-flow wp-block-column-is-layout-flow\">\n<figure class=\"wp-block-image size-full is-resized\"><img fetchpriority=\"high\" decoding=\"async\" width=\"582\" height=\"462\" src=\"https:\/\/escoladigital.madeira.gov.pt\/eb1percaldeira\/wp-content\/uploads\/sites\/51\/2025\/11\/clubes.png\" alt=\"\" class=\"wp-image-532\" style=\"width:609px;height:auto\" srcset=\"https:\/\/escoladigital.madeira.gov.pt\/eb1percaldeira\/wp-content\/uploads\/sites\/51\/2025\/11\/clubes.png 582w, https:\/\/escoladigital.madeira.gov.pt\/eb1percaldeira\/wp-content\/uploads\/sites\/51\/2025\/11\/clubes-300x238.png 300w\" sizes=\"(max-width: 582px) 100vw, 582px\" \/><\/figure>\n<\/div>\n<\/div>\n\n\n\n<p><\/p>\n","protected":false},"excerpt":{"rendered":"<p>Na nossa escola, os projetos educativos e os clubes permitem aos alunos aprender de forma pr\u00e1tica, desenvolver compet\u00eancias, criatividade e [&hellip;]<\/p>\n","protected":false},"author":67,"featured_media":0,"parent":0,"menu_order":0,"comment_status":"closed","ping_status":"closed","template":"","meta":{"site-sidebar-layout":"default","site-content-layout":"","ast-site-content-layout":"default","site-content-style":"default","site-sidebar-style":"default","ast-global-header-display":"","ast-banner-title-visibility":"","ast-main-header-display":"","ast-hfb-above-header-display":"","ast-hfb-below-header-display":"","ast-hfb-mobile-header-display":"","site-post-title":"","ast-breadcrumbs-content":"","ast-featured-img":"","footer-sml-layout":"","ast-disable-related-posts":"","theme-transparent-header-meta":"","adv-header-id-meta":"","stick-header-meta":"","header-above-stick-meta":"","header-main-stick-meta":"","header-below-stick-meta":"","astra-migrate-meta-layouts":"default","ast-page-background-enabled":"default","ast-page-background-meta":{"desktop":{"background-color":"var(--ast-global-color-5)","background-image":"","background-repeat":"repeat","background-position":"center center","background-size":"auto","background-attachment":"scroll","background-type":"","background-media":"","overlay-type":"","overlay-color":"","overlay-opacity":"","overlay-gradient":""},"tablet":{"background-color":"","background-image":"","background-repeat":"repeat","background-position":"center center","background-size":"auto","background-attachment":"scroll","background-type":"","background-media":"","overlay-type":"","overlay-color":"","overlay-opacity":"","overlay-gradient":""},"mobile":{"background-color":"","background-image":"","background-repeat":"repeat","background-position":"center center","background-size":"auto","background-attachment":"scroll","background-type":"","background-media":"","overlay-type":"","overlay-color":"","overlay-opacity":"","overlay-gradient":""}},"ast-content-background-meta":{"desktop":{"background-color":"var(--ast-global-color-4)","background-image":"","background-repeat":"repeat","background-position":"center center","background-size":"auto","background-attachment":"scroll","background-type":"","background-media":"","overlay-type":"","overlay-color":"","overlay-opacity":"","overlay-gradient":""},"tablet":{"background-color":"var(--ast-global-color-4)","background-image":"","background-repeat":"repeat","background-position":"center center","background-size":"auto","background-attachment":"scroll","background-type":"","background-media":"","overlay-type":"","overlay-color":"","overlay-opacity":"","overlay-gradient":""},"mobile":{"background-color":"var(--ast-global-color-4)","background-image":"","background-repeat":"repeat","background-position":"center center","background-size":"auto","background-attachment":"scroll","background-type":"","background-media":"","overlay-type":"","overlay-color":"","overlay-opacity":"","overlay-gradient":""}},"_themeisle_gutenberg_block_has_review":false,"footnotes":""},"class_list":["post-417","page","type-page","status-publish","hentry"],"_links":{"self":[{"href":"https:\/\/escoladigital.madeira.gov.pt\/eb1percaldeira\/wp-json\/wp\/v2\/pages\/417","targetHints":{"allow":["GET"]}}],"collection":[{"href":"https:\/\/escoladigital.madeira.gov.pt\/eb1percaldeira\/wp-json\/wp\/v2\/pages"}],"about":[{"href":"https:\/\/escoladigital.madeira.gov.pt\/eb1percaldeira\/wp-json\/wp\/v2\/types\/page"}],"author":[{"embeddable":true,"href":"https:\/\/escoladigital.madeira.gov.pt\/eb1percaldeira\/wp-json\/wp\/v2\/users\/67"}],"replies":[{"embeddable":true,"href":"https:\/\/escoladigital.madeira.gov.pt\/eb1percaldeira\/wp-json\/wp\/v2\/comments?post=417"}],"version-history":[{"count":4,"href":"https:\/\/escoladigital.madeira.gov.pt\/eb1percaldeira\/wp-json\/wp\/v2\/pages\/417\/revisions"}],"predecessor-version":[{"id":582,"href":"https:\/\/escoladigital.madeira.gov.pt\/eb1percaldeira\/wp-json\/wp\/v2\/pages\/417\/revisions\/582"}],"wp:attachment":[{"href":"https:\/\/escoladigital.madeira.gov.pt\/eb1percaldeira\/wp-json\/wp\/v2\/media?parent=417"}],"curies":[{"name":"wp","href":"https:\/\/api.w.org\/{rel}","templated":true}]}}