{"id":208,"date":"2025-02-05T16:03:00","date_gmt":"2025-02-05T16:03:00","guid":{"rendered":"https:\/\/escoladigital.madeira.gov.pt\/eb1perddias\/?page_id=208"},"modified":"2025-02-18T12:14:27","modified_gmt":"2025-02-18T12:14:27","slug":"eco-escolas","status":"publish","type":"page","link":"https:\/\/escoladigital.madeira.gov.pt\/eb1perddias\/eco-escolas\/","title":{"rendered":"Eco escolas"},"content":{"rendered":"<div class=\"is-style-boxed wp-block-themeisle-blocks-posts-grid\" id=\"wp-block-themeisle-blocks-posts-grid-36ccabf3\"><div class=\"is-grid o-posts-grid-columns-3\"><div class=\"o-posts-grid-post-blog o-posts-grid-post-plain\"><div class=\"o-posts-grid-post\"><div class=\"o-posts-grid-post-body is-full\"><span class=\"o-posts-grid-post-category\"><a href=\"https:\/\/escoladigital.madeira.gov.pt\/eb1perddias\/category\/educacao\/\">Artigos<\/a><\/span><h4 class=\"o-posts-grid-post-title\"><a href=\"https:\/\/escoladigital.madeira.gov.pt\/eb1perddias\/2026\/03\/27\/feliz-pascoa\/\">Feliz P\u00e1scoa<\/a><\/h4><p class=\"o-posts-grid-post-meta\">  <time datetime=\"2026-03-27T15:37:49+00:00\">27 de Mar\u00e7o, 2026<\/time> by <a href=\"https:\/\/escoladigital.madeira.gov.pt\/eb1perddias\/author\/eb1perddias\/\">eb1perddias<\/a><\/p><div class=\"o-posts-grid-post-description\"><p><\/p><\/div><\/div><\/div><\/div><div class=\"o-posts-grid-post-blog o-posts-grid-post-plain\"><div class=\"o-posts-grid-post\"><div class=\"o-posts-grid-post-body is-full\"><span class=\"o-posts-grid-post-category\"><a href=\"https:\/\/escoladigital.madeira.gov.pt\/eb1perddias\/category\/educacao\/\">Artigos<\/a><\/span><h4 class=\"o-posts-grid-post-title\"><a href=\"https:\/\/escoladigital.madeira.gov.pt\/eb1perddias\/2026\/03\/20\/no-passado-dia-23-de-fevereiro-a-turma-do-4-ano-participou-num-percurso-pedestre-pela-cidade-do-funchal-atividade-dinamizada-pelos-servicos-da-camara-municipal-do-funchal\/\">No passado dia 23 de fevereiro a turma do 4\u00b0 ano participou num percurso pedestre pela cidade do Funchal, atividade dinamizada pelos servi\u00e7os da C\u00e2mara Municipal do Funchal.<\/a><\/h4><p class=\"o-posts-grid-post-meta\">  <time datetime=\"2026-03-20T15:06:02+00:00\">20 de Mar\u00e7o, 2026<\/time> by <a href=\"https:\/\/escoladigital.madeira.gov.pt\/eb1perddias\/author\/eb1perddias\/\">eb1perddias<\/a><\/p><div class=\"o-posts-grid-post-description\"><p>Adoramos conhecer melhor a nossa cidade e agradecemos a oportunidade! Clica na imagem.<\/p><\/div><\/div><\/div><\/div><div class=\"o-posts-grid-post-blog o-posts-grid-post-plain\"><div class=\"o-posts-grid-post\"><div class=\"o-posts-grid-post-body is-full\"><span class=\"o-posts-grid-post-category\"><a href=\"https:\/\/escoladigital.madeira.gov.pt\/eb1perddias\/category\/educacao\/\">Artigos<\/a><\/span><h4 class=\"o-posts-grid-post-title\"><a href=\"https:\/\/escoladigital.madeira.gov.pt\/eb1perddias\/2026\/03\/20\/a-segunda-sessao-do-nosso-projeto-sobre-saude-mental-foi-dedicada-ao-tema-das-dificuldades-de-aprendizagem-um-assunto-que-faz-parte-do-nosso-dia-na-escola-e-que-influencia-diretamente-o-bem-e\/\">A segunda sess\u00e3o do nosso projeto sobre sa\u00fade mental foi dedicada ao tema das dificuldades de aprendizagem, um assunto que faz parte do nosso dia na escola e que influencia diretamente o bem\u2011estar emocional das crian\u00e7as.<\/a><\/h4><p class=\"o-posts-grid-post-meta\">  <time datetime=\"2026-03-20T15:01:42+00:00\">20 de Mar\u00e7o, 2026<\/time> by <a href=\"https:\/\/escoladigital.madeira.gov.pt\/eb1perddias\/author\/eb1perddias\/\">eb1perddias<\/a><\/p><div class=\"o-posts-grid-post-description\"><p>O objetivo principal foi criar um espa\u00e7o seguro onde cada um pudesse reconhecer, expressar e normali\u2026<\/p><\/div><\/div><\/div><\/div><div class=\"o-posts-grid-post-blog o-posts-grid-post-plain\"><div class=\"o-posts-grid-post\"><div class=\"o-posts-grid-post-body is-full\"><span class=\"o-posts-grid-post-category\"><a href=\"https:\/\/escoladigital.madeira.gov.pt\/eb1perddias\/category\/educacao\/\">Artigos<\/a><\/span><h4 class=\"o-posts-grid-post-title\"><a href=\"https:\/\/escoladigital.madeira.gov.pt\/eb1perddias\/2026\/03\/20\/no-clube-das-artes-visuais-os-alunos-dedicaram-se-momentos-a-construcao-de-mandalas-para-explorar-cores-formas-e-padroes-de-maneira-criativa-e-muito-pessoal\/\">No Clube das Artes Visuais os alunos dedicaram-se momentos \u00e0 constru\u00e7\u00e3o de mandalas, para explorar cores, formas e padr\u00f5es de maneira criativa e muito pessoal.<\/a><\/h4><p class=\"o-posts-grid-post-meta\">  <time datetime=\"2026-03-20T14:59:20+00:00\">20 de Mar\u00e7o, 2026<\/time> by <a href=\"https:\/\/escoladigital.madeira.gov.pt\/eb1perddias\/author\/eb1perddias\/\">eb1perddias<\/a><\/p><div class=\"o-posts-grid-post-description\"><p>Esta atividade permitiu aos alunos trabalhar a concentra\u00e7\u00e3o, a coordena\u00e7\u00e3o, motricidade fina e a org\u2026<\/p><\/div><\/div><\/div><\/div><div class=\"o-posts-grid-post-blog o-posts-grid-post-plain\"><div class=\"o-posts-grid-post\"><div class=\"o-posts-grid-post-body is-full\"><span class=\"o-posts-grid-post-category\"><a href=\"https:\/\/escoladigital.madeira.gov.pt\/eb1perddias\/category\/educacao\/\">Artigos<\/a><\/span><h4 class=\"o-posts-grid-post-title\"><a href=\"https:\/\/escoladigital.madeira.gov.pt\/eb1perddias\/2026\/03\/20\/na-passada-segunda-feira-os-nossos-alunos-apresentaram-uma-excelente-prestacao-das-nossas-equipas-no-andebol-e-voleibol\/\">Na passada segunda feira, os nossos alunos apresentaram uma excelente presta\u00e7\u00e3o das nossas equipas no andebol e voleibol.<\/a><\/h4><p class=\"o-posts-grid-post-meta\">  <time datetime=\"2026-03-20T14:56:39+00:00\">20 de Mar\u00e7o, 2026<\/time> by <a href=\"https:\/\/escoladigital.madeira.gov.pt\/eb1perddias\/author\/eb1perddias\/\">eb1perddias<\/a><\/p><div class=\"o-posts-grid-post-description\"><p>Uma manh\u00e3 bem passada com grande conv\u00edvio e partilha entre escolas. Clica na imagem. V\u00ea o v\u00eddeo.<\/p><\/div><\/div><\/div><\/div><div class=\"o-posts-grid-post-blog o-posts-grid-post-plain\"><div class=\"o-posts-grid-post\"><div class=\"o-posts-grid-post-body is-full\"><span class=\"o-posts-grid-post-category\"><a href=\"https:\/\/escoladigital.madeira.gov.pt\/eb1perddias\/category\/educacao\/\">Artigos<\/a><\/span><h4 class=\"o-posts-grid-post-title\"><a href=\"https:\/\/escoladigital.madeira.gov.pt\/eb1perddias\/2026\/03\/20\/a-nossa-escola-participou-na-fase-concelhia-da-taca-escolar-de-prevencao-rodoviaria-na-escola-brazao-de-castro-conquistamos-o-3-o-lugar\/\">A nossa escola participou na fase Concelhia da Ta\u00e7a Escolar de Preven\u00e7\u00e3o Rodovi\u00e1ria, na escola Braz\u00e3o de Castro. Conquistamos o 3.\u00ba Lugar!<\/a><\/h4><p class=\"o-posts-grid-post-meta\">  <time datetime=\"2026-03-20T14:48:25+00:00\">20 de Mar\u00e7o, 2026<\/time> by <a href=\"https:\/\/escoladigital.madeira.gov.pt\/eb1perddias\/author\/eb1perddias\/\">eb1perddias<\/a><\/p><div class=\"o-posts-grid-post-description\"><p>Foi uma excelente presta\u00e7\u00e3o da nossa escola, representada por uma equipa dedicada de tr\u00eas alunos. Ma\u2026<\/p><\/div><\/div><\/div><\/div><\/div> <\/div>\n\n\n<div class=\"wp-block-columns is-layout-flex wp-container-core-columns-is-layout-28f84493 wp-block-columns-is-layout-flex\">\n<div class=\"wp-block-column is-layout-flow wp-block-column-is-layout-flow\">\n<figure class=\"wp-block-image size-large\"><img fetchpriority=\"high\" decoding=\"async\" width=\"1024\" height=\"381\" src=\"https:\/\/escoladigital.madeira.gov.pt\/eb1perddias\/wp-content\/uploads\/sites\/21\/2025\/02\/ecoescolas-1024x381.jpg\" alt=\"\" class=\"wp-image-755\" srcset=\"https:\/\/escoladigital.madeira.gov.pt\/eb1perddias\/wp-content\/uploads\/sites\/21\/2025\/02\/ecoescolas-1024x381.jpg 1024w, https:\/\/escoladigital.madeira.gov.pt\/eb1perddias\/wp-content\/uploads\/sites\/21\/2025\/02\/ecoescolas-300x112.jpg 300w, https:\/\/escoladigital.madeira.gov.pt\/eb1perddias\/wp-content\/uploads\/sites\/21\/2025\/02\/ecoescolas-768x286.jpg 768w, https:\/\/escoladigital.madeira.gov.pt\/eb1perddias\/wp-content\/uploads\/sites\/21\/2025\/02\/ecoescolas-1536x572.jpg 1536w, https:\/\/escoladigital.madeira.gov.pt\/eb1perddias\/wp-content\/uploads\/sites\/21\/2025\/02\/ecoescolas.jpg 1917w\" sizes=\"(max-width: 1024px) 100vw, 1024px\" \/><\/figure>\n<\/div>\n\n\n\n<div class=\"wp-block-column is-layout-flow wp-block-column-is-layout-flow\"><\/div>\n\n\n\n<div class=\"wp-block-column is-layout-flow wp-block-column-is-layout-flow\"><\/div>\n<\/div>\n\n\n\n<p><\/p>\n","protected":false},"excerpt":{"rendered":"","protected":false},"author":30,"featured_media":0,"parent":0,"menu_order":0,"comment_status":"closed","ping_status":"closed","template":"","meta":{"site-sidebar-layout":"default","site-content-layout":"","ast-site-content-layout":"default","site-content-style":"default","site-sidebar-style":"default","ast-global-header-display":"","ast-banner-title-visibility":"","ast-main-header-display":"","ast-hfb-above-header-display":"","ast-hfb-below-header-display":"","ast-hfb-mobile-header-display":"","site-post-title":"","ast-breadcrumbs-content":"","ast-featured-img":"","footer-sml-layout":"","ast-disable-related-posts":"","theme-transparent-header-meta":"","adv-header-id-meta":"","stick-header-meta":"","header-above-stick-meta":"","header-main-stick-meta":"","header-below-stick-meta":"","astra-migrate-meta-layouts":"default","ast-page-background-enabled":"default","ast-page-background-meta":{"desktop":{"background-color":"var(--ast-global-color-5)","background-image":"","background-repeat":"repeat","background-position":"center center","background-size":"auto","background-attachment":"scroll","background-type":"","background-media":"","overlay-type":"","overlay-color":"","overlay-opacity":"","overlay-gradient":""},"tablet":{"background-color":"","background-image":"","background-repeat":"repeat","background-position":"center center","background-size":"auto","background-attachment":"scroll","background-type":"","background-media":"","overlay-type":"","overlay-color":"","overlay-opacity":"","overlay-gradient":""},"mobile":{"background-color":"","background-image":"","background-repeat":"repeat","background-position":"center center","background-size":"auto","background-attachment":"scroll","background-type":"","background-media":"","overlay-type":"","overlay-color":"","overlay-opacity":"","overlay-gradient":""}},"ast-content-background-meta":{"desktop":{"background-color":"var(--ast-global-color-4)","background-image":"","background-repeat":"repeat","background-position":"center center","background-size":"auto","background-attachment":"scroll","background-type":"","background-media":"","overlay-type":"","overlay-color":"","overlay-opacity":"","overlay-gradient":""},"tablet":{"background-color":"var(--ast-global-color-4)","background-image":"","background-repeat":"repeat","background-position":"center center","background-size":"auto","background-attachment":"scroll","background-type":"","background-media":"","overlay-type":"","overlay-color":"","overlay-opacity":"","overlay-gradient":""},"mobile":{"background-color":"var(--ast-global-color-4)","background-image":"","background-repeat":"repeat","background-position":"center center","background-size":"auto","background-attachment":"scroll","background-type":"","background-media":"","overlay-type":"","overlay-color":"","overlay-opacity":"","overlay-gradient":""}},"_themeisle_gutenberg_block_has_review":false,"footnotes":""},"class_list":["post-208","page","type-page","status-publish","hentry"],"_links":{"self":[{"href":"https:\/\/escoladigital.madeira.gov.pt\/eb1perddias\/wp-json\/wp\/v2\/pages\/208","targetHints":{"allow":["GET"]}}],"collection":[{"href":"https:\/\/escoladigital.madeira.gov.pt\/eb1perddias\/wp-json\/wp\/v2\/pages"}],"about":[{"href":"https:\/\/escoladigital.madeira.gov.pt\/eb1perddias\/wp-json\/wp\/v2\/types\/page"}],"author":[{"embeddable":true,"href":"https:\/\/escoladigital.madeira.gov.pt\/eb1perddias\/wp-json\/wp\/v2\/users\/30"}],"replies":[{"embeddable":true,"href":"https:\/\/escoladigital.madeira.gov.pt\/eb1perddias\/wp-json\/wp\/v2\/comments?post=208"}],"version-history":[{"count":2,"href":"https:\/\/escoladigital.madeira.gov.pt\/eb1perddias\/wp-json\/wp\/v2\/pages\/208\/revisions"}],"predecessor-version":[{"id":756,"href":"https:\/\/escoladigital.madeira.gov.pt\/eb1perddias\/wp-json\/wp\/v2\/pages\/208\/revisions\/756"}],"wp:attachment":[{"href":"https:\/\/escoladigital.madeira.gov.pt\/eb1perddias\/wp-json\/wp\/v2\/media?parent=208"}],"curies":[{"name":"wp","href":"https:\/\/api.w.org\/{rel}","templated":true}]}}