{"id":301,"date":"2025-02-09T18:11:25","date_gmt":"2025-02-09T18:11:25","guid":{"rendered":"https:\/\/escoladigital.madeira.gov.pt\/eb1perddias\/?page_id=301"},"modified":"2025-11-14T17:41:26","modified_gmt":"2025-11-14T17:41:26","slug":"turmas-alunos","status":"publish","type":"page","link":"https:\/\/escoladigital.madeira.gov.pt\/eb1perddias\/turmas-alunos\/","title":{"rendered":"Turmas\/Hor\u00e1rio"},"content":{"rendered":"\n<div class=\"wp-block-columns is-layout-flex wp-container-core-columns-is-layout-28f84493 wp-block-columns-is-layout-flex\">\n<div class=\"wp-block-column is-layout-flow wp-block-column-is-layout-flow\">\n<div data-wp-interactive=\"core\/file\" class=\"wp-block-file\"><object data-wp-bind--hidden=\"!state.hasPdfPreview\" hidden class=\"wp-block-file__embed\" data=\"https:\/\/escoladigital.madeira.gov.pt\/eb1perddias\/wp-content\/uploads\/sites\/21\/2025\/11\/TURMA-PRE-LARANJA.pdf\" type=\"application\/pdf\" style=\"width:100%;height:600px\" aria-label=\"Incorpora\u00e7\u00e3o de  PR\u00c9- LARANJA.\"><\/object><a id=\"wp-block-file--media-f305b975-e7d4-4b80-b8cf-d095af496bdc\" href=\"https:\/\/escoladigital.madeira.gov.pt\/eb1perddias\/wp-content\/uploads\/sites\/21\/2025\/11\/TURMA-PRE-LARANJA.pdf\"> PR\u00c9- LARANJA<\/a><a href=\"https:\/\/escoladigital.madeira.gov.pt\/eb1perddias\/wp-content\/uploads\/sites\/21\/2025\/11\/TURMA-PRE-LARANJA.pdf\" class=\"wp-block-file__button wp-element-button\" download aria-describedby=\"wp-block-file--media-f305b975-e7d4-4b80-b8cf-d095af496bdc\">Descarregar<\/a><\/div>\n<\/div>\n\n\n\n<div class=\"wp-block-column is-layout-flow wp-block-column-is-layout-flow\"><\/div>\n<\/div>\n\n\n\n<div class=\"wp-block-group is-layout-constrained wp-block-group-is-layout-constrained\">\n<div class=\"wp-block-columns are-vertically-aligned-center is-layout-flex wp-container-core-columns-is-layout-28f84493 wp-block-columns-is-layout-flex\">\n<div class=\"wp-block-column is-layout-flow wp-block-column-is-layout-flow\">\n<div data-wp-interactive=\"core\/file\" class=\"wp-block-file\"><object data-wp-bind--hidden=\"!state.hasPdfPreview\" hidden class=\"wp-block-file__embed\" data=\"https:\/\/escoladigital.madeira.gov.pt\/eb1perddias\/wp-content\/uploads\/sites\/21\/2025\/11\/PRE-VERDE.pdf\" type=\"application\/pdf\" style=\"width:100%;height:600px\" aria-label=\"Incorpora\u00e7\u00e3o de PR\u00c9- VERDE.\"><\/object><a id=\"wp-block-file--media-616e8cfb-c7f8-4346-8105-09173640b4f3\" href=\"https:\/\/escoladigital.madeira.gov.pt\/eb1perddias\/wp-content\/uploads\/sites\/21\/2025\/11\/PRE-VERDE.pdf\">PR\u00c9- VERDE<\/a><a href=\"https:\/\/escoladigital.madeira.gov.pt\/eb1perddias\/wp-content\/uploads\/sites\/21\/2025\/11\/PRE-VERDE.pdf\" class=\"wp-block-file__button wp-element-button\" download aria-describedby=\"wp-block-file--media-616e8cfb-c7f8-4346-8105-09173640b4f3\">Descarregar<\/a><\/div>\n<\/div>\n\n\n\n<div class=\"wp-block-column is-layout-flow wp-block-column-is-layout-flow\"><\/div>\n<\/div>\n\n\n\n<div class=\"wp-block-columns is-layout-flex wp-container-core-columns-is-layout-28f84493 wp-block-columns-is-layout-flex\">\n<div class=\"wp-block-column is-layout-flow wp-block-column-is-layout-flow\"><\/div>\n\n\n\n<div class=\"wp-block-column is-layout-flow wp-block-column-is-layout-flow\"><\/div>\n<\/div>\n<\/div>\n\n\n\n<div class=\"wp-block-columns is-layout-flex wp-container-core-columns-is-layout-28f84493 wp-block-columns-is-layout-flex\">\n<div class=\"wp-block-column is-layout-flow wp-block-column-is-layout-flow\">\n<div data-wp-interactive=\"core\/file\" class=\"wp-block-file\"><object data-wp-bind--hidden=\"!state.hasPdfPreview\" hidden class=\"wp-block-file__embed\" data=\"https:\/\/escoladigital.madeira.gov.pt\/eb1perddias\/wp-content\/uploads\/sites\/21\/2025\/11\/TURMA-1.o-A-.pdf\" type=\"application\/pdf\" style=\"width:100%;height:600px\" aria-label=\"Incorpora\u00e7\u00e3o de TURMA  1.\u00ba A.\"><\/object><a id=\"wp-block-file--media-8fb599b5-355d-4d0a-b3c9-42ae71af94d9\" href=\"https:\/\/escoladigital.madeira.gov.pt\/eb1perddias\/wp-content\/uploads\/sites\/21\/2025\/11\/TURMA-1.o-A-.pdf\">TURMA  1.\u00ba A<\/a><a href=\"https:\/\/escoladigital.madeira.gov.pt\/eb1perddias\/wp-content\/uploads\/sites\/21\/2025\/11\/TURMA-1.o-A-.pdf\" class=\"wp-block-file__button wp-element-button\" download aria-describedby=\"wp-block-file--media-8fb599b5-355d-4d0a-b3c9-42ae71af94d9\">Descarregar<\/a><\/div>\n<\/div>\n\n\n\n<div class=\"wp-block-column is-layout-flow wp-block-column-is-layout-flow\"><\/div>\n<\/div>\n\n\n\n<div class=\"wp-block-columns is-layout-flex wp-container-core-columns-is-layout-28f84493 wp-block-columns-is-layout-flex\">\n<div class=\"wp-block-column is-layout-flow wp-block-column-is-layout-flow\">\n<div data-wp-interactive=\"core\/file\" class=\"wp-block-file\"><object data-wp-bind--hidden=\"!state.hasPdfPreview\" hidden class=\"wp-block-file__embed\" data=\"https:\/\/escoladigital.madeira.gov.pt\/eb1perddias\/wp-content\/uploads\/sites\/21\/2025\/11\/TURMA-2.o-A-.pdf\" type=\"application\/pdf\" style=\"width:100%;height:600px\" aria-label=\"Incorpora\u00e7\u00e3o de TURMA  2.\u00ba A.\"><\/object><a id=\"wp-block-file--media-3fc775ea-7c0e-4f31-bd95-c66e4915b518\" href=\"https:\/\/escoladigital.madeira.gov.pt\/eb1perddias\/wp-content\/uploads\/sites\/21\/2025\/11\/TURMA-2.o-A-.pdf\">TURMA  2.\u00ba A<\/a><a href=\"https:\/\/escoladigital.madeira.gov.pt\/eb1perddias\/wp-content\/uploads\/sites\/21\/2025\/11\/TURMA-2.o-A-.pdf\" class=\"wp-block-file__button wp-element-button\" download aria-describedby=\"wp-block-file--media-3fc775ea-7c0e-4f31-bd95-c66e4915b518\">Descarregar<\/a><\/div>\n<\/div>\n\n\n\n<div class=\"wp-block-column is-layout-flow wp-block-column-is-layout-flow\"><\/div>\n<\/div>\n\n\n\n<div class=\"wp-block-columns is-layout-flex wp-container-core-columns-is-layout-28f84493 wp-block-columns-is-layout-flex\">\n<div class=\"wp-block-column is-layout-flow wp-block-column-is-layout-flow\">\n<div data-wp-interactive=\"core\/file\" class=\"wp-block-file\"><object data-wp-bind--hidden=\"!state.hasPdfPreview\" hidden class=\"wp-block-file__embed\" data=\"https:\/\/escoladigital.madeira.gov.pt\/eb1perddias\/wp-content\/uploads\/sites\/21\/2025\/11\/TURMA-3.o-A-.pdf\" type=\"application\/pdf\" style=\"width:100%;height:600px\" aria-label=\"Incorpora\u00e7\u00e3o de TURMA  3.\u00ba A.\"><\/object><a id=\"wp-block-file--media-ff26e1fc-6638-488f-8ea7-12730c68e9eb\" href=\"https:\/\/escoladigital.madeira.gov.pt\/eb1perddias\/wp-content\/uploads\/sites\/21\/2025\/11\/TURMA-3.o-A-.pdf\">TURMA  3.\u00ba A<\/a><a href=\"https:\/\/escoladigital.madeira.gov.pt\/eb1perddias\/wp-content\/uploads\/sites\/21\/2025\/11\/TURMA-3.o-A-.pdf\" class=\"wp-block-file__button wp-element-button\" download aria-describedby=\"wp-block-file--media-ff26e1fc-6638-488f-8ea7-12730c68e9eb\">Descarregar<\/a><\/div>\n<\/div>\n\n\n\n<div class=\"wp-block-column is-layout-flow wp-block-column-is-layout-flow\"><\/div>\n<\/div>\n\n\n\n<div class=\"wp-block-columns is-layout-flex wp-container-core-columns-is-layout-28f84493 wp-block-columns-is-layout-flex\">\n<div class=\"wp-block-column is-layout-flow wp-block-column-is-layout-flow\">\n<div data-wp-interactive=\"core\/file\" class=\"wp-block-file\"><object data-wp-bind--hidden=\"!state.hasPdfPreview\" hidden class=\"wp-block-file__embed\" data=\"https:\/\/escoladigital.madeira.gov.pt\/eb1perddias\/wp-content\/uploads\/sites\/21\/2025\/11\/TURMA-3.o-B-.pdf\" type=\"application\/pdf\" style=\"width:100%;height:600px\" aria-label=\"Incorpora\u00e7\u00e3o de TURMA 3.\u00ba B.\"><\/object><a id=\"wp-block-file--media-c84d2fc9-0549-4433-ad5f-ea62b984b97a\" href=\"https:\/\/escoladigital.madeira.gov.pt\/eb1perddias\/wp-content\/uploads\/sites\/21\/2025\/11\/TURMA-3.o-B-.pdf\">TURMA 3.\u00ba B<\/a><a href=\"https:\/\/escoladigital.madeira.gov.pt\/eb1perddias\/wp-content\/uploads\/sites\/21\/2025\/11\/TURMA-3.o-B-.pdf\" class=\"wp-block-file__button wp-element-button\" download aria-describedby=\"wp-block-file--media-c84d2fc9-0549-4433-ad5f-ea62b984b97a\">Descarregar<\/a><\/div>\n<\/div>\n\n\n\n<div class=\"wp-block-column is-layout-flow wp-block-column-is-layout-flow\"><\/div>\n<\/div>\n\n\n\n<div class=\"wp-block-columns is-layout-flex wp-container-core-columns-is-layout-28f84493 wp-block-columns-is-layout-flex\">\n<div class=\"wp-block-column is-layout-flow wp-block-column-is-layout-flow\">\n<div data-wp-interactive=\"core\/file\" class=\"wp-block-file\"><object data-wp-bind--hidden=\"!state.hasPdfPreview\" hidden class=\"wp-block-file__embed\" data=\"https:\/\/escoladigital.madeira.gov.pt\/eb1perddias\/wp-content\/uploads\/sites\/21\/2025\/11\/TURMA-4.o-A-.pdf\" type=\"application\/pdf\" style=\"width:100%;height:600px\" aria-label=\"Incorpora\u00e7\u00e3o de TURMA 4.\u00ba A.\"><\/object><a id=\"wp-block-file--media-b4e2ef51-dec9-476b-96c4-132ad399a5f5\" href=\"https:\/\/escoladigital.madeira.gov.pt\/eb1perddias\/wp-content\/uploads\/sites\/21\/2025\/11\/TURMA-4.o-A-.pdf\">TURMA 4.\u00ba A<\/a><a href=\"https:\/\/escoladigital.madeira.gov.pt\/eb1perddias\/wp-content\/uploads\/sites\/21\/2025\/11\/TURMA-4.o-A-.pdf\" class=\"wp-block-file__button wp-element-button\" download aria-describedby=\"wp-block-file--media-b4e2ef51-dec9-476b-96c4-132ad399a5f5\">Descarregar<\/a><\/div>\n<\/div>\n\n\n\n<div class=\"wp-block-column is-layout-flow wp-block-column-is-layout-flow\"><\/div>\n<\/div>\n\n\n\n<p><\/p>\n","protected":false},"excerpt":{"rendered":"","protected":false},"author":30,"featured_media":0,"parent":0,"menu_order":0,"comment_status":"closed","ping_status":"closed","template":"","meta":{"site-sidebar-layout":"default","site-content-layout":"","ast-site-content-layout":"default","site-content-style":"default","site-sidebar-style":"default","ast-global-header-display":"","ast-banner-title-visibility":"","ast-main-header-display":"","ast-hfb-above-header-display":"","ast-hfb-below-header-display":"","ast-hfb-mobile-header-display":"","site-post-title":"","ast-breadcrumbs-content":"","ast-featured-img":"","footer-sml-layout":"","ast-disable-related-posts":"","theme-transparent-header-meta":"","adv-header-id-meta":"","stick-header-meta":"","header-above-stick-meta":"","header-main-stick-meta":"","header-below-stick-meta":"","astra-migrate-meta-layouts":"default","ast-page-background-enabled":"default","ast-page-background-meta":{"desktop":{"background-color":"var(--ast-global-color-5)","background-image":"","background-repeat":"repeat","background-position":"center center","background-size":"auto","background-attachment":"scroll","background-type":"","background-media":"","overlay-type":"","overlay-color":"","overlay-opacity":"","overlay-gradient":""},"tablet":{"background-color":"","background-image":"","background-repeat":"repeat","background-position":"center center","background-size":"auto","background-attachment":"scroll","background-type":"","background-media":"","overlay-type":"","overlay-color":"","overlay-opacity":"","overlay-gradient":""},"mobile":{"background-color":"","background-image":"","background-repeat":"repeat","background-position":"center center","background-size":"auto","background-attachment":"scroll","background-type":"","background-media":"","overlay-type":"","overlay-color":"","overlay-opacity":"","overlay-gradient":""}},"ast-content-background-meta":{"desktop":{"background-color":"var(--ast-global-color-4)","background-image":"","background-repeat":"repeat","background-position":"center center","background-size":"auto","background-attachment":"scroll","background-type":"","background-media":"","overlay-type":"","overlay-color":"","overlay-opacity":"","overlay-gradient":""},"tablet":{"background-color":"var(--ast-global-color-4)","background-image":"","background-repeat":"repeat","background-position":"center center","background-size":"auto","background-attachment":"scroll","background-type":"","background-media":"","overlay-type":"","overlay-color":"","overlay-opacity":"","overlay-gradient":""},"mobile":{"background-color":"var(--ast-global-color-4)","background-image":"","background-repeat":"repeat","background-position":"center center","background-size":"auto","background-attachment":"scroll","background-type":"","background-media":"","overlay-type":"","overlay-color":"","overlay-opacity":"","overlay-gradient":""}},"_themeisle_gutenberg_block_has_review":false,"footnotes":""},"class_list":["post-301","page","type-page","status-publish","hentry"],"_links":{"self":[{"href":"https:\/\/escoladigital.madeira.gov.pt\/eb1perddias\/wp-json\/wp\/v2\/pages\/301","targetHints":{"allow":["GET"]}}],"collection":[{"href":"https:\/\/escoladigital.madeira.gov.pt\/eb1perddias\/wp-json\/wp\/v2\/pages"}],"about":[{"href":"https:\/\/escoladigital.madeira.gov.pt\/eb1perddias\/wp-json\/wp\/v2\/types\/page"}],"author":[{"embeddable":true,"href":"https:\/\/escoladigital.madeira.gov.pt\/eb1perddias\/wp-json\/wp\/v2\/users\/30"}],"replies":[{"embeddable":true,"href":"https:\/\/escoladigital.madeira.gov.pt\/eb1perddias\/wp-json\/wp\/v2\/comments?post=301"}],"version-history":[{"count":42,"href":"https:\/\/escoladigital.madeira.gov.pt\/eb1perddias\/wp-json\/wp\/v2\/pages\/301\/revisions"}],"predecessor-version":[{"id":1112,"href":"https:\/\/escoladigital.madeira.gov.pt\/eb1perddias\/wp-json\/wp\/v2\/pages\/301\/revisions\/1112"}],"wp:attachment":[{"href":"https:\/\/escoladigital.madeira.gov.pt\/eb1perddias\/wp-json\/wp\/v2\/media?parent=301"}],"curies":[{"name":"wp","href":"https:\/\/api.w.org\/{rel}","templated":true}]}}