{"id":445,"date":"2025-02-10T19:07:59","date_gmt":"2025-02-10T19:07:59","guid":{"rendered":"https:\/\/escoladigital.madeira.gov.pt\/eb1perddias\/?page_id=445"},"modified":"2025-02-12T16:56:24","modified_gmt":"2025-02-12T16:56:24","slug":"clubes","status":"publish","type":"page","link":"https:\/\/escoladigital.madeira.gov.pt\/eb1perddias\/clubes\/","title":{"rendered":"Clubes"},"content":{"rendered":"<ul class=\"wp-block-page-list\"><li class=\"wp-block-pages-list__item\"><a class=\"wp-block-pages-list__item__link\" href=\"https:\/\/escoladigital.madeira.gov.pt\/eb1perddias\/a-teclar-vou-contar-tic-3oa\/\">A teclar vou contar &#8211; TIC\/3\u00baA<\/a><\/li><li class=\"wp-block-pages-list__item\"><a class=\"wp-block-pages-list__item__link\" href=\"https:\/\/escoladigital.madeira.gov.pt\/eb1perddias\/aec\/\">AEC<\/a><\/li><li class=\"wp-block-pages-list__item\"><a class=\"wp-block-pages-list__item__link\" href=\"https:\/\/escoladigital.madeira.gov.pt\/eb1perddias\/clube-a-descoberta\/\">Clube \u00c0 Descoberta<\/a><\/li><li class=\"wp-block-pages-list__item\"><a class=\"wp-block-pages-list__item__link\" href=\"https:\/\/escoladigital.madeira.gov.pt\/eb1perddias\/clube-de-desporto\/\">Clube de Desporto<\/a><\/li><li class=\"wp-block-pages-list__item\"><a class=\"wp-block-pages-list__item__link\" href=\"https:\/\/escoladigital.madeira.gov.pt\/eb1perddias\/clube-de-musica\/\">Clube de M\u00fasica<\/a><\/li><li class=\"wp-block-pages-list__item\"><a class=\"wp-block-pages-list__item__link\" href=\"https:\/\/escoladigital.madeira.gov.pt\/eb1perddias\/clube-de-xadrez\/\">Clube de Xadrez<\/a><\/li><li class=\"wp-block-pages-list__item\"><a class=\"wp-block-pages-list__item__link\" href=\"https:\/\/escoladigital.madeira.gov.pt\/eb1perddias\/clube-energia-em-movimento\/\">Clube Energia em Movimento<\/a><\/li><li class=\"wp-block-pages-list__item\"><a class=\"wp-block-pages-list__item__link\" href=\"https:\/\/escoladigital.madeira.gov.pt\/eb1perddias\/clube-espaco-criativo-artes-visuais\/\">Clube Espa\u00e7o Criativo &#8211; Artes Visuais<\/a><\/li><li class=\"wp-block-pages-list__item\"><a class=\"wp-block-pages-list__item__link\" href=\"https:\/\/escoladigital.madeira.gov.pt\/eb1perddias\/clube-intercultural\/\">Clube Intercultural<\/a><\/li><li class=\"wp-block-pages-list__item\"><a class=\"wp-block-pages-list__item__link\" href=\"https:\/\/escoladigital.madeira.gov.pt\/eb1perddias\/clube-lego\/\">Clube Lego<\/a><\/li><li class=\"wp-block-pages-list__item\"><a class=\"wp-block-pages-list__item__link\" href=\"https:\/\/escoladigital.madeira.gov.pt\/eb1perddias\/clube-rdd\/\">Clube RDD+<\/a><\/li><li class=\"wp-block-pages-list__item\"><a class=\"wp-block-pages-list__item__link\" href=\"https:\/\/escoladigital.madeira.gov.pt\/eb1perddias\/clube-robotica\/\">Clube Rob\u00f3tica<\/a><\/li><li class=\"wp-block-pages-list__item\"><a class=\"wp-block-pages-list__item__link\" href=\"https:\/\/escoladigital.madeira.gov.pt\/eb1perddias\/clubes\/\">Clubes<\/a><\/li><li class=\"wp-block-pages-list__item\"><a class=\"wp-block-pages-list__item__link\" href=\"https:\/\/escoladigital.madeira.gov.pt\/eb1perddias\/comer-bem-crescer-melhor\/\">Comer bem, crescer melhor<\/a><\/li><li class=\"wp-block-pages-list__item\"><a class=\"wp-block-pages-list__item__link\" href=\"https:\/\/escoladigital.madeira.gov.pt\/eb1perddias\/comunicacao-digital\/\">Comunica\u00e7\u00e3o Digital<\/a><\/li><li class=\"wp-block-pages-list__item\"><a class=\"wp-block-pages-list__item__link\" href=\"https:\/\/escoladigital.madeira.gov.pt\/eb1perddias\/contactos\/\">Contactos<\/a><\/li><li class=\"wp-block-pages-list__item\"><a class=\"wp-block-pages-list__item__link\" href=\"https:\/\/escoladigital.madeira.gov.pt\/eb1perddias\/documentos-orientadores-da-escola\/\">DOCUMENTOS ORIENTADORES DA ESCOLA<\/a><\/li><li class=\"wp-block-pages-list__item\"><a class=\"wp-block-pages-list__item__link\" href=\"https:\/\/escoladigital.madeira.gov.pt\/eb1perddias\/eco-escolas\/\">Eco escolas<\/a><\/li><li class=\"wp-block-pages-list__item\"><a class=\"wp-block-pages-list__item__link\" href=\"https:\/\/escoladigital.madeira.gov.pt\/eb1perddias\/escola\/\">Escola<\/a><\/li><li class=\"wp-block-pages-list__item\"><a class=\"wp-block-pages-list__item__link\" href=\"https:\/\/escoladigital.madeira.gov.pt\/eb1perddias\/eventos-2024-2025\/\">Eventos 2024\/2025<\/a><\/li><li class=\"wp-block-pages-list__item\"><a class=\"wp-block-pages-list__item__link\" href=\"https:\/\/escoladigital.madeira.gov.pt\/eb1perddias\/galeria-fotos-videos\/\">Galeria: fotos\/v\u00eddeos<\/a><\/li><li class=\"wp-block-pages-list__item\"><a class=\"wp-block-pages-list__item__link\" href=\"https:\/\/escoladigital.madeira.gov.pt\/eb1perddias\/horario\/\">Hor\u00e1rio de Funcionamento<\/a><\/li><li class=\"wp-block-pages-list__item\"><a class=\"wp-block-pages-list__item__link\" href=\"https:\/\/escoladigital.madeira.gov.pt\/eb1perddias\/hortas-bio\/\">Hortas Bio<\/a><\/li><li class=\"wp-block-pages-list__item\"><a class=\"wp-block-pages-list__item__link\" href=\"https:\/\/escoladigital.madeira.gov.pt\/eb1perddias\/mensagem-do-diretor\/\">Mensagem do Diretor<\/a><\/li><li class=\"wp-block-pages-list__item\"><a class=\"wp-block-pages-list__item__link\" href=\"https:\/\/escoladigital.madeira.gov.pt\/eb1perddias\/multipli-tabuadas\/\">Multipli &#8211; tabuadas<\/a><\/li><li class=\"wp-block-pages-list__item\"><a class=\"wp-block-pages-list__item__link\" href=\"https:\/\/escoladigital.madeira.gov.pt\/eb1perddias\/nucleo-da-protecao-civil-jovem-cmfunchal\/\">N\u00facleo da Prote\u00e7\u00e3o Civil Jovem &#8211; CMFunchal<\/a><\/li><li class=\"wp-block-pages-list__item\"><a class=\"wp-block-pages-list__item__link\" href=\"https:\/\/escoladigital.madeira.gov.pt\/eb1perddias\/paa-plano-anual-de-atividades\/\">PAA &#8211; Plano Anual de Atividades<\/a><\/li><li class=\"wp-block-pages-list__item\"><a class=\"wp-block-pages-list__item__link\" href=\"https:\/\/escoladigital.madeira.gov.pt\/eb1perddias\/pee-projeto-educativo-de-escola\/\">PEE &#8211; Projeto Educativo de Escola<\/a><\/li><li class=\"wp-block-pages-list__item\"><a class=\"wp-block-pages-list__item__link\" href=\"https:\/\/escoladigital.madeira.gov.pt\/eb1perddias\/pessoal-docente-e-nao-docente\/\">Pessoal Docente e N\u00e3o Docente<\/a><\/li><li class=\"wp-block-pages-list__item\"><a class=\"wp-block-pages-list__item__link\" href=\"https:\/\/escoladigital.madeira.gov.pt\/eb1perddias\/plano-anual-tic\/\">Plano Anual TIC<\/a><\/li><li class=\"wp-block-pages-list__item\"><a class=\"wp-block-pages-list__item__link\" href=\"https:\/\/escoladigital.madeira.gov.pt\/eb1perddias\/plano-regional-de-prevencao-rodoviaria\/\">Plano Regional de Preven\u00e7\u00e3o Rodovi\u00e1ria<\/a><\/li><li class=\"wp-block-pages-list__item\"><a class=\"wp-block-pages-list__item__link\" href=\"https:\/\/escoladigital.madeira.gov.pt\/eb1perddias\/projetos\/\">Projetos<\/a><\/li><li class=\"wp-block-pages-list__item\"><a class=\"wp-block-pages-list__item__link\" href=\"https:\/\/escoladigital.madeira.gov.pt\/eb1perddias\/projetos-clubes\/\">Projetos\/Clubes<\/a><\/li><li class=\"wp-block-pages-list__item\"><a class=\"wp-block-pages-list__item__link\" href=\"https:\/\/escoladigital.madeira.gov.pt\/eb1perddias\/publica-aqui\/\">Publica Aqui<\/a><\/li><li class=\"wp-block-pages-list__item\"><a class=\"wp-block-pages-list__item__link\" href=\"https:\/\/escoladigital.madeira.gov.pt\/eb1perddias\/ri-regulamento-interno\/\">RI &#8211; Regulamento Interno<\/a><\/li><li class=\"wp-block-pages-list__item\"><a class=\"wp-block-pages-list__item__link\" href=\"https:\/\/escoladigital.madeira.gov.pt\/eb1perddias\/sample-page\/\">Sample Page<\/a><\/li><li class=\"wp-block-pages-list__item\"><a class=\"wp-block-pages-list__item__link\" href=\"https:\/\/escoladigital.madeira.gov.pt\/eb1perddias\/semana-regional-das-artes\/\">Semana Regional das Artes<\/a><\/li><li class=\"wp-block-pages-list__item\"><a class=\"wp-block-pages-list__item__link\" href=\"https:\/\/escoladigital.madeira.gov.pt\/eb1perddias\/turmas-alunos\/\">Turmas\/Hor\u00e1rio<\/a><\/li><li class=\"wp-block-pages-list__item\"><a class=\"wp-block-pages-list__item__link\" href=\"https:\/\/escoladigital.madeira.gov.pt\/eb1perddias\/vem-conhecer-nos\/\">Vem conhecer-nos<\/a><\/li><\/ul>","protected":false},"excerpt":{"rendered":"","protected":false},"author":30,"featured_media":0,"parent":0,"menu_order":0,"comment_status":"closed","ping_status":"closed","template":"","meta":{"site-sidebar-layout":"default","site-content-layout":"","ast-site-content-layout":"default","site-content-style":"default","site-sidebar-style":"default","ast-global-header-display":"","ast-banner-title-visibility":"","ast-main-header-display":"","ast-hfb-above-header-display":"","ast-hfb-below-header-display":"","ast-hfb-mobile-header-display":"","site-post-title":"","ast-breadcrumbs-content":"","ast-featured-img":"","footer-sml-layout":"","ast-disable-related-posts":"","theme-transparent-header-meta":"","adv-header-id-meta":"","stick-header-meta":"","header-above-stick-meta":"","header-main-stick-meta":"","header-below-stick-meta":"","astra-migrate-meta-layouts":"default","ast-page-background-enabled":"default","ast-page-background-meta":{"desktop":{"background-color":"var(--ast-global-color-5)","background-image":"","background-repeat":"repeat","background-position":"center center","background-size":"auto","background-attachment":"scroll","background-type":"","background-media":"","overlay-type":"","overlay-color":"","overlay-opacity":"","overlay-gradient":""},"tablet":{"background-color":"","background-image":"","background-repeat":"repeat","background-position":"center center","background-size":"auto","background-attachment":"scroll","background-type":"","background-media":"","overlay-type":"","overlay-color":"","overlay-opacity":"","overlay-gradient":""},"mobile":{"background-color":"","background-image":"","background-repeat":"repeat","background-position":"center center","background-size":"auto","background-attachment":"scroll","background-type":"","background-media":"","overlay-type":"","overlay-color":"","overlay-opacity":"","overlay-gradient":""}},"ast-content-background-meta":{"desktop":{"background-color":"var(--ast-global-color-4)","background-image":"","background-repeat":"repeat","background-position":"center center","background-size":"auto","background-attachment":"scroll","background-type":"","background-media":"","overlay-type":"","overlay-color":"","overlay-opacity":"","overlay-gradient":""},"tablet":{"background-color":"var(--ast-global-color-4)","background-image":"","background-repeat":"repeat","background-position":"center center","background-size":"auto","background-attachment":"scroll","background-type":"","background-media":"","overlay-type":"","overlay-color":"","overlay-opacity":"","overlay-gradient":""},"mobile":{"background-color":"var(--ast-global-color-4)","background-image":"","background-repeat":"repeat","background-position":"center center","background-size":"auto","background-attachment":"scroll","background-type":"","background-media":"","overlay-type":"","overlay-color":"","overlay-opacity":"","overlay-gradient":""}},"_themeisle_gutenberg_block_has_review":false,"footnotes":""},"class_list":["post-445","page","type-page","status-publish","hentry"],"_links":{"self":[{"href":"https:\/\/escoladigital.madeira.gov.pt\/eb1perddias\/wp-json\/wp\/v2\/pages\/445","targetHints":{"allow":["GET"]}}],"collection":[{"href":"https:\/\/escoladigital.madeira.gov.pt\/eb1perddias\/wp-json\/wp\/v2\/pages"}],"about":[{"href":"https:\/\/escoladigital.madeira.gov.pt\/eb1perddias\/wp-json\/wp\/v2\/types\/page"}],"author":[{"embeddable":true,"href":"https:\/\/escoladigital.madeira.gov.pt\/eb1perddias\/wp-json\/wp\/v2\/users\/30"}],"replies":[{"embeddable":true,"href":"https:\/\/escoladigital.madeira.gov.pt\/eb1perddias\/wp-json\/wp\/v2\/comments?post=445"}],"version-history":[{"count":2,"href":"https:\/\/escoladigital.madeira.gov.pt\/eb1perddias\/wp-json\/wp\/v2\/pages\/445\/revisions"}],"predecessor-version":[{"id":588,"href":"https:\/\/escoladigital.madeira.gov.pt\/eb1perddias\/wp-json\/wp\/v2\/pages\/445\/revisions\/588"}],"wp:attachment":[{"href":"https:\/\/escoladigital.madeira.gov.pt\/eb1perddias\/wp-json\/wp\/v2\/media?parent=445"}],"curies":[{"name":"wp","href":"https:\/\/api.w.org\/{rel}","templated":true}]}}