{"id":45,"date":"2025-01-29T14:36:18","date_gmt":"2025-01-29T14:36:18","guid":{"rendered":"https:\/\/escoladigital.madeira.gov.pt\/eb1perddias\/?page_id=45"},"modified":"2025-02-17T12:34:28","modified_gmt":"2025-02-17T12:34:28","slug":"documentos-orientadores-da-escola","status":"publish","type":"page","link":"https:\/\/escoladigital.madeira.gov.pt\/eb1perddias\/documentos-orientadores-da-escola\/","title":{"rendered":"DOCUMENTOS ORIENTADORES DA ESCOLA"},"content":{"rendered":"\n<div class=\"wp-block-columns is-layout-flex wp-container-core-columns-is-layout-28f84493 wp-block-columns-is-layout-flex\">\n<div class=\"wp-block-column is-layout-flow wp-block-column-is-layout-flow\">\n<div data-wp-interactive=\"core\/file\" class=\"wp-block-file\"><object data-wp-bind--hidden=\"!state.hasPdfPreview\" hidden class=\"wp-block-file__embed\" data=\"https:\/\/escoladigital.madeira.gov.pt\/eb1perddias\/wp-content\/uploads\/sites\/21\/2025\/02\/PEE_Adenda_RDD_21.25-1.pdf\" type=\"application\/pdf\" style=\"width:100%;height:600px\" aria-label=\"Incorpora\u00e7\u00e3o de PEE_Adenda_RDD_21.25.\"><\/object><a id=\"wp-block-file--media-71eabc99-bf62-4322-ac63-dfeee28e0208\" href=\"https:\/\/escoladigital.madeira.gov.pt\/eb1perddias\/wp-content\/uploads\/sites\/21\/2025\/02\/PEE_Adenda_RDD_21.25-1.pdf\">PEE_Adenda_RDD_21.25<\/a><a href=\"https:\/\/escoladigital.madeira.gov.pt\/eb1perddias\/wp-content\/uploads\/sites\/21\/2025\/02\/PEE_Adenda_RDD_21.25-1.pdf\" class=\"wp-block-file__button wp-element-button\" download aria-describedby=\"wp-block-file--media-71eabc99-bf62-4322-ac63-dfeee28e0208\">Descarregar<\/a><\/div>\n<\/div>\n\n\n\n<div class=\"wp-block-column is-layout-flow wp-block-column-is-layout-flow\">\n<div data-wp-interactive=\"core\/file\" class=\"wp-block-file\"><object data-wp-bind--hidden=\"!state.hasPdfPreview\" hidden class=\"wp-block-file__embed\" data=\"https:\/\/escoladigital.madeira.gov.pt\/eb1perddias\/wp-content\/uploads\/sites\/21\/2025\/02\/Plano-Anual-de-Atividades-2024-2025.pdf\" type=\"application\/pdf\" style=\"width:100%;height:600px\" aria-label=\"Incorpora\u00e7\u00e3o de Plano Anual de Atividades 2024-2025.\"><\/object><a id=\"wp-block-file--media-68b25550-22d1-48c7-a193-acc46cd846cf\" href=\"https:\/\/escoladigital.madeira.gov.pt\/eb1perddias\/wp-content\/uploads\/sites\/21\/2025\/02\/Plano-Anual-de-Atividades-2024-2025.pdf\">Plano Anual de Atividades 2024-2025<\/a><a href=\"https:\/\/escoladigital.madeira.gov.pt\/eb1perddias\/wp-content\/uploads\/sites\/21\/2025\/02\/Plano-Anual-de-Atividades-2024-2025.pdf\" class=\"wp-block-file__button wp-element-button\" download aria-describedby=\"wp-block-file--media-68b25550-22d1-48c7-a193-acc46cd846cf\">Descarregar<\/a><\/div>\n<\/div>\n<\/div>\n\n\n\n<div class=\"wp-block-columns is-layout-flex wp-container-core-columns-is-layout-28f84493 wp-block-columns-is-layout-flex\">\n<div class=\"wp-block-column is-layout-flow wp-block-column-is-layout-flow\">\n<div data-wp-interactive=\"core\/file\" class=\"wp-block-file\"><object data-wp-bind--hidden=\"!state.hasPdfPreview\" hidden class=\"wp-block-file__embed\" data=\"https:\/\/escoladigital.madeira.gov.pt\/eb1perddias\/wp-content\/uploads\/sites\/21\/2025\/02\/Regulamento-Interno-EB1_Pe-Ribeiro-Domingos-Dias.pdf\" type=\"application\/pdf\" style=\"width:100%;height:600px\" aria-label=\"Incorpora\u00e7\u00e3o de Regulamento Interno EB1_Pe Ribeiro Domingos Dias.\"><\/object><a id=\"wp-block-file--media-9b39c5f8-4d09-4f07-bf3f-b52796c6698d\" href=\"https:\/\/escoladigital.madeira.gov.pt\/eb1perddias\/wp-content\/uploads\/sites\/21\/2025\/02\/Regulamento-Interno-EB1_Pe-Ribeiro-Domingos-Dias.pdf\">Regulamento Interno EB1_Pe Ribeiro Domingos Dias<\/a><a href=\"https:\/\/escoladigital.madeira.gov.pt\/eb1perddias\/wp-content\/uploads\/sites\/21\/2025\/02\/Regulamento-Interno-EB1_Pe-Ribeiro-Domingos-Dias.pdf\" class=\"wp-block-file__button wp-element-button\" download aria-describedby=\"wp-block-file--media-9b39c5f8-4d09-4f07-bf3f-b52796c6698d\">Descarregar<\/a><\/div>\n<\/div>\n\n\n\n<div class=\"wp-block-column is-layout-flow wp-block-column-is-layout-flow\">\n<div data-wp-interactive=\"core\/file\" class=\"wp-block-file\"><object data-wp-bind--hidden=\"!state.hasPdfPreview\" hidden class=\"wp-block-file__embed\" data=\"https:\/\/escoladigital.madeira.gov.pt\/eb1perddias\/wp-content\/uploads\/sites\/21\/2025\/02\/Criterios-de-avaliacao-RDD-24_25.pdf\" type=\"application\/pdf\" style=\"width:100%;height:600px\" aria-label=\"Incorpora\u00e7\u00e3o de Crit\u00e9rios de avalia\u00e7\u00e3o RDD 24_25.\"><\/object><a id=\"wp-block-file--media-7b152931-27cf-4d1e-b8cf-99995aded486\" href=\"https:\/\/escoladigital.madeira.gov.pt\/eb1perddias\/wp-content\/uploads\/sites\/21\/2025\/02\/Criterios-de-avaliacao-RDD-24_25.pdf\">Crit\u00e9rios de avalia\u00e7\u00e3o RDD 24_25<\/a><a href=\"https:\/\/escoladigital.madeira.gov.pt\/eb1perddias\/wp-content\/uploads\/sites\/21\/2025\/02\/Criterios-de-avaliacao-RDD-24_25.pdf\" class=\"wp-block-file__button wp-element-button\" download aria-describedby=\"wp-block-file--media-7b152931-27cf-4d1e-b8cf-99995aded486\">Descarregar<\/a><\/div>\n<\/div>\n<\/div>\n\n\n\n<div class=\"wp-block-columns is-layout-flex wp-container-core-columns-is-layout-28f84493 wp-block-columns-is-layout-flex\">\n<div class=\"wp-block-column is-layout-flow wp-block-column-is-layout-flow\">\n<div data-wp-interactive=\"core\/file\" class=\"wp-block-file aligncenter\"><object data-wp-bind--hidden=\"!state.hasPdfPreview\" hidden class=\"wp-block-file__embed\" data=\"https:\/\/escoladigital.madeira.gov.pt\/eb1perddias\/wp-content\/uploads\/sites\/21\/2025\/02\/Educacao-para-a-Cidadania-22_26.pdf\" type=\"application\/pdf\" style=\"width:100%;height:600px\" aria-label=\"Incorpora\u00e7\u00e3o de Educa\u00e7\u00e3o para a Cidadania 22_26.\"><\/object><a id=\"wp-block-file--media-9eef5d11-66cd-4aa6-af2f-eb80796cfd2b\" href=\"https:\/\/escoladigital.madeira.gov.pt\/eb1perddias\/wp-content\/uploads\/sites\/21\/2025\/02\/Educacao-para-a-Cidadania-22_26.pdf\">Educa\u00e7\u00e3o para a Cidadania 22_26<\/a><a href=\"https:\/\/escoladigital.madeira.gov.pt\/eb1perddias\/wp-content\/uploads\/sites\/21\/2025\/02\/Educacao-para-a-Cidadania-22_26.pdf\" class=\"wp-block-file__button wp-element-button\" download aria-describedby=\"wp-block-file--media-9eef5d11-66cd-4aa6-af2f-eb80796cfd2b\">Descarregar<\/a><\/div>\n<\/div>\n\n\n\n<div class=\"wp-block-column is-layout-flow wp-block-column-is-layout-flow\"><\/div>\n<\/div>\n","protected":false},"excerpt":{"rendered":"","protected":false},"author":30,"featured_media":0,"parent":0,"menu_order":0,"comment_status":"closed","ping_status":"closed","template":"","meta":{"site-sidebar-layout":"default","site-content-layout":"","ast-site-content-layout":"default","site-content-style":"default","site-sidebar-style":"default","ast-global-header-display":"","ast-banner-title-visibility":"","ast-main-header-display":"","ast-hfb-above-header-display":"","ast-hfb-below-header-display":"","ast-hfb-mobile-header-display":"","site-post-title":"","ast-breadcrumbs-content":"","ast-featured-img":"","footer-sml-layout":"","ast-disable-related-posts":"","theme-transparent-header-meta":"","adv-header-id-meta":"","stick-header-meta":"","header-above-stick-meta":"","header-main-stick-meta":"","header-below-stick-meta":"","astra-migrate-meta-layouts":"default","ast-page-background-enabled":"default","ast-page-background-meta":{"desktop":{"background-color":"var(--ast-global-color-5)","background-image":"","background-repeat":"repeat","background-position":"center center","background-size":"auto","background-attachment":"scroll","background-type":"","background-media":"","overlay-type":"","overlay-color":"","overlay-opacity":"","overlay-gradient":""},"tablet":{"background-color":"","background-image":"","background-repeat":"repeat","background-position":"center center","background-size":"auto","background-attachment":"scroll","background-type":"","background-media":"","overlay-type":"","overlay-color":"","overlay-opacity":"","overlay-gradient":""},"mobile":{"background-color":"","background-image":"","background-repeat":"repeat","background-position":"center center","background-size":"auto","background-attachment":"scroll","background-type":"","background-media":"","overlay-type":"","overlay-color":"","overlay-opacity":"","overlay-gradient":""}},"ast-content-background-meta":{"desktop":{"background-color":"var(--ast-global-color-4)","background-image":"","background-repeat":"repeat","background-position":"center center","background-size":"auto","background-attachment":"scroll","background-type":"","background-media":"","overlay-type":"","overlay-color":"","overlay-opacity":"","overlay-gradient":""},"tablet":{"background-color":"var(--ast-global-color-4)","background-image":"","background-repeat":"repeat","background-position":"center center","background-size":"auto","background-attachment":"scroll","background-type":"","background-media":"","overlay-type":"","overlay-color":"","overlay-opacity":"","overlay-gradient":""},"mobile":{"background-color":"var(--ast-global-color-4)","background-image":"","background-repeat":"repeat","background-position":"center center","background-size":"auto","background-attachment":"scroll","background-type":"","background-media":"","overlay-type":"","overlay-color":"","overlay-opacity":"","overlay-gradient":""}},"_themeisle_gutenberg_block_has_review":false,"footnotes":""},"class_list":["post-45","page","type-page","status-publish","hentry"],"_links":{"self":[{"href":"https:\/\/escoladigital.madeira.gov.pt\/eb1perddias\/wp-json\/wp\/v2\/pages\/45","targetHints":{"allow":["GET"]}}],"collection":[{"href":"https:\/\/escoladigital.madeira.gov.pt\/eb1perddias\/wp-json\/wp\/v2\/pages"}],"about":[{"href":"https:\/\/escoladigital.madeira.gov.pt\/eb1perddias\/wp-json\/wp\/v2\/types\/page"}],"author":[{"embeddable":true,"href":"https:\/\/escoladigital.madeira.gov.pt\/eb1perddias\/wp-json\/wp\/v2\/users\/30"}],"replies":[{"embeddable":true,"href":"https:\/\/escoladigital.madeira.gov.pt\/eb1perddias\/wp-json\/wp\/v2\/comments?post=45"}],"version-history":[{"count":23,"href":"https:\/\/escoladigital.madeira.gov.pt\/eb1perddias\/wp-json\/wp\/v2\/pages\/45\/revisions"}],"predecessor-version":[{"id":725,"href":"https:\/\/escoladigital.madeira.gov.pt\/eb1perddias\/wp-json\/wp\/v2\/pages\/45\/revisions\/725"}],"wp:attachment":[{"href":"https:\/\/escoladigital.madeira.gov.pt\/eb1perddias\/wp-json\/wp\/v2\/media?parent=45"}],"curies":[{"name":"wp","href":"https:\/\/api.w.org\/{rel}","templated":true}]}}