{"id":454,"date":"2025-02-10T19:20:07","date_gmt":"2025-02-10T19:20:07","guid":{"rendered":"https:\/\/escoladigital.madeira.gov.pt\/eb1perddias\/?page_id=454"},"modified":"2025-04-22T12:39:23","modified_gmt":"2025-04-22T12:39:23","slug":"comer-bem-crescer-melhor","status":"publish","type":"page","link":"https:\/\/escoladigital.madeira.gov.pt\/eb1perddias\/comer-bem-crescer-melhor\/","title":{"rendered":"Comer bem, crescer melhor"},"content":{"rendered":"\n<figure class=\"wp-block-embed is-provider-youtube wp-block-embed-youtube\"><div class=\"wp-block-embed__wrapper\">\nhttps:\/\/www.facebook.com\/share\/v\/15P9LzGpPE\n<\/div><\/figure>\n\n\n\n<p>No \u00e2mbito da comemora\u00e7\u00e3o do Dia Mundial da Alimenta\u00e7\u00e3o, as nossas crian\u00e7as participaram em diversas atividades onde reinou a divers\u00e3o e desta forma perceberam, a import\u00e2ncia de uma boa alimenta\u00e7\u00e3o. Saud\u00e1vel tamb\u00e9m pode ser agrad\u00e1vel!<\/p>\n\n\n\n<p class=\"has-text-align-left\"><a href=\"https:\/\/www.facebook.com\/hashtag\/alimentac%CC%A7a%CC%83osauda%CC%81vel?__eep__=6&amp;__cft__[0]=AZXdeWhTa87J_3TuNarqj4S-csWSQVYLmilg5BzLezsWrnzjfbxBdt-nxeiyrhPUgzTkOk1u89R5Rx_t2tA-OibbonuPG-MalXjKH9x4R_n24hKMFExh5gfJ7cXmMI-HyMaVE8lyrrTRtE5O5c1U2fYrhlKT8vD1pHATe6zsGgPRew&amp;__tn__=*NK-R\">#alimenta\u00e7\u00e3osaud\u00e1vel<\/a><\/p>\n","protected":false},"excerpt":{"rendered":"<p>No \u00e2mbito da comemora\u00e7\u00e3o do Dia Mundial da Alimenta\u00e7\u00e3o, as nossas crian\u00e7as participaram em diversas atividades onde reinou a divers\u00e3o e desta forma perceberam, a import\u00e2ncia de uma boa alimenta\u00e7\u00e3o. Saud\u00e1vel tamb\u00e9m pode ser agrad\u00e1vel! #alimenta\u00e7\u00e3osaud\u00e1vel<\/p>\n","protected":false},"author":30,"featured_media":0,"parent":0,"menu_order":0,"comment_status":"closed","ping_status":"closed","template":"","meta":{"site-sidebar-layout":"default","site-content-layout":"","ast-site-content-layout":"default","site-content-style":"default","site-sidebar-style":"default","ast-global-header-display":"","ast-banner-title-visibility":"","ast-main-header-display":"","ast-hfb-above-header-display":"","ast-hfb-below-header-display":"","ast-hfb-mobile-header-display":"","site-post-title":"","ast-breadcrumbs-content":"","ast-featured-img":"","footer-sml-layout":"","ast-disable-related-posts":"","theme-transparent-header-meta":"","adv-header-id-meta":"","stick-header-meta":"","header-above-stick-meta":"","header-main-stick-meta":"","header-below-stick-meta":"","astra-migrate-meta-layouts":"default","ast-page-background-enabled":"default","ast-page-background-meta":{"desktop":{"background-color":"var(--ast-global-color-5)","background-image":"","background-repeat":"repeat","background-position":"center center","background-size":"auto","background-attachment":"scroll","background-type":"","background-media":"","overlay-type":"","overlay-color":"","overlay-opacity":"","overlay-gradient":""},"tablet":{"background-color":"","background-image":"","background-repeat":"repeat","background-position":"center center","background-size":"auto","background-attachment":"scroll","background-type":"","background-media":"","overlay-type":"","overlay-color":"","overlay-opacity":"","overlay-gradient":""},"mobile":{"background-color":"","background-image":"","background-repeat":"repeat","background-position":"center center","background-size":"auto","background-attachment":"scroll","background-type":"","background-media":"","overlay-type":"","overlay-color":"","overlay-opacity":"","overlay-gradient":""}},"ast-content-background-meta":{"desktop":{"background-color":"var(--ast-global-color-4)","background-image":"","background-repeat":"repeat","background-position":"center center","background-size":"auto","background-attachment":"scroll","background-type":"","background-media":"","overlay-type":"","overlay-color":"","overlay-opacity":"","overlay-gradient":""},"tablet":{"background-color":"var(--ast-global-color-4)","background-image":"","background-repeat":"repeat","background-position":"center center","background-size":"auto","background-attachment":"scroll","background-type":"","background-media":"","overlay-type":"","overlay-color":"","overlay-opacity":"","overlay-gradient":""},"mobile":{"background-color":"var(--ast-global-color-4)","background-image":"","background-repeat":"repeat","background-position":"center center","background-size":"auto","background-attachment":"scroll","background-type":"","background-media":"","overlay-type":"","overlay-color":"","overlay-opacity":"","overlay-gradient":""}},"_themeisle_gutenberg_block_has_review":false,"footnotes":""},"class_list":["post-454","page","type-page","status-publish","hentry"],"_links":{"self":[{"href":"https:\/\/escoladigital.madeira.gov.pt\/eb1perddias\/wp-json\/wp\/v2\/pages\/454","targetHints":{"allow":["GET"]}}],"collection":[{"href":"https:\/\/escoladigital.madeira.gov.pt\/eb1perddias\/wp-json\/wp\/v2\/pages"}],"about":[{"href":"https:\/\/escoladigital.madeira.gov.pt\/eb1perddias\/wp-json\/wp\/v2\/types\/page"}],"author":[{"embeddable":true,"href":"https:\/\/escoladigital.madeira.gov.pt\/eb1perddias\/wp-json\/wp\/v2\/users\/30"}],"replies":[{"embeddable":true,"href":"https:\/\/escoladigital.madeira.gov.pt\/eb1perddias\/wp-json\/wp\/v2\/comments?post=454"}],"version-history":[{"count":2,"href":"https:\/\/escoladigital.madeira.gov.pt\/eb1perddias\/wp-json\/wp\/v2\/pages\/454\/revisions"}],"predecessor-version":[{"id":788,"href":"https:\/\/escoladigital.madeira.gov.pt\/eb1perddias\/wp-json\/wp\/v2\/pages\/454\/revisions\/788"}],"wp:attachment":[{"href":"https:\/\/escoladigital.madeira.gov.pt\/eb1perddias\/wp-json\/wp\/v2\/media?parent=454"}],"curies":[{"name":"wp","href":"https:\/\/api.w.org\/{rel}","templated":true}]}}