{"id":466,"date":"2025-02-10T19:23:08","date_gmt":"2025-02-10T19:23:08","guid":{"rendered":"https:\/\/escoladigital.madeira.gov.pt\/eb1perddias\/?page_id=466"},"modified":"2025-06-18T12:08:42","modified_gmt":"2025-06-18T12:08:42","slug":"a-teclar-vou-contar-tic-3oa","status":"publish","type":"page","link":"https:\/\/escoladigital.madeira.gov.pt\/eb1perddias\/a-teclar-vou-contar-tic-3oa\/","title":{"rendered":"A teclar vou contar &#8211; TIC\/3\u00baA"},"content":{"rendered":"\n<p>Ao longo do ano letivo, nas aulas TIC\/Curricular, a turma desenvolveu o projeto: &#8220;A teclar vou contar&#8230;&#8221;. Os alunos foram copiando a sua hist\u00f3ria, para o PowerPoint. De seguida, no Paint foram copiando imagens do Google e tranformando os desenhos.<\/p>\n\n\n\n<div class=\"wp-block-columns is-layout-flex wp-container-core-columns-is-layout-28f84493 wp-block-columns-is-layout-flex\">\n<div class=\"wp-block-column is-layout-flow wp-block-column-is-layout-flow\">\n<div data-wp-interactive=\"core\/file\" class=\"wp-block-file\"><object data-wp-bind--hidden=\"!state.hasPdfPreview\" hidden class=\"wp-block-file__embed\" data=\"https:\/\/escoladigital.madeira.gov.pt\/eb1perddias\/wp-content\/uploads\/sites\/21\/2025\/06\/A-Grande-Barrela-PROJETO-A-TECLAR-VOU-CONTAR.pdf\" type=\"application\/pdf\" style=\"width:100%;height:600px\" aria-label=\"Incorpora\u00e7\u00e3o de A Grande Barrela  PROJETO A TECLAR VOU CONTAR....\"><\/object><a id=\"wp-block-file--media-84003f3a-7607-4726-889f-95cca70cae00\" href=\"https:\/\/escoladigital.madeira.gov.pt\/eb1perddias\/wp-content\/uploads\/sites\/21\/2025\/06\/A-Grande-Barrela-PROJETO-A-TECLAR-VOU-CONTAR.pdf\">A Grande Barrela  PROJETO A TECLAR VOU CONTAR&#8230;<\/a><a href=\"https:\/\/escoladigital.madeira.gov.pt\/eb1perddias\/wp-content\/uploads\/sites\/21\/2025\/06\/A-Grande-Barrela-PROJETO-A-TECLAR-VOU-CONTAR.pdf\" class=\"wp-block-file__button wp-element-button\" download aria-describedby=\"wp-block-file--media-84003f3a-7607-4726-889f-95cca70cae00\">Descarregar<\/a><\/div>\n<\/div>\n\n\n\n<div class=\"wp-block-column is-layout-flow wp-block-column-is-layout-flow\">\n<div data-wp-interactive=\"core\/file\" class=\"wp-block-file\"><object data-wp-bind--hidden=\"!state.hasPdfPreview\" hidden class=\"wp-block-file__embed\" data=\"https:\/\/escoladigital.madeira.gov.pt\/eb1perddias\/wp-content\/uploads\/sites\/21\/2025\/06\/A-Herdade-do-Joaozito-projeto-a-teclar-vuo-contar.pdf\" type=\"application\/pdf\" style=\"width:100%;height:600px\" aria-label=\"Incorpora\u00e7\u00e3o de A Herdade do Jo\u00e3ozito  projeto a teclar vuo  contar.\"><\/object><a id=\"wp-block-file--media-1ae2b4d3-474b-4f04-8dbb-da9055ce45fc\" href=\"https:\/\/escoladigital.madeira.gov.pt\/eb1perddias\/wp-content\/uploads\/sites\/21\/2025\/06\/A-Herdade-do-Joaozito-projeto-a-teclar-vuo-contar.pdf\">A Herdade do Jo\u00e3ozito  projeto a teclar vuo  contar<\/a><a href=\"https:\/\/escoladigital.madeira.gov.pt\/eb1perddias\/wp-content\/uploads\/sites\/21\/2025\/06\/A-Herdade-do-Joaozito-projeto-a-teclar-vuo-contar.pdf\" class=\"wp-block-file__button wp-element-button\" download aria-describedby=\"wp-block-file--media-1ae2b4d3-474b-4f04-8dbb-da9055ce45fc\">Descarregar<\/a><\/div>\n<\/div>\n\n\n\n<div class=\"wp-block-column is-layout-flow wp-block-column-is-layout-flow\">\n<div data-wp-interactive=\"core\/file\" class=\"wp-block-file\"><object data-wp-bind--hidden=\"!state.hasPdfPreview\" hidden class=\"wp-block-file__embed\" data=\"https:\/\/escoladigital.madeira.gov.pt\/eb1perddias\/wp-content\/uploads\/sites\/21\/2025\/06\/Aventuras-do-Ruivinho-projeto-a-teclar-vou-contar.pdf\" type=\"application\/pdf\" style=\"width:100%;height:600px\" aria-label=\"Incorpora\u00e7\u00e3o de Aventuras do Ruivinho projeto a teclar vou contar....\"><\/object><a id=\"wp-block-file--media-4ffff113-0bb8-47bc-9a9a-58381f4ae998\" href=\"https:\/\/escoladigital.madeira.gov.pt\/eb1perddias\/wp-content\/uploads\/sites\/21\/2025\/06\/Aventuras-do-Ruivinho-projeto-a-teclar-vou-contar.pdf\">Aventuras do Ruivinho projeto a teclar vou contar&#8230;<\/a><a href=\"https:\/\/escoladigital.madeira.gov.pt\/eb1perddias\/wp-content\/uploads\/sites\/21\/2025\/06\/Aventuras-do-Ruivinho-projeto-a-teclar-vou-contar.pdf\" class=\"wp-block-file__button wp-element-button\" download aria-describedby=\"wp-block-file--media-4ffff113-0bb8-47bc-9a9a-58381f4ae998\">Descarregar<\/a><\/div>\n<\/div>\n<\/div>\n\n\n\n<div class=\"wp-block-columns is-layout-flex wp-container-core-columns-is-layout-28f84493 wp-block-columns-is-layout-flex\">\n<div class=\"wp-block-column is-layout-flow wp-block-column-is-layout-flow\">\n<div data-wp-interactive=\"core\/file\" class=\"wp-block-file\"><object data-wp-bind--hidden=\"!state.hasPdfPreview\" hidden class=\"wp-block-file__embed\" data=\"https:\/\/escoladigital.madeira.gov.pt\/eb1perddias\/wp-content\/uploads\/sites\/21\/2025\/06\/O-Barco-Dos-Quatro-Amigos-projeto-a-teclar-vou-contar.EU_.pdf\" type=\"application\/pdf\" style=\"width:100%;height:600px\" aria-label=\"Incorpora\u00e7\u00e3o de O Barco Dos Quatro Amigos projeto a teclar vou contar...EU.\"><\/object><a id=\"wp-block-file--media-05b7d30e-329d-4974-bac2-8afb6053540f\" href=\"https:\/\/escoladigital.madeira.gov.pt\/eb1perddias\/wp-content\/uploads\/sites\/21\/2025\/06\/O-Barco-Dos-Quatro-Amigos-projeto-a-teclar-vou-contar.EU_.pdf\">O Barco Dos Quatro Amigos projeto a teclar vou contar&#8230;EU<\/a><a href=\"https:\/\/escoladigital.madeira.gov.pt\/eb1perddias\/wp-content\/uploads\/sites\/21\/2025\/06\/O-Barco-Dos-Quatro-Amigos-projeto-a-teclar-vou-contar.EU_.pdf\" class=\"wp-block-file__button wp-element-button\" download aria-describedby=\"wp-block-file--media-05b7d30e-329d-4974-bac2-8afb6053540f\">Descarregar<\/a><\/div>\n<\/div>\n\n\n\n<div class=\"wp-block-column is-layout-flow wp-block-column-is-layout-flow\">\n<div data-wp-interactive=\"core\/file\" class=\"wp-block-file\"><object data-wp-bind--hidden=\"!state.hasPdfPreview\" hidden class=\"wp-block-file__embed\" data=\"https:\/\/escoladigital.madeira.gov.pt\/eb1perddias\/wp-content\/uploads\/sites\/21\/2025\/06\/O-Boneco-de-Peluche-projeto-a-teclar-vou-contar.pdf\" type=\"application\/pdf\" style=\"width:100%;height:600px\" aria-label=\"Incorpora\u00e7\u00e3o de O Boneco de Peluche projeto a teclar vou contar....\"><\/object><a id=\"wp-block-file--media-a4f70925-dbf7-49be-82f7-7fea0b5c614b\" href=\"https:\/\/escoladigital.madeira.gov.pt\/eb1perddias\/wp-content\/uploads\/sites\/21\/2025\/06\/O-Boneco-de-Peluche-projeto-a-teclar-vou-contar.pdf\">O Boneco de Peluche projeto a teclar vou contar&#8230;<\/a><a href=\"https:\/\/escoladigital.madeira.gov.pt\/eb1perddias\/wp-content\/uploads\/sites\/21\/2025\/06\/O-Boneco-de-Peluche-projeto-a-teclar-vou-contar.pdf\" class=\"wp-block-file__button wp-element-button\" download aria-describedby=\"wp-block-file--media-a4f70925-dbf7-49be-82f7-7fea0b5c614b\">Descarregar<\/a><\/div>\n<\/div>\n<\/div>\n\n\n\n<div class=\"wp-block-columns is-layout-flex wp-container-core-columns-is-layout-28f84493 wp-block-columns-is-layout-flex\">\n<div class=\"wp-block-column is-layout-flow wp-block-column-is-layout-flow\">\n<div data-wp-interactive=\"core\/file\" class=\"wp-block-file\"><object data-wp-bind--hidden=\"!state.hasPdfPreview\" hidden class=\"wp-block-file__embed\" data=\"https:\/\/escoladigital.madeira.gov.pt\/eb1perddias\/wp-content\/uploads\/sites\/21\/2025\/06\/O-Patinho-Dindo-projeto-a-teclar-vou-contar.pdf\" type=\"application\/pdf\" style=\"width:100%;height:600px\" aria-label=\"Incorpora\u00e7\u00e3o de O Patinho Dind\u00f3 projeto a teclar vou contar.\"><\/object><a id=\"wp-block-file--media-444d0dd5-3bd5-4b33-b9a6-f15db560dc38\" href=\"https:\/\/escoladigital.madeira.gov.pt\/eb1perddias\/wp-content\/uploads\/sites\/21\/2025\/06\/O-Patinho-Dindo-projeto-a-teclar-vou-contar.pdf\">O Patinho Dind\u00f3 projeto a teclar vou contar<\/a><a href=\"https:\/\/escoladigital.madeira.gov.pt\/eb1perddias\/wp-content\/uploads\/sites\/21\/2025\/06\/O-Patinho-Dindo-projeto-a-teclar-vou-contar.pdf\" class=\"wp-block-file__button wp-element-button\" download aria-describedby=\"wp-block-file--media-444d0dd5-3bd5-4b33-b9a6-f15db560dc38\">Descarregar<\/a><\/div>\n<\/div>\n\n\n\n<div class=\"wp-block-column is-layout-flow wp-block-column-is-layout-flow\">\n<div data-wp-interactive=\"core\/file\" class=\"wp-block-file\"><object data-wp-bind--hidden=\"!state.hasPdfPreview\" hidden class=\"wp-block-file__embed\" data=\"https:\/\/escoladigital.madeira.gov.pt\/eb1perddias\/wp-content\/uploads\/sites\/21\/2025\/06\/O-Ursinho-e-as-Macas-PROJETO-A-TECLAR-VOU-CONTAR.pdf\" type=\"application\/pdf\" style=\"width:100%;height:600px\" aria-label=\"Incorpora\u00e7\u00e3o de O Ursinho e as Ma\u00e7\u00e3s PROJETO A TECLAR VOU CONTAR....\"><\/object><a id=\"wp-block-file--media-a6aea6bc-64f6-4a19-8bce-14df0ed58518\" href=\"https:\/\/escoladigital.madeira.gov.pt\/eb1perddias\/wp-content\/uploads\/sites\/21\/2025\/06\/O-Ursinho-e-as-Macas-PROJETO-A-TECLAR-VOU-CONTAR.pdf\">O Ursinho e as Ma\u00e7\u00e3s PROJETO A TECLAR VOU CONTAR&#8230;<\/a><a href=\"https:\/\/escoladigital.madeira.gov.pt\/eb1perddias\/wp-content\/uploads\/sites\/21\/2025\/06\/O-Ursinho-e-as-Macas-PROJETO-A-TECLAR-VOU-CONTAR.pdf\" class=\"wp-block-file__button wp-element-button\" download aria-describedby=\"wp-block-file--media-a6aea6bc-64f6-4a19-8bce-14df0ed58518\">Descarregar<\/a><\/div>\n<\/div>\n\n\n\n<div class=\"wp-block-column is-layout-flow wp-block-column-is-layout-flow\">\n<div data-wp-interactive=\"core\/file\" class=\"wp-block-file\"><object data-wp-bind--hidden=\"!state.hasPdfPreview\" hidden class=\"wp-block-file__embed\" data=\"https:\/\/escoladigital.madeira.gov.pt\/eb1perddias\/wp-content\/uploads\/sites\/21\/2025\/06\/Projeto-A-Teclar-vou-contar.pdf\" type=\"application\/pdf\" style=\"width:100%;height:600px\" aria-label=\"Incorpora\u00e7\u00e3o de Projeto A Teclar vou contar.\"><\/object><a id=\"wp-block-file--media-0891105d-1789-4579-9983-907d56066111\" href=\"https:\/\/escoladigital.madeira.gov.pt\/eb1perddias\/wp-content\/uploads\/sites\/21\/2025\/06\/Projeto-A-Teclar-vou-contar.pdf\">Projeto A Teclar vou contar<\/a><a href=\"https:\/\/escoladigital.madeira.gov.pt\/eb1perddias\/wp-content\/uploads\/sites\/21\/2025\/06\/Projeto-A-Teclar-vou-contar.pdf\" class=\"wp-block-file__button wp-element-button\" download aria-describedby=\"wp-block-file--media-0891105d-1789-4579-9983-907d56066111\">Descarregar<\/a><\/div>\n<\/div>\n<\/div>\n","protected":false},"excerpt":{"rendered":"<p>Ao longo do ano letivo, nas aulas TIC\/Curricular, a turma desenvolveu o projeto: &#8220;A teclar vou contar&#8230;&#8221;. Os alunos foram copiando a sua hist\u00f3ria, para o PowerPoint. De seguida, no Paint foram copiando imagens do Google e tranformando os desenhos.<\/p>\n","protected":false},"author":30,"featured_media":0,"parent":0,"menu_order":0,"comment_status":"closed","ping_status":"closed","template":"","meta":{"site-sidebar-layout":"default","site-content-layout":"","ast-site-content-layout":"default","site-content-style":"default","site-sidebar-style":"default","ast-global-header-display":"","ast-banner-title-visibility":"","ast-main-header-display":"","ast-hfb-above-header-display":"","ast-hfb-below-header-display":"","ast-hfb-mobile-header-display":"","site-post-title":"","ast-breadcrumbs-content":"","ast-featured-img":"","footer-sml-layout":"","ast-disable-related-posts":"","theme-transparent-header-meta":"","adv-header-id-meta":"","stick-header-meta":"","header-above-stick-meta":"","header-main-stick-meta":"","header-below-stick-meta":"","astra-migrate-meta-layouts":"default","ast-page-background-enabled":"default","ast-page-background-meta":{"desktop":{"background-color":"var(--ast-global-color-5)","background-image":"","background-repeat":"repeat","background-position":"center center","background-size":"auto","background-attachment":"scroll","background-type":"","background-media":"","overlay-type":"","overlay-color":"","overlay-opacity":"","overlay-gradient":""},"tablet":{"background-color":"","background-image":"","background-repeat":"repeat","background-position":"center center","background-size":"auto","background-attachment":"scroll","background-type":"","background-media":"","overlay-type":"","overlay-color":"","overlay-opacity":"","overlay-gradient":""},"mobile":{"background-color":"","background-image":"","background-repeat":"repeat","background-position":"center center","background-size":"auto","background-attachment":"scroll","background-type":"","background-media":"","overlay-type":"","overlay-color":"","overlay-opacity":"","overlay-gradient":""}},"ast-content-background-meta":{"desktop":{"background-color":"var(--ast-global-color-4)","background-image":"","background-repeat":"repeat","background-position":"center center","background-size":"auto","background-attachment":"scroll","background-type":"","background-media":"","overlay-type":"","overlay-color":"","overlay-opacity":"","overlay-gradient":""},"tablet":{"background-color":"var(--ast-global-color-4)","background-image":"","background-repeat":"repeat","background-position":"center center","background-size":"auto","background-attachment":"scroll","background-type":"","background-media":"","overlay-type":"","overlay-color":"","overlay-opacity":"","overlay-gradient":""},"mobile":{"background-color":"var(--ast-global-color-4)","background-image":"","background-repeat":"repeat","background-position":"center center","background-size":"auto","background-attachment":"scroll","background-type":"","background-media":"","overlay-type":"","overlay-color":"","overlay-opacity":"","overlay-gradient":""}},"_themeisle_gutenberg_block_has_review":false,"footnotes":""},"class_list":["post-466","page","type-page","status-publish","hentry"],"_links":{"self":[{"href":"https:\/\/escoladigital.madeira.gov.pt\/eb1perddias\/wp-json\/wp\/v2\/pages\/466","targetHints":{"allow":["GET"]}}],"collection":[{"href":"https:\/\/escoladigital.madeira.gov.pt\/eb1perddias\/wp-json\/wp\/v2\/pages"}],"about":[{"href":"https:\/\/escoladigital.madeira.gov.pt\/eb1perddias\/wp-json\/wp\/v2\/types\/page"}],"author":[{"embeddable":true,"href":"https:\/\/escoladigital.madeira.gov.pt\/eb1perddias\/wp-json\/wp\/v2\/users\/30"}],"replies":[{"embeddable":true,"href":"https:\/\/escoladigital.madeira.gov.pt\/eb1perddias\/wp-json\/wp\/v2\/comments?post=466"}],"version-history":[{"count":2,"href":"https:\/\/escoladigital.madeira.gov.pt\/eb1perddias\/wp-json\/wp\/v2\/pages\/466\/revisions"}],"predecessor-version":[{"id":925,"href":"https:\/\/escoladigital.madeira.gov.pt\/eb1perddias\/wp-json\/wp\/v2\/pages\/466\/revisions\/925"}],"wp:attachment":[{"href":"https:\/\/escoladigital.madeira.gov.pt\/eb1perddias\/wp-json\/wp\/v2\/media?parent=466"}],"curies":[{"name":"wp","href":"https:\/\/api.w.org\/{rel}","templated":true}]}}