{"id":143,"date":"2025-12-03T15:23:21","date_gmt":"2025-12-03T15:23:21","guid":{"rendered":"https:\/\/escoladigital.madeira.gov.pt\/eb1pesantana\/?page_id=143"},"modified":"2026-02-02T20:45:17","modified_gmt":"2026-02-02T20:45:17","slug":"audiovisualcrechepre-e-1-o-ciclo_santana-2025-2026","status":"publish","type":"page","link":"https:\/\/escoladigital.madeira.gov.pt\/eb1pesantana\/audiovisualcrechepre-e-1-o-ciclo_santana-2025-2026\/","title":{"rendered":"AUDIOVISUAL@CRECHE,PR\u00c9 E 1.\u00ba CICLO_SANTANA"},"content":{"rendered":"\n<div style=\"text-align:center\"><div style=\"margin:8px 0px 4px\"><a href=\"https:\/\/www.calameo.com\/books\/007633128404af8603667\" target=\"_blank\">Jornal Escolar &quot;O Palhinhas Traquinas&quot; 2025-26 1 \u00ba Semestre<\/a><\/div><iframe src=\"\/\/v.calameo.com\/?bkcode=007633128404af8603667\" width=\"300\" height=\"194\" frameborder=\"0\" scrolling=\"no\" allowfullscreen style=\"margin:0 auto\"><\/iframe><div style=\"margin:4px 0px 8px\"><a href=\"http:\/\/www.calameo.com\/\">Publish at Calameo<\/a><\/div><\/div>\n\n\n\n<hr class=\"wp-block-separator has-alpha-channel-opacity\" \/>\n\n\n\n<div class=\"wp-block-columns is-layout-flex wp-container-core-columns-is-layout-28f84493 wp-block-columns-is-layout-flex\">\n<div class=\"wp-block-column is-layout-flow wp-block-column-is-layout-flow\">\n<iframe src=\"https:\/\/www.facebook.com\/plugins\/post.php?href=https%3A%2F%2Fwww.facebook.com%2Fpermalink.php%3Fstory_fbid%3Dpfbid0izdeBKqbJ6iKQQE6dMPLf6xm8vam8aepqBpPKduyfE4ajNYsUEefNZM1cfbosCETl%26id%3D100057670410940&amp;show_text=true&amp;width=560\" width=\"560\" height=\"314\" style=\"border:none;overflow:hidden\" scrolling=\"no\" frameborder=\"0\" allowfullscreen=\"true\" allow=\"autoplay; clipboard-write; encrypted-media; picture-in-picture; web-share\"><\/iframe>\n<\/div>\n\n\n\n<div class=\"wp-block-column is-layout-flow wp-block-column-is-layout-flow\">\n<iframe src=\"https:\/\/www.facebook.com\/plugins\/post.php?href=https%3A%2F%2Fwww.facebook.com%2Fpermalink.php%3Fstory_fbid%3Dpfbid027PaRpd1uUqdrJ7kyBJuBC3ESceWPeznD2DVCKUUhV8b2YKPUs57UaAQ2k28CeZz1l%26id%3D100057670410940&amp;show_text=true&amp;width=560\" width=\"560\" height=\"314\" style=\"border:none;overflow:hidden\" scrolling=\"no\" frameborder=\"0\" allowfullscreen=\"true\" allow=\"autoplay; clipboard-write; encrypted-media; picture-in-picture; web-share\"><\/iframe>\n<\/div>\n\n\n\n<div class=\"wp-block-column is-layout-flow wp-block-column-is-layout-flow\">\n<iframe src=\"https:\/\/www.facebook.com\/plugins\/video.php?height=476&amp;href=https%3A%2F%2Fwww.facebook.com%2Freel%2F2316545345425580%2F&amp;show_text=false&amp;width=476&amp;t=0\" width=\"560\" height=\"314\" style=\"border:none;overflow:hidden\" scrolling=\"no\" frameborder=\"0\" allowfullscreen=\"true\" allow=\"autoplay; clipboard-write; encrypted-media; picture-in-picture; web-share\" allowFullScreen=\"true\"><\/iframe>\n<\/div>\n<\/div>\n\n\n\n<div class=\"wp-block-columns is-layout-flex wp-container-core-columns-is-layout-28f84493 wp-block-columns-is-layout-flex\">\n<div class=\"wp-block-column is-layout-flow wp-block-column-is-layout-flow\">\n<iframe src=\"https:\/\/www.facebook.com\/plugins\/video.php?height=314&amp;href=https%3A%2F%2Fwww.facebook.com%2Freel%2F2066308124173121%2F&amp;show_text=false&amp;width=267&amp;t=0\" width=\"560\" height=\"314\" style=\"border:none;overflow:hidden\" scrolling=\"no\" frameborder=\"0\" allowfullscreen=\"true\" allow=\"autoplay; clipboard-write; encrypted-media; picture-in-picture; web-share\" allowFullScreen=\"true\"><\/iframe>\n<\/div>\n\n\n\n<div class=\"wp-block-column is-layout-flow wp-block-column-is-layout-flow\">\n<iframe src=\"https:\/\/www.facebook.com\/plugins\/video.php?height=476&amp;href=https%3A%2F%2Fwww.facebook.com%2Freel%2F862788632905515%2F&amp;show_text=false&amp;width=334&amp;t=0\" width=\"560\" height=\"314\" style=\"border:none;overflow:hidden\" scrolling=\"no\" frameborder=\"0\" allowfullscreen=\"true\" allow=\"autoplay; clipboard-write; encrypted-media; picture-in-picture; web-share\" allowFullScreen=\"true\"><\/iframe>\n<\/div>\n\n\n\n<div class=\"wp-block-column is-layout-flow wp-block-column-is-layout-flow\">\n<iframe src=\"https:\/\/www.facebook.com\/plugins\/video.php?height=314&amp;href=https%3A%2F%2Fwww.facebook.com%2Freel%2F1365408981800037%2F&amp;show_text=false&amp;width=267&amp;t=0\" width=\"560\" height=\"314\" style=\"border:none;overflow:hidden\" scrolling=\"no\" frameborder=\"0\" allowfullscreen=\"true\" allow=\"autoplay; clipboard-write; encrypted-media; picture-in-picture; web-share\" allowFullScreen=\"true\"><\/iframe>\n<\/div>\n<\/div>\n\n\n\n<div class=\"wp-block-columns is-layout-flex wp-container-core-columns-is-layout-28f84493 wp-block-columns-is-layout-flex\">\n<div class=\"wp-block-column is-layout-flow wp-block-column-is-layout-flow\">\n<iframe src=\"https:\/\/www.facebook.com\/plugins\/video.php?height=314&amp;href=https%3A%2F%2Fwww.facebook.com%2Freel%2F1117384993592830%2F&amp;show_text=false&amp;width=560&amp;t=0\" width=\"560\" height=\"314\" style=\"border:none;overflow:hidden\" scrolling=\"no\" frameborder=\"0\" allowfullscreen=\"true\" allow=\"autoplay; clipboard-write; encrypted-media; picture-in-picture; web-share\" allowFullScreen=\"true\"><\/iframe>\n<\/div>\n\n\n\n<div class=\"wp-block-column is-layout-flow wp-block-column-is-layout-flow\">\n<iframe src=\"https:\/\/www.facebook.com\/plugins\/video.php?height=314&amp;href=https%3A%2F%2Fwww.facebook.com%2Freel%2F2691356177908123%2F&amp;show_text=false&amp;width=560&amp;t=0\" width=\"560\" height=\"314\" style=\"border:none;overflow:hidden\" scrolling=\"no\" frameborder=\"0\" allowfullscreen=\"true\" allow=\"autoplay; clipboard-write; encrypted-media; picture-in-picture; web-share\" allowFullScreen=\"true\"><\/iframe>\n<\/div>\n\n\n\n<div class=\"wp-block-column is-layout-flow wp-block-column-is-layout-flow\">\n<iframe src=\"https:\/\/www.facebook.com\/plugins\/video.php?height=314&amp;href=https%3A%2F%2Fwww.facebook.com%2Freel%2F1487791002329480%2F&amp;show_text=false&amp;width=560&amp;t=0\" width=\"560\" height=\"314\" style=\"border:none;overflow:hidden\" scrolling=\"no\" frameborder=\"0\" allowfullscreen=\"true\" allow=\"autoplay; clipboard-write; encrypted-media; picture-in-picture; web-share\" allowFullScreen=\"true\"><\/iframe>\n<\/div>\n<\/div>\n\n\n\n<div class=\"wp-block-columns is-layout-flex wp-container-core-columns-is-layout-28f84493 wp-block-columns-is-layout-flex\">\n<div class=\"wp-block-column is-layout-flow wp-block-column-is-layout-flow\">\n<figure class=\"wp-block-embed is-type-video is-provider-youtube wp-block-embed-youtube wp-embed-aspect-16-9 wp-has-aspect-ratio\"><div class=\"wp-block-embed__wrapper\">\n<iframe title=\"Edif\u00edcio do Caminho Ch\u00e3o: 43.\u00ba Anivers\u00e1rio da Escola\" width=\"500\" height=\"281\" src=\"https:\/\/www.youtube.com\/embed\/hshXBwa_lq0?feature=oembed\" frameborder=\"0\" allow=\"accelerometer; autoplay; clipboard-write; encrypted-media; gyroscope; picture-in-picture; web-share\" referrerpolicy=\"strict-origin-when-cross-origin\" allowfullscreen><\/iframe>\n<\/div><\/figure>\n<\/div>\n\n\n\n<div class=\"wp-block-column is-layout-flow wp-block-column-is-layout-flow\">\n<figure class=\"wp-block-embed is-type-video is-provider-youtube wp-block-embed-youtube wp-embed-aspect-16-9 wp-has-aspect-ratio\"><div class=\"wp-block-embed__wrapper\">\n<iframe title=\"Edif\u00edcio do Serrado - 1.\u00ba Ciclo de Santana: P\u00e3o-por-Deus 2025\" width=\"500\" height=\"281\" src=\"https:\/\/www.youtube.com\/embed\/n0HsBg71Lns?feature=oembed\" frameborder=\"0\" allow=\"accelerometer; autoplay; clipboard-write; encrypted-media; gyroscope; picture-in-picture; web-share\" referrerpolicy=\"strict-origin-when-cross-origin\" allowfullscreen><\/iframe>\n<\/div><\/figure>\n<\/div>\n\n\n\n<div class=\"wp-block-column is-layout-flow wp-block-column-is-layout-flow\">\n<figure class=\"wp-block-embed is-type-video is-provider-youtube wp-block-embed-youtube wp-embed-aspect-16-9 wp-has-aspect-ratio\"><div class=\"wp-block-embed__wrapper\">\n<iframe title=\"&quot;Posso espreitar a tua fralda?&quot; de Guido Van Genechten\" width=\"500\" height=\"281\" src=\"https:\/\/www.youtube.com\/embed\/CiPvnxASHGo?feature=oembed\" frameborder=\"0\" allow=\"accelerometer; autoplay; clipboard-write; encrypted-media; gyroscope; picture-in-picture; web-share\" referrerpolicy=\"strict-origin-when-cross-origin\" allowfullscreen><\/iframe>\n<\/div><\/figure>\n<\/div>\n<\/div>\n\n\n\n<div class=\"wp-block-columns is-layout-flex wp-container-core-columns-is-layout-28f84493 wp-block-columns-is-layout-flex\">\n<div class=\"wp-block-column is-layout-flow wp-block-column-is-layout-flow\">\n<figure class=\"wp-block-embed is-type-video is-provider-youtube wp-block-embed-youtube wp-embed-aspect-16-9 wp-has-aspect-ratio\"><div class=\"wp-block-embed__wrapper\">\n<iframe title=\"Edif\u00edcio do Caminho Ch\u00e3o: Dia da Alimenta\u00e7\u00e3o 2025 Dramatiza\u00e7\u00e3o\" width=\"500\" height=\"281\" src=\"https:\/\/www.youtube.com\/embed\/OE34VWIRC3M?feature=oembed\" frameborder=\"0\" allow=\"accelerometer; autoplay; clipboard-write; encrypted-media; gyroscope; picture-in-picture; web-share\" referrerpolicy=\"strict-origin-when-cross-origin\" allowfullscreen><\/iframe>\n<\/div><\/figure>\n<\/div>\n\n\n\n<div class=\"wp-block-column is-layout-flow wp-block-column-is-layout-flow\">\n<iframe src=\"https:\/\/www.facebook.com\/plugins\/video.php?height=314&amp;href=https%3A%2F%2Fwww.facebook.com%2Freel%2F4218393878488482%2F&amp;show_text=false&amp;width=560&amp;t=0\" width=\"560\" height=\"314\" style=\"border:none;overflow:hidden\" scrolling=\"no\" frameborder=\"0\" allowfullscreen=\"true\" allow=\"autoplay; clipboard-write; encrypted-media; picture-in-picture; web-share\" allowFullScreen=\"true\"><\/iframe>\n<\/div>\n\n\n\n<div class=\"wp-block-column is-layout-flow wp-block-column-is-layout-flow\">\n<figure class=\"wp-block-embed is-type-video is-provider-youtube wp-block-embed-youtube wp-embed-aspect-16-9 wp-has-aspect-ratio\"><div class=\"wp-block-embed__wrapper\">\n<iframe title=\"Edif\u00edcio do Caminho Ch\u00e3o: Dia da Alimenta\u00e7\u00e3o 2025\" width=\"500\" height=\"281\" src=\"https:\/\/www.youtube.com\/embed\/1w2SJy3mrmg?feature=oembed\" frameborder=\"0\" allow=\"accelerometer; autoplay; clipboard-write; encrypted-media; gyroscope; picture-in-picture; web-share\" referrerpolicy=\"strict-origin-when-cross-origin\" allowfullscreen><\/iframe>\n<\/div><\/figure>\n<\/div>\n<\/div>\n\n\n\n<hr class=\"wp-block-separator has-alpha-channel-opacity\" \/>\n\n\n<div class=\"is-style-boxed wp-block-themeisle-blocks-posts-grid\" id=\"wp-block-themeisle-blocks-posts-grid-9cfc624b\"><div class=\"is-grid o-posts-grid-columns-3\"><div class=\"o-posts-grid-post-blog o-posts-grid-post-plain\"><div class=\"o-posts-grid-post\"><div class=\"o-posts-grid-post-body is-full\"><span class=\"o-posts-grid-post-category\"><a href=\"https:\/\/escoladigital.madeira.gov.pt\/eb1pesantana\/category\/eventos\/\">eventos<\/a><\/span><h4 class=\"o-posts-grid-post-title\"><a href=\"https:\/\/escoladigital.madeira.gov.pt\/eb1pesantana\/2026\/03\/27\/dia-da-ciencia-2026\/\">Dia da Ci\u00eancia 2026<\/a><\/h4><p class=\"o-posts-grid-post-meta\">  <time datetime=\"2026-03-27T19:13:29+00:00\">27 de Mar\u00e7o, 2026<\/time> by <a href=\"https:\/\/escoladigital.madeira.gov.pt\/eb1pesantana\/author\/eb1pesantana\/\">eb1pesantana<\/a><\/p><div class=\"o-posts-grid-post-description\"><p>No dia 24 de mar\u00e7o de 2026, os alunos do 1.\u00ba ciclo de Santana participaram em atividades relativas a\u2026<\/p><\/div><\/div><\/div><\/div><div class=\"o-posts-grid-post-blog o-posts-grid-post-plain\"><div class=\"o-posts-grid-post\"><div class=\"o-posts-grid-post-image\"><a href=\"https:\/\/escoladigital.madeira.gov.pt\/eb1pesantana\/2026\/01\/19\/acao-de-sensibilizacao-perturbacao-do-espetro-do-autismo\/\"><img fetchpriority=\"high\" decoding=\"async\" width=\"1280\" height=\"675\" src=\"https:\/\/escoladigital.madeira.gov.pt\/eb1pesantana\/wp-content\/uploads\/sites\/56\/2026\/01\/acao-de-sensibilizacao-e1771344403698.jpeg\" class=\"attachment-full size-full\" alt=\"A\u00e7\u00e3o de Sensibiliza\u00e7\u00e3o &#8220;Perturba\u00e7\u00e3o do Espetro do Autismo&#8221;\" srcset=\"https:\/\/escoladigital.madeira.gov.pt\/eb1pesantana\/wp-content\/uploads\/sites\/56\/2026\/01\/acao-de-sensibilizacao-e1771344403698.jpeg 1280w, https:\/\/escoladigital.madeira.gov.pt\/eb1pesantana\/wp-content\/uploads\/sites\/56\/2026\/01\/acao-de-sensibilizacao-e1771344403698-300x158.jpeg 300w, https:\/\/escoladigital.madeira.gov.pt\/eb1pesantana\/wp-content\/uploads\/sites\/56\/2026\/01\/acao-de-sensibilizacao-e1771344403698-1024x540.jpeg 1024w, https:\/\/escoladigital.madeira.gov.pt\/eb1pesantana\/wp-content\/uploads\/sites\/56\/2026\/01\/acao-de-sensibilizacao-e1771344403698-768x405.jpeg 768w\" sizes=\"(max-width: 1280px) 100vw, 1280px\" \/><\/a><\/div><div class=\"o-posts-grid-post-body\"><span class=\"o-posts-grid-post-category\"><a href=\"https:\/\/escoladigital.madeira.gov.pt\/eb1pesantana\/category\/eventos\/\">eventos<\/a><\/span><h4 class=\"o-posts-grid-post-title\"><a href=\"https:\/\/escoladigital.madeira.gov.pt\/eb1pesantana\/2026\/01\/19\/acao-de-sensibilizacao-perturbacao-do-espetro-do-autismo\/\">A\u00e7\u00e3o de Sensibiliza\u00e7\u00e3o &#8220;Perturba\u00e7\u00e3o do Espetro do Autismo&#8221;<\/a><\/h4><p class=\"o-posts-grid-post-meta\">  <time datetime=\"2026-01-19T21:43:24+00:00\">19 de Janeiro, 2026<\/time> by <a href=\"https:\/\/escoladigital.madeira.gov.pt\/eb1pesantana\/author\/eb1pesantana\/\">eb1pesantana<\/a><\/p><div class=\"o-posts-grid-post-description\"><p>Convidamos toda a nossa comunidade educativa a participar nesta a\u00e7\u00e3o de sensibiliza\u00e7\u00e3o para um tema \u2026<\/p><\/div><\/div><\/div><\/div><div class=\"o-posts-grid-post-blog o-posts-grid-post-plain\"><div class=\"o-posts-grid-post\"><div class=\"o-posts-grid-post-image\"><a href=\"https:\/\/escoladigital.madeira.gov.pt\/eb1pesantana\/2026\/01\/05\/cantar-dos-reis-2025-ed-caminho-chao-convite\/\"><img decoding=\"async\" width=\"1080\" height=\"675\" src=\"https:\/\/escoladigital.madeira.gov.pt\/eb1pesantana\/wp-content\/uploads\/sites\/56\/2026\/01\/reis-CC-e1771344270747.jpg\" class=\"attachment-full size-full\" alt=\"Cantar dos Reis 2025 (Ed. Caminho Ch\u00e3o): Convite\" srcset=\"https:\/\/escoladigital.madeira.gov.pt\/eb1pesantana\/wp-content\/uploads\/sites\/56\/2026\/01\/reis-CC-e1771344270747.jpg 1080w, https:\/\/escoladigital.madeira.gov.pt\/eb1pesantana\/wp-content\/uploads\/sites\/56\/2026\/01\/reis-CC-e1771344270747-300x188.jpg 300w, https:\/\/escoladigital.madeira.gov.pt\/eb1pesantana\/wp-content\/uploads\/sites\/56\/2026\/01\/reis-CC-e1771344270747-1024x640.jpg 1024w, https:\/\/escoladigital.madeira.gov.pt\/eb1pesantana\/wp-content\/uploads\/sites\/56\/2026\/01\/reis-CC-e1771344270747-768x480.jpg 768w\" sizes=\"(max-width: 1080px) 100vw, 1080px\" \/><\/a><\/div><div class=\"o-posts-grid-post-body\"><span class=\"o-posts-grid-post-category\"><a href=\"https:\/\/escoladigital.madeira.gov.pt\/eb1pesantana\/category\/eventos\/\">eventos<\/a><\/span><h4 class=\"o-posts-grid-post-title\"><a href=\"https:\/\/escoladigital.madeira.gov.pt\/eb1pesantana\/2026\/01\/05\/cantar-dos-reis-2025-ed-caminho-chao-convite\/\">Cantar dos Reis 2025 (Ed. Caminho Ch\u00e3o): Convite<\/a><\/h4><p class=\"o-posts-grid-post-meta\">  <time datetime=\"2026-01-05T21:56:00+00:00\">5 de Janeiro, 2026<\/time> by <a href=\"https:\/\/escoladigital.madeira.gov.pt\/eb1pesantana\/author\/eb1pesantana\/\">eb1pesantana<\/a><\/p><div class=\"o-posts-grid-post-description\"><p>Amanh\u00e3, ter\u00e7a-feira, 6 de janeiro de 2026, as crian\u00e7as e alunos do Edif\u00edcio do Caminho Ch\u00e3o ir\u00e3o dar\u2026<\/p><\/div><\/div><\/div><\/div><div class=\"o-posts-grid-post-blog o-posts-grid-post-plain\"><div class=\"o-posts-grid-post\"><div class=\"o-posts-grid-post-image\"><a href=\"https:\/\/escoladigital.madeira.gov.pt\/eb1pesantana\/2026\/01\/02\/dia-de-reis-2026-convite\/\"><img decoding=\"async\" width=\"1080\" height=\"675\" src=\"https:\/\/escoladigital.madeira.gov.pt\/eb1pesantana\/wp-content\/uploads\/sites\/56\/2026\/01\/Dia-de-reis-e1771344213186.jpg\" class=\"attachment-full size-full\" alt=\"Dia de Reis 2026 ( Ed. do Serrado): Convite\" srcset=\"https:\/\/escoladigital.madeira.gov.pt\/eb1pesantana\/wp-content\/uploads\/sites\/56\/2026\/01\/Dia-de-reis-e1771344213186.jpg 1080w, https:\/\/escoladigital.madeira.gov.pt\/eb1pesantana\/wp-content\/uploads\/sites\/56\/2026\/01\/Dia-de-reis-e1771344213186-300x188.jpg 300w, https:\/\/escoladigital.madeira.gov.pt\/eb1pesantana\/wp-content\/uploads\/sites\/56\/2026\/01\/Dia-de-reis-e1771344213186-1024x640.jpg 1024w, https:\/\/escoladigital.madeira.gov.pt\/eb1pesantana\/wp-content\/uploads\/sites\/56\/2026\/01\/Dia-de-reis-e1771344213186-768x480.jpg 768w\" sizes=\"(max-width: 1080px) 100vw, 1080px\" \/><\/a><\/div><div class=\"o-posts-grid-post-body\"><span class=\"o-posts-grid-post-category\"><a href=\"https:\/\/escoladigital.madeira.gov.pt\/eb1pesantana\/category\/eventos\/\">eventos<\/a><\/span><h4 class=\"o-posts-grid-post-title\"><a href=\"https:\/\/escoladigital.madeira.gov.pt\/eb1pesantana\/2026\/01\/02\/dia-de-reis-2026-convite\/\">Dia de Reis 2026 ( Ed. do Serrado): Convite<\/a><\/h4><p class=\"o-posts-grid-post-meta\">  <time datetime=\"2026-01-02T23:15:47+00:00\">2 de Janeiro, 2026<\/time> by <a href=\"https:\/\/escoladigital.madeira.gov.pt\/eb1pesantana\/author\/eb1pesantana\/\">eb1pesantana<\/a><\/p><div class=\"o-posts-grid-post-description\"><p>Na pr\u00f3xima segunda-feira, 5 de janeiro de 2026, \u00e9 o regresso \u00e0s atividades letivas e, coincidentemen\u2026<\/p><\/div><\/div><\/div><\/div><div class=\"o-posts-grid-post-blog o-posts-grid-post-plain\"><div class=\"o-posts-grid-post\"><div class=\"o-posts-grid-post-image\"><a href=\"https:\/\/escoladigital.madeira.gov.pt\/eb1pesantana\/2025\/12\/17\/missa-do-parto-2025-serrado\/\"><img loading=\"lazy\" decoding=\"async\" width=\"1405\" height=\"1052\" src=\"https:\/\/escoladigital.madeira.gov.pt\/eb1pesantana\/wp-content\/uploads\/sites\/56\/2025\/12\/missa-do-parto-e1766002658760.jpeg\" class=\"attachment-full size-full\" alt=\"Missa do Parto 2025 &#8211; Serrado\" srcset=\"https:\/\/escoladigital.madeira.gov.pt\/eb1pesantana\/wp-content\/uploads\/sites\/56\/2025\/12\/missa-do-parto-e1766002658760.jpeg 1405w, https:\/\/escoladigital.madeira.gov.pt\/eb1pesantana\/wp-content\/uploads\/sites\/56\/2025\/12\/missa-do-parto-e1766002658760-300x225.jpeg 300w, https:\/\/escoladigital.madeira.gov.pt\/eb1pesantana\/wp-content\/uploads\/sites\/56\/2025\/12\/missa-do-parto-e1766002658760-1024x767.jpeg 1024w, https:\/\/escoladigital.madeira.gov.pt\/eb1pesantana\/wp-content\/uploads\/sites\/56\/2025\/12\/missa-do-parto-e1766002658760-768x575.jpeg 768w\" sizes=\"(max-width: 1405px) 100vw, 1405px\" \/><\/a><\/div><div class=\"o-posts-grid-post-body\"><span class=\"o-posts-grid-post-category\"><a href=\"https:\/\/escoladigital.madeira.gov.pt\/eb1pesantana\/category\/eventos\/\">eventos<\/a><\/span><h4 class=\"o-posts-grid-post-title\"><a href=\"https:\/\/escoladigital.madeira.gov.pt\/eb1pesantana\/2025\/12\/17\/missa-do-parto-2025-serrado\/\">Missa do Parto 2025 &#8211; Serrado<\/a><\/h4><p class=\"o-posts-grid-post-meta\">  <time datetime=\"2025-12-17T11:41:50+00:00\">17 de Dezembro, 2025<\/time> by <a href=\"https:\/\/escoladigital.madeira.gov.pt\/eb1pesantana\/author\/eb1pesantana\/\">eb1pesantana<\/a><\/p><div class=\"o-posts-grid-post-description\"><p>No dia 17 de dezembro de 2025, os alunos das duas turmas de 4\u00b0 ano participaram na Missa do Parto, e\u2026<\/p><\/div><\/div><\/div><\/div><\/div> <\/div>\n\n\n<div class=\"wp-block-columns is-layout-flex wp-container-core-columns-is-layout-28f84493 wp-block-columns-is-layout-flex\">\n<div class=\"wp-block-column is-layout-flow wp-block-column-is-layout-flow\">\n<hr class=\"wp-block-separator has-alpha-channel-opacity\" \/>\n<\/div>\n<\/div>\n","protected":false},"excerpt":{"rendered":"<p>Jornal Escolar &quot;O Palhinhas Traquinas&quot; 2025-26 1 \u00ba Semestre Publish at Calameo<\/p>\n","protected":false},"author":72,"featured_media":0,"parent":0,"menu_order":0,"comment_status":"closed","ping_status":"closed","template":"","meta":{"site-sidebar-layout":"no-sidebar","site-content-layout":"","ast-site-content-layout":"default","site-content-style":"default","site-sidebar-style":"default","ast-global-header-display":"","ast-banner-title-visibility":"","ast-main-header-display":"","ast-hfb-above-header-display":"","ast-hfb-below-header-display":"","ast-hfb-mobile-header-display":"","site-post-title":"","ast-breadcrumbs-content":"","ast-featured-img":"","footer-sml-layout":"","ast-disable-related-posts":"","theme-transparent-header-meta":"","adv-header-id-meta":"","stick-header-meta":"","header-above-stick-meta":"","header-main-stick-meta":"","header-below-stick-meta":"","astra-migrate-meta-layouts":"default","ast-page-background-enabled":"default","ast-page-background-meta":{"desktop":{"background-color":"var(--ast-global-color-5)","background-image":"","background-repeat":"repeat","background-position":"center center","background-size":"auto","background-attachment":"scroll","background-type":"","background-media":"","overlay-type":"","overlay-color":"","overlay-opacity":"","overlay-gradient":""},"tablet":{"background-color":"","background-image":"","background-repeat":"repeat","background-position":"center center","background-size":"auto","background-attachment":"scroll","background-type":"","background-media":"","overlay-type":"","overlay-color":"","overlay-opacity":"","overlay-gradient":""},"mobile":{"background-color":"","background-image":"","background-repeat":"repeat","background-position":"center center","background-size":"auto","background-attachment":"scroll","background-type":"","background-media":"","overlay-type":"","overlay-color":"","overlay-opacity":"","overlay-gradient":""}},"ast-content-background-meta":{"desktop":{"background-color":"var(--ast-global-color-4)","background-image":"","background-repeat":"repeat","background-position":"center center","background-size":"auto","background-attachment":"scroll","background-type":"","background-media":"","overlay-type":"","overlay-color":"","overlay-opacity":"","overlay-gradient":""},"tablet":{"background-color":"var(--ast-global-color-4)","background-image":"","background-repeat":"repeat","background-position":"center center","background-size":"auto","background-attachment":"scroll","background-type":"","background-media":"","overlay-type":"","overlay-color":"","overlay-opacity":"","overlay-gradient":""},"mobile":{"background-color":"var(--ast-global-color-4)","background-image":"","background-repeat":"repeat","background-position":"center center","background-size":"auto","background-attachment":"scroll","background-type":"","background-media":"","overlay-type":"","overlay-color":"","overlay-opacity":"","overlay-gradient":""}},"_themeisle_gutenberg_block_has_review":false,"footnotes":""},"class_list":["post-143","page","type-page","status-publish","hentry"],"_links":{"self":[{"href":"https:\/\/escoladigital.madeira.gov.pt\/eb1pesantana\/wp-json\/wp\/v2\/pages\/143","targetHints":{"allow":["GET"]}}],"collection":[{"href":"https:\/\/escoladigital.madeira.gov.pt\/eb1pesantana\/wp-json\/wp\/v2\/pages"}],"about":[{"href":"https:\/\/escoladigital.madeira.gov.pt\/eb1pesantana\/wp-json\/wp\/v2\/types\/page"}],"author":[{"embeddable":true,"href":"https:\/\/escoladigital.madeira.gov.pt\/eb1pesantana\/wp-json\/wp\/v2\/users\/72"}],"replies":[{"embeddable":true,"href":"https:\/\/escoladigital.madeira.gov.pt\/eb1pesantana\/wp-json\/wp\/v2\/comments?post=143"}],"version-history":[{"count":18,"href":"https:\/\/escoladigital.madeira.gov.pt\/eb1pesantana\/wp-json\/wp\/v2\/pages\/143\/revisions"}],"predecessor-version":[{"id":566,"href":"https:\/\/escoladigital.madeira.gov.pt\/eb1pesantana\/wp-json\/wp\/v2\/pages\/143\/revisions\/566"}],"wp:attachment":[{"href":"https:\/\/escoladigital.madeira.gov.pt\/eb1pesantana\/wp-json\/wp\/v2\/media?parent=143"}],"curies":[{"name":"wp","href":"https:\/\/api.w.org\/{rel}","templated":true}]}}