{"id":16,"date":"2025-11-26T11:32:41","date_gmt":"2025-11-26T11:32:41","guid":{"rendered":"https:\/\/escoladigital.madeira.gov.pt\/eb1pesantana\/?page_id=16"},"modified":"2026-03-21T16:26:01","modified_gmt":"2026-03-21T16:26:01","slug":"escola","status":"publish","type":"page","link":"https:\/\/escoladigital.madeira.gov.pt\/eb1pesantana\/escola\/","title":{"rendered":"Documentos de Escola"},"content":{"rendered":"\n<div class=\"wp-block-group is-layout-constrained wp-container-core-group-is-layout-650790e1 wp-block-group-is-layout-constrained\">\n<h1 class=\"wp-block-heading has-text-align-center has-x-large-font-size\">Documentos Oficiais<\/h1>\n\n\n\n<div style=\"height:1.25rem\" aria-hidden=\"true\" class=\"wp-block-spacer\"><\/div>\n\n\n\n<p class=\"has-text-align-center\">Pode aqui consultar todos os documentos da Escola, bem como informa\u00e7\u00f5es pertinentes sobre o funcionamento da Creche, Pr\u00e9-Escolar e 1.\u00ba Ciclo de Santana<\/p>\n\n\n\n<figure class=\"wp-block-image aligncenter size-full is-resized\"><img fetchpriority=\"high\" decoding=\"async\" width=\"558\" height=\"387\" src=\"https:\/\/escoladigital.madeira.gov.pt\/eb1pesantana\/wp-content\/uploads\/sites\/56\/2025\/11\/logo-sem-fundo.png\" alt=\"\" class=\"wp-image-22\" style=\"width:138px;height:auto\" srcset=\"https:\/\/escoladigital.madeira.gov.pt\/eb1pesantana\/wp-content\/uploads\/sites\/56\/2025\/11\/logo-sem-fundo.png 558w, https:\/\/escoladigital.madeira.gov.pt\/eb1pesantana\/wp-content\/uploads\/sites\/56\/2025\/11\/logo-sem-fundo-300x208.png 300w\" sizes=\"(max-width: 558px) 100vw, 558px\" \/><\/figure>\n<\/div>\n\n\n\n<hr class=\"wp-block-separator has-alpha-channel-opacity\" \/>\n\n\n\n<div class=\"wp-block-buttons alignfull is-content-justification-center is-layout-flex wp-container-core-buttons-is-layout-a89b3969 wp-block-buttons-is-layout-flex\">\n<div class=\"wp-block-button is-style-outline is-style-outline--1\"><a class=\"wp-block-button__link wp-element-button\" href=\"https:\/\/www.ebs-santana.pt\/admin\/docs\/Regulamento_Interno_2025-2026_Aprovado_no_CCE_13-11-2025_529.pdf\">Regulamento interno<\/a><\/div>\n\n\n\n<div class=\"wp-block-button is-style-outline is-style-outline--2\"><a class=\"wp-block-button__link wp-element-button\" href=\"https:\/\/escoladigital.madeira.gov.pt\/eb1pesantana\/eb1pesantana\/shared-files\/213\/?Proposta_PEE2024-2028_aprovado-no-CCE-16-12-2024-1.pdf\">Projeto Educativo de Escola 2024-2028<\/a><\/div>\n\n\n\n<div class=\"wp-block-button is-style-outline is-style-outline--3\"><a class=\"wp-block-button__link wp-element-button\" href=\"https:\/\/escoladigital.madeira.gov.pt\/eb1pesantana\/eb1pesantana\/shared-files\/201\/?Proposta_Operacionalizacao-Estrategica-PEE2024-2028_aprovado-no-CCE-16-12-2024.pdf\">Operacionaliza\u00e7\u00e3o Estrat\u00e9gica PEE[2024-2028]<\/a><\/div>\n\n\n\n<div class=\"wp-block-button is-style-outline is-style-outline--4\"><a class=\"wp-block-button__link has-text-align-center wp-element-button\" href=\"https:\/\/www.ebs-santana.pt\/admin\/docs\/PAE_2025-2026_677.pdf\">Plano Anual de Escola<\/a><\/div>\n\n\n\n<div class=\"wp-block-button is-style-outline is-style-outline--5\"><a class=\"wp-block-button__link has-text-align-center wp-element-button\" href=\"https:\/\/escoladigital.madeira.gov.pt\/eb1pesantana\/eb1pesantana\/shared-files\/205\/?Atividades-PAE-25-26_Serrado.pdf\">Atividades PAE Serrado<\/a><\/div>\n\n\n\n<div class=\"wp-block-button is-style-outline is-style-outline--6\"><a class=\"wp-block-button__link has-text-align-center wp-element-button\" href=\"https:\/\/escoladigital.madeira.gov.pt\/eb1pesantana\/eb1pesantana\/shared-files\/204\/?Atividades-PAE-25-26_CC.pdf\">Atividades PAE Caminho Ch\u00e3o<\/a><\/div>\n\n\n\n<div class=\"wp-block-button is-style-outline is-style-outline--7\"><a class=\"wp-block-button__link has-text-align-center wp-element-button\" href=\"https:\/\/escoladigital.madeira.gov.pt\/eb1pesantana\/eb1pesantana\/shared-files\/203\/?Atividades-PAE-25-26-Colminho-1.pdf\">Atividades PAE Colminho<\/a><\/div>\n\n\n\n<div class=\"wp-block-button is-style-outline is-style-outline--8\"><a class=\"wp-block-button__link wp-element-button\" href=\"https:\/\/www.ebs-santana.pt\/admin\/docs\/PMCA_2025_2026_aprovado_em_30-10-2025_148.pdf\">Princ\u00edpios, Modalidades e Crit\u00e9rios de Avalia\u00e7\u00e3o 2025-2026<\/a><\/div>\n\n\n\n<div class=\"wp-block-button is-style-outline is-style-outline--9\"><a class=\"wp-block-button__link has-text-align-center wp-element-button\" href=\"https:\/\/escoladigital.madeira.gov.pt\/eb1pesantana\/eb1pesantana\/shared-files\/202\/?PT2526_Edificios-da-creche-pre-e-1ciclo-de-Santana.pdf\">Plano TIC: Creche, Pr\u00e9-Escolar e 1.\u00ba C.E.B. de Santana<\/a><\/div>\n\n\n\n<div class=\"wp-block-button is-style-outline is-style-outline--10\"><a class=\"wp-block-button__link wp-element-button\" href=\"https:\/\/escoladigital.madeira.gov.pt\/eb1pesantana\/eb1pesantana\/shared-files\/586\/?Fasciculo_III-final-2025-2026-Sede.pdf\"><strong>MEDIDAS DE AUTOPROTE\u00c7\u00c3O PLANO DE PREVEN\u00c7\u00c3O E EMERG\u00caNCIA\u00a0<\/strong> &#8211; Edif\u00edcio do Serrado<\/a><\/div>\n\n\n\n<div class=\"wp-block-button is-style-outline is-style-outline--11\"><a class=\"wp-block-button__link wp-element-button\" href=\"https:\/\/www.ebs-santana.pt\/admin\/docs\/Codigo_de_Conduta_de_Prevencao_da_Corrupcao_EBS_Santana_2025_853.pdf\">C\u00f3digo de Conduta de Preven\u00e7\u00e3o da Corrup\u00e7\u00e3o<\/a><\/div>\n\n\n\n<div class=\"wp-block-button is-style-outline is-style-outline--12\"><a class=\"wp-block-button__link wp-element-button\" href=\"https:\/\/www.ebs-santana.pt\/admin\/docs\/EBS-SANTANA_PGRCIC_2025_355.pdf\">Plano de Gest\u00e3o de Riscos de Corrup\u00e7\u00e3o e Infra\u00e7\u00f5es Conexas<\/a><\/div>\n<\/div>\n\n\n\n<hr class=\"wp-block-separator has-alpha-channel-opacity\" \/>\n\n\n\n<div class=\"wp-block-group alignfull has-base-2-background-color has-background is-layout-constrained wp-container-core-group-is-layout-669513ed wp-block-group-is-layout-constrained\" style=\"margin-top:0;margin-bottom:0;padding-top:var(--wp--preset--spacing--50);padding-right:var(--wp--preset--spacing--50);padding-bottom:var(--wp--preset--spacing--50);padding-left:var(--wp--preset--spacing--50)\">\n<div class=\"wp-block-group is-vertical is-content-justification-center is-layout-flex wp-container-core-group-is-layout-52b864f0 wp-block-group-is-layout-flex\">\n<h2 class=\"wp-block-heading has-text-align-center is-style-asterisk\">Com a fus\u00e3o tornamo-nos uma S\u00d3 Escola!<\/h2>\n\n\n\n<hr class=\"wp-block-separator has-alpha-channel-opacity\" \/>\n\n\n\n<div class=\"wp-block-group is-nowrap is-layout-flex wp-container-core-group-is-layout-6c531013 wp-block-group-is-layout-flex\">\n<div class=\"wp-block-buttons is-content-justification-center is-layout-flex wp-container-core-buttons-is-layout-a89b3969 wp-block-buttons-is-layout-flex\">\n<div class=\"wp-block-button is-style-fill\"><a class=\"wp-block-button__link wp-element-button\" href=\"https:\/\/www.ebs-santana.pt\/index.php\">Acesso ao website da Escola Sede<\/a><\/div>\n<\/div>\n\n\n\n<div style=\"height:0px\" aria-hidden=\"true\" class=\"wp-block-spacer wp-container-content-4f2ccadb\"><\/div>\n<\/div>\n\n\n\n<hr class=\"wp-block-separator has-alpha-channel-opacity\" \/>\n\n\n\n<p class=\"has-text-align-center\">No ano letivo 2024\/2025 passamos a integrar a Escola B\u00e1sica e Secund\u00e1ria com Pr\u00e9-escolar e Creche Bispo D. Manuel Ferreira Cabral. <\/p>\n\n\n\n<p>(Portaria n.\u00ba 332\/2024, de 22\/08)<\/p>\n<\/div>\n\n\n\n<div style=\"margin-top:0;margin-bottom:0;height:var(--wp--preset--spacing--40)\" aria-hidden=\"true\" class=\"wp-block-spacer\"><\/div>\n\n\n\n<div class=\"wp-block-columns alignwide is-layout-flex wp-container-core-columns-is-layout-d0bbbce0 wp-block-columns-is-layout-flex\">\n<div class=\"wp-block-column is-layout-flow wp-container-core-column-is-layout-e3d1c41b wp-block-column-is-layout-flow\">\n<h3 class=\"wp-block-heading has-text-align-center is-style-asterisk has-body-font-family has-medium-font-size\" style=\"font-style:normal;font-weight:600\">1.\u00ba Ciclo de Santana: Serrado<\/h3>\n\n\n\n<p class=\"has-text-align-left\">O Edif\u00edcio do Serrado tem a sua pr\u00e1tica letiva direcionada para os alunos do 1.\u00ba Ciclo de Santana, nomeadamente, os alunos do 2.\u00ba ao 4.\u00ba ano.<\/p>\n<\/div>\n\n\n\n<div class=\"wp-block-column is-layout-flow wp-container-core-column-is-layout-e3d1c41b wp-block-column-is-layout-flow\">\n<h3 class=\"wp-block-heading has-text-align-center is-style-asterisk has-body-font-family has-medium-font-size\" style=\"font-style:normal;font-weight:600\">Pr\u00e9-Escolar e 1.\u00ba C.E.B.: Caminho Ch\u00e3o<\/h3>\n\n\n\n<p class=\"has-text-align-left\">No Edif\u00edcio do Caminho Ch\u00e3o podemos encontrar as val\u00eancia do Pr\u00e9-Escolar e 1.\u00ba Ciclo, designadamente, as turmas do 1.\u00ba ano.<\/p>\n<\/div>\n\n\n\n<div class=\"wp-block-column is-layout-flow wp-container-core-column-is-layout-e3d1c41b wp-block-column-is-layout-flow\">\n<h3 class=\"wp-block-heading has-text-align-center is-style-asterisk has-body-font-family has-medium-font-size\" style=\"font-style:normal;font-weight:600\">Creche: Colminho<\/h3>\n\n\n\n<p class=\"has-text-align-left\">Bem perto da Escola Sede, encontra-se o Edif\u00edcio do Colminho, onde funciona a val\u00eancia de creche de Santana.<\/p>\n<\/div>\n<\/div>\n\n\n\n<div class=\"wp-block-columns alignwide is-layout-flex wp-container-core-columns-is-layout-d0bbbce0 wp-block-columns-is-layout-flex\">\n<div class=\"wp-block-column is-layout-flow wp-block-column-is-layout-flow\">\n<figure class=\"wp-block-image aligncenter size-large is-resized\"><img decoding=\"async\" width=\"1024\" height=\"625\" src=\"https:\/\/escoladigital.madeira.gov.pt\/eb1pesantana\/wp-content\/uploads\/sites\/56\/2025\/12\/Serrado-1024x625.jpg\" alt=\"\" class=\"wp-image-61\" style=\"width:339px;height:auto\" srcset=\"https:\/\/escoladigital.madeira.gov.pt\/eb1pesantana\/wp-content\/uploads\/sites\/56\/2025\/12\/Serrado-1024x625.jpg 1024w, https:\/\/escoladigital.madeira.gov.pt\/eb1pesantana\/wp-content\/uploads\/sites\/56\/2025\/12\/Serrado-300x183.jpg 300w, https:\/\/escoladigital.madeira.gov.pt\/eb1pesantana\/wp-content\/uploads\/sites\/56\/2025\/12\/Serrado-768x469.jpg 768w, https:\/\/escoladigital.madeira.gov.pt\/eb1pesantana\/wp-content\/uploads\/sites\/56\/2025\/12\/Serrado.jpg 1036w\" sizes=\"(max-width: 1024px) 100vw, 1024px\" \/><\/figure>\n<\/div>\n\n\n\n<div class=\"wp-block-column is-layout-flow wp-block-column-is-layout-flow\">\n<figure class=\"wp-block-image aligncenter size-full is-resized\"><img decoding=\"async\" width=\"300\" height=\"200\" src=\"https:\/\/escoladigital.madeira.gov.pt\/eb1pesantana\/wp-content\/uploads\/sites\/56\/2025\/12\/cc.jpeg\" alt=\"\" class=\"wp-image-62\" style=\"width:314px;height:auto\" \/><\/figure>\n<\/div>\n\n\n\n<div class=\"wp-block-column is-layout-flow wp-block-column-is-layout-flow\">\n<figure class=\"wp-block-image aligncenter size-full is-resized\"><img loading=\"lazy\" decoding=\"async\" width=\"200\" height=\"150\" src=\"https:\/\/escoladigital.madeira.gov.pt\/eb1pesantana\/wp-content\/uploads\/sites\/56\/2025\/12\/colminho.jpeg\" alt=\"\" class=\"wp-image-63\" style=\"width:281px;height:auto\" \/><\/figure>\n<\/div>\n<\/div>\n<\/div>\n\n\n\n<hr class=\"wp-block-separator has-alpha-channel-opacity\" \/>\n\n\n\n<div class=\"wp-block-group alignfull is-layout-constrained wp-container-core-group-is-layout-490fa1db wp-block-group-is-layout-constrained\" style=\"padding-top:var(--wp--preset--spacing--50);padding-right:var(--wp--preset--spacing--50);padding-bottom:var(--wp--preset--spacing--50);padding-left:var(--wp--preset--spacing--50)\">\n<div class=\"wp-block-columns is-layout-flex wp-container-core-columns-is-layout-28f84493 wp-block-columns-is-layout-flex\">\n<div class=\"wp-block-column is-layout-flow wp-block-column-is-layout-flow\" style=\"flex-basis:25%\"><\/div>\n\n\n\n<div class=\"wp-block-column is-layout-flow wp-block-column-is-layout-flow\" style=\"flex-basis:50%\">\n<figure class=\"wp-block-image size-full\"><img loading=\"lazy\" decoding=\"async\" width=\"428\" height=\"86\" src=\"https:\/\/escoladigital.madeira.gov.pt\/eb1pesantana\/wp-content\/uploads\/sites\/56\/2025\/11\/logo-nome.png\" alt=\"\" class=\"wp-image-21\" srcset=\"https:\/\/escoladigital.madeira.gov.pt\/eb1pesantana\/wp-content\/uploads\/sites\/56\/2025\/11\/logo-nome.png 428w, https:\/\/escoladigital.madeira.gov.pt\/eb1pesantana\/wp-content\/uploads\/sites\/56\/2025\/11\/logo-nome-300x60.png 300w\" sizes=\"(max-width: 428px) 100vw, 428px\" \/><\/figure>\n<\/div>\n\n\n\n<div class=\"wp-block-column is-layout-flow wp-block-column-is-layout-flow\" style=\"flex-basis:25%\"><\/div>\n<\/div>\n<\/div>\n\n\n\n<hr class=\"wp-block-separator has-alpha-channel-opacity\" \/>\n","protected":false},"excerpt":{"rendered":"<p>Documentos Oficiais Pode aqui consultar todos os documentos da Escola, bem como informa\u00e7\u00f5es pertinentes sobre o funcionamento da Creche, Pr\u00e9-Escolar e 1.\u00ba Ciclo de Santana Com a fus\u00e3o tornamo-nos uma S\u00d3 Escola! No ano letivo 2024\/2025 passamos a integrar a Escola B\u00e1sica e Secund\u00e1ria com Pr\u00e9-escolar e Creche Bispo D. Manuel Ferreira Cabral. (Portaria n.\u00ba [&hellip;]<\/p>\n","protected":false},"author":72,"featured_media":0,"parent":0,"menu_order":0,"comment_status":"closed","ping_status":"closed","template":"","meta":{"site-sidebar-layout":"no-sidebar","site-content-layout":"","ast-site-content-layout":"default","site-content-style":"default","site-sidebar-style":"default","ast-global-header-display":"","ast-banner-title-visibility":"","ast-main-header-display":"","ast-hfb-above-header-display":"","ast-hfb-below-header-display":"","ast-hfb-mobile-header-display":"","site-post-title":"disabled","ast-breadcrumbs-content":"","ast-featured-img":"","footer-sml-layout":"","ast-disable-related-posts":"","theme-transparent-header-meta":"","adv-header-id-meta":"","stick-header-meta":"","header-above-stick-meta":"","header-main-stick-meta":"","header-below-stick-meta":"","astra-migrate-meta-layouts":"default","ast-page-background-enabled":"default","ast-page-background-meta":{"desktop":{"background-color":"var(--ast-global-color-5)","background-image":"","background-repeat":"repeat","background-position":"center center","background-size":"auto","background-attachment":"scroll","background-type":"","background-media":"","overlay-type":"","overlay-color":"","overlay-opacity":"","overlay-gradient":""},"tablet":{"background-color":"","background-image":"","background-repeat":"repeat","background-position":"center center","background-size":"auto","background-attachment":"scroll","background-type":"","background-media":"","overlay-type":"","overlay-color":"","overlay-opacity":"","overlay-gradient":""},"mobile":{"background-color":"","background-image":"","background-repeat":"repeat","background-position":"center center","background-size":"auto","background-attachment":"scroll","background-type":"","background-media":"","overlay-type":"","overlay-color":"","overlay-opacity":"","overlay-gradient":""}},"ast-content-background-meta":{"desktop":{"background-color":"var(--ast-global-color-4)","background-image":"","background-repeat":"repeat","background-position":"center center","background-size":"auto","background-attachment":"scroll","background-type":"","background-media":"","overlay-type":"","overlay-color":"","overlay-opacity":"","overlay-gradient":""},"tablet":{"background-color":"var(--ast-global-color-4)","background-image":"","background-repeat":"repeat","background-position":"center center","background-size":"auto","background-attachment":"scroll","background-type":"","background-media":"","overlay-type":"","overlay-color":"","overlay-opacity":"","overlay-gradient":""},"mobile":{"background-color":"var(--ast-global-color-4)","background-image":"","background-repeat":"repeat","background-position":"center center","background-size":"auto","background-attachment":"scroll","background-type":"","background-media":"","overlay-type":"","overlay-color":"","overlay-opacity":"","overlay-gradient":""}},"_themeisle_gutenberg_block_has_review":false,"footnotes":""},"class_list":["post-16","page","type-page","status-publish","hentry"],"_links":{"self":[{"href":"https:\/\/escoladigital.madeira.gov.pt\/eb1pesantana\/wp-json\/wp\/v2\/pages\/16","targetHints":{"allow":["GET"]}}],"collection":[{"href":"https:\/\/escoladigital.madeira.gov.pt\/eb1pesantana\/wp-json\/wp\/v2\/pages"}],"about":[{"href":"https:\/\/escoladigital.madeira.gov.pt\/eb1pesantana\/wp-json\/wp\/v2\/types\/page"}],"author":[{"embeddable":true,"href":"https:\/\/escoladigital.madeira.gov.pt\/eb1pesantana\/wp-json\/wp\/v2\/users\/72"}],"replies":[{"embeddable":true,"href":"https:\/\/escoladigital.madeira.gov.pt\/eb1pesantana\/wp-json\/wp\/v2\/comments?post=16"}],"version-history":[{"count":18,"href":"https:\/\/escoladigital.madeira.gov.pt\/eb1pesantana\/wp-json\/wp\/v2\/pages\/16\/revisions"}],"predecessor-version":[{"id":594,"href":"https:\/\/escoladigital.madeira.gov.pt\/eb1pesantana\/wp-json\/wp\/v2\/pages\/16\/revisions\/594"}],"wp:attachment":[{"href":"https:\/\/escoladigital.madeira.gov.pt\/eb1pesantana\/wp-json\/wp\/v2\/media?parent=16"}],"curies":[{"name":"wp","href":"https:\/\/api.w.org\/{rel}","templated":true}]}}