{"id":173,"date":"2025-12-10T11:18:11","date_gmt":"2025-12-10T11:18:11","guid":{"rendered":"https:\/\/escoladigital.madeira.gov.pt\/eb1pesantana\/?page_id=173"},"modified":"2026-04-11T15:38:02","modified_gmt":"2026-04-11T15:38:02","slug":"leitura","status":"publish","type":"page","link":"https:\/\/escoladigital.madeira.gov.pt\/eb1pesantana\/leitura\/","title":{"rendered":"Ba\u00fa da Leitura e racioc\u00ednio matem\u00e1tico"},"content":{"rendered":"\n<div class=\"wp-block-columns is-layout-flex wp-container-core-columns-is-layout-28f84493 wp-block-columns-is-layout-flex\">\n<div class=\"wp-block-column is-layout-flow wp-block-column-is-layout-flow\" style=\"flex-basis:50%\">\n<div class=\"wp-block-columns is-layout-flex wp-container-core-columns-is-layout-28f84493 wp-block-columns-is-layout-flex\">\n<div class=\"wp-block-column is-layout-flow wp-block-column-is-layout-flow\">\n<hr class=\"wp-block-separator has-alpha-channel-opacity\" \/>\n\n\n\n<div class=\"wp-block-group is-content-justification-center is-nowrap is-layout-flex wp-container-core-group-is-layout-23441af8 wp-block-group-is-layout-flex\">\n<figure class=\"wp-block-image size-full\"><img fetchpriority=\"high\" decoding=\"async\" width=\"217\" height=\"232\" src=\"https:\/\/escoladigital.madeira.gov.pt\/eb1pesantana\/wp-content\/uploads\/sites\/56\/2025\/12\/bau-de-leitura.png\" alt=\"\" class=\"wp-image-419\" \/><\/figure>\n\n\n\n<p>Website oficial: <a href=\"https:\/\/projetosdre.madeira.gov.pt\/pbaudeleitura\/\">https:\/\/projetosdre.madeira.gov.pt\/pbaudeleitura\/<\/a><\/p>\n<\/div>\n<\/div>\n<\/div>\n\n\n<div class=\"is-style-boxed wp-block-themeisle-blocks-posts-grid\" id=\"wp-block-themeisle-blocks-posts-grid-453abc7c\"><div class=\"is-grid o-posts-grid-columns-3\"><div class=\"o-posts-grid-post-blog o-posts-grid-post-plain\"><div class=\"o-posts-grid-post\"><div class=\"o-posts-grid-post-image\"><a href=\"https:\/\/escoladigital.madeira.gov.pt\/eb1pesantana\/2025\/12\/02\/feira-do-livro-2025-sucesso\/\"><img decoding=\"async\" width=\"354\" height=\"266\" src=\"https:\/\/escoladigital.madeira.gov.pt\/eb1pesantana\/wp-content\/uploads\/sites\/56\/2025\/12\/Captura-de-ecra-2025-12-02-as-23.23.45-e1766002447635.png\" class=\"attachment-full size-full\" alt=\"Feira do Livro 2025: Sucesso!\" srcset=\"https:\/\/escoladigital.madeira.gov.pt\/eb1pesantana\/wp-content\/uploads\/sites\/56\/2025\/12\/Captura-de-ecra-2025-12-02-as-23.23.45-e1766002447635.png 354w, https:\/\/escoladigital.madeira.gov.pt\/eb1pesantana\/wp-content\/uploads\/sites\/56\/2025\/12\/Captura-de-ecra-2025-12-02-as-23.23.45-e1766002447635-300x225.png 300w\" sizes=\"(max-width: 354px) 100vw, 354px\" \/><\/a><\/div><div class=\"o-posts-grid-post-body\"><span class=\"o-posts-grid-post-category\"><a href=\"https:\/\/escoladigital.madeira.gov.pt\/eb1pesantana\/category\/bau-da-leitura\/\">ba\u00fa da leitura<\/a><\/span><h4 class=\"o-posts-grid-post-title\"><a href=\"https:\/\/escoladigital.madeira.gov.pt\/eb1pesantana\/2025\/12\/02\/feira-do-livro-2025-sucesso\/\">Feira do Livro 2025: Sucesso!<\/a><\/h4><p class=\"o-posts-grid-post-meta\">  <time datetime=\"2025-12-02T23:23:57+00:00\">2 de Dezembro, 2025<\/time> by <a href=\"https:\/\/escoladigital.madeira.gov.pt\/eb1pesantana\/author\/eb1pesantana\/\">eb1pesantana<\/a><\/p><div class=\"o-posts-grid-post-description\"><p>Feira do livro 2025 Na passada sexta-feira, dia 28 de novembro, terminou a Feira do livro no edif\u00edci\u2026<\/p><\/div><\/div><\/div><\/div><div class=\"o-posts-grid-post-blog o-posts-grid-post-plain\"><div class=\"o-posts-grid-post\"><div class=\"o-posts-grid-post-image\"><a href=\"https:\/\/escoladigital.madeira.gov.pt\/eb1pesantana\/2025\/11\/26\/feira-do-livro-2025\/\"><img decoding=\"async\" width=\"188\" height=\"142\" src=\"https:\/\/escoladigital.madeira.gov.pt\/eb1pesantana\/wp-content\/uploads\/sites\/56\/2025\/12\/feira-e1766002811435.jpeg\" class=\"attachment-full size-full\" alt=\"Feira do Livro 2025\" \/><\/a><\/div><div class=\"o-posts-grid-post-body\"><span class=\"o-posts-grid-post-category\"><a href=\"https:\/\/escoladigital.madeira.gov.pt\/eb1pesantana\/category\/bau-da-leitura\/\">ba\u00fa da leitura<\/a><\/span><h4 class=\"o-posts-grid-post-title\"><a href=\"https:\/\/escoladigital.madeira.gov.pt\/eb1pesantana\/2025\/11\/26\/feira-do-livro-2025\/\">Feira do Livro 2025<\/a><\/h4><p class=\"o-posts-grid-post-meta\">  <time datetime=\"2025-11-26T11:45:26+00:00\">26 de Novembro, 2025<\/time> by <a href=\"https:\/\/escoladigital.madeira.gov.pt\/eb1pesantana\/author\/eb1pesantana\/\">eb1pesantana<\/a><\/p><div class=\"o-posts-grid-post-description\"><p>Ir\u00e1 decorrer no Edif\u00edcio do Serrado, a Feira do Livro 2025. Ter\u00e1 in\u00edcio no dia 25 de novembro, ter\u00e7a\u2026<\/p><\/div><\/div><\/div><\/div><\/div> <\/div><\/div>\n\n\n\n<div class=\"wp-block-column is-layout-flow wp-block-column-is-layout-flow\" style=\"flex-basis:50%\">\n<p><strong>Ba\u00fa de leitura<\/strong><\/p>\n\n\n\n<p>\u00c9 um projeto tutelado pela Secretaria Regional de Educa\u00e7\u00e3o, Ci\u00eancia e Tecnologia, em particular pela Dire\u00e7\u00e3o Regional de Educa\u00e7\u00e3o, que se insere no panorama educacional como um projeto de promo\u00e7\u00e3o da literacia junto dos alunos de todos os n\u00edveis de ensino da Regi\u00e3o Aut\u00f3noma da Madeira. Este projeto escolar, implementado na Regi\u00e3o Aut\u00f3noma da Madeira em 2001, com o apoio da Funda\u00e7\u00e3o Gulbenkian, visa em especial promover h\u00e1bitos de leitura e escrita no sentido de cativar mais e novos alunos para a leitura. Este projeto tem como objetivos gerais:<\/p>\n\n\n\n<p>\u00b7 Incutir h\u00e1bitos de leitura e escrita;<br>\u00b7 Promover a partilha de livros\/sugest\u00f5es de leitura entre as escolas;<br>\u00b7 Enriquecer a oferta cultural e liter\u00e1ria das escolas, em particular das bibliotecas;<br>\u00b7 Divulgar e valorizar o trabalho dos alunos\/crian\u00e7as;<br>\u00b7 Despertar o interesse pela leitura e pela escrita recreativas;<br>\u00b7 Desenvolver compet\u00eancias lingu\u00edsticas nos alunos;<br>\u00b7 Fomentar capacidades cognitivas e socioemocionais;<br>\u00b7 Estimular a cultura liter\u00e1ria na Regi\u00e3o.<\/p>\n\n\n\n<p>No presente ano letivo, foi proposto pelo projeto a dinamiza\u00e7\u00e3o de v\u00e1rias atividades nas escolas participantes tais como a dinamiza\u00e7\u00e3o\/circula\u00e7\u00e3o de ba\u00fas, a participa\u00e7\u00e3o no concurso Triatlo Liter\u00e1rio e nos demais passatempos sugeridos e na proposta trimestral de leitura. A partir da explora\u00e7\u00e3o dos livros dos ba\u00fas rotativos, as escolas poder\u00e3o desenvolver tamb\u00e9m pesquisas livres, recria\u00e7\u00e3o de hist\u00f3rias, pesquisas tem\u00e1ticas, leituras (livre e\/ou orientada), escrita criativa, ilustra\u00e7\u00e3o de hist\u00f3rias, jogos pedag\u00f3gicos, requisi\u00e7\u00e3o de livros, fichas de leitura, reconto oral de hist\u00f3rias, hora do conto, dramatiza\u00e7\u00f5es de hist\u00f3rias e leitura presencial.<\/p>\n<\/div>\n<\/div>\n\n\n\n<hr class=\"wp-block-separator has-alpha-channel-opacity\" \/>\n\n\n\n<div class=\"wp-block-columns is-layout-flex wp-container-core-columns-is-layout-28f84493 wp-block-columns-is-layout-flex\">\n<div class=\"wp-block-column is-layout-flow wp-block-column-is-layout-flow\" style=\"flex-basis:50%\">\n<p><strong>Campeonato Regional de Jogos Matem\u00e1ticos<\/strong><\/p>\n\n\n\n<p>Iniciativa promovida pela&nbsp;Dire\u00e7\u00e3o Regional de Educa\u00e7\u00e3o dirigida aos alunos dos 1.\u00ba, 2.\u00ba e 3.\u00ba ciclos dos ensinos b\u00e1sico e ensino secund\u00e1rio. Tem como principais objetivos contribuir para o desenvolvimento de capacidades matem\u00e1ticas e para o desenvolvimento pessoal e social dos alunos.<\/p>\n<\/div>\n\n\n\n<div class=\"wp-block-column is-layout-flow wp-block-column-is-layout-flow\" style=\"flex-basis:50%\">\n<iframe src=\"https:\/\/www.facebook.com\/plugins\/post.php?href=https%3A%2F%2Fwww.facebook.com%2Fpermalink.php%3Fstory_fbid%3Dpfbid04gkbap7hmrahTQEnWf1fqRuhxMyJPRhM9HxwKNT78fib2yJ7N7CYHoeHtRcP78E9l%26id%3D100057670410940&amp;show_text=true&amp;width=300\" width=\"300\" height=\"323\" style=\"border:none;overflow:hidden\" scrolling=\"no\" frameborder=\"0\" allowfullscreen=\"true\" allow=\"autoplay; clipboard-write; encrypted-media; picture-in-picture; web-share\"><\/iframe>\n<\/div>\n<\/div>\n","protected":false},"excerpt":{"rendered":"<p>Website oficial: https:\/\/projetosdre.madeira.gov.pt\/pbaudeleitura\/ Ba\u00fa de leitura \u00c9 um projeto tutelado pela Secretaria Regional de Educa\u00e7\u00e3o, Ci\u00eancia e Tecnologia, em particular pela Dire\u00e7\u00e3o Regional de Educa\u00e7\u00e3o, que se insere no panorama educacional como um projeto de promo\u00e7\u00e3o da literacia junto dos alunos de todos os n\u00edveis de ensino da Regi\u00e3o Aut\u00f3noma da Madeira. Este projeto escolar, [&hellip;]<\/p>\n","protected":false},"author":72,"featured_media":0,"parent":0,"menu_order":0,"comment_status":"closed","ping_status":"closed","template":"","meta":{"site-sidebar-layout":"no-sidebar","site-content-layout":"","ast-site-content-layout":"default","site-content-style":"default","site-sidebar-style":"default","ast-global-header-display":"","ast-banner-title-visibility":"","ast-main-header-display":"","ast-hfb-above-header-display":"","ast-hfb-below-header-display":"","ast-hfb-mobile-header-display":"","site-post-title":"","ast-breadcrumbs-content":"","ast-featured-img":"","footer-sml-layout":"","ast-disable-related-posts":"","theme-transparent-header-meta":"","adv-header-id-meta":"","stick-header-meta":"","header-above-stick-meta":"","header-main-stick-meta":"","header-below-stick-meta":"","astra-migrate-meta-layouts":"default","ast-page-background-enabled":"default","ast-page-background-meta":{"desktop":{"background-color":"var(--ast-global-color-5)","background-image":"","background-repeat":"repeat","background-position":"center center","background-size":"auto","background-attachment":"scroll","background-type":"","background-media":"","overlay-type":"","overlay-color":"","overlay-opacity":"","overlay-gradient":""},"tablet":{"background-color":"","background-image":"","background-repeat":"repeat","background-position":"center center","background-size":"auto","background-attachment":"scroll","background-type":"","background-media":"","overlay-type":"","overlay-color":"","overlay-opacity":"","overlay-gradient":""},"mobile":{"background-color":"","background-image":"","background-repeat":"repeat","background-position":"center center","background-size":"auto","background-attachment":"scroll","background-type":"","background-media":"","overlay-type":"","overlay-color":"","overlay-opacity":"","overlay-gradient":""}},"ast-content-background-meta":{"desktop":{"background-color":"var(--ast-global-color-4)","background-image":"","background-repeat":"repeat","background-position":"center center","background-size":"auto","background-attachment":"scroll","background-type":"","background-media":"","overlay-type":"","overlay-color":"","overlay-opacity":"","overlay-gradient":""},"tablet":{"background-color":"var(--ast-global-color-4)","background-image":"","background-repeat":"repeat","background-position":"center center","background-size":"auto","background-attachment":"scroll","background-type":"","background-media":"","overlay-type":"","overlay-color":"","overlay-opacity":"","overlay-gradient":""},"mobile":{"background-color":"var(--ast-global-color-4)","background-image":"","background-repeat":"repeat","background-position":"center center","background-size":"auto","background-attachment":"scroll","background-type":"","background-media":"","overlay-type":"","overlay-color":"","overlay-opacity":"","overlay-gradient":""}},"_themeisle_gutenberg_block_has_review":false,"footnotes":""},"class_list":["post-173","page","type-page","status-publish","hentry"],"_links":{"self":[{"href":"https:\/\/escoladigital.madeira.gov.pt\/eb1pesantana\/wp-json\/wp\/v2\/pages\/173","targetHints":{"allow":["GET"]}}],"collection":[{"href":"https:\/\/escoladigital.madeira.gov.pt\/eb1pesantana\/wp-json\/wp\/v2\/pages"}],"about":[{"href":"https:\/\/escoladigital.madeira.gov.pt\/eb1pesantana\/wp-json\/wp\/v2\/types\/page"}],"author":[{"embeddable":true,"href":"https:\/\/escoladigital.madeira.gov.pt\/eb1pesantana\/wp-json\/wp\/v2\/users\/72"}],"replies":[{"embeddable":true,"href":"https:\/\/escoladigital.madeira.gov.pt\/eb1pesantana\/wp-json\/wp\/v2\/comments?post=173"}],"version-history":[{"count":8,"href":"https:\/\/escoladigital.madeira.gov.pt\/eb1pesantana\/wp-json\/wp\/v2\/pages\/173\/revisions"}],"predecessor-version":[{"id":984,"href":"https:\/\/escoladigital.madeira.gov.pt\/eb1pesantana\/wp-json\/wp\/v2\/pages\/173\/revisions\/984"}],"wp:attachment":[{"href":"https:\/\/escoladigital.madeira.gov.pt\/eb1pesantana\/wp-json\/wp\/v2\/media?parent=173"}],"curies":[{"name":"wp","href":"https:\/\/api.w.org\/{rel}","templated":true}]}}