{"id":175,"date":"2025-12-10T11:18:23","date_gmt":"2025-12-10T11:18:23","guid":{"rendered":"https:\/\/escoladigital.madeira.gov.pt\/eb1pesantana\/?page_id=175"},"modified":"2025-12-17T11:26:23","modified_gmt":"2025-12-17T11:26:23","slug":"desporto-e-seguranca","status":"publish","type":"page","link":"https:\/\/escoladigital.madeira.gov.pt\/eb1pesantana\/desporto-e-seguranca\/","title":{"rendered":"Desporto e Seguran\u00e7a"},"content":{"rendered":"\n<div class=\"wp-block-columns is-layout-flex wp-container-core-columns-is-layout-28f84493 wp-block-columns-is-layout-flex\">\n<div class=\"wp-block-column is-layout-flow wp-block-column-is-layout-flow\" style=\"flex-basis:100%\">\n<div class=\"wp-block-group is-vertical is-layout-flex wp-container-core-group-is-layout-fe9cc265 wp-block-group-is-layout-flex\">\n<div class=\"wp-block-columns are-vertically-aligned-center is-layout-flex wp-container-core-columns-is-layout-28f84493 wp-block-columns-is-layout-flex\">\n<div class=\"wp-block-column is-vertically-aligned-center is-layout-flow wp-block-column-is-layout-flow\" style=\"flex-basis:50%\">\n<div class=\"wp-block-columns is-layout-flex wp-container-core-columns-is-layout-28f84493 wp-block-columns-is-layout-flex\">\n<div class=\"wp-block-column is-layout-flow wp-block-column-is-layout-flow\">\n<figure class=\"wp-block-embed aligncenter is-type-video is-provider-youtube wp-block-embed-youtube wp-embed-aspect-16-9 wp-has-aspect-ratio\"><div class=\"wp-block-embed__wrapper\">\n<iframe title=\"Edif\u00edcio do Serrado: Atletismo Jogado  - Desporto Escolar (05.11.2025)\" width=\"500\" height=\"281\" src=\"https:\/\/www.youtube.com\/embed\/98nmO4bWkv8?feature=oembed\" frameborder=\"0\" allow=\"accelerometer; autoplay; clipboard-write; encrypted-media; gyroscope; picture-in-picture; web-share\" referrerpolicy=\"strict-origin-when-cross-origin\" allowfullscreen><\/iframe>\n<\/div><\/figure>\n<\/div>\n<\/div>\n<\/div>\n\n\n\n<div class=\"wp-block-column is-vertically-aligned-center is-layout-flow wp-block-column-is-layout-flow\"><\/div>\n\n\n\n<div class=\"wp-block-column is-vertically-aligned-center is-layout-flow wp-block-column-is-layout-flow\" style=\"flex-basis:50%\">\n<p>O\u00a0<strong>Desporto Escolar<\/strong>\u00a0no 1.\u00ba ciclo constitui um projeto \u00fanico a n\u00edvel nacional, desenvolvido na Regi\u00e3o Aut\u00f3noma da Madeira desde o final da d\u00e9cada de 1970. Tem como objetivo apoiar a Educa\u00e7\u00e3o F\u00edsica nas escolas do 1.\u00ba ciclo, promovendo o desenvolvimento motor, o gosto pela atividade f\u00edsica e a ado\u00e7\u00e3o de estilos de vida saud\u00e1veis desde a inf\u00e2ncia.<br>Atualmente, o projeto conta com a interven\u00e7\u00e3o de docentes especializados na \u00e1rea da Express\u00e3o e Educa\u00e7\u00e3o F\u00edsico-Motora, que desenvolvem atividades curriculares e de complemento ao curr\u00edculo, proporcionando aos alunos, do pr\u00e9-escolar ao 4.\u00ba ano, experi\u00eancias diversificadas em v\u00e1rias modalidades desportivas.<br>Para al\u00e9m das atividades realizadas em contexto escolar, os alunos participam em encontros e eventos ao longo do ano letivo, bem como em projetos concelhios em modalidades como nata\u00e7\u00e3o, gin\u00e1stica, golfe, t\u00e9nis, triatlo, entre outras, promovendo a inclus\u00e3o, o esp\u00edrito de equipa, o fair play e o desenvolvimento integral dos alunos.<br><br>Acesso \u00e0 p\u00e1gina: <a href=\"https:\/\/www.madeira.gov.pt\/dre\/Estrutura\/DRE\/Areas\/Desporto-Escolar\/O-Desporto-Escolar\">https:\/\/www.madeira.gov.pt\/dre\/Estrutura\/DRE\/Areas\/Desporto-Escolar\/O-Desporto-Escolar<\/a><\/p>\n<\/div>\n<\/div>\n<\/div>\n<\/div>\n<\/div>\n\n\n\n<hr class=\"wp-block-separator has-alpha-channel-opacity\" \/>\n\n\n\n<div class=\"wp-block-media-text has-media-on-the-right is-stacked-on-mobile\"><div class=\"wp-block-media-text__content\">\n<p><strong>Super Quinas<\/strong><br>O projeto\u00a0<strong>\u201cA Hora dos SuperQuinas\u201d<\/strong>\u00a0tem como objetivo promover a\u00a0<strong>literacia motora e desportiva<\/strong>\u00a0e incentivar a ado\u00e7\u00e3o de estilos de vida ativos desde a inf\u00e2ncia. Desenvolvido em contexto escolar, no \u00e2mbito das atividades n\u00e3o letivas e de enriquecimento curricular do 1.\u00ba Ciclo, o programa pretende combater o sedentarismo e contribuir para um crescimento saud\u00e1vel das crian\u00e7as.<br>Atrav\u00e9s de atividades f\u00edsicas e jogos diversificados, l\u00fadicos e adaptados \u00e0 idade dos alunos, s\u00e3o proporcionadas experi\u00eancias positivas, prazerosas e significativas, que favorecem o desenvolvimento de compet\u00eancias motoras, sociais e emocionais.<br>O programa apoia-se num manual pedag\u00f3gico digital que orienta a interven\u00e7\u00e3o dos docentes, permitindo a planifica\u00e7\u00e3o de sess\u00f5es ajustadas \u00e0s caracter\u00edsticas dos alunos e \u00e0s condi\u00e7\u00f5es da escola, contribuindo para a constru\u00e7\u00e3o de aprendizagens motoras s\u00f3lidas e duradouras.<br><br>Acerca do projeto: <a href=\"https:\/\/superquinas.fpf.pt\/manual\/\">https:\/\/superquinas.fpf.pt\/manual\/<\/a><\/p>\n<\/div><figure class=\"wp-block-media-text__media\"><img fetchpriority=\"high\" decoding=\"async\" width=\"445\" height=\"324\" src=\"https:\/\/escoladigital.madeira.gov.pt\/eb1pesantana\/wp-content\/uploads\/sites\/56\/2025\/12\/Captura-de-ecra-2025-12-16-as-15.56.44.png\" alt=\"\" class=\"wp-image-358 size-full\" srcset=\"https:\/\/escoladigital.madeira.gov.pt\/eb1pesantana\/wp-content\/uploads\/sites\/56\/2025\/12\/Captura-de-ecra-2025-12-16-as-15.56.44.png 445w, https:\/\/escoladigital.madeira.gov.pt\/eb1pesantana\/wp-content\/uploads\/sites\/56\/2025\/12\/Captura-de-ecra-2025-12-16-as-15.56.44-300x218.png 300w\" sizes=\"(max-width: 445px) 100vw, 445px\" \/><\/figure><\/div>\n\n\n\n<hr class=\"wp-block-separator has-alpha-channel-opacity\" \/>\n\n\n\n<div class=\"wp-block-columns is-layout-flex wp-container-core-columns-is-layout-28f84493 wp-block-columns-is-layout-flex\">\n<div class=\"wp-block-column is-vertically-aligned-center is-layout-flow wp-block-column-is-layout-flow\" style=\"flex-basis:50%\">\n<figure class=\"wp-block-embed is-type-video is-provider-youtube wp-block-embed-youtube wp-embed-aspect-4-3 wp-has-aspect-ratio\"><div class=\"wp-block-embed__wrapper\">\n<iframe title=\"Edif\u00edcios Caminho Ch\u00e3o e Serrado (1.\u00ba Ciclo): A Terra treme 2025\" width=\"500\" height=\"375\" src=\"https:\/\/www.youtube.com\/embed\/p7niTsFXTqY?feature=oembed\" frameborder=\"0\" allow=\"accelerometer; autoplay; clipboard-write; encrypted-media; gyroscope; picture-in-picture; web-share\" referrerpolicy=\"strict-origin-when-cross-origin\" allowfullscreen><\/iframe>\n<\/div><\/figure>\n<\/div>\n\n\n\n<div class=\"wp-block-column is-layout-flow wp-block-column-is-layout-flow\" style=\"flex-basis:50%\">\n<p>O\u00a0<strong>Projeto de Educa\u00e7\u00e3o para a Seguran\u00e7a e Preven\u00e7\u00e3o de Riscos (ESPR)<\/strong>\u00a0tem como objetivo sensibilizar os alunos para os diferentes riscos a que podem estar expostos e promover atitudes e comportamentos de\u00a0<strong>preven\u00e7\u00e3o e autoprote\u00e7\u00e3o<\/strong>.<br>No \u00e2mbito da Educa\u00e7\u00e3o para a Cidadania, o projeto aborda temas como riscos naturais e tecnol\u00f3gicos, seguran\u00e7a rodovi\u00e1ria, sa\u00fade, consumo e alimenta\u00e7\u00e3o segura, planos familiares de emerg\u00eancia, prote\u00e7\u00e3o civil e seguran\u00e7a contra inc\u00eandios. Atrav\u00e9s de a\u00e7\u00f5es de sensibiliza\u00e7\u00e3o, forma\u00e7\u00e3o e simulacros, os alunos aprendem a reconhecer situa\u00e7\u00f5es de risco e a agir de forma respons\u00e1vel em contextos de emerg\u00eancia.<br>Este projeto contribui para a constru\u00e7\u00e3o de uma\u00a0<strong>cultura de seguran\u00e7a<\/strong>, alinhada com as exig\u00eancias legais em vigor, e resulta de uma parceria entre a Secretaria Regional de Educa\u00e7\u00e3o, o Servi\u00e7o Regional de Prote\u00e7\u00e3o Civil, a Associa\u00e7\u00e3o Insular de Geografia, a Dire\u00e7\u00e3o Regional da Sa\u00fade e a Dire\u00e7\u00e3o de Servi\u00e7os do Consumidor.<br><br>Website: <a href=\"https:\/\/educareprevenir.madeira.gov.pt\">https:\/\/educareprevenir.madeira.gov.pt<\/a><\/p>\n<\/div>\n<\/div>\n","protected":false},"excerpt":{"rendered":"<p>O\u00a0Desporto Escolar\u00a0no 1.\u00ba ciclo constitui um projeto \u00fanico a n\u00edvel nacional, desenvolvido na Regi\u00e3o Aut\u00f3noma da Madeira desde o final da d\u00e9cada de 1970. Tem como objetivo apoiar a Educa\u00e7\u00e3o F\u00edsica nas escolas do 1.\u00ba ciclo, promovendo o desenvolvimento motor, o gosto pela atividade f\u00edsica e a ado\u00e7\u00e3o de estilos de vida saud\u00e1veis desde a [&hellip;]<\/p>\n","protected":false},"author":72,"featured_media":0,"parent":0,"menu_order":0,"comment_status":"closed","ping_status":"closed","template":"","meta":{"site-sidebar-layout":"no-sidebar","site-content-layout":"","ast-site-content-layout":"default","site-content-style":"default","site-sidebar-style":"default","ast-global-header-display":"","ast-banner-title-visibility":"","ast-main-header-display":"","ast-hfb-above-header-display":"","ast-hfb-below-header-display":"","ast-hfb-mobile-header-display":"","site-post-title":"","ast-breadcrumbs-content":"","ast-featured-img":"","footer-sml-layout":"","ast-disable-related-posts":"","theme-transparent-header-meta":"","adv-header-id-meta":"","stick-header-meta":"","header-above-stick-meta":"","header-main-stick-meta":"","header-below-stick-meta":"","astra-migrate-meta-layouts":"default","ast-page-background-enabled":"default","ast-page-background-meta":{"desktop":{"background-color":"var(--ast-global-color-5)","background-image":"","background-repeat":"repeat","background-position":"center center","background-size":"auto","background-attachment":"scroll","background-type":"","background-media":"","overlay-type":"","overlay-color":"","overlay-opacity":"","overlay-gradient":""},"tablet":{"background-color":"","background-image":"","background-repeat":"repeat","background-position":"center center","background-size":"auto","background-attachment":"scroll","background-type":"","background-media":"","overlay-type":"","overlay-color":"","overlay-opacity":"","overlay-gradient":""},"mobile":{"background-color":"","background-image":"","background-repeat":"repeat","background-position":"center center","background-size":"auto","background-attachment":"scroll","background-type":"","background-media":"","overlay-type":"","overlay-color":"","overlay-opacity":"","overlay-gradient":""}},"ast-content-background-meta":{"desktop":{"background-color":"var(--ast-global-color-4)","background-image":"","background-repeat":"repeat","background-position":"center center","background-size":"auto","background-attachment":"scroll","background-type":"","background-media":"","overlay-type":"","overlay-color":"","overlay-opacity":"","overlay-gradient":""},"tablet":{"background-color":"var(--ast-global-color-4)","background-image":"","background-repeat":"repeat","background-position":"center center","background-size":"auto","background-attachment":"scroll","background-type":"","background-media":"","overlay-type":"","overlay-color":"","overlay-opacity":"","overlay-gradient":""},"mobile":{"background-color":"var(--ast-global-color-4)","background-image":"","background-repeat":"repeat","background-position":"center center","background-size":"auto","background-attachment":"scroll","background-type":"","background-media":"","overlay-type":"","overlay-color":"","overlay-opacity":"","overlay-gradient":""}},"_themeisle_gutenberg_block_has_review":false,"footnotes":""},"class_list":["post-175","page","type-page","status-publish","hentry"],"_links":{"self":[{"href":"https:\/\/escoladigital.madeira.gov.pt\/eb1pesantana\/wp-json\/wp\/v2\/pages\/175","targetHints":{"allow":["GET"]}}],"collection":[{"href":"https:\/\/escoladigital.madeira.gov.pt\/eb1pesantana\/wp-json\/wp\/v2\/pages"}],"about":[{"href":"https:\/\/escoladigital.madeira.gov.pt\/eb1pesantana\/wp-json\/wp\/v2\/types\/page"}],"author":[{"embeddable":true,"href":"https:\/\/escoladigital.madeira.gov.pt\/eb1pesantana\/wp-json\/wp\/v2\/users\/72"}],"replies":[{"embeddable":true,"href":"https:\/\/escoladigital.madeira.gov.pt\/eb1pesantana\/wp-json\/wp\/v2\/comments?post=175"}],"version-history":[{"count":8,"href":"https:\/\/escoladigital.madeira.gov.pt\/eb1pesantana\/wp-json\/wp\/v2\/pages\/175\/revisions"}],"predecessor-version":[{"id":482,"href":"https:\/\/escoladigital.madeira.gov.pt\/eb1pesantana\/wp-json\/wp\/v2\/pages\/175\/revisions\/482"}],"wp:attachment":[{"href":"https:\/\/escoladigital.madeira.gov.pt\/eb1pesantana\/wp-json\/wp\/v2\/media?parent=175"}],"curies":[{"name":"wp","href":"https:\/\/api.w.org\/{rel}","templated":true}]}}