{"id":179,"date":"2025-12-10T11:18:55","date_gmt":"2025-12-10T11:18:55","guid":{"rendered":"https:\/\/escoladigital.madeira.gov.pt\/eb1pesantana\/?page_id=179"},"modified":"2025-12-17T11:20:46","modified_gmt":"2025-12-17T11:20:46","slug":"cidadania-emocoes-e-convivialidade","status":"publish","type":"page","link":"https:\/\/escoladigital.madeira.gov.pt\/eb1pesantana\/cidadania-emocoes-e-convivialidade\/","title":{"rendered":"Cidadania &#8211; Emo\u00e7\u00f5es e Convivialidade"},"content":{"rendered":"\n<div class=\"wp-block-media-text is-stacked-on-mobile\"><figure class=\"wp-block-media-text__media\"><img fetchpriority=\"high\" decoding=\"async\" width=\"750\" height=\"422\" src=\"https:\/\/escoladigital.madeira.gov.pt\/eb1pesantana\/wp-content\/uploads\/sites\/56\/2025\/12\/divertidamente.jpeg\" alt=\"\" class=\"wp-image-471 size-full\" srcset=\"https:\/\/escoladigital.madeira.gov.pt\/eb1pesantana\/wp-content\/uploads\/sites\/56\/2025\/12\/divertidamente.jpeg 750w, https:\/\/escoladigital.madeira.gov.pt\/eb1pesantana\/wp-content\/uploads\/sites\/56\/2025\/12\/divertidamente-300x169.jpeg 300w\" sizes=\"(max-width: 750px) 100vw, 750px\" \/><\/figure><div class=\"wp-block-media-text__content\">\n<p><strong>Projeto da Convivialidade, \u00c9tica e Media\u00e7\u00e3o Escolar\u00a0<\/strong><br><br>Iniciativa promovida pela Dire\u00e7\u00e3o Regional de Educa\u00e7\u00e3o que\u00a0interv\u00e9m a n\u00edvel da preven\u00e7\u00e3o (interven\u00e7\u00e3o prim\u00e1ria), disponibilizando \u00e0s escolas do 1.\u00ba ciclo dois programas de promo\u00e7\u00e3o de compet\u00eancias pessoais e emocionais\/sociais denominados de \u201cDivertidamente\u201d e \u201cJogos da Preven\u00e7\u00e3o\u201d.\u00a0<br>O\u00a0projeto<strong>\u00a0Divertidamente<\/strong>\u00a0tem como principais objetivos trabalhar o clima relacional escolar,\u00a0sensibilizando para a import\u00e2ncia das emo\u00e7\u00f5es, identificando estrat\u00e9gias de gest\u00e3o das mesmas, bem como promovendo compet\u00eancias socio emocionais, que pretendem prevenir ou reduzir problemas emocionais e comportamentais.<br>Mais acerca do projeto: <a href=\"https:\/\/www.madeira.gov.pt\/drote\/pesquisar\/ctl\/ReadInformcao\/mid\/12143\/InformacaoId\/113624\/UnidadeOrganicaId\/32\/LiveSearch\/Folheando%20Emo\u00e7\u00f5es\">https:\/\/www.madeira.gov.pt\/drote\/pesquisar\/ctl\/ReadInformcao\/mid\/12143\/InformacaoId\/113624\/UnidadeOrganicaId\/32\/LiveSearch\/Folheando%20Emo\u00e7\u00f5es<\/a><\/p>\n<\/div><\/div>\n\n\n\n<hr class=\"wp-block-separator has-alpha-channel-opacity\" \/>\n\n\n\n<div class=\"wp-block-media-text has-media-on-the-right is-stacked-on-mobile\"><div class=\"wp-block-media-text__content\">\n<p>O projeto\u00a0<strong>\u201cPreparando o Meu Futuro\u201d<\/strong>\u00a0\u00e9 um programa de desenvolvimento de carreira dirigido aos alunos do 1.\u00ba Ciclo. Pretende ajud\u00e1-los, desde cedo, a construir uma imagem positiva de si pr\u00f3prios, a desenvolver bons h\u00e1bitos de trabalho e a tomar consci\u00eancia de que as escolhas que fazem no presente influenciam o seu futuro.<br>Atrav\u00e9s de atividades de\u00a0<strong>autoconhecimento<\/strong>,\u00a0<strong>explora\u00e7\u00e3o de profiss\u00f5es e percursos escolares<\/strong>\u00a0e\u00a0<strong>planeamento do futuro<\/strong>, as crian\u00e7as contactam com o mundo do trabalho, conhecem diferentes ocupa\u00e7\u00f5es e aprendem a valorizar o esfor\u00e7o, a responsabilidade e a participa\u00e7\u00e3o na comunidade.<br>Este programa, inspirado em projetos internacionais e adaptado \u00e0 realidade regional, visa orientar os alunos, sem impor escolhas prematuras, oferecendo-lhes informa\u00e7\u00e3o, experi\u00eancias e oportunidades que os ajudem a tomar decis\u00f5es mais conscientes ao longo do seu percurso escolar e de vida.<br><br><a href=\"https:\/\/projetosdre.madeira.gov.pt\/preparandoomeufuturo\/sobre\/\">https:\/\/projetosdre.madeira.gov.pt\/preparandoomeufuturo\/sobre\/<\/a><\/p>\n<\/div><figure class=\"wp-block-media-text__media\"><img decoding=\"async\" width=\"967\" height=\"731\" src=\"https:\/\/escoladigital.madeira.gov.pt\/eb1pesantana\/wp-content\/uploads\/sites\/56\/2025\/12\/Captura-de-ecra-2025-12-17-as-11.07.38.png\" alt=\"\" class=\"wp-image-472 size-full\" srcset=\"https:\/\/escoladigital.madeira.gov.pt\/eb1pesantana\/wp-content\/uploads\/sites\/56\/2025\/12\/Captura-de-ecra-2025-12-17-as-11.07.38.png 967w, https:\/\/escoladigital.madeira.gov.pt\/eb1pesantana\/wp-content\/uploads\/sites\/56\/2025\/12\/Captura-de-ecra-2025-12-17-as-11.07.38-300x227.png 300w, https:\/\/escoladigital.madeira.gov.pt\/eb1pesantana\/wp-content\/uploads\/sites\/56\/2025\/12\/Captura-de-ecra-2025-12-17-as-11.07.38-768x581.png 768w\" sizes=\"(max-width: 967px) 100vw, 967px\" \/><\/figure><\/div>\n","protected":false},"excerpt":{"rendered":"<p>Projeto da Convivialidade, \u00c9tica e Media\u00e7\u00e3o Escolar\u00a0 Iniciativa promovida pela Dire\u00e7\u00e3o Regional de Educa\u00e7\u00e3o que\u00a0interv\u00e9m a n\u00edvel da preven\u00e7\u00e3o (interven\u00e7\u00e3o prim\u00e1ria), disponibilizando \u00e0s escolas do 1.\u00ba ciclo dois programas de promo\u00e7\u00e3o de compet\u00eancias pessoais e emocionais\/sociais denominados de \u201cDivertidamente\u201d e \u201cJogos da Preven\u00e7\u00e3o\u201d.\u00a0O\u00a0projeto\u00a0Divertidamente\u00a0tem como principais objetivos trabalhar o clima relacional escolar,\u00a0sensibilizando para a import\u00e2ncia das [&hellip;]<\/p>\n","protected":false},"author":72,"featured_media":0,"parent":0,"menu_order":0,"comment_status":"closed","ping_status":"closed","template":"","meta":{"site-sidebar-layout":"no-sidebar","site-content-layout":"","ast-site-content-layout":"default","site-content-style":"default","site-sidebar-style":"default","ast-global-header-display":"","ast-banner-title-visibility":"","ast-main-header-display":"","ast-hfb-above-header-display":"","ast-hfb-below-header-display":"","ast-hfb-mobile-header-display":"","site-post-title":"","ast-breadcrumbs-content":"","ast-featured-img":"","footer-sml-layout":"","ast-disable-related-posts":"","theme-transparent-header-meta":"","adv-header-id-meta":"","stick-header-meta":"","header-above-stick-meta":"","header-main-stick-meta":"","header-below-stick-meta":"","astra-migrate-meta-layouts":"default","ast-page-background-enabled":"default","ast-page-background-meta":{"desktop":{"background-color":"var(--ast-global-color-5)","background-image":"","background-repeat":"repeat","background-position":"center center","background-size":"auto","background-attachment":"scroll","background-type":"","background-media":"","overlay-type":"","overlay-color":"","overlay-opacity":"","overlay-gradient":""},"tablet":{"background-color":"","background-image":"","background-repeat":"repeat","background-position":"center center","background-size":"auto","background-attachment":"scroll","background-type":"","background-media":"","overlay-type":"","overlay-color":"","overlay-opacity":"","overlay-gradient":""},"mobile":{"background-color":"","background-image":"","background-repeat":"repeat","background-position":"center center","background-size":"auto","background-attachment":"scroll","background-type":"","background-media":"","overlay-type":"","overlay-color":"","overlay-opacity":"","overlay-gradient":""}},"ast-content-background-meta":{"desktop":{"background-color":"var(--ast-global-color-4)","background-image":"","background-repeat":"repeat","background-position":"center center","background-size":"auto","background-attachment":"scroll","background-type":"","background-media":"","overlay-type":"","overlay-color":"","overlay-opacity":"","overlay-gradient":""},"tablet":{"background-color":"var(--ast-global-color-4)","background-image":"","background-repeat":"repeat","background-position":"center center","background-size":"auto","background-attachment":"scroll","background-type":"","background-media":"","overlay-type":"","overlay-color":"","overlay-opacity":"","overlay-gradient":""},"mobile":{"background-color":"var(--ast-global-color-4)","background-image":"","background-repeat":"repeat","background-position":"center center","background-size":"auto","background-attachment":"scroll","background-type":"","background-media":"","overlay-type":"","overlay-color":"","overlay-opacity":"","overlay-gradient":""}},"_themeisle_gutenberg_block_has_review":false,"footnotes":""},"class_list":["post-179","page","type-page","status-publish","hentry"],"_links":{"self":[{"href":"https:\/\/escoladigital.madeira.gov.pt\/eb1pesantana\/wp-json\/wp\/v2\/pages\/179","targetHints":{"allow":["GET"]}}],"collection":[{"href":"https:\/\/escoladigital.madeira.gov.pt\/eb1pesantana\/wp-json\/wp\/v2\/pages"}],"about":[{"href":"https:\/\/escoladigital.madeira.gov.pt\/eb1pesantana\/wp-json\/wp\/v2\/types\/page"}],"author":[{"embeddable":true,"href":"https:\/\/escoladigital.madeira.gov.pt\/eb1pesantana\/wp-json\/wp\/v2\/users\/72"}],"replies":[{"embeddable":true,"href":"https:\/\/escoladigital.madeira.gov.pt\/eb1pesantana\/wp-json\/wp\/v2\/comments?post=179"}],"version-history":[{"count":5,"href":"https:\/\/escoladigital.madeira.gov.pt\/eb1pesantana\/wp-json\/wp\/v2\/pages\/179\/revisions"}],"predecessor-version":[{"id":479,"href":"https:\/\/escoladigital.madeira.gov.pt\/eb1pesantana\/wp-json\/wp\/v2\/pages\/179\/revisions\/479"}],"wp:attachment":[{"href":"https:\/\/escoladigital.madeira.gov.pt\/eb1pesantana\/wp-json\/wp\/v2\/media?parent=179"}],"curies":[{"name":"wp","href":"https:\/\/api.w.org\/{rel}","templated":true}]}}