{"id":183,"date":"2025-12-10T11:19:26","date_gmt":"2025-12-10T11:19:26","guid":{"rendered":"https:\/\/escoladigital.madeira.gov.pt\/eb1pesantana\/?page_id=183"},"modified":"2025-12-17T11:28:09","modified_gmt":"2025-12-17T11:28:09","slug":"comunidade","status":"publish","type":"page","link":"https:\/\/escoladigital.madeira.gov.pt\/eb1pesantana\/comunidade\/","title":{"rendered":"Comunidade"},"content":{"rendered":"\n<div class=\"wp-block-columns is-layout-flex wp-container-core-columns-is-layout-28f84493 wp-block-columns-is-layout-flex\">\n<div class=\"wp-block-column is-vertically-aligned-center is-layout-flow wp-block-column-is-layout-flow\" style=\"flex-basis:50%\">\n<div class=\"wp-block-columns is-layout-flex wp-container-core-columns-is-layout-28f84493 wp-block-columns-is-layout-flex\">\n<div class=\"wp-block-column is-layout-flow wp-block-column-is-layout-flow\">\n<figure class=\"wp-block-embed is-type-video is-provider-youtube wp-block-embed-youtube wp-embed-aspect-16-9 wp-has-aspect-ratio\"><div class=\"wp-block-embed__wrapper\">\n<iframe title=\"Edif\u00edcio do Serrado: Iniciativa &quot;Novembro Azul&quot; 2025\" width=\"500\" height=\"281\" src=\"https:\/\/www.youtube.com\/embed\/MKgZEJVCQk0?feature=oembed\" frameborder=\"0\" allow=\"accelerometer; autoplay; clipboard-write; encrypted-media; gyroscope; picture-in-picture; web-share\" referrerpolicy=\"strict-origin-when-cross-origin\" allowfullscreen><\/iframe>\n<\/div><\/figure>\n\n\n\n<iframe src=\"https:\/\/www.facebook.com\/plugins\/post.php?href=https%3A%2F%2Fwww.facebook.com%2Fpermalink.php%3Fstory_fbid%3Dpfbid036ua5c2LrdapArfkQE8f5vQrgX2EZm6dwYVtJGsiKyoFqQzbjcC9ZGDbzSafsNHul%26id%3D100057670410940&amp;show_text=true&amp;width=280\" width=\"157\" height=\"280\" style=\"border:none;overflow:hidden\" scrolling=\"no\" frameborder=\"0\" allowfullscreen=\"true\" allow=\"autoplay; clipboard-write; encrypted-media; picture-in-picture; web-share\"><\/iframe>\n<\/div>\n\n\n\n<div class=\"wp-block-column is-layout-flow wp-block-column-is-layout-flow\">\n<figure class=\"wp-block-embed is-type-video is-provider-youtube wp-block-embed-youtube wp-embed-aspect-16-9 wp-has-aspect-ratio\"><div class=\"wp-block-embed__wrapper\">\n<iframe title=\"Edif\u00edcio do Serrado: Iniciativa &quot;Onda Rosa&quot; 2025\" width=\"500\" height=\"281\" src=\"https:\/\/www.youtube.com\/embed\/bYi5_WBDvRA?feature=oembed\" frameborder=\"0\" allow=\"accelerometer; autoplay; clipboard-write; encrypted-media; gyroscope; picture-in-picture; web-share\" referrerpolicy=\"strict-origin-when-cross-origin\" allowfullscreen><\/iframe>\n<\/div><\/figure>\n\n\n\n<iframe src=\"https:\/\/www.facebook.com\/plugins\/post.php?href=https%3A%2F%2Fwww.facebook.com%2Fpermalink.php%3Fstory_fbid%3Dpfbid02NQCZYHmESjwVTirDHYkYBXmajcnELzvSXNvoVK8kGhJDi57G7ABqTKRcwHcufQC8l%26id%3D100057670410940&amp;show_text=true&amp;width=280\" width=\"157\" height=\"280\" style=\"border:none;overflow:hidden\" scrolling=\"no\" frameborder=\"0\" allowfullscreen=\"true\" allow=\"autoplay; clipboard-write; encrypted-media; picture-in-picture; web-share\"><\/iframe>\n<\/div>\n<\/div>\n<\/div>\n\n\n\n<div class=\"wp-block-column is-layout-flow wp-block-column-is-layout-flow\"><\/div>\n\n\n\n<div class=\"wp-block-column is-layout-flow wp-block-column-is-layout-flow\" style=\"flex-basis:50%\">\n<p>O <strong>Projeto Liga-te<\/strong> \u00e9 uma iniciativa dirigida \u00e0s escolas da regi\u00e3o, promovida pela Liga Portuguesa contra o Cancro, cujos principais objetivos s\u00e3o:<\/p>\n\n\n\n<ul class=\"wp-block-list\">\n<li>tornar a preven\u00e7\u00e3o do cancro expl\u00edcita nas pr\u00e1ticas de promo\u00e7\u00e3o de sa\u00fade, atendendo \u00e0 multidimensionalidade da doen\u00e7a e ao seu impacto no ser humano e na sociedade;<\/li>\n\n\n\n<li>contribuir para uma maior consciencializa\u00e7\u00e3o relativamente \u00e0 etiologia e desenvolvimento do cancro, promovendo uma maior ado\u00e7\u00e3o e\/ou ades\u00e3o a comportamentos preventivos;<\/li>\n\n\n\n<li>promover estilos de vida saud\u00e1veis, nomeadamente os preconizados no C\u00f3digo Europeu Contra o Cancro.<\/li>\n<\/ul>\n\n\n\n<p>Mais informa\u00e7\u00f5es: <a href=\"https:\/\/www.ligacontracancro.pt\/servicos\/detalhe\/url\/projectos-para-criancas-e-jovens-liga-te\/\">https:\/\/www.ligacontracancro.pt\/servicos\/detalhe\/url\/projectos-para-criancas-e-jovens-liga-te\/<\/a><\/p>\n<\/div>\n\n\n\n<div class=\"wp-block-column is-layout-flow wp-block-column-is-layout-flow\"><\/div>\n<\/div>\n\n\n\n<hr class=\"wp-block-separator has-alpha-channel-opacity\" \/>\n\n\n\n<div class=\"wp-block-columns is-layout-flex wp-container-core-columns-is-layout-28f84493 wp-block-columns-is-layout-flex\">\n<div class=\"wp-block-column is-layout-flow wp-block-column-is-layout-flow\" style=\"flex-basis:50%\">\n<p><strong>ETwinning<\/strong>\u00a0\u00e9 uma a\u00e7\u00e3o europeia criada em 2005 que promove o trabalho colaborativo entre escolas de diferentes pa\u00edses, atrav\u00e9s da utiliza\u00e7\u00e3o das Tecnologias de Informa\u00e7\u00e3o e Comunica\u00e7\u00e3o (TIC). Destina-se a professores e alunos de todos os n\u00edveis de ensino e incentiva o desenvolvimento de projetos pedag\u00f3gicos conjuntos, integrados no curr\u00edculo.<br>Atrav\u00e9s do eTwinning, alunos e docentes t\u00eam a oportunidade de trabalhar em contextos\u00a0<strong>multilingues e multiculturais<\/strong>, partilhando experi\u00eancias, conhecimentos e boas pr\u00e1ticas, em projetos que podem abranger diversas \u00e1reas disciplinares. Esta iniciativa contribui para o desenvolvimento de compet\u00eancias essenciais, como a comunica\u00e7\u00e3o, a cidadania europeia, a literacia digital e o trabalho colaborativo.<br>Em Portugal, o eTwinning constitui uma importante ferramenta de apoio \u00e0 autonomia e flexibilidade curricular, promovendo pr\u00e1ticas educativas inclusivas e alinhadas com o Perfil dos Alunos \u00e0 Sa\u00edda da Escolaridade Obrigat\u00f3ria, refor\u00e7ando a participa\u00e7\u00e3o ativa dos alunos nos processos de aprendizagem e na vida da comunidade educativa.<br><br>Para saber mais: <a href=\"https:\/\/www.etwinning.pt\/site\/etwinning\">https:\/\/www.etwinning.pt\/site\/etwinning<\/a><\/p>\n<\/div>\n\n\n\n<div class=\"wp-block-column is-vertically-aligned-center is-layout-flow wp-block-column-is-layout-flow\" style=\"flex-basis:50%\">\n<figure class=\"wp-block-embed aligncenter is-type-video is-provider-youtube wp-block-embed-youtube wp-embed-aspect-16-9 wp-has-aspect-ratio\"><div class=\"wp-block-embed__wrapper\">\n<iframe title=\"Let&#039;s start eTwinning PT\" width=\"500\" height=\"281\" src=\"https:\/\/www.youtube.com\/embed\/7B4RfwvQC54?feature=oembed\" frameborder=\"0\" allow=\"accelerometer; autoplay; clipboard-write; encrypted-media; gyroscope; picture-in-picture; web-share\" referrerpolicy=\"strict-origin-when-cross-origin\" allowfullscreen><\/iframe>\n<\/div><\/figure>\n<\/div>\n<\/div>\n\n\n\n<p><\/p>\n","protected":false},"excerpt":{"rendered":"<p>O Projeto Liga-te \u00e9 uma iniciativa dirigida \u00e0s escolas da regi\u00e3o, promovida pela Liga Portuguesa contra o Cancro, cujos principais objetivos s\u00e3o: Mais informa\u00e7\u00f5es: https:\/\/www.ligacontracancro.pt\/servicos\/detalhe\/url\/projectos-para-criancas-e-jovens-liga-te\/ ETwinning\u00a0\u00e9 uma a\u00e7\u00e3o europeia criada em 2005 que promove o trabalho colaborativo entre escolas de diferentes pa\u00edses, atrav\u00e9s da utiliza\u00e7\u00e3o das Tecnologias de Informa\u00e7\u00e3o e Comunica\u00e7\u00e3o (TIC). Destina-se a professores [&hellip;]<\/p>\n","protected":false},"author":72,"featured_media":0,"parent":0,"menu_order":0,"comment_status":"closed","ping_status":"closed","template":"","meta":{"site-sidebar-layout":"no-sidebar","site-content-layout":"","ast-site-content-layout":"default","site-content-style":"default","site-sidebar-style":"default","ast-global-header-display":"","ast-banner-title-visibility":"","ast-main-header-display":"","ast-hfb-above-header-display":"","ast-hfb-below-header-display":"","ast-hfb-mobile-header-display":"","site-post-title":"","ast-breadcrumbs-content":"","ast-featured-img":"","footer-sml-layout":"","ast-disable-related-posts":"","theme-transparent-header-meta":"","adv-header-id-meta":"","stick-header-meta":"","header-above-stick-meta":"","header-main-stick-meta":"","header-below-stick-meta":"","astra-migrate-meta-layouts":"default","ast-page-background-enabled":"default","ast-page-background-meta":{"desktop":{"background-color":"var(--ast-global-color-5)","background-image":"","background-repeat":"repeat","background-position":"center center","background-size":"auto","background-attachment":"scroll","background-type":"","background-media":"","overlay-type":"","overlay-color":"","overlay-opacity":"","overlay-gradient":""},"tablet":{"background-color":"","background-image":"","background-repeat":"repeat","background-position":"center center","background-size":"auto","background-attachment":"scroll","background-type":"","background-media":"","overlay-type":"","overlay-color":"","overlay-opacity":"","overlay-gradient":""},"mobile":{"background-color":"","background-image":"","background-repeat":"repeat","background-position":"center center","background-size":"auto","background-attachment":"scroll","background-type":"","background-media":"","overlay-type":"","overlay-color":"","overlay-opacity":"","overlay-gradient":""}},"ast-content-background-meta":{"desktop":{"background-color":"var(--ast-global-color-4)","background-image":"","background-repeat":"repeat","background-position":"center center","background-size":"auto","background-attachment":"scroll","background-type":"","background-media":"","overlay-type":"","overlay-color":"","overlay-opacity":"","overlay-gradient":""},"tablet":{"background-color":"var(--ast-global-color-4)","background-image":"","background-repeat":"repeat","background-position":"center center","background-size":"auto","background-attachment":"scroll","background-type":"","background-media":"","overlay-type":"","overlay-color":"","overlay-opacity":"","overlay-gradient":""},"mobile":{"background-color":"var(--ast-global-color-4)","background-image":"","background-repeat":"repeat","background-position":"center center","background-size":"auto","background-attachment":"scroll","background-type":"","background-media":"","overlay-type":"","overlay-color":"","overlay-opacity":"","overlay-gradient":""}},"_themeisle_gutenberg_block_has_review":false,"footnotes":""},"class_list":["post-183","page","type-page","status-publish","hentry"],"_links":{"self":[{"href":"https:\/\/escoladigital.madeira.gov.pt\/eb1pesantana\/wp-json\/wp\/v2\/pages\/183","targetHints":{"allow":["GET"]}}],"collection":[{"href":"https:\/\/escoladigital.madeira.gov.pt\/eb1pesantana\/wp-json\/wp\/v2\/pages"}],"about":[{"href":"https:\/\/escoladigital.madeira.gov.pt\/eb1pesantana\/wp-json\/wp\/v2\/types\/page"}],"author":[{"embeddable":true,"href":"https:\/\/escoladigital.madeira.gov.pt\/eb1pesantana\/wp-json\/wp\/v2\/users\/72"}],"replies":[{"embeddable":true,"href":"https:\/\/escoladigital.madeira.gov.pt\/eb1pesantana\/wp-json\/wp\/v2\/comments?post=183"}],"version-history":[{"count":8,"href":"https:\/\/escoladigital.madeira.gov.pt\/eb1pesantana\/wp-json\/wp\/v2\/pages\/183\/revisions"}],"predecessor-version":[{"id":484,"href":"https:\/\/escoladigital.madeira.gov.pt\/eb1pesantana\/wp-json\/wp\/v2\/pages\/183\/revisions\/484"}],"wp:attachment":[{"href":"https:\/\/escoladigital.madeira.gov.pt\/eb1pesantana\/wp-json\/wp\/v2\/media?parent=183"}],"curies":[{"name":"wp","href":"https:\/\/api.w.org\/{rel}","templated":true}]}}