{"id":102,"date":"2025-02-05T17:02:28","date_gmt":"2025-02-05T17:02:28","guid":{"rendered":"https:\/\/escoladigital.madeira.gov.pt\/eb1pescruz\/?page_id=102"},"modified":"2025-02-17T17:21:51","modified_gmt":"2025-02-17T17:21:51","slug":"contactos","status":"publish","type":"page","link":"https:\/\/escoladigital.madeira.gov.pt\/eb1pescruz\/contactos\/","title":{"rendered":"Contactos"},"content":{"rendered":"\n<figure class=\"wp-block-image aligncenter size-full\"><img fetchpriority=\"high\" decoding=\"async\" width=\"300\" height=\"225\" src=\"https:\/\/escoladigital.madeira.gov.pt\/eb1pescruz\/wp-content\/uploads\/sites\/55\/2025\/02\/EB1PE-de-Santa-Cruz.370x480.jpg\" alt=\"\" class=\"wp-image-117\" \/><\/figure>\n\n\n\n<p class=\"has-text-align-left\"><strong>Identifica\u00e7\u00e3o da Escola:<\/strong><\/p>\n\n\n\n<p class=\"has-text-align-left\"><strong>C\u00f3digo da Escola:<\/strong> 3108109<\/p>\n\n\n\n<p class=\"has-text-align-left\"><strong>Delega\u00e7\u00e3o Escolar: <\/strong>Santa Cruz<\/p>\n\n\n\n<p class=\"has-text-align-left\"><strong>Morada:<\/strong> Avenida 2 de Agosto de 1996<\/p>\n\n\n\n<p class=\"has-text-align-left\">9100-235 Santa Cruz<\/p>\n\n\n\n<p class=\"has-text-align-left\"><strong>Telefone:<\/strong> (351) 291 146036<\/p>\n\n\n\n<p class=\"has-text-align-left\"><strong>E-mail:<\/strong> eb1pecscruz@edu.madeira.gov.pt<\/p>\n\n\n\n<p class=\"has-text-align-left\"><strong>IBAN: <\/strong>PT 50 00 1800003 4788487902068<\/p>\n\n\n\n<p><\/p>\n","protected":false},"excerpt":{"rendered":"<p>Identifica\u00e7\u00e3o da Escola: C\u00f3digo da Escola: 3108109 Delega\u00e7\u00e3o Escolar: Santa Cruz Morada: Avenida 2 de Agosto de 1996 9100-235 Santa Cruz Telefone: (351) 291 146036 E-mail: eb1pecscruz@edu.madeira.gov.pt IBAN: PT 50 00 1800003 4788487902068<\/p>\n","protected":false},"author":71,"featured_media":0,"parent":0,"menu_order":0,"comment_status":"closed","ping_status":"closed","template":"","meta":{"site-sidebar-layout":"default","site-content-layout":"","ast-site-content-layout":"default","site-content-style":"default","site-sidebar-style":"default","ast-global-header-display":"","ast-banner-title-visibility":"","ast-main-header-display":"","ast-hfb-above-header-display":"","ast-hfb-below-header-display":"","ast-hfb-mobile-header-display":"","site-post-title":"","ast-breadcrumbs-content":"","ast-featured-img":"","footer-sml-layout":"","ast-disable-related-posts":"","theme-transparent-header-meta":"","adv-header-id-meta":"","stick-header-meta":"","header-above-stick-meta":"","header-main-stick-meta":"","header-below-stick-meta":"","astra-migrate-meta-layouts":"default","ast-page-background-enabled":"default","ast-page-background-meta":{"desktop":{"background-color":"var(--ast-global-color-5)","background-image":"","background-repeat":"repeat","background-position":"center center","background-size":"auto","background-attachment":"scroll","background-type":"","background-media":"","overlay-type":"","overlay-color":"","overlay-opacity":"","overlay-gradient":""},"tablet":{"background-color":"","background-image":"","background-repeat":"repeat","background-position":"center center","background-size":"auto","background-attachment":"scroll","background-type":"","background-media":"","overlay-type":"","overlay-color":"","overlay-opacity":"","overlay-gradient":""},"mobile":{"background-color":"","background-image":"","background-repeat":"repeat","background-position":"center center","background-size":"auto","background-attachment":"scroll","background-type":"","background-media":"","overlay-type":"","overlay-color":"","overlay-opacity":"","overlay-gradient":""}},"ast-content-background-meta":{"desktop":{"background-color":"var(--ast-global-color-4)","background-image":"","background-repeat":"repeat","background-position":"center center","background-size":"auto","background-attachment":"scroll","background-type":"","background-media":"","overlay-type":"","overlay-color":"","overlay-opacity":"","overlay-gradient":""},"tablet":{"background-color":"var(--ast-global-color-4)","background-image":"","background-repeat":"repeat","background-position":"center center","background-size":"auto","background-attachment":"scroll","background-type":"","background-media":"","overlay-type":"","overlay-color":"","overlay-opacity":"","overlay-gradient":""},"mobile":{"background-color":"var(--ast-global-color-4)","background-image":"","background-repeat":"repeat","background-position":"center center","background-size":"auto","background-attachment":"scroll","background-type":"","background-media":"","overlay-type":"","overlay-color":"","overlay-opacity":"","overlay-gradient":""}},"_themeisle_gutenberg_block_has_review":false,"footnotes":""},"class_list":["post-102","page","type-page","status-publish","hentry"],"_links":{"self":[{"href":"https:\/\/escoladigital.madeira.gov.pt\/eb1pescruz\/wp-json\/wp\/v2\/pages\/102","targetHints":{"allow":["GET"]}}],"collection":[{"href":"https:\/\/escoladigital.madeira.gov.pt\/eb1pescruz\/wp-json\/wp\/v2\/pages"}],"about":[{"href":"https:\/\/escoladigital.madeira.gov.pt\/eb1pescruz\/wp-json\/wp\/v2\/types\/page"}],"author":[{"embeddable":true,"href":"https:\/\/escoladigital.madeira.gov.pt\/eb1pescruz\/wp-json\/wp\/v2\/users\/71"}],"replies":[{"embeddable":true,"href":"https:\/\/escoladigital.madeira.gov.pt\/eb1pescruz\/wp-json\/wp\/v2\/comments?post=102"}],"version-history":[{"count":4,"href":"https:\/\/escoladigital.madeira.gov.pt\/eb1pescruz\/wp-json\/wp\/v2\/pages\/102\/revisions"}],"predecessor-version":[{"id":213,"href":"https:\/\/escoladigital.madeira.gov.pt\/eb1pescruz\/wp-json\/wp\/v2\/pages\/102\/revisions\/213"}],"wp:attachment":[{"href":"https:\/\/escoladigital.madeira.gov.pt\/eb1pescruz\/wp-json\/wp\/v2\/media?parent=102"}],"curies":[{"name":"wp","href":"https:\/\/api.w.org\/{rel}","templated":true}]}}