{"id":36,"date":"2025-01-29T14:44:16","date_gmt":"2025-01-29T14:44:16","guid":{"rendered":"https:\/\/escoladigital.madeira.gov.pt\/eb1pescruz\/?page_id=36"},"modified":"2025-02-08T21:02:16","modified_gmt":"2025-02-08T21:02:16","slug":"pessoal-nao-docente","status":"publish","type":"page","link":"https:\/\/escoladigital.madeira.gov.pt\/eb1pescruz\/pessoal-nao-docente\/","title":{"rendered":"Pessoal N\u00e3o Docente"},"content":{"rendered":"\n<p>\u00a0O Pessoal N\u00e3o Docente da nossa escola \u00e9 composto por:<\/p>\n\n\n\n<p>2 T\u00e9cnicas Superiores de Educa\u00e7\u00e3o de Biblioteca<\/p>\n\n\n\n<p>1 T\u00e9cnica Superior<\/p>\n\n\n\n<p>6 Assistentes T\u00e9cnicas<\/p>\n\n\n\n<p><br>5 Ajudantes de A\u00e7\u00e3o S\u00f3cio-Educativa<\/p>\n\n\n\n<p>31 Assistentes Operacionais<\/p>\n\n\n\n<p><\/p>\n","protected":false},"excerpt":{"rendered":"<p>\u00a0O Pessoal N\u00e3o Docente da nossa escola \u00e9 composto por: 2 T\u00e9cnicas Superiores de Educa\u00e7\u00e3o de Biblioteca 1 T\u00e9cnica Superior 6 Assistentes T\u00e9cnicas 5 Ajudantes de A\u00e7\u00e3o S\u00f3cio-Educativa 31 Assistentes Operacionais<\/p>\n","protected":false},"author":71,"featured_media":0,"parent":0,"menu_order":0,"comment_status":"closed","ping_status":"closed","template":"","meta":{"site-sidebar-layout":"default","site-content-layout":"","ast-site-content-layout":"default","site-content-style":"default","site-sidebar-style":"default","ast-global-header-display":"","ast-banner-title-visibility":"","ast-main-header-display":"","ast-hfb-above-header-display":"","ast-hfb-below-header-display":"","ast-hfb-mobile-header-display":"","site-post-title":"","ast-breadcrumbs-content":"","ast-featured-img":"","footer-sml-layout":"","ast-disable-related-posts":"","theme-transparent-header-meta":"","adv-header-id-meta":"","stick-header-meta":"","header-above-stick-meta":"","header-main-stick-meta":"","header-below-stick-meta":"","astra-migrate-meta-layouts":"default","ast-page-background-enabled":"default","ast-page-background-meta":{"desktop":{"background-color":"var(--ast-global-color-5)","background-image":"","background-repeat":"repeat","background-position":"center center","background-size":"auto","background-attachment":"scroll","background-type":"","background-media":"","overlay-type":"","overlay-color":"","overlay-opacity":"","overlay-gradient":""},"tablet":{"background-color":"","background-image":"","background-repeat":"repeat","background-position":"center center","background-size":"auto","background-attachment":"scroll","background-type":"","background-media":"","overlay-type":"","overlay-color":"","overlay-opacity":"","overlay-gradient":""},"mobile":{"background-color":"","background-image":"","background-repeat":"repeat","background-position":"center center","background-size":"auto","background-attachment":"scroll","background-type":"","background-media":"","overlay-type":"","overlay-color":"","overlay-opacity":"","overlay-gradient":""}},"ast-content-background-meta":{"desktop":{"background-color":"var(--ast-global-color-4)","background-image":"","background-repeat":"repeat","background-position":"center center","background-size":"auto","background-attachment":"scroll","background-type":"","background-media":"","overlay-type":"","overlay-color":"","overlay-opacity":"","overlay-gradient":""},"tablet":{"background-color":"var(--ast-global-color-4)","background-image":"","background-repeat":"repeat","background-position":"center center","background-size":"auto","background-attachment":"scroll","background-type":"","background-media":"","overlay-type":"","overlay-color":"","overlay-opacity":"","overlay-gradient":""},"mobile":{"background-color":"var(--ast-global-color-4)","background-image":"","background-repeat":"repeat","background-position":"center center","background-size":"auto","background-attachment":"scroll","background-type":"","background-media":"","overlay-type":"","overlay-color":"","overlay-opacity":"","overlay-gradient":""}},"_themeisle_gutenberg_block_has_review":false,"footnotes":""},"class_list":["post-36","page","type-page","status-publish","hentry"],"_links":{"self":[{"href":"https:\/\/escoladigital.madeira.gov.pt\/eb1pescruz\/wp-json\/wp\/v2\/pages\/36","targetHints":{"allow":["GET"]}}],"collection":[{"href":"https:\/\/escoladigital.madeira.gov.pt\/eb1pescruz\/wp-json\/wp\/v2\/pages"}],"about":[{"href":"https:\/\/escoladigital.madeira.gov.pt\/eb1pescruz\/wp-json\/wp\/v2\/types\/page"}],"author":[{"embeddable":true,"href":"https:\/\/escoladigital.madeira.gov.pt\/eb1pescruz\/wp-json\/wp\/v2\/users\/71"}],"replies":[{"embeddable":true,"href":"https:\/\/escoladigital.madeira.gov.pt\/eb1pescruz\/wp-json\/wp\/v2\/comments?post=36"}],"version-history":[{"count":2,"href":"https:\/\/escoladigital.madeira.gov.pt\/eb1pescruz\/wp-json\/wp\/v2\/pages\/36\/revisions"}],"predecessor-version":[{"id":115,"href":"https:\/\/escoladigital.madeira.gov.pt\/eb1pescruz\/wp-json\/wp\/v2\/pages\/36\/revisions\/115"}],"wp:attachment":[{"href":"https:\/\/escoladigital.madeira.gov.pt\/eb1pescruz\/wp-json\/wp\/v2\/media?parent=36"}],"curies":[{"name":"wp","href":"https:\/\/api.w.org\/{rel}","templated":true}]}}