{"id":38,"date":"2025-01-29T14:54:35","date_gmt":"2025-01-29T14:54:35","guid":{"rendered":"https:\/\/escoladigital.madeira.gov.pt\/eb1pescruz\/?page_id=38"},"modified":"2025-02-08T21:00:44","modified_gmt":"2025-02-08T21:00:44","slug":"pagina-inicial","status":"publish","type":"page","link":"https:\/\/escoladigital.madeira.gov.pt\/eb1pescruz\/pagina-inicial\/","title":{"rendered":"A.E.C"},"content":{"rendered":"\n<ul class=\"wp-block-list\">\n<li>L\u00edngua Inglesa (dois docentes)<\/li>\n\n\n\n<li>Estudo (4 docentes, 2 no turno da manh\u00e3 e 2 no turno da tarde)<\/li>\n\n\n\n<li>Biblioteca (2 T\u00e9cnicas Superiores de Biblioteca)<\/li>\n\n\n\n<li>Tecnologias de Informa\u00e7\u00e3o e Comunica\u00e7\u00e3o (2 docentes)<\/li>\n\n\n\n<li>Express\u00e3o Pl\u00e1stica (2 docentes)<\/li>\n\n\n\n<li>Express\u00e3o e Educa\u00e7\u00e3o F\u00edsico Motora (3 docentes)<\/li>\n\n\n\n<li>Modalidades Art\u00edsticas (2 docentes)<\/li>\n<\/ul>\n\n\n\n<p><\/p>\n","protected":false},"excerpt":{"rendered":"","protected":false},"author":71,"featured_media":0,"parent":0,"menu_order":0,"comment_status":"closed","ping_status":"closed","template":"","meta":{"site-sidebar-layout":"default","site-content-layout":"","ast-site-content-layout":"default","site-content-style":"default","site-sidebar-style":"default","ast-global-header-display":"","ast-banner-title-visibility":"","ast-main-header-display":"","ast-hfb-above-header-display":"","ast-hfb-below-header-display":"","ast-hfb-mobile-header-display":"","site-post-title":"","ast-breadcrumbs-content":"","ast-featured-img":"","footer-sml-layout":"","ast-disable-related-posts":"","theme-transparent-header-meta":"","adv-header-id-meta":"","stick-header-meta":"","header-above-stick-meta":"","header-main-stick-meta":"","header-below-stick-meta":"","astra-migrate-meta-layouts":"default","ast-page-background-enabled":"default","ast-page-background-meta":{"desktop":{"background-color":"var(--ast-global-color-5)","background-image":"","background-repeat":"repeat","background-position":"center center","background-size":"auto","background-attachment":"scroll","background-type":"","background-media":"","overlay-type":"","overlay-color":"","overlay-opacity":"","overlay-gradient":""},"tablet":{"background-color":"","background-image":"","background-repeat":"repeat","background-position":"center center","background-size":"auto","background-attachment":"scroll","background-type":"","background-media":"","overlay-type":"","overlay-color":"","overlay-opacity":"","overlay-gradient":""},"mobile":{"background-color":"","background-image":"","background-repeat":"repeat","background-position":"center center","background-size":"auto","background-attachment":"scroll","background-type":"","background-media":"","overlay-type":"","overlay-color":"","overlay-opacity":"","overlay-gradient":""}},"ast-content-background-meta":{"desktop":{"background-color":"var(--ast-global-color-4)","background-image":"","background-repeat":"repeat","background-position":"center center","background-size":"auto","background-attachment":"scroll","background-type":"","background-media":"","overlay-type":"","overlay-color":"","overlay-opacity":"","overlay-gradient":""},"tablet":{"background-color":"var(--ast-global-color-4)","background-image":"","background-repeat":"repeat","background-position":"center center","background-size":"auto","background-attachment":"scroll","background-type":"","background-media":"","overlay-type":"","overlay-color":"","overlay-opacity":"","overlay-gradient":""},"mobile":{"background-color":"var(--ast-global-color-4)","background-image":"","background-repeat":"repeat","background-position":"center center","background-size":"auto","background-attachment":"scroll","background-type":"","background-media":"","overlay-type":"","overlay-color":"","overlay-opacity":"","overlay-gradient":""}},"_themeisle_gutenberg_block_has_review":false,"footnotes":""},"class_list":["post-38","page","type-page","status-publish","hentry"],"_links":{"self":[{"href":"https:\/\/escoladigital.madeira.gov.pt\/eb1pescruz\/wp-json\/wp\/v2\/pages\/38","targetHints":{"allow":["GET"]}}],"collection":[{"href":"https:\/\/escoladigital.madeira.gov.pt\/eb1pescruz\/wp-json\/wp\/v2\/pages"}],"about":[{"href":"https:\/\/escoladigital.madeira.gov.pt\/eb1pescruz\/wp-json\/wp\/v2\/types\/page"}],"author":[{"embeddable":true,"href":"https:\/\/escoladigital.madeira.gov.pt\/eb1pescruz\/wp-json\/wp\/v2\/users\/71"}],"replies":[{"embeddable":true,"href":"https:\/\/escoladigital.madeira.gov.pt\/eb1pescruz\/wp-json\/wp\/v2\/comments?post=38"}],"version-history":[{"count":3,"href":"https:\/\/escoladigital.madeira.gov.pt\/eb1pescruz\/wp-json\/wp\/v2\/pages\/38\/revisions"}],"predecessor-version":[{"id":112,"href":"https:\/\/escoladigital.madeira.gov.pt\/eb1pescruz\/wp-json\/wp\/v2\/pages\/38\/revisions\/112"}],"wp:attachment":[{"href":"https:\/\/escoladigital.madeira.gov.pt\/eb1pescruz\/wp-json\/wp\/v2\/media?parent=38"}],"curies":[{"name":"wp","href":"https:\/\/api.w.org\/{rel}","templated":true}]}}