{"id":83,"date":"2025-02-05T14:12:01","date_gmt":"2025-02-05T14:12:01","guid":{"rendered":"https:\/\/escoladigital.madeira.gov.pt\/eb1pescruz\/?page_id=83"},"modified":"2025-02-19T15:57:39","modified_gmt":"2025-02-19T15:57:39","slug":"programa-eco-escolas","status":"publish","type":"page","link":"https:\/\/escoladigital.madeira.gov.pt\/eb1pescruz\/programa-eco-escolas\/","title":{"rendered":"Programa Eco-Escolas"},"content":{"rendered":"\n<p><\/p>\n\n\n\n<p class=\"has-text-align-center\">                          A equipa respons\u00e1vel pelo desenvolvimento do Programa Eco-Escolas \u00e9 a seguinte:<\/p>\n\n\n\n<div class=\"wp-block-columns is-layout-flex wp-container-core-columns-is-layout-28f84493 wp-block-columns-is-layout-flex\">\n<div class=\"wp-block-column is-layout-flow wp-block-column-is-layout-flow\" style=\"flex-basis:66.66%\">\n<p>  2 Coordenadoras do Programa<\/p>\n\n\n\n<p>1 Representante do \u00d3rg\u00e3o de Gest\u00e3o da Escola<\/p>\n\n\n\n<p>6 Representantes dos Professores<\/p>\n\n\n\n<p>18 Representantes dos alunos<\/p>\n\n\n\n<p>2 Representantes do Pessoal N\u00e3o Docente<\/p>\n\n\n\n<p>1 Representante dos Encarregados de Educa\u00e7\u00e3o<\/p>\n\n\n\n<p>1 Representante da Autarquia<\/p>\n\n\n\n<p>1 Representante da Junta de Freguesia<\/p>\n<\/div>\n<\/div>\n\n\n\n<p><\/p>\n\n\n\n<p class=\"has-text-align-center\"><a href=\"https:\/\/escoladigital.madeira.gov.pt\/eb1pescruz\/eb1pescruz\/shared-files\/216\/?Eco-C%C3%B3digo%202024-2025.pdf\">Eco-C\u00f3digo 2024-2025<\/a><\/p>\n\n\n\n<p class=\"has-text-align-center\"><a href=\"https:\/\/escoladigital.madeira.gov.pt\/eb1pescruz\/eb1pescruz\/shared-files\/217\/?Eco-Code%202024-2025.pdf\">Eco-Code 2024-2025<\/a><\/p>\n\n\n\n<p><\/p>\n","protected":false},"excerpt":{"rendered":"<p>A equipa respons\u00e1vel pelo desenvolvimento do Programa Eco-Escolas \u00e9 a seguinte: 2 Coordenadoras do Programa 1 Representante do \u00d3rg\u00e3o de Gest\u00e3o da Escola 6 Representantes dos Professores 18 Representantes dos alunos 2 Representantes do Pessoal N\u00e3o Docente 1 Representante dos Encarregados de Educa\u00e7\u00e3o 1 Representante da Autarquia 1 Representante da Junta de Freguesia Eco-C\u00f3digo 2024-2025 [&hellip;]<\/p>\n","protected":false},"author":71,"featured_media":0,"parent":0,"menu_order":0,"comment_status":"closed","ping_status":"closed","template":"","meta":{"site-sidebar-layout":"no-sidebar","site-content-layout":"","ast-site-content-layout":"full-width-container","site-content-style":"default","site-sidebar-style":"default","ast-global-header-display":"","ast-banner-title-visibility":"","ast-main-header-display":"","ast-hfb-above-header-display":"","ast-hfb-below-header-display":"","ast-hfb-mobile-header-display":"","site-post-title":"","ast-breadcrumbs-content":"","ast-featured-img":"disabled","footer-sml-layout":"","ast-disable-related-posts":"","theme-transparent-header-meta":"","adv-header-id-meta":"","stick-header-meta":"","header-above-stick-meta":"","header-main-stick-meta":"","header-below-stick-meta":"","astra-migrate-meta-layouts":"default","ast-page-background-enabled":"default","ast-page-background-meta":{"desktop":{"background-color":"var(--ast-global-color-5)","background-image":"","background-repeat":"repeat","background-position":"center center","background-size":"auto","background-attachment":"scroll","background-type":"","background-media":"","overlay-type":"","overlay-color":"","overlay-opacity":"","overlay-gradient":""},"tablet":{"background-color":"","background-image":"","background-repeat":"repeat","background-position":"center center","background-size":"auto","background-attachment":"scroll","background-type":"","background-media":"","overlay-type":"","overlay-color":"","overlay-opacity":"","overlay-gradient":""},"mobile":{"background-color":"","background-image":"","background-repeat":"repeat","background-position":"center center","background-size":"auto","background-attachment":"scroll","background-type":"","background-media":"","overlay-type":"","overlay-color":"","overlay-opacity":"","overlay-gradient":""}},"ast-content-background-meta":{"desktop":{"background-color":"var(--ast-global-color-4)","background-image":"","background-repeat":"repeat","background-position":"center center","background-size":"auto","background-attachment":"scroll","background-type":"","background-media":"","overlay-type":"","overlay-color":"","overlay-opacity":"","overlay-gradient":""},"tablet":{"background-color":"var(--ast-global-color-4)","background-image":"","background-repeat":"repeat","background-position":"center center","background-size":"auto","background-attachment":"scroll","background-type":"","background-media":"","overlay-type":"","overlay-color":"","overlay-opacity":"","overlay-gradient":""},"mobile":{"background-color":"var(--ast-global-color-4)","background-image":"","background-repeat":"repeat","background-position":"center center","background-size":"auto","background-attachment":"scroll","background-type":"","background-media":"","overlay-type":"","overlay-color":"","overlay-opacity":"","overlay-gradient":""}},"_themeisle_gutenberg_block_has_review":false,"footnotes":""},"class_list":["post-83","page","type-page","status-publish","hentry"],"_links":{"self":[{"href":"https:\/\/escoladigital.madeira.gov.pt\/eb1pescruz\/wp-json\/wp\/v2\/pages\/83","targetHints":{"allow":["GET"]}}],"collection":[{"href":"https:\/\/escoladigital.madeira.gov.pt\/eb1pescruz\/wp-json\/wp\/v2\/pages"}],"about":[{"href":"https:\/\/escoladigital.madeira.gov.pt\/eb1pescruz\/wp-json\/wp\/v2\/types\/page"}],"author":[{"embeddable":true,"href":"https:\/\/escoladigital.madeira.gov.pt\/eb1pescruz\/wp-json\/wp\/v2\/users\/71"}],"replies":[{"embeddable":true,"href":"https:\/\/escoladigital.madeira.gov.pt\/eb1pescruz\/wp-json\/wp\/v2\/comments?post=83"}],"version-history":[{"count":17,"href":"https:\/\/escoladigital.madeira.gov.pt\/eb1pescruz\/wp-json\/wp\/v2\/pages\/83\/revisions"}],"predecessor-version":[{"id":231,"href":"https:\/\/escoladigital.madeira.gov.pt\/eb1pescruz\/wp-json\/wp\/v2\/pages\/83\/revisions\/231"}],"wp:attachment":[{"href":"https:\/\/escoladigital.madeira.gov.pt\/eb1pescruz\/wp-json\/wp\/v2\/media?parent=83"}],"curies":[{"name":"wp","href":"https:\/\/api.w.org\/{rel}","templated":true}]}}