{"id":110,"date":"2025-11-15T15:19:34","date_gmt":"2025-11-15T15:19:34","guid":{"rendered":"https:\/\/escoladigital.madeira.gov.pt\/eb1pesjorge\/?page_id=110"},"modified":"2025-12-22T18:23:49","modified_gmt":"2025-12-22T18:23:49","slug":"educamedia-2","status":"publish","type":"page","link":"https:\/\/escoladigital.madeira.gov.pt\/eb1pesjorge\/educamedia-2\/","title":{"rendered":"EDUCAmedia"},"content":{"rendered":"\n<div class=\"wp-block-media-text is-stacked-on-mobile is-vertically-aligned-center has-border-color has-ast-global-color-5-background-color has-background\" style=\"border-color:var(--ast-global-color-1);border-width:5px;border-top-left-radius:10px;border-top-right-radius:10px;border-bottom-left-radius:10px;border-bottom-right-radius:10px;padding-top:0;padding-bottom:0;grid-template-columns:36% auto\"><figure class=\"wp-block-media-text__media\"><a href=\"https:\/\/teducativas.madeira.gov.pt\/educamedia\/educamedia.html\"><img fetchpriority=\"high\" decoding=\"async\" width=\"1024\" height=\"379\" src=\"https:\/\/escoladigital.madeira.gov.pt\/eb1pesjorge\/wp-content\/uploads\/sites\/20\/2025\/11\/Educamedia-1024x379.png\" alt=\"\" class=\"wp-image-42 size-full\" srcset=\"https:\/\/escoladigital.madeira.gov.pt\/eb1pesjorge\/wp-content\/uploads\/sites\/20\/2025\/11\/Educamedia-1024x379.png 1024w, https:\/\/escoladigital.madeira.gov.pt\/eb1pesjorge\/wp-content\/uploads\/sites\/20\/2025\/11\/Educamedia-300x111.png 300w, https:\/\/escoladigital.madeira.gov.pt\/eb1pesjorge\/wp-content\/uploads\/sites\/20\/2025\/11\/Educamedia-768x284.png 768w, https:\/\/escoladigital.madeira.gov.pt\/eb1pesjorge\/wp-content\/uploads\/sites\/20\/2025\/11\/Educamedia-1536x569.png 1536w, https:\/\/escoladigital.madeira.gov.pt\/eb1pesjorge\/wp-content\/uploads\/sites\/20\/2025\/11\/Educamedia-2048x759.png 2048w\" sizes=\"(max-width: 1024px) 100vw, 1024px\" \/><\/a><\/figure><div class=\"wp-block-media-text__content\">\n<div class=\"wp-block-group is-vertical is-layout-flex wp-container-core-group-is-layout-fe9cc265 wp-block-group-is-layout-flex\">\n<p>O Edif\u00edcio de S\u00e3o Jorge participa no <strong><a href=\"https:\/\/teducativas.madeira.gov.pt\/educamedia\/educamedia.html\">EDUCAmedia<\/a><\/strong>, um programa regional que promove a educa\u00e7\u00e3o para os media, capacitando os alunos a compreender, interpretar e produzir conte\u00fados de forma cr\u00edtica e respons\u00e1vel. Atrav\u00e9s deste programa, os alunos desenvolvem compet\u00eancias essenciais para navegar no mundo digital, analisando mensagens, identificando fontes confi\u00e1veis e comunicando com clareza e criatividade.<\/p>\n\n\n\n<p>Integrado neste programa, \u00e9 desenvolvido o projeto <strong><a href=\"https:\/\/teducativas.madeira.gov.pt\/educamedia\/projetos\/aprender-com-o-cinema\/projeto.html\">Aprender com o Cinema<\/a><\/strong>, o qual utiliza filmes e curtas-metragens como ferramentas pedag\u00f3gicas para estimular a reflex\u00e3o, o debate e a compreens\u00e3o de diferentes tem\u00e1ticas. Ao longo do ano, os alunos assistem a produ\u00e7\u00f5es selecionadas e participam em atividades orientadas que promovem a a interpreta\u00e7\u00e3o cr\u00edtica de narrativas, a discuss\u00e3o de valores e cidadania, o desenvolvimento da express\u00e3o oral e escrita e a liga\u00e7\u00e3o entre cinema, arte e aprendizagem.<\/p>\n\n\n\n<p>\u00c9 promovido, ainda, a participa\u00e7\u00e3o em algumas  <strong>Atividades e Eventos Anuais<\/strong> relacionados com literacia medi\u00e1tica e express\u00e3o art\u00edstica e em alguns <strong>Desafios Mensais<\/strong>, que prop\u00f5em tarefas pr\u00e1ticas relacionadas com fotografia, v\u00eddeo, desenho, escrita criativa e an\u00e1lise de conte\u00fados.<\/p>\n\n\n\n<p>Cada desafio incentiva a criatividade, a autonomia e o pensamento cr\u00edtico, refor\u00e7ando as compet\u00eancias digitais e medi\u00e1ticas dos nossos alunos.<\/p>\n<\/div>\n<\/div><\/div>\n\n\n<div class=\"is-style-boxed wp-block-themeisle-blocks-posts-grid\" id=\"wp-block-themeisle-blocks-posts-grid-ce649200\"><div class=\"is-grid o-posts-grid-columns-3\"><div class=\"o-posts-grid-post-blog o-posts-grid-post-plain\"><div class=\"o-posts-grid-post\"><div class=\"o-posts-grid-post-image\"><a href=\"https:\/\/escoladigital.madeira.gov.pt\/eb1pesjorge\/2026\/03\/05\/seguranca-na-internet\/\"><img decoding=\"async\" width=\"1383\" height=\"512\" src=\"https:\/\/escoladigital.madeira.gov.pt\/eb1pesjorge\/wp-content\/uploads\/sites\/20\/2026\/03\/Seguranca-na-Internet.jpg\" class=\"attachment-full size-full\" alt=\"Spot publicit\u00e1rio &#8211; Seguran\u00e7a na Internet\" srcset=\"https:\/\/escoladigital.madeira.gov.pt\/eb1pesjorge\/wp-content\/uploads\/sites\/20\/2026\/03\/Seguranca-na-Internet.jpg 1383w, https:\/\/escoladigital.madeira.gov.pt\/eb1pesjorge\/wp-content\/uploads\/sites\/20\/2026\/03\/Seguranca-na-Internet-300x111.jpg 300w, https:\/\/escoladigital.madeira.gov.pt\/eb1pesjorge\/wp-content\/uploads\/sites\/20\/2026\/03\/Seguranca-na-Internet-1024x379.jpg 1024w, https:\/\/escoladigital.madeira.gov.pt\/eb1pesjorge\/wp-content\/uploads\/sites\/20\/2026\/03\/Seguranca-na-Internet-768x284.jpg 768w\" sizes=\"(max-width: 1383px) 100vw, 1383px\" \/><\/a><\/div><div class=\"o-posts-grid-post-body\"><span class=\"o-posts-grid-post-category\"><a href=\"https:\/\/escoladigital.madeira.gov.pt\/eb1pesjorge\/category\/educamedia\/\">EDUCAmedia<\/a><\/span><h4 class=\"o-posts-grid-post-title\"><a href=\"https:\/\/escoladigital.madeira.gov.pt\/eb1pesjorge\/2026\/03\/05\/seguranca-na-internet\/\">Spot publicit\u00e1rio &#8211; Seguran\u00e7a na Internet<\/a><\/h4><p class=\"o-posts-grid-post-meta\">  <time datetime=\"2026-03-05T21:09:08+00:00\">5 de Mar\u00e7o, 2026<\/time> by <a href=\"https:\/\/escoladigital.madeira.gov.pt\/eb1pesjorge\/author\/eb1pesjorge\/\">eb1pesjorge<\/a><\/p><div class=\"o-posts-grid-post-description\"><p>No \u00e2mbito do Dia da Internet Mais Segura e do desafio mensal de fevereiro e promovido pelo programa \u2026<\/p><\/div><\/div><\/div><\/div><div class=\"o-posts-grid-post-blog o-posts-grid-post-plain\"><div class=\"o-posts-grid-post\"><div class=\"o-posts-grid-post-image\"><a href=\"https:\/\/escoladigital.madeira.gov.pt\/eb1pesjorge\/2026\/02\/17\/1-de-pixilacao-carnaval\/\"><img decoding=\"async\" width=\"1763\" height=\"1478\" src=\"https:\/\/escoladigital.madeira.gov.pt\/eb1pesjorge\/wp-content\/uploads\/sites\/20\/2026\/02\/Pixilacao-Carnaval.jpg\" class=\"attachment-full size-full\" alt=\"1` de Pixila\u00e7\u00e3o- Carnaval\" srcset=\"https:\/\/escoladigital.madeira.gov.pt\/eb1pesjorge\/wp-content\/uploads\/sites\/20\/2026\/02\/Pixilacao-Carnaval.jpg 1763w, https:\/\/escoladigital.madeira.gov.pt\/eb1pesjorge\/wp-content\/uploads\/sites\/20\/2026\/02\/Pixilacao-Carnaval-300x252.jpg 300w, https:\/\/escoladigital.madeira.gov.pt\/eb1pesjorge\/wp-content\/uploads\/sites\/20\/2026\/02\/Pixilacao-Carnaval-1024x858.jpg 1024w, https:\/\/escoladigital.madeira.gov.pt\/eb1pesjorge\/wp-content\/uploads\/sites\/20\/2026\/02\/Pixilacao-Carnaval-768x644.jpg 768w, https:\/\/escoladigital.madeira.gov.pt\/eb1pesjorge\/wp-content\/uploads\/sites\/20\/2026\/02\/Pixilacao-Carnaval-1536x1288.jpg 1536w\" sizes=\"(max-width: 1763px) 100vw, 1763px\" \/><\/a><\/div><div class=\"o-posts-grid-post-body\"><span class=\"o-posts-grid-post-category\"><a href=\"https:\/\/escoladigital.madeira.gov.pt\/eb1pesjorge\/category\/educamedia\/\">EDUCAmedia<\/a><\/span><h4 class=\"o-posts-grid-post-title\"><a href=\"https:\/\/escoladigital.madeira.gov.pt\/eb1pesjorge\/2026\/02\/17\/1-de-pixilacao-carnaval\/\">1` de Pixila\u00e7\u00e3o- Carnaval<\/a><\/h4><p class=\"o-posts-grid-post-meta\">  <time datetime=\"2026-02-17T22:52:00+00:00\">17 de Fevereiro, 2026<\/time> by <a href=\"https:\/\/escoladigital.madeira.gov.pt\/eb1pesjorge\/author\/eb1pesjorge\/\">eb1pesjorge<\/a><\/p><div class=\"o-posts-grid-post-description\"><p>Aproveitamos para partilhar um momento especial da nossa atividade \u201c1` de Pixila\u00e7\u00e3o- Carnaval&#8221;\u2026<\/p><\/div><\/div><\/div><\/div><div class=\"o-posts-grid-post-blog o-posts-grid-post-plain\"><div class=\"o-posts-grid-post\"><div class=\"o-posts-grid-post-image\"><a href=\"https:\/\/escoladigital.madeira.gov.pt\/eb1pesjorge\/2026\/02\/14\/feliz-dia-da-amizade-e-do-amor\/\"><img loading=\"lazy\" decoding=\"async\" width=\"885\" height=\"332\" src=\"https:\/\/escoladigital.madeira.gov.pt\/eb1pesjorge\/wp-content\/uploads\/sites\/20\/2026\/03\/Imagem-Podcast.jpg\" class=\"attachment-full size-full\" alt=\"Feliz Dia da Amizade e do Amor\" srcset=\"https:\/\/escoladigital.madeira.gov.pt\/eb1pesjorge\/wp-content\/uploads\/sites\/20\/2026\/03\/Imagem-Podcast.jpg 885w, https:\/\/escoladigital.madeira.gov.pt\/eb1pesjorge\/wp-content\/uploads\/sites\/20\/2026\/03\/Imagem-Podcast-300x113.jpg 300w, https:\/\/escoladigital.madeira.gov.pt\/eb1pesjorge\/wp-content\/uploads\/sites\/20\/2026\/03\/Imagem-Podcast-768x288.jpg 768w\" sizes=\"(max-width: 885px) 100vw, 885px\" \/><\/a><\/div><div class=\"o-posts-grid-post-body\"><span class=\"o-posts-grid-post-category\"><a href=\"https:\/\/escoladigital.madeira.gov.pt\/eb1pesjorge\/category\/educamedia\/\">EDUCAmedia<\/a><\/span><h4 class=\"o-posts-grid-post-title\"><a href=\"https:\/\/escoladigital.madeira.gov.pt\/eb1pesjorge\/2026\/02\/14\/feliz-dia-da-amizade-e-do-amor\/\">Feliz Dia da Amizade e do Amor<\/a><\/h4><p class=\"o-posts-grid-post-meta\">  <time datetime=\"2026-02-14T22:23:57+00:00\">14 de Fevereiro, 2026<\/time> by <a href=\"https:\/\/escoladigital.madeira.gov.pt\/eb1pesjorge\/author\/eb1pesjorge\/\">eb1pesjorge<\/a><\/p><div class=\"o-posts-grid-post-description\"><p><\/p><\/div><\/div><\/div><\/div><div class=\"o-posts-grid-post-blog o-posts-grid-post-plain\"><div class=\"o-posts-grid-post\"><div class=\"o-posts-grid-post-image\"><a href=\"https:\/\/escoladigital.madeira.gov.pt\/eb1pesjorge\/2026\/01\/21\/desafio-mensal-janeiro-2026-entrevista-sobre-uma-tradicao\/\"><img loading=\"lazy\" decoding=\"async\" width=\"553\" height=\"197\" src=\"https:\/\/escoladigital.madeira.gov.pt\/eb1pesjorge\/wp-content\/uploads\/sites\/20\/2026\/01\/Imagem-entrevista.jpg\" class=\"attachment-full size-full\" alt=\"Desafio mensal janeiro 2026: Entrevista sobre uma tradi\u00e7\u00e3o\" srcset=\"https:\/\/escoladigital.madeira.gov.pt\/eb1pesjorge\/wp-content\/uploads\/sites\/20\/2026\/01\/Imagem-entrevista.jpg 553w, https:\/\/escoladigital.madeira.gov.pt\/eb1pesjorge\/wp-content\/uploads\/sites\/20\/2026\/01\/Imagem-entrevista-300x107.jpg 300w\" sizes=\"(max-width: 553px) 100vw, 553px\" \/><\/a><\/div><div class=\"o-posts-grid-post-body\"><span class=\"o-posts-grid-post-category\"><a href=\"https:\/\/escoladigital.madeira.gov.pt\/eb1pesjorge\/category\/educamedia\/\">EDUCAmedia<\/a><\/span><h4 class=\"o-posts-grid-post-title\"><a href=\"https:\/\/escoladigital.madeira.gov.pt\/eb1pesjorge\/2026\/01\/21\/desafio-mensal-janeiro-2026-entrevista-sobre-uma-tradicao\/\">Desafio mensal janeiro 2026: Entrevista sobre uma tradi\u00e7\u00e3o<\/a><\/h4><p class=\"o-posts-grid-post-meta\">  <time datetime=\"2026-01-21T22:12:14+00:00\">21 de Janeiro, 2026<\/time> by <a href=\"https:\/\/escoladigital.madeira.gov.pt\/eb1pesjorge\/author\/eb1pesjorge\/\">eb1pesjorge<\/a><\/p><div class=\"o-posts-grid-post-description\"><p>No \u00e2mbito do Desafio Mensal de Janeiro 2026 da EDUCAmedia, subordinado ao tema \u201cEntrevista Personali\u2026<\/p><\/div><\/div><\/div><\/div><div class=\"o-posts-grid-post-blog o-posts-grid-post-plain\"><div class=\"o-posts-grid-post\"><div class=\"o-posts-grid-post-image\"><a href=\"https:\/\/escoladigital.madeira.gov.pt\/eb1pesjorge\/2025\/12\/16\/postal-audiovisual-de-natal\/\"><img loading=\"lazy\" decoding=\"async\" width=\"1098\" height=\"402\" src=\"https:\/\/escoladigital.madeira.gov.pt\/eb1pesjorge\/wp-content\/uploads\/sites\/20\/2025\/12\/Postal-de-Natal.jpg\" class=\"attachment-full size-full\" alt=\"Postal Audiovisual de Natal\" srcset=\"https:\/\/escoladigital.madeira.gov.pt\/eb1pesjorge\/wp-content\/uploads\/sites\/20\/2025\/12\/Postal-de-Natal.jpg 1098w, https:\/\/escoladigital.madeira.gov.pt\/eb1pesjorge\/wp-content\/uploads\/sites\/20\/2025\/12\/Postal-de-Natal-300x110.jpg 300w, https:\/\/escoladigital.madeira.gov.pt\/eb1pesjorge\/wp-content\/uploads\/sites\/20\/2025\/12\/Postal-de-Natal-1024x375.jpg 1024w, https:\/\/escoladigital.madeira.gov.pt\/eb1pesjorge\/wp-content\/uploads\/sites\/20\/2025\/12\/Postal-de-Natal-768x281.jpg 768w\" sizes=\"(max-width: 1098px) 100vw, 1098px\" \/><\/a><\/div><div class=\"o-posts-grid-post-body\"><span class=\"o-posts-grid-post-category\"><a href=\"https:\/\/escoladigital.madeira.gov.pt\/eb1pesjorge\/category\/educamedia\/\">EDUCAmedia<\/a><\/span><h4 class=\"o-posts-grid-post-title\"><a href=\"https:\/\/escoladigital.madeira.gov.pt\/eb1pesjorge\/2025\/12\/16\/postal-audiovisual-de-natal\/\">Postal Audiovisual de Natal<\/a><\/h4><p class=\"o-posts-grid-post-meta\">  <time datetime=\"2025-12-16T17:58:04+00:00\">16 de Dezembro, 2025<\/time> by <a href=\"https:\/\/escoladigital.madeira.gov.pt\/eb1pesjorge\/author\/eb1pesjorge\/\">eb1pesjorge<\/a><\/p><div class=\"o-posts-grid-post-description\"><p>Este v\u00eddeo \u00e9 um Postal Audiovisual de Natal, onde reina a magia e esp\u00edrito de Natal, produzido pelos\u2026<\/p><\/div><\/div><\/div><\/div><div class=\"o-posts-grid-post-blog o-posts-grid-post-plain\"><div class=\"o-posts-grid-post\"><div class=\"o-posts-grid-post-image\"><a href=\"https:\/\/escoladigital.madeira.gov.pt\/eb1pesjorge\/2025\/11\/13\/minuto-lumiere\/\"><img loading=\"lazy\" decoding=\"async\" width=\"782\" height=\"415\" src=\"https:\/\/escoladigital.madeira.gov.pt\/eb1pesjorge\/wp-content\/uploads\/sites\/20\/2025\/12\/Dia-do-Cinema.png\" class=\"attachment-full size-full\" alt=\"Minuto Lumi\u00e9re\" srcset=\"https:\/\/escoladigital.madeira.gov.pt\/eb1pesjorge\/wp-content\/uploads\/sites\/20\/2025\/12\/Dia-do-Cinema.png 782w, https:\/\/escoladigital.madeira.gov.pt\/eb1pesjorge\/wp-content\/uploads\/sites\/20\/2025\/12\/Dia-do-Cinema-300x159.png 300w, https:\/\/escoladigital.madeira.gov.pt\/eb1pesjorge\/wp-content\/uploads\/sites\/20\/2025\/12\/Dia-do-Cinema-768x408.png 768w\" sizes=\"(max-width: 782px) 100vw, 782px\" \/><\/a><\/div><div class=\"o-posts-grid-post-body\"><span class=\"o-posts-grid-post-category\"><a href=\"https:\/\/escoladigital.madeira.gov.pt\/eb1pesjorge\/category\/educamedia\/\">EDUCAmedia<\/a><\/span><h4 class=\"o-posts-grid-post-title\"><a href=\"https:\/\/escoladigital.madeira.gov.pt\/eb1pesjorge\/2025\/11\/13\/minuto-lumiere\/\">Minuto Lumi\u00e9re<\/a><\/h4><p class=\"o-posts-grid-post-meta\">  <time datetime=\"2025-11-13T22:23:04+00:00\">13 de Novembro, 2025<\/time> by <a href=\"https:\/\/escoladigital.madeira.gov.pt\/eb1pesjorge\/author\/eb1pesjorge\/\">eb1pesjorge<\/a><\/p><div class=\"o-posts-grid-post-description\"><p>Uma vez mais, tivemos o prazer de participar no programa EducaMedia, no \u00e2mbito do Dia Mundial do Cin\u2026<\/p><\/div><\/div><\/div><\/div><\/div> <\/div>\n\n\n<figure class=\"wp-block-video aligncenter\"><video height=\"480\" style=\"aspect-ratio: 848 \/ 480;\" width=\"848\" controls src=\"https:\/\/escoladigital.madeira.gov.pt\/eb1pesjorge\/wp-content\/uploads\/sites\/20\/2025\/11\/1-min-32-segundos.mp4\"><\/video><figcaption class=\"wp-element-caption\"><strong>Desafio Mensal &#8211; Outubro: An\u00fancio publicit\u00e1rio \u201cEu gosto da minha escola\u201d<\/strong><\/figcaption><\/figure>\n\n\n\n<figure class=\"wp-block-video aligncenter\"><video height=\"1080\" style=\"aspect-ratio: 1920 \/ 1080;\" width=\"1920\" controls src=\"https:\/\/escoladigital.madeira.gov.pt\/eb1pesjorge\/wp-content\/uploads\/sites\/20\/2025\/11\/30DE-HORROR.mp4\"><\/video><figcaption class=\"wp-element-caption\"><strong>Evento Anual: 30 segundos de Horror<\/strong><\/figcaption><\/figure>\n\n\n\n<figure class=\"wp-block-video aligncenter\"><video height=\"1080\" style=\"aspect-ratio: 1920 \/ 1080;\" width=\"1920\" controls src=\"https:\/\/escoladigital.madeira.gov.pt\/eb1pesjorge\/wp-content\/uploads\/sites\/20\/2025\/11\/O-tempo-em-movimento.mp4\"><\/video><figcaption class=\"wp-element-caption\"><strong>Evento Anual &#8220;Minuto Lumi\u00e9re&#8221;, no \u00e2mbito do Dia Mundial do Cinema, com o v\u00eddeo &#8220;O tempo em movimento&#8221;<\/strong><\/figcaption><\/figure>\n\n\n\n<figure class=\"wp-block-video\"><\/figure>\n","protected":false},"excerpt":{"rendered":"","protected":false},"author":29,"featured_media":0,"parent":0,"menu_order":0,"comment_status":"closed","ping_status":"closed","template":"","meta":{"site-sidebar-layout":"default","site-content-layout":"","ast-site-content-layout":"default","site-content-style":"default","site-sidebar-style":"default","ast-global-header-display":"","ast-banner-title-visibility":"","ast-main-header-display":"","ast-hfb-above-header-display":"","ast-hfb-below-header-display":"","ast-hfb-mobile-header-display":"","site-post-title":"","ast-breadcrumbs-content":"","ast-featured-img":"","footer-sml-layout":"","ast-disable-related-posts":"","theme-transparent-header-meta":"","adv-header-id-meta":"","stick-header-meta":"","header-above-stick-meta":"","header-main-stick-meta":"","header-below-stick-meta":"","astra-migrate-meta-layouts":"default","ast-page-background-enabled":"default","ast-page-background-meta":{"desktop":{"background-color":"var(--ast-global-color-5)","background-image":"","background-repeat":"repeat","background-position":"center center","background-size":"auto","background-attachment":"scroll","background-type":"","background-media":"","overlay-type":"","overlay-color":"","overlay-opacity":"","overlay-gradient":""},"tablet":{"background-color":"","background-image":"","background-repeat":"repeat","background-position":"center center","background-size":"auto","background-attachment":"scroll","background-type":"","background-media":"","overlay-type":"","overlay-color":"","overlay-opacity":"","overlay-gradient":""},"mobile":{"background-color":"","background-image":"","background-repeat":"repeat","background-position":"center center","background-size":"auto","background-attachment":"scroll","background-type":"","background-media":"","overlay-type":"","overlay-color":"","overlay-opacity":"","overlay-gradient":""}},"ast-content-background-meta":{"desktop":{"background-color":"var(--ast-global-color-4)","background-image":"","background-repeat":"repeat","background-position":"center center","background-size":"auto","background-attachment":"scroll","background-type":"","background-media":"","overlay-type":"","overlay-color":"","overlay-opacity":"","overlay-gradient":""},"tablet":{"background-color":"var(--ast-global-color-4)","background-image":"","background-repeat":"repeat","background-position":"center center","background-size":"auto","background-attachment":"scroll","background-type":"","background-media":"","overlay-type":"","overlay-color":"","overlay-opacity":"","overlay-gradient":""},"mobile":{"background-color":"var(--ast-global-color-4)","background-image":"","background-repeat":"repeat","background-position":"center center","background-size":"auto","background-attachment":"scroll","background-type":"","background-media":"","overlay-type":"","overlay-color":"","overlay-opacity":"","overlay-gradient":""}},"_themeisle_gutenberg_block_has_review":false,"footnotes":""},"class_list":["post-110","page","type-page","status-publish","hentry"],"_links":{"self":[{"href":"https:\/\/escoladigital.madeira.gov.pt\/eb1pesjorge\/wp-json\/wp\/v2\/pages\/110","targetHints":{"allow":["GET"]}}],"collection":[{"href":"https:\/\/escoladigital.madeira.gov.pt\/eb1pesjorge\/wp-json\/wp\/v2\/pages"}],"about":[{"href":"https:\/\/escoladigital.madeira.gov.pt\/eb1pesjorge\/wp-json\/wp\/v2\/types\/page"}],"author":[{"embeddable":true,"href":"https:\/\/escoladigital.madeira.gov.pt\/eb1pesjorge\/wp-json\/wp\/v2\/users\/29"}],"replies":[{"embeddable":true,"href":"https:\/\/escoladigital.madeira.gov.pt\/eb1pesjorge\/wp-json\/wp\/v2\/comments?post=110"}],"version-history":[{"count":13,"href":"https:\/\/escoladigital.madeira.gov.pt\/eb1pesjorge\/wp-json\/wp\/v2\/pages\/110\/revisions"}],"predecessor-version":[{"id":1134,"href":"https:\/\/escoladigital.madeira.gov.pt\/eb1pesjorge\/wp-json\/wp\/v2\/pages\/110\/revisions\/1134"}],"wp:attachment":[{"href":"https:\/\/escoladigital.madeira.gov.pt\/eb1pesjorge\/wp-json\/wp\/v2\/media?parent=110"}],"curies":[{"name":"wp","href":"https:\/\/api.w.org\/{rel}","templated":true}]}}