{"id":1120,"date":"2025-12-16T16:50:53","date_gmt":"2025-12-16T16:50:53","guid":{"rendered":"https:\/\/escoladigital.madeira.gov.pt\/eb1pesjorge\/?page_id=1120"},"modified":"2025-12-28T14:39:55","modified_gmt":"2025-12-28T14:39:55","slug":"historia","status":"publish","type":"page","link":"https:\/\/escoladigital.madeira.gov.pt\/eb1pesjorge\/historia\/","title":{"rendered":"Hist\u00f3ria"},"content":{"rendered":"\n<div class=\"wp-block-group has-border-color has-ast-global-color-5-background-color has-background is-vertical is-layout-flex wp-container-core-group-is-layout-fe9cc265 wp-block-group-is-layout-flex\" style=\"border-color:var(--ast-global-color-1);border-top-left-radius:5px;border-top-right-radius:5px;border-bottom-left-radius:5px;border-bottom-right-radius:5px\">\n<p>Remonta j\u00e1 ao s\u00e9culo XVI o ensino da leitura e da escrita, na Madeira. Efetivamente, das constitui\u00e7\u00f5es do Bispado do Funchal promulgadas pelo Bispo D. Jer\u00f3nimo Barreto, em 4 de maio de 1579 as pessoas que exerciam esse mister, eram obrigadas tamb\u00e9m a ensinar a doutrina crist\u00e3 pela cartilha impressa e nas escolas n\u00e3o podiam servir-se sen\u00e3o de <em>\u201cpapeis e livros de boa doutrina aproveit\u00e1veis aos bons costumes das crian\u00e7as\u201d<\/em>.<\/p>\n\n\n\n<p>A instru\u00e7\u00e3o prim\u00e1ria era clerical. E \u00e9 precisamente da igreja, em 1822 que se ergue a voz do Padre Freitas Branco, p\u00e1roco de S\u00e3o Jorge, para clamar a instala\u00e7\u00e3o de uma escola nesta freguesia, facto que se concretiza em 1856.<\/p>\n\n\n\n<p><em>\u201cDecreto (pelo Minist\u00e9rio do Reino \u2013 Di\u00e1rio do Governo n.\u00ba 129) creando no districto do Funchal 12 cadeiras de instru\u00e7\u00e3o primaria para o sexo masculino e 8 para o feminino.\u201d<\/em><\/p>\n\n\n\n<p>O ensino em S\u00e3o Jorge foi ministrado ao longo dos tempos, em diversos Edif\u00edcios. O primeiro registo nesse \u00e2mbito, \u00e9 a Carta de Sua Emin\u00eancia, o Cardeal D. Teod\u00f3sio de Gouveia, dirigida ao seu sobrinho, Dr. Leonel Mendon\u00e7a, aquando das comemora\u00e7\u00f5es do centen\u00e1rio da escola p\u00fablica em S\u00e3o Jorge, publicada no Di\u00e1rio de Not\u00edcias da Madeira do dia 7 de maio de 1956.<\/p>\n\n\n\n<p>Posteriormente, a escola funcionou em v\u00e1rios Edif\u00edcios distribu\u00eddos por alguns s\u00edtios da freguesia, em regime duplo e normal.<\/p>\n\n\n\n<p>A rede escolar de S\u00e3o Jorge, em 1969, era composta pelas escolas de Achada de Ant\u00f3nio Teixeira, Ribeira Funda, Faj\u00e3 Alta, Achada do Marques e Ilha.<\/p>\n\n\n\n<p>A 15 de abril de 1989, pelo Decreto Legislativo Regional n.\u00ba 11\/89\/M, o s\u00edtio da Ilha passa a ser freguesia, e deixam de pertencer \u00e0 rede escolar de S\u00e3o Jorge, as escolas da Ilha e da Achada do Marques.<\/p>\n\n\n\n<p>Em 1995-1996 surgiu na RAM o regime ETI (Escola a Tempo Inteiro) que em S\u00e3o Jorge leva \u00e0 fus\u00e3o das escolas ent\u00e3o existentes: Ribeira Funda, Faj\u00e3 Alta e Achada de Ant\u00f3nio Teixeira passando a designar-se por EB1\/PE de S\u00e3o Jorge.<\/p>\n\n\n\n<p>Em 2006, fez-se o redimensionamento do edif\u00edcio passando a chamar-se EB1\/PE\/C de S\u00e3o Jorge.<\/p>\n\n\n\n<p>Em 2015 d\u00e1-se uma outra fus\u00e3o e a ent\u00e3o EB1\/PE\/C de S\u00e3o Jorge passa a integrar todos os alunos e crian\u00e7as da freguesia do Arco de S\u00e3o Jorge.<\/p>\n\n\n\n<p>Em agosto de 2024, d\u00e1-se a fus\u00e3o de todas as escolas do concelho de Santana com a EBS Bispo D. Manuel Ferreira Cabral <a href=\"https:\/\/escoladigital.madeira.gov.pt\/eb1pesjorge\/wp-content\/uploads\/sites\/20\/2025\/12\/Port_332_2024_fusao.pdf\" data-type=\"attachment\" data-id=\"1148\">(Portaria n.\u00ba 332\/2024<\/a>, de 22\/08 &#8211; p\u00e1g. 4).<\/p>\n\n\n\n<p>Como resultado desta fus\u00e3o, pass\u00e1mos a ser designados como Edif\u00edcio de S\u00e3o Jorge, integrado na escola da sede de concelho que ao incluir todos os edif\u00edcios, passou a designar-se Escola B\u00e1sica e Secund\u00e1ria com Pr\u00e9-escolar e Creche Bispo D. Manuel Ferreira Cabral.<\/p>\n<\/div>\n","protected":false},"excerpt":{"rendered":"<p>Remonta j\u00e1 ao s\u00e9culo XVI o ensino da leitura e da escrita, na Madeira. Efetivamente, das constitui\u00e7\u00f5es do Bispado do [&hellip;]<\/p>\n","protected":false},"author":29,"featured_media":0,"parent":0,"menu_order":0,"comment_status":"closed","ping_status":"closed","template":"","meta":{"site-sidebar-layout":"default","site-content-layout":"","ast-site-content-layout":"default","site-content-style":"default","site-sidebar-style":"default","ast-global-header-display":"","ast-banner-title-visibility":"","ast-main-header-display":"","ast-hfb-above-header-display":"","ast-hfb-below-header-display":"","ast-hfb-mobile-header-display":"","site-post-title":"","ast-breadcrumbs-content":"","ast-featured-img":"","footer-sml-layout":"","ast-disable-related-posts":"","theme-transparent-header-meta":"","adv-header-id-meta":"","stick-header-meta":"","header-above-stick-meta":"","header-main-stick-meta":"","header-below-stick-meta":"","astra-migrate-meta-layouts":"default","ast-page-background-enabled":"default","ast-page-background-meta":{"desktop":{"background-color":"var(--ast-global-color-5)","background-image":"","background-repeat":"repeat","background-position":"center center","background-size":"auto","background-attachment":"scroll","background-type":"","background-media":"","overlay-type":"","overlay-color":"","overlay-opacity":"","overlay-gradient":""},"tablet":{"background-color":"","background-image":"","background-repeat":"repeat","background-position":"center center","background-size":"auto","background-attachment":"scroll","background-type":"","background-media":"","overlay-type":"","overlay-color":"","overlay-opacity":"","overlay-gradient":""},"mobile":{"background-color":"","background-image":"","background-repeat":"repeat","background-position":"center center","background-size":"auto","background-attachment":"scroll","background-type":"","background-media":"","overlay-type":"","overlay-color":"","overlay-opacity":"","overlay-gradient":""}},"ast-content-background-meta":{"desktop":{"background-color":"var(--ast-global-color-4)","background-image":"","background-repeat":"repeat","background-position":"center center","background-size":"auto","background-attachment":"scroll","background-type":"","background-media":"","overlay-type":"","overlay-color":"","overlay-opacity":"","overlay-gradient":""},"tablet":{"background-color":"var(--ast-global-color-4)","background-image":"","background-repeat":"repeat","background-position":"center center","background-size":"auto","background-attachment":"scroll","background-type":"","background-media":"","overlay-type":"","overlay-color":"","overlay-opacity":"","overlay-gradient":""},"mobile":{"background-color":"var(--ast-global-color-4)","background-image":"","background-repeat":"repeat","background-position":"center center","background-size":"auto","background-attachment":"scroll","background-type":"","background-media":"","overlay-type":"","overlay-color":"","overlay-opacity":"","overlay-gradient":""}},"_themeisle_gutenberg_block_has_review":false,"footnotes":""},"class_list":["post-1120","page","type-page","status-publish","hentry"],"_links":{"self":[{"href":"https:\/\/escoladigital.madeira.gov.pt\/eb1pesjorge\/wp-json\/wp\/v2\/pages\/1120","targetHints":{"allow":["GET"]}}],"collection":[{"href":"https:\/\/escoladigital.madeira.gov.pt\/eb1pesjorge\/wp-json\/wp\/v2\/pages"}],"about":[{"href":"https:\/\/escoladigital.madeira.gov.pt\/eb1pesjorge\/wp-json\/wp\/v2\/types\/page"}],"author":[{"embeddable":true,"href":"https:\/\/escoladigital.madeira.gov.pt\/eb1pesjorge\/wp-json\/wp\/v2\/users\/29"}],"replies":[{"embeddable":true,"href":"https:\/\/escoladigital.madeira.gov.pt\/eb1pesjorge\/wp-json\/wp\/v2\/comments?post=1120"}],"version-history":[{"count":7,"href":"https:\/\/escoladigital.madeira.gov.pt\/eb1pesjorge\/wp-json\/wp\/v2\/pages\/1120\/revisions"}],"predecessor-version":[{"id":1153,"href":"https:\/\/escoladigital.madeira.gov.pt\/eb1pesjorge\/wp-json\/wp\/v2\/pages\/1120\/revisions\/1153"}],"wp:attachment":[{"href":"https:\/\/escoladigital.madeira.gov.pt\/eb1pesjorge\/wp-json\/wp\/v2\/media?parent=1120"}],"curies":[{"name":"wp","href":"https:\/\/api.w.org\/{rel}","templated":true}]}}