{"id":145,"date":"2025-11-15T22:07:20","date_gmt":"2025-11-15T22:07:20","guid":{"rendered":"https:\/\/escoladigital.madeira.gov.pt\/eb1pesjorge\/?page_id=145"},"modified":"2025-12-12T01:03:42","modified_gmt":"2025-12-12T01:03:42","slug":"ciencias-da-computacao","status":"publish","type":"page","link":"https:\/\/escoladigital.madeira.gov.pt\/eb1pesjorge\/ciencias-da-computacao\/","title":{"rendered":"Ci\u00eancias da Computa\u00e7\u00e3o"},"content":{"rendered":"\n<div class=\"wp-block-media-text is-stacked-on-mobile is-vertically-aligned-center has-border-color has-ast-global-color-5-background-color has-background\" style=\"border-color:var(--ast-global-color-1);border-width:5px;border-top-left-radius:10px;border-top-right-radius:10px;border-bottom-left-radius:10px;border-bottom-right-radius:10px;grid-template-columns:30% auto\"><figure class=\"wp-block-media-text__media\"><a href=\"https:\/\/teducativas.madeira.gov.pt\/cienciasdacomputacao\/\"><img fetchpriority=\"high\" decoding=\"async\" width=\"988\" height=\"1024\" src=\"https:\/\/escoladigital.madeira.gov.pt\/eb1pesjorge\/wp-content\/uploads\/sites\/20\/2025\/11\/Ciencias-da-Computacao-988x1024.jpg\" alt=\"\" class=\"wp-image-166 size-full\" srcset=\"https:\/\/escoladigital.madeira.gov.pt\/eb1pesjorge\/wp-content\/uploads\/sites\/20\/2025\/11\/Ciencias-da-Computacao-988x1024.jpg 988w, https:\/\/escoladigital.madeira.gov.pt\/eb1pesjorge\/wp-content\/uploads\/sites\/20\/2025\/11\/Ciencias-da-Computacao-289x300.jpg 289w, https:\/\/escoladigital.madeira.gov.pt\/eb1pesjorge\/wp-content\/uploads\/sites\/20\/2025\/11\/Ciencias-da-Computacao-768x796.jpg 768w, https:\/\/escoladigital.madeira.gov.pt\/eb1pesjorge\/wp-content\/uploads\/sites\/20\/2025\/11\/Ciencias-da-Computacao.jpg 1122w\" sizes=\"(max-width: 988px) 100vw, 988px\" \/><\/a><\/figure><div class=\"wp-block-media-text__content\">\n<p>O Edif\u00edcio de S\u00e3o Jorge participa no <strong><a href=\"https:\/\/teducativas.madeira.gov.pt\/cienciasdacomputacao\/\">Projeto Ci\u00eancias da Computa\u00e7\u00e3o<\/a><\/strong>, iniciativa regional que promove o desenvolvimento do pensamento computacional e das compet\u00eancias digitais dos alunos.<\/p>\n\n\n\n<p>Atrav\u00e9s de atividades pr\u00e1ticas de programa\u00e7\u00e3o, algoritmia, rob\u00f3tica e jogos de l\u00f3gica, os alunos aprendem a resolver problemas, pensar de forma cr\u00edtica e utilizar a tecnologia de forma criativa e respons\u00e1vel.<\/p>\n\n\n\n<p>Esta participa\u00e7\u00e3o refor\u00e7a o compromisso da nossa comunidade escolar com uma educa\u00e7\u00e3o inovadora e alinhada com os desafios do futuro, preparando os alunos para um mundo cada vez mais digital.<\/p>\n<\/div><\/div>\n\n\n<div class=\"is-style-boxed wp-block-themeisle-blocks-posts-grid\" id=\"wp-block-themeisle-blocks-posts-grid-534b4223\"><div class=\"is-grid o-posts-grid-columns-3\"><div class=\"o-posts-grid-post-blog o-posts-grid-post-plain\"><div class=\"o-posts-grid-post\"><div class=\"o-posts-grid-post-image\"><a href=\"https:\/\/escoladigital.madeira.gov.pt\/eb1pesjorge\/2026\/03\/08\/certificado-de-excelencia-pela-participacao-na-codeweek\/\"><img decoding=\"async\" width=\"2500\" height=\"675\" src=\"https:\/\/escoladigital.madeira.gov.pt\/eb1pesjorge\/wp-content\/uploads\/sites\/20\/2026\/03\/Codeweek.jpg\" class=\"attachment-full size-full\" alt=\"Certificado de Excel\u00eancia pela participa\u00e7\u00e3o na CodeWeek\" srcset=\"https:\/\/escoladigital.madeira.gov.pt\/eb1pesjorge\/wp-content\/uploads\/sites\/20\/2026\/03\/Codeweek.jpg 2500w, https:\/\/escoladigital.madeira.gov.pt\/eb1pesjorge\/wp-content\/uploads\/sites\/20\/2026\/03\/Codeweek-300x81.jpg 300w, https:\/\/escoladigital.madeira.gov.pt\/eb1pesjorge\/wp-content\/uploads\/sites\/20\/2026\/03\/Codeweek-1024x276.jpg 1024w, https:\/\/escoladigital.madeira.gov.pt\/eb1pesjorge\/wp-content\/uploads\/sites\/20\/2026\/03\/Codeweek-768x207.jpg 768w, https:\/\/escoladigital.madeira.gov.pt\/eb1pesjorge\/wp-content\/uploads\/sites\/20\/2026\/03\/Codeweek-1536x415.jpg 1536w, https:\/\/escoladigital.madeira.gov.pt\/eb1pesjorge\/wp-content\/uploads\/sites\/20\/2026\/03\/Codeweek-2048x553.jpg 2048w\" sizes=\"(max-width: 2500px) 100vw, 2500px\" \/><\/a><\/div><div class=\"o-posts-grid-post-body\"><h4 class=\"o-posts-grid-post-title\"><a href=\"https:\/\/escoladigital.madeira.gov.pt\/eb1pesjorge\/2026\/03\/08\/certificado-de-excelencia-pela-participacao-na-codeweek\/\">Certificado de Excel\u00eancia pela participa\u00e7\u00e3o na CodeWeek<\/a><\/h4><\/div><\/div><\/div><div class=\"o-posts-grid-post-blog o-posts-grid-post-plain\"><div class=\"o-posts-grid-post\"><div class=\"o-posts-grid-post-image\"><a href=\"https:\/\/escoladigital.madeira.gov.pt\/eb1pesjorge\/2025\/12\/14\/participacao-na-hora-da-ia\/\"><img decoding=\"async\" width=\"1024\" height=\"1024\" src=\"https:\/\/escoladigital.madeira.gov.pt\/eb1pesjorge\/wp-content\/uploads\/sites\/20\/2025\/12\/Hora-da-IA-logo2.png\" class=\"attachment-full size-full\" alt=\"Participa\u00e7\u00e3o na Hora da IA\" srcset=\"https:\/\/escoladigital.madeira.gov.pt\/eb1pesjorge\/wp-content\/uploads\/sites\/20\/2025\/12\/Hora-da-IA-logo2.png 1024w, https:\/\/escoladigital.madeira.gov.pt\/eb1pesjorge\/wp-content\/uploads\/sites\/20\/2025\/12\/Hora-da-IA-logo2-300x300.png 300w, https:\/\/escoladigital.madeira.gov.pt\/eb1pesjorge\/wp-content\/uploads\/sites\/20\/2025\/12\/Hora-da-IA-logo2-150x150.png 150w, https:\/\/escoladigital.madeira.gov.pt\/eb1pesjorge\/wp-content\/uploads\/sites\/20\/2025\/12\/Hora-da-IA-logo2-768x768.png 768w\" sizes=\"(max-width: 1024px) 100vw, 1024px\" \/><\/a><\/div><div class=\"o-posts-grid-post-body\"><h4 class=\"o-posts-grid-post-title\"><a href=\"https:\/\/escoladigital.madeira.gov.pt\/eb1pesjorge\/2025\/12\/14\/participacao-na-hora-da-ia\/\">Participa\u00e7\u00e3o na Hora da IA<\/a><\/h4><\/div><\/div><\/div><div class=\"o-posts-grid-post-blog o-posts-grid-post-plain\"><div class=\"o-posts-grid-post\"><div class=\"o-posts-grid-post-image\"><a href=\"https:\/\/escoladigital.madeira.gov.pt\/eb1pesjorge\/2025\/11\/06\/workshops-de-ciencias-da-computacao-no-nosso-edificio\/\"><img loading=\"lazy\" decoding=\"async\" width=\"1080\" height=\"608\" src=\"https:\/\/escoladigital.madeira.gov.pt\/eb1pesjorge\/wp-content\/uploads\/sites\/20\/2025\/11\/Imagem-Workshops.jpg\" class=\"attachment-full size-full\" alt=\"Workshops de Ci\u00eancias da Computa\u00e7\u00e3o no nosso Edif\u00edcio!\" srcset=\"https:\/\/escoladigital.madeira.gov.pt\/eb1pesjorge\/wp-content\/uploads\/sites\/20\/2025\/11\/Imagem-Workshops.jpg 1080w, https:\/\/escoladigital.madeira.gov.pt\/eb1pesjorge\/wp-content\/uploads\/sites\/20\/2025\/11\/Imagem-Workshops-300x169.jpg 300w, https:\/\/escoladigital.madeira.gov.pt\/eb1pesjorge\/wp-content\/uploads\/sites\/20\/2025\/11\/Imagem-Workshops-1024x576.jpg 1024w, https:\/\/escoladigital.madeira.gov.pt\/eb1pesjorge\/wp-content\/uploads\/sites\/20\/2025\/11\/Imagem-Workshops-768x432.jpg 768w\" sizes=\"(max-width: 1080px) 100vw, 1080px\" \/><\/a><\/div><div class=\"o-posts-grid-post-body\"><h4 class=\"o-posts-grid-post-title\"><a href=\"https:\/\/escoladigital.madeira.gov.pt\/eb1pesjorge\/2025\/11\/06\/workshops-de-ciencias-da-computacao-no-nosso-edificio\/\">Workshops de Ci\u00eancias da Computa\u00e7\u00e3o no nosso Edif\u00edcio!<\/a><\/h4><\/div><\/div><\/div><div class=\"o-posts-grid-post-blog o-posts-grid-post-plain\"><div class=\"o-posts-grid-post\"><div class=\"o-posts-grid-post-image\"><a href=\"https:\/\/escoladigital.madeira.gov.pt\/eb1pesjorge\/2025\/11\/05\/halloween-com-as-ciencias-da-computacao\/\"><img loading=\"lazy\" decoding=\"async\" width=\"1332\" height=\"673\" src=\"https:\/\/escoladigital.madeira.gov.pt\/eb1pesjorge\/wp-content\/uploads\/sites\/20\/2025\/11\/CC_Halloween-capa.png\" class=\"attachment-full size-full\" alt=\"Halloween com as Ci\u00eancias da Computa\u00e7\u00e3o!\" srcset=\"https:\/\/escoladigital.madeira.gov.pt\/eb1pesjorge\/wp-content\/uploads\/sites\/20\/2025\/11\/CC_Halloween-capa.png 1332w, https:\/\/escoladigital.madeira.gov.pt\/eb1pesjorge\/wp-content\/uploads\/sites\/20\/2025\/11\/CC_Halloween-capa-300x152.png 300w, https:\/\/escoladigital.madeira.gov.pt\/eb1pesjorge\/wp-content\/uploads\/sites\/20\/2025\/11\/CC_Halloween-capa-1024x517.png 1024w, https:\/\/escoladigital.madeira.gov.pt\/eb1pesjorge\/wp-content\/uploads\/sites\/20\/2025\/11\/CC_Halloween-capa-768x388.png 768w\" sizes=\"(max-width: 1332px) 100vw, 1332px\" \/><\/a><\/div><div class=\"o-posts-grid-post-body\"><h4 class=\"o-posts-grid-post-title\"><a href=\"https:\/\/escoladigital.madeira.gov.pt\/eb1pesjorge\/2025\/11\/05\/halloween-com-as-ciencias-da-computacao\/\">Halloween com as Ci\u00eancias da Computa\u00e7\u00e3o!<\/a><\/h4><\/div><\/div><\/div><div class=\"o-posts-grid-post-blog o-posts-grid-post-plain\"><div class=\"o-posts-grid-post\"><div class=\"o-posts-grid-post-image\"><a href=\"https:\/\/escoladigital.madeira.gov.pt\/eb1pesjorge\/2025\/11\/03\/codeweek-pequenos-programadores-grandes-ideias\/\"><img loading=\"lazy\" decoding=\"async\" width=\"1367\" height=\"947\" src=\"https:\/\/escoladigital.madeira.gov.pt\/eb1pesjorge\/wp-content\/uploads\/sites\/20\/2025\/12\/Imagem-Certificado.png\" class=\"attachment-full size-full\" alt=\"CodeWeek: pequenos programadores, grandes ideias\" srcset=\"https:\/\/escoladigital.madeira.gov.pt\/eb1pesjorge\/wp-content\/uploads\/sites\/20\/2025\/12\/Imagem-Certificado.png 1367w, https:\/\/escoladigital.madeira.gov.pt\/eb1pesjorge\/wp-content\/uploads\/sites\/20\/2025\/12\/Imagem-Certificado-300x208.png 300w, https:\/\/escoladigital.madeira.gov.pt\/eb1pesjorge\/wp-content\/uploads\/sites\/20\/2025\/12\/Imagem-Certificado-1024x709.png 1024w, https:\/\/escoladigital.madeira.gov.pt\/eb1pesjorge\/wp-content\/uploads\/sites\/20\/2025\/12\/Imagem-Certificado-768x532.png 768w\" sizes=\"(max-width: 1367px) 100vw, 1367px\" \/><\/a><\/div><div class=\"o-posts-grid-post-body\"><h4 class=\"o-posts-grid-post-title\"><a href=\"https:\/\/escoladigital.madeira.gov.pt\/eb1pesjorge\/2025\/11\/03\/codeweek-pequenos-programadores-grandes-ideias\/\">CodeWeek: pequenos programadores, grandes ideias<\/a><\/h4><\/div><\/div><\/div><\/div> <\/div>","protected":false},"excerpt":{"rendered":"<p>O Edif\u00edcio de S\u00e3o Jorge participa no Projeto Ci\u00eancias da Computa\u00e7\u00e3o, iniciativa regional que promove o desenvolvimento do pensamento computacional [&hellip;]<\/p>\n","protected":false},"author":29,"featured_media":0,"parent":0,"menu_order":0,"comment_status":"closed","ping_status":"closed","template":"","meta":{"site-sidebar-layout":"default","site-content-layout":"","ast-site-content-layout":"default","site-content-style":"default","site-sidebar-style":"default","ast-global-header-display":"","ast-banner-title-visibility":"","ast-main-header-display":"","ast-hfb-above-header-display":"","ast-hfb-below-header-display":"","ast-hfb-mobile-header-display":"","site-post-title":"","ast-breadcrumbs-content":"","ast-featured-img":"","footer-sml-layout":"","ast-disable-related-posts":"","theme-transparent-header-meta":"","adv-header-id-meta":"","stick-header-meta":"","header-above-stick-meta":"","header-main-stick-meta":"","header-below-stick-meta":"","astra-migrate-meta-layouts":"default","ast-page-background-enabled":"default","ast-page-background-meta":{"desktop":{"background-color":"var(--ast-global-color-5)","background-image":"","background-repeat":"repeat","background-position":"center center","background-size":"auto","background-attachment":"scroll","background-type":"","background-media":"","overlay-type":"","overlay-color":"","overlay-opacity":"","overlay-gradient":""},"tablet":{"background-color":"","background-image":"","background-repeat":"repeat","background-position":"center center","background-size":"auto","background-attachment":"scroll","background-type":"","background-media":"","overlay-type":"","overlay-color":"","overlay-opacity":"","overlay-gradient":""},"mobile":{"background-color":"","background-image":"","background-repeat":"repeat","background-position":"center center","background-size":"auto","background-attachment":"scroll","background-type":"","background-media":"","overlay-type":"","overlay-color":"","overlay-opacity":"","overlay-gradient":""}},"ast-content-background-meta":{"desktop":{"background-color":"var(--ast-global-color-4)","background-image":"","background-repeat":"repeat","background-position":"center center","background-size":"auto","background-attachment":"scroll","background-type":"","background-media":"","overlay-type":"","overlay-color":"","overlay-opacity":"","overlay-gradient":""},"tablet":{"background-color":"var(--ast-global-color-4)","background-image":"","background-repeat":"repeat","background-position":"center center","background-size":"auto","background-attachment":"scroll","background-type":"","background-media":"","overlay-type":"","overlay-color":"","overlay-opacity":"","overlay-gradient":""},"mobile":{"background-color":"var(--ast-global-color-4)","background-image":"","background-repeat":"repeat","background-position":"center center","background-size":"auto","background-attachment":"scroll","background-type":"","background-media":"","overlay-type":"","overlay-color":"","overlay-opacity":"","overlay-gradient":""}},"_themeisle_gutenberg_block_has_review":false,"footnotes":""},"class_list":["post-145","page","type-page","status-publish","hentry"],"_links":{"self":[{"href":"https:\/\/escoladigital.madeira.gov.pt\/eb1pesjorge\/wp-json\/wp\/v2\/pages\/145","targetHints":{"allow":["GET"]}}],"collection":[{"href":"https:\/\/escoladigital.madeira.gov.pt\/eb1pesjorge\/wp-json\/wp\/v2\/pages"}],"about":[{"href":"https:\/\/escoladigital.madeira.gov.pt\/eb1pesjorge\/wp-json\/wp\/v2\/types\/page"}],"author":[{"embeddable":true,"href":"https:\/\/escoladigital.madeira.gov.pt\/eb1pesjorge\/wp-json\/wp\/v2\/users\/29"}],"replies":[{"embeddable":true,"href":"https:\/\/escoladigital.madeira.gov.pt\/eb1pesjorge\/wp-json\/wp\/v2\/comments?post=145"}],"version-history":[{"count":7,"href":"https:\/\/escoladigital.madeira.gov.pt\/eb1pesjorge\/wp-json\/wp\/v2\/pages\/145\/revisions"}],"predecessor-version":[{"id":900,"href":"https:\/\/escoladigital.madeira.gov.pt\/eb1pesjorge\/wp-json\/wp\/v2\/pages\/145\/revisions\/900"}],"wp:attachment":[{"href":"https:\/\/escoladigital.madeira.gov.pt\/eb1pesjorge\/wp-json\/wp\/v2\/media?parent=145"}],"curies":[{"name":"wp","href":"https:\/\/api.w.org\/{rel}","templated":true}]}}