{"id":146,"date":"2025-11-15T20:55:00","date_gmt":"2025-11-15T20:55:00","guid":{"rendered":"https:\/\/escoladigital.madeira.gov.pt\/eb1pesjorge\/?page_id=146"},"modified":"2025-12-15T22:40:59","modified_gmt":"2025-12-15T22:40:59","slug":"seguranet","status":"publish","type":"page","link":"https:\/\/escoladigital.madeira.gov.pt\/eb1pesjorge\/seguranet\/","title":{"rendered":"SeguraNet"},"content":{"rendered":"\n<div class=\"wp-block-media-text is-stacked-on-mobile has-border-color has-ast-global-color-5-background-color has-background\" style=\"border-color:var(--ast-global-color-1);border-width:5px;border-top-left-radius:10px;border-top-right-radius:10px;border-bottom-left-radius:10px;border-bottom-right-radius:10px;grid-template-columns:33% auto\"><figure class=\"wp-block-media-text__media\"><a href=\"https:\/\/seguranet.pt\/index.php\/desafios-seguranet\"><img fetchpriority=\"high\" decoding=\"async\" width=\"1024\" height=\"426\" src=\"https:\/\/escoladigital.madeira.gov.pt\/eb1pesjorge\/wp-content\/uploads\/sites\/20\/2025\/11\/Desafios-SeguraNet-1024x426.png\" alt=\"\" class=\"wp-image-150 size-full\" srcset=\"https:\/\/escoladigital.madeira.gov.pt\/eb1pesjorge\/wp-content\/uploads\/sites\/20\/2025\/11\/Desafios-SeguraNet-1024x426.png 1024w, https:\/\/escoladigital.madeira.gov.pt\/eb1pesjorge\/wp-content\/uploads\/sites\/20\/2025\/11\/Desafios-SeguraNet-300x125.png 300w, https:\/\/escoladigital.madeira.gov.pt\/eb1pesjorge\/wp-content\/uploads\/sites\/20\/2025\/11\/Desafios-SeguraNet-768x319.png 768w, https:\/\/escoladigital.madeira.gov.pt\/eb1pesjorge\/wp-content\/uploads\/sites\/20\/2025\/11\/Desafios-SeguraNet-1536x639.png 1536w, https:\/\/escoladigital.madeira.gov.pt\/eb1pesjorge\/wp-content\/uploads\/sites\/20\/2025\/11\/Desafios-SeguraNet-2048x851.png 2048w\" sizes=\"(max-width: 1024px) 100vw, 1024px\" \/><\/a><\/figure><div class=\"wp-block-media-text__content\">\n<div class=\"wp-block-group is-vertical is-layout-flex wp-container-core-group-is-layout-fe9cc265 wp-block-group-is-layout-flex\">\n<p>Os alunos do 1.\u00ba Ciclo do Edif\u00edcio de S\u00e3o Jorge participam ativamente, j\u00e1 h\u00e1 muitos anos consecutivos,  no <strong><a href=\"https:\/\/seguranet.pt\/index.php\/desafios-seguranet\">Projeto SeguraNet<\/a><\/strong>, mais precisamente nos &#8220;Desafios SeguraNet&#8221;, uma iniciativa nacional, da Dire\u00e7\u00e3o Geral da Educa\u00e7\u00e3o, que promove a utiliza\u00e7\u00e3o segura, \u00e9tica e respons\u00e1vel da internet e dos ambientes digitais. Atrav\u00e9s deste projeto, pretendemos desenvolver nos alunos compet\u00eancias essenciais para a navega\u00e7\u00e3o consciente, prevenindo riscos e incentivando boas pr\u00e1ticas online. Os alunos envolvem-se nos <strong>3 Desafios SeguraNet<\/strong>, atividades criadas para estimular o pensamento cr\u00edtico, o trabalho colaborativo e a ado\u00e7\u00e3o de comportamentos digitais seguros.<\/p>\n\n\n\n<p>Objetivos: <\/p>\n\n\n\n<ul class=\"wp-block-list\">\n<li>Promover o debate sobre o uso cr\u00edtico, seguro e equilibrado da Internet e das tecnologias digitais;<\/li>\n<\/ul>\n\n\n\n<ul class=\"wp-block-list\">\n<li>Alertar, fomentar e estimular a comunidade educativa para a import\u00e2ncia da cidadania digital.<\/li>\n<\/ul>\n<\/div>\n<\/div><\/div>\n\n\n<div class=\"is-style-boxed wp-block-themeisle-blocks-posts-grid\" id=\"wp-block-themeisle-blocks-posts-grid-ce3d774f\"><div class=\"is-grid o-posts-grid-columns-3\"><div class=\"o-posts-grid-post-blog o-posts-grid-post-plain\"><div class=\"o-posts-grid-post\"><div class=\"o-posts-grid-post-image\"><a href=\"https:\/\/escoladigital.madeira.gov.pt\/eb1pesjorge\/2026\/03\/05\/seguranca-na-internet\/\"><img decoding=\"async\" width=\"1383\" height=\"512\" src=\"https:\/\/escoladigital.madeira.gov.pt\/eb1pesjorge\/wp-content\/uploads\/sites\/20\/2026\/03\/Seguranca-na-Internet.jpg\" class=\"attachment-full size-full\" alt=\"Spot publicit\u00e1rio &#8211; Seguran\u00e7a na Internet\" srcset=\"https:\/\/escoladigital.madeira.gov.pt\/eb1pesjorge\/wp-content\/uploads\/sites\/20\/2026\/03\/Seguranca-na-Internet.jpg 1383w, https:\/\/escoladigital.madeira.gov.pt\/eb1pesjorge\/wp-content\/uploads\/sites\/20\/2026\/03\/Seguranca-na-Internet-300x111.jpg 300w, https:\/\/escoladigital.madeira.gov.pt\/eb1pesjorge\/wp-content\/uploads\/sites\/20\/2026\/03\/Seguranca-na-Internet-1024x379.jpg 1024w, https:\/\/escoladigital.madeira.gov.pt\/eb1pesjorge\/wp-content\/uploads\/sites\/20\/2026\/03\/Seguranca-na-Internet-768x284.jpg 768w\" sizes=\"(max-width: 1383px) 100vw, 1383px\" \/><\/a><\/div><div class=\"o-posts-grid-post-body\"><h4 class=\"o-posts-grid-post-title\"><a href=\"https:\/\/escoladigital.madeira.gov.pt\/eb1pesjorge\/2026\/03\/05\/seguranca-na-internet\/\">Spot publicit\u00e1rio &#8211; Seguran\u00e7a na Internet<\/a><\/h4><div class=\"o-posts-grid-post-description\"><p>No \u00e2mbito do Dia da Internet Mais Segura e do desafio mensal de fevereiro e promovido pelo programa \u2026<\/p><\/div><\/div><\/div><\/div><div class=\"o-posts-grid-post-blog o-posts-grid-post-plain\"><div class=\"o-posts-grid-post\"><div class=\"o-posts-grid-post-image\"><a href=\"https:\/\/escoladigital.madeira.gov.pt\/eb1pesjorge\/2025\/11\/07\/vencedor-dos-desafios-seguranet\/\"><img decoding=\"async\" width=\"440\" height=\"320\" src=\"https:\/\/escoladigital.madeira.gov.pt\/eb1pesjorge\/wp-content\/uploads\/sites\/20\/2025\/11\/seguranet.jpeg\" class=\"attachment-full size-full\" alt=\"Vencedor dos Desafios SeguraNet\" srcset=\"https:\/\/escoladigital.madeira.gov.pt\/eb1pesjorge\/wp-content\/uploads\/sites\/20\/2025\/11\/seguranet.jpeg 440w, https:\/\/escoladigital.madeira.gov.pt\/eb1pesjorge\/wp-content\/uploads\/sites\/20\/2025\/11\/seguranet-300x218.jpeg 300w\" sizes=\"(max-width: 440px) 100vw, 440px\" \/><\/a><\/div><div class=\"o-posts-grid-post-body\"><h4 class=\"o-posts-grid-post-title\"><a href=\"https:\/\/escoladigital.madeira.gov.pt\/eb1pesjorge\/2025\/11\/07\/vencedor-dos-desafios-seguranet\/\">Vencedor dos Desafios SeguraNet<\/a><\/h4><div class=\"o-posts-grid-post-description\"><p>O nosso Edificio foi um dos vencedores, a n\u00edvel nacional, dos Desafios SeguraNet, no ano letivo 2024\u2026<\/p><\/div><\/div><\/div><\/div><\/div> <\/div>","protected":false},"excerpt":{"rendered":"","protected":false},"author":29,"featured_media":0,"parent":0,"menu_order":0,"comment_status":"closed","ping_status":"closed","template":"","meta":{"site-sidebar-layout":"default","site-content-layout":"","ast-site-content-layout":"default","site-content-style":"default","site-sidebar-style":"default","ast-global-header-display":"","ast-banner-title-visibility":"","ast-main-header-display":"","ast-hfb-above-header-display":"","ast-hfb-below-header-display":"","ast-hfb-mobile-header-display":"","site-post-title":"","ast-breadcrumbs-content":"","ast-featured-img":"","footer-sml-layout":"","ast-disable-related-posts":"","theme-transparent-header-meta":"","adv-header-id-meta":"","stick-header-meta":"","header-above-stick-meta":"","header-main-stick-meta":"","header-below-stick-meta":"","astra-migrate-meta-layouts":"default","ast-page-background-enabled":"default","ast-page-background-meta":{"desktop":{"background-color":"var(--ast-global-color-5)","background-image":"","background-repeat":"repeat","background-position":"center center","background-size":"auto","background-attachment":"scroll","background-type":"","background-media":"","overlay-type":"","overlay-color":"","overlay-opacity":"","overlay-gradient":""},"tablet":{"background-color":"","background-image":"","background-repeat":"repeat","background-position":"center center","background-size":"auto","background-attachment":"scroll","background-type":"","background-media":"","overlay-type":"","overlay-color":"","overlay-opacity":"","overlay-gradient":""},"mobile":{"background-color":"","background-image":"","background-repeat":"repeat","background-position":"center center","background-size":"auto","background-attachment":"scroll","background-type":"","background-media":"","overlay-type":"","overlay-color":"","overlay-opacity":"","overlay-gradient":""}},"ast-content-background-meta":{"desktop":{"background-color":"var(--ast-global-color-4)","background-image":"","background-repeat":"repeat","background-position":"center center","background-size":"auto","background-attachment":"scroll","background-type":"","background-media":"","overlay-type":"","overlay-color":"","overlay-opacity":"","overlay-gradient":""},"tablet":{"background-color":"var(--ast-global-color-4)","background-image":"","background-repeat":"repeat","background-position":"center center","background-size":"auto","background-attachment":"scroll","background-type":"","background-media":"","overlay-type":"","overlay-color":"","overlay-opacity":"","overlay-gradient":""},"mobile":{"background-color":"var(--ast-global-color-4)","background-image":"","background-repeat":"repeat","background-position":"center center","background-size":"auto","background-attachment":"scroll","background-type":"","background-media":"","overlay-type":"","overlay-color":"","overlay-opacity":"","overlay-gradient":""}},"_themeisle_gutenberg_block_has_review":false,"footnotes":""},"class_list":["post-146","page","type-page","status-publish","hentry"],"_links":{"self":[{"href":"https:\/\/escoladigital.madeira.gov.pt\/eb1pesjorge\/wp-json\/wp\/v2\/pages\/146","targetHints":{"allow":["GET"]}}],"collection":[{"href":"https:\/\/escoladigital.madeira.gov.pt\/eb1pesjorge\/wp-json\/wp\/v2\/pages"}],"about":[{"href":"https:\/\/escoladigital.madeira.gov.pt\/eb1pesjorge\/wp-json\/wp\/v2\/types\/page"}],"author":[{"embeddable":true,"href":"https:\/\/escoladigital.madeira.gov.pt\/eb1pesjorge\/wp-json\/wp\/v2\/users\/29"}],"replies":[{"embeddable":true,"href":"https:\/\/escoladigital.madeira.gov.pt\/eb1pesjorge\/wp-json\/wp\/v2\/comments?post=146"}],"version-history":[{"count":10,"href":"https:\/\/escoladigital.madeira.gov.pt\/eb1pesjorge\/wp-json\/wp\/v2\/pages\/146\/revisions"}],"predecessor-version":[{"id":1097,"href":"https:\/\/escoladigital.madeira.gov.pt\/eb1pesjorge\/wp-json\/wp\/v2\/pages\/146\/revisions\/1097"}],"wp:attachment":[{"href":"https:\/\/escoladigital.madeira.gov.pt\/eb1pesjorge\/wp-json\/wp\/v2\/media?parent=146"}],"curies":[{"name":"wp","href":"https:\/\/api.w.org\/{rel}","templated":true}]}}