{"id":194,"date":"2025-11-15T18:03:25","date_gmt":"2025-11-15T18:03:25","guid":{"rendered":"https:\/\/escoladigital.madeira.gov.pt\/eb1pesjorge\/?page_id=194"},"modified":"2025-12-12T01:04:51","modified_gmt":"2025-12-12T01:04:51","slug":"plano-regional-de-educacao-rodoviaria","status":"publish","type":"page","link":"https:\/\/escoladigital.madeira.gov.pt\/eb1pesjorge\/plano-regional-de-educacao-rodoviaria\/","title":{"rendered":"Plano Regional de Educa\u00e7\u00e3o Rodovi\u00e1ria"},"content":{"rendered":"\n<div class=\"wp-block-media-text is-stacked-on-mobile has-border-color has-ast-global-color-5-background-color has-background\" style=\"border-color:var(--ast-global-color-1);border-width:5px;border-top-left-radius:10px;border-top-right-radius:10px;border-bottom-left-radius:10px;border-bottom-right-radius:10px;margin-top:0;margin-bottom:0;grid-template-columns:27% auto\"><figure class=\"wp-block-media-text__media\"><a href=\"https:\/\/projetosdre.madeira.gov.pt\/prer\/\"><img decoding=\"async\" width=\"169\" height=\"211\" src=\"https:\/\/escoladigital.madeira.gov.pt\/eb1pesjorge\/wp-content\/uploads\/sites\/20\/2025\/11\/PRER.jpg\" alt=\"\" class=\"wp-image-43 size-full\" \/><\/a><\/figure><div class=\"wp-block-media-text__content\">\n<div class=\"wp-block-group is-vertical is-layout-flex wp-container-core-group-is-layout-fe9cc265 wp-block-group-is-layout-flex\">\n<p>O Edif\u00edcio de S\u00e3o Jorge participa, j\u00e1 h\u00e1 v\u00e1rios anos letivos, no <strong><a href=\"https:\/\/projetosdre.madeira.gov.pt\/prer\/\">Plano Regional de Educa\u00e7\u00e3o Rodovi\u00e1ria (PRER)<\/a><\/strong>, uma iniciativa regional que promove a forma\u00e7\u00e3o de crian\u00e7as e jovens para uma mobilidade mais segura, respons\u00e1vel e consciente.<\/p>\n\n\n\n<p>Atrav\u00e9s deste Plano, as nossas crian\u00e7as e alunos t\u00eam a oportunidade de desenvolver compet\u00eancias essenciais no \u00e2mbito da educa\u00e7\u00e3o rodovi\u00e1ria, abordando temas como o comportamento seguro enquanto pe\u00f5es, ciclistas ou passageiros, o respeito pelas regras de tr\u00e2nsito e a compreens\u00e3o da import\u00e2ncia da preven\u00e7\u00e3o rodovi\u00e1ria no dia a dia. Refor\u00e7amos o papel da comunidade educativa na constru\u00e7\u00e3o de um ambiente mais seguro para todos, contribuindo para a forma\u00e7\u00e3o integral doas nossas crian\u00e7as e alunos e para a preven\u00e7\u00e3o de acidentes rodovi\u00e1rios na Regi\u00e3o Aut\u00f3noma da Madeira.<\/p>\n\n\n\n<p>A participa\u00e7\u00e3o neste projeto representa um compromisso com a promo\u00e7\u00e3o de valores como responsabilidade, civismo e respeito pelo pr\u00f3ximo.<\/p>\n<\/div>\n<\/div><\/div>\n\n\n\n<p><\/p>\n","protected":false},"excerpt":{"rendered":"","protected":false},"author":29,"featured_media":0,"parent":0,"menu_order":0,"comment_status":"closed","ping_status":"closed","template":"","meta":{"site-sidebar-layout":"default","site-content-layout":"","ast-site-content-layout":"default","site-content-style":"default","site-sidebar-style":"default","ast-global-header-display":"","ast-banner-title-visibility":"","ast-main-header-display":"","ast-hfb-above-header-display":"","ast-hfb-below-header-display":"","ast-hfb-mobile-header-display":"","site-post-title":"","ast-breadcrumbs-content":"","ast-featured-img":"","footer-sml-layout":"","ast-disable-related-posts":"","theme-transparent-header-meta":"","adv-header-id-meta":"","stick-header-meta":"","header-above-stick-meta":"","header-main-stick-meta":"","header-below-stick-meta":"","astra-migrate-meta-layouts":"default","ast-page-background-enabled":"default","ast-page-background-meta":{"desktop":{"background-color":"var(--ast-global-color-5)","background-image":"","background-repeat":"repeat","background-position":"center center","background-size":"auto","background-attachment":"scroll","background-type":"","background-media":"","overlay-type":"","overlay-color":"","overlay-opacity":"","overlay-gradient":""},"tablet":{"background-color":"","background-image":"","background-repeat":"repeat","background-position":"center center","background-size":"auto","background-attachment":"scroll","background-type":"","background-media":"","overlay-type":"","overlay-color":"","overlay-opacity":"","overlay-gradient":""},"mobile":{"background-color":"","background-image":"","background-repeat":"repeat","background-position":"center center","background-size":"auto","background-attachment":"scroll","background-type":"","background-media":"","overlay-type":"","overlay-color":"","overlay-opacity":"","overlay-gradient":""}},"ast-content-background-meta":{"desktop":{"background-color":"var(--ast-global-color-4)","background-image":"","background-repeat":"repeat","background-position":"center center","background-size":"auto","background-attachment":"scroll","background-type":"","background-media":"","overlay-type":"","overlay-color":"","overlay-opacity":"","overlay-gradient":""},"tablet":{"background-color":"var(--ast-global-color-4)","background-image":"","background-repeat":"repeat","background-position":"center center","background-size":"auto","background-attachment":"scroll","background-type":"","background-media":"","overlay-type":"","overlay-color":"","overlay-opacity":"","overlay-gradient":""},"mobile":{"background-color":"var(--ast-global-color-4)","background-image":"","background-repeat":"repeat","background-position":"center center","background-size":"auto","background-attachment":"scroll","background-type":"","background-media":"","overlay-type":"","overlay-color":"","overlay-opacity":"","overlay-gradient":""}},"_themeisle_gutenberg_block_has_review":false,"footnotes":""},"class_list":["post-194","page","type-page","status-publish","hentry"],"_links":{"self":[{"href":"https:\/\/escoladigital.madeira.gov.pt\/eb1pesjorge\/wp-json\/wp\/v2\/pages\/194","targetHints":{"allow":["GET"]}}],"collection":[{"href":"https:\/\/escoladigital.madeira.gov.pt\/eb1pesjorge\/wp-json\/wp\/v2\/pages"}],"about":[{"href":"https:\/\/escoladigital.madeira.gov.pt\/eb1pesjorge\/wp-json\/wp\/v2\/types\/page"}],"author":[{"embeddable":true,"href":"https:\/\/escoladigital.madeira.gov.pt\/eb1pesjorge\/wp-json\/wp\/v2\/users\/29"}],"replies":[{"embeddable":true,"href":"https:\/\/escoladigital.madeira.gov.pt\/eb1pesjorge\/wp-json\/wp\/v2\/comments?post=194"}],"version-history":[{"count":8,"href":"https:\/\/escoladigital.madeira.gov.pt\/eb1pesjorge\/wp-json\/wp\/v2\/pages\/194\/revisions"}],"predecessor-version":[{"id":903,"href":"https:\/\/escoladigital.madeira.gov.pt\/eb1pesjorge\/wp-json\/wp\/v2\/pages\/194\/revisions\/903"}],"wp:attachment":[{"href":"https:\/\/escoladigital.madeira.gov.pt\/eb1pesjorge\/wp-json\/wp\/v2\/media?parent=194"}],"curies":[{"name":"wp","href":"https:\/\/api.w.org\/{rel}","templated":true}]}}