{"id":291,"date":"2025-12-02T00:25:51","date_gmt":"2025-12-02T00:25:51","guid":{"rendered":"https:\/\/escoladigital.madeira.gov.pt\/eb1pesjorge\/?page_id=291"},"modified":"2025-12-14T23:54:20","modified_gmt":"2025-12-14T23:54:20","slug":"plano-de-prevencao-e-emergencia","status":"publish","type":"page","link":"https:\/\/escoladigital.madeira.gov.pt\/eb1pesjorge\/plano-de-prevencao-e-emergencia\/","title":{"rendered":"Educa\u00e7\u00e3o para a Seguran\u00e7a e Preven\u00e7\u00e3o de Riscos"},"content":{"rendered":"\n<div class=\"wp-block-media-text is-stacked-on-mobile is-vertically-aligned-center has-border-color has-ast-global-color-5-background-color has-background\" style=\"border-color:var(--ast-global-color-1);border-width:5px;border-top-left-radius:10px;border-top-right-radius:10px;border-bottom-left-radius:10px;border-bottom-right-radius:10px;grid-template-columns:39% auto\"><figure class=\"wp-block-media-text__media\"><a href=\"https:\/\/educareprevenir.madeira.gov.pt\/\"><img fetchpriority=\"high\" decoding=\"async\" width=\"350\" height=\"183\" src=\"https:\/\/escoladigital.madeira.gov.pt\/eb1pesjorge\/wp-content\/uploads\/sites\/20\/2025\/12\/PROJ-ESPR.jpg\" alt=\"\" class=\"wp-image-315 size-full\" srcset=\"https:\/\/escoladigital.madeira.gov.pt\/eb1pesjorge\/wp-content\/uploads\/sites\/20\/2025\/12\/PROJ-ESPR.jpg 350w, https:\/\/escoladigital.madeira.gov.pt\/eb1pesjorge\/wp-content\/uploads\/sites\/20\/2025\/12\/PROJ-ESPR-300x157.jpg 300w\" sizes=\"(max-width: 350px) 100vw, 350px\" \/><\/a><\/figure><div class=\"wp-block-media-text__content\">\n<div class=\"wp-block-group is-vertical is-layout-flex wp-container-core-group-is-layout-fe9cc265 wp-block-group-is-layout-flex\">\n<p>O Edif\u00edcio de S\u00e3o Jorge assume, como princ\u00edpio estruturante da sua atua\u00e7\u00e3o, a promo\u00e7\u00e3o de uma cultura de seguran\u00e7a s\u00f3lida, respons\u00e1vel e participativa. Atrav\u00e9s do projeto <strong><a href=\"https:\/\/educareprevenir.madeira.gov.pt\/\">Educa\u00e7\u00e3o para a Seguran\u00e7a e Preven\u00e7\u00e3o de Riscos<\/a><\/strong>, desenvolvemos iniciativas cont\u00ednuas que visam sensibilizar, formar e capacitar as crian\u00e7as, alunos, formandos, pessoal docente e n\u00e3o docente para comportamentos seguros e preventivos no quotidiano.<\/p>\n\n\n\n<p>Este projeto \u00e9 parte integrante de uma estrat\u00e9gia mais ampla de gest\u00e3o respons\u00e1vel, que inclui a atualiza\u00e7\u00e3o cont\u00ednua do <strong><a href=\"https:\/\/escoladigital.madeira.gov.pt\/eb1pesjorge\/plano-de-prevencao-e-emergencia-2\/\" data-type=\"page\" data-id=\"333\">Plano de Preven\u00e7\u00e3o e Emerg\u00eancia<\/a><\/strong> em conformidade com as normas vigentes.<\/p>\n\n\n\n<p>Ao investir na educa\u00e7\u00e3o para a seguran\u00e7a, refor\u00e7amos a nossa miss\u00e3o: garantir que cada pessoa que utiliza o espa\u00e7o o fa\u00e7a com confian\u00e7a, prote\u00e7\u00e3o e informa\u00e7\u00e3o adequada.<\/p>\n<\/div>\n<\/div><\/div>\n\n\n<div class=\"is-style-boxed wp-block-themeisle-blocks-posts-grid\" id=\"wp-block-themeisle-blocks-posts-grid-19623f34\"><div class=\"is-list\"><div class=\"o-posts-grid-post-blog o-posts-grid-post-plain\"><div class=\"o-posts-grid-post\"><div class=\"o-posts-grid-post-image\"><a href=\"https:\/\/escoladigital.madeira.gov.pt\/eb1pesjorge\/2026\/01\/13\/simulacro-geral-de-evacuacao-do-edificio-de-sao-jorge\/\"><img decoding=\"async\" width=\"999\" height=\"1001\" src=\"https:\/\/escoladigital.madeira.gov.pt\/eb1pesjorge\/wp-content\/uploads\/sites\/20\/2026\/01\/protecao_civil_madeira.webp\" class=\"attachment-full size-full\" alt=\"Simulacro Geral de Evacua\u00e7\u00e3o do Edif\u00edcio de S\u00e3o Jorge\" srcset=\"https:\/\/escoladigital.madeira.gov.pt\/eb1pesjorge\/wp-content\/uploads\/sites\/20\/2026\/01\/protecao_civil_madeira.webp 999w, https:\/\/escoladigital.madeira.gov.pt\/eb1pesjorge\/wp-content\/uploads\/sites\/20\/2026\/01\/protecao_civil_madeira-300x300.webp 300w, https:\/\/escoladigital.madeira.gov.pt\/eb1pesjorge\/wp-content\/uploads\/sites\/20\/2026\/01\/protecao_civil_madeira-150x150.webp 150w, https:\/\/escoladigital.madeira.gov.pt\/eb1pesjorge\/wp-content\/uploads\/sites\/20\/2026\/01\/protecao_civil_madeira-768x770.webp 768w\" sizes=\"(max-width: 999px) 100vw, 999px\" \/><\/a><\/div><div class=\"o-posts-grid-post-body\"><h4 class=\"o-posts-grid-post-title\"><a href=\"https:\/\/escoladigital.madeira.gov.pt\/eb1pesjorge\/2026\/01\/13\/simulacro-geral-de-evacuacao-do-edificio-de-sao-jorge\/\">Simulacro Geral de Evacua\u00e7\u00e3o do Edif\u00edcio de S\u00e3o Jorge<\/a><\/h4><div class=\"o-posts-grid-post-description\"><p>No \u00e2mbito do Plano de Preven\u00e7\u00e3o e Emerg\u00eancia, realizou-se no edif\u00edcio de S\u00e3o Jorge da nossa escola, \u2026<\/p><\/div><\/div><\/div><\/div><div class=\"o-posts-grid-post-blog o-posts-grid-post-plain\"><div class=\"o-posts-grid-post\"><div class=\"o-posts-grid-post-image\"><a href=\"https:\/\/escoladigital.madeira.gov.pt\/eb1pesjorge\/2025\/11\/05\/a-terra-treme\/\"><img decoding=\"async\" width=\"900\" height=\"500\" src=\"https:\/\/escoladigital.madeira.gov.pt\/eb1pesjorge\/wp-content\/uploads\/sites\/20\/2025\/12\/Terra-treme-capa.jpg\" class=\"attachment-full size-full\" alt=\"A Terra Treme\" srcset=\"https:\/\/escoladigital.madeira.gov.pt\/eb1pesjorge\/wp-content\/uploads\/sites\/20\/2025\/12\/Terra-treme-capa.jpg 900w, https:\/\/escoladigital.madeira.gov.pt\/eb1pesjorge\/wp-content\/uploads\/sites\/20\/2025\/12\/Terra-treme-capa-300x167.jpg 300w, https:\/\/escoladigital.madeira.gov.pt\/eb1pesjorge\/wp-content\/uploads\/sites\/20\/2025\/12\/Terra-treme-capa-768x427.jpg 768w\" sizes=\"(max-width: 900px) 100vw, 900px\" \/><\/a><\/div><div class=\"o-posts-grid-post-body\"><h4 class=\"o-posts-grid-post-title\"><a href=\"https:\/\/escoladigital.madeira.gov.pt\/eb1pesjorge\/2025\/11\/05\/a-terra-treme\/\">A Terra Treme<\/a><\/h4><div class=\"o-posts-grid-post-description\"><p>A nossa comunidade escolar aliou-se \u00e0 iniciativa da Autoridade Nacional de Emerg\u00eancia e Prote\u00e7\u00e3o Civ\u2026<\/p><\/div><\/div><\/div><\/div><\/div> <\/div>","protected":false},"excerpt":{"rendered":"","protected":false},"author":29,"featured_media":0,"parent":0,"menu_order":0,"comment_status":"closed","ping_status":"closed","template":"","meta":{"site-sidebar-layout":"default","site-content-layout":"","ast-site-content-layout":"default","site-content-style":"default","site-sidebar-style":"default","ast-global-header-display":"","ast-banner-title-visibility":"","ast-main-header-display":"","ast-hfb-above-header-display":"","ast-hfb-below-header-display":"","ast-hfb-mobile-header-display":"","site-post-title":"","ast-breadcrumbs-content":"","ast-featured-img":"","footer-sml-layout":"","ast-disable-related-posts":"","theme-transparent-header-meta":"","adv-header-id-meta":"","stick-header-meta":"","header-above-stick-meta":"","header-main-stick-meta":"","header-below-stick-meta":"","astra-migrate-meta-layouts":"default","ast-page-background-enabled":"default","ast-page-background-meta":{"desktop":{"background-color":"var(--ast-global-color-5)","background-image":"","background-repeat":"repeat","background-position":"center center","background-size":"auto","background-attachment":"scroll","background-type":"","background-media":"","overlay-type":"","overlay-color":"","overlay-opacity":"","overlay-gradient":""},"tablet":{"background-color":"","background-image":"","background-repeat":"repeat","background-position":"center center","background-size":"auto","background-attachment":"scroll","background-type":"","background-media":"","overlay-type":"","overlay-color":"","overlay-opacity":"","overlay-gradient":""},"mobile":{"background-color":"","background-image":"","background-repeat":"repeat","background-position":"center center","background-size":"auto","background-attachment":"scroll","background-type":"","background-media":"","overlay-type":"","overlay-color":"","overlay-opacity":"","overlay-gradient":""}},"ast-content-background-meta":{"desktop":{"background-color":"var(--ast-global-color-4)","background-image":"","background-repeat":"repeat","background-position":"center center","background-size":"auto","background-attachment":"scroll","background-type":"","background-media":"","overlay-type":"","overlay-color":"","overlay-opacity":"","overlay-gradient":""},"tablet":{"background-color":"var(--ast-global-color-4)","background-image":"","background-repeat":"repeat","background-position":"center center","background-size":"auto","background-attachment":"scroll","background-type":"","background-media":"","overlay-type":"","overlay-color":"","overlay-opacity":"","overlay-gradient":""},"mobile":{"background-color":"var(--ast-global-color-4)","background-image":"","background-repeat":"repeat","background-position":"center center","background-size":"auto","background-attachment":"scroll","background-type":"","background-media":"","overlay-type":"","overlay-color":"","overlay-opacity":"","overlay-gradient":""}},"_themeisle_gutenberg_block_has_review":false,"footnotes":""},"class_list":["post-291","page","type-page","status-publish","hentry"],"_links":{"self":[{"href":"https:\/\/escoladigital.madeira.gov.pt\/eb1pesjorge\/wp-json\/wp\/v2\/pages\/291","targetHints":{"allow":["GET"]}}],"collection":[{"href":"https:\/\/escoladigital.madeira.gov.pt\/eb1pesjorge\/wp-json\/wp\/v2\/pages"}],"about":[{"href":"https:\/\/escoladigital.madeira.gov.pt\/eb1pesjorge\/wp-json\/wp\/v2\/types\/page"}],"author":[{"embeddable":true,"href":"https:\/\/escoladigital.madeira.gov.pt\/eb1pesjorge\/wp-json\/wp\/v2\/users\/29"}],"replies":[{"embeddable":true,"href":"https:\/\/escoladigital.madeira.gov.pt\/eb1pesjorge\/wp-json\/wp\/v2\/comments?post=291"}],"version-history":[{"count":13,"href":"https:\/\/escoladigital.madeira.gov.pt\/eb1pesjorge\/wp-json\/wp\/v2\/pages\/291\/revisions"}],"predecessor-version":[{"id":1030,"href":"https:\/\/escoladigital.madeira.gov.pt\/eb1pesjorge\/wp-json\/wp\/v2\/pages\/291\/revisions\/1030"}],"wp:attachment":[{"href":"https:\/\/escoladigital.madeira.gov.pt\/eb1pesjorge\/wp-json\/wp\/v2\/media?parent=291"}],"curies":[{"name":"wp","href":"https:\/\/api.w.org\/{rel}","templated":true}]}}