{"id":348,"date":"2025-12-02T23:15:05","date_gmt":"2025-12-02T23:15:05","guid":{"rendered":"https:\/\/escoladigital.madeira.gov.pt\/eb1pesjorge\/?page_id=348"},"modified":"2025-12-14T23:55:15","modified_gmt":"2025-12-14T23:55:15","slug":"clube-de-xadrez","status":"publish","type":"page","link":"https:\/\/escoladigital.madeira.gov.pt\/eb1pesjorge\/clube-de-xadrez\/","title":{"rendered":"Clube de Xadrez"},"content":{"rendered":"\n<div class=\"wp-block-group has-border-color has-ast-global-color-5-background-color has-background is-vertical is-layout-flex wp-container-core-group-is-layout-fe9cc265 wp-block-group-is-layout-flex\" style=\"border-color:var(--ast-global-color-1);border-width:5px;border-top-left-radius:10px;border-top-right-radius:10px;border-bottom-left-radius:10px;border-bottom-right-radius:10px;min-height:0px\">\n<div class=\"wp-block-group is-vertical is-layout-flex wp-container-core-group-is-layout-fe9cc265 wp-block-group-is-layout-flex\">\n<p>O Clube de Xadrez&nbsp;surge na nossa comunidade escolar atrav\u00e9s da parceria entra a dire\u00e7\u00e3o de Servi\u00e7os do Desporto Escolar e a Associa\u00e7\u00e3o de Xadrez da Regi\u00e3o Aut\u00f3noma da Madeira (AXRAM), abrangendo, no presente ano letivo, todos os alunos do primeiro ciclo. Entre atividades em sala de aula e nos OTL da hora de almo\u00e7o, os alunos demonstram grande interesse e boa evolu\u00e7\u00e3o, na t\u00e1tica de jogo.<\/p>\n\n\n\n<p>Com a dinamiza\u00e7\u00e3o deste Clube, que j\u00e1 acontece h\u00e1 alguns anos letivos, pretende-se&nbsp; desenvolver o c\u00e1lculo mental dos alunos, atrav\u00e9s de uma atividade l\u00fadica, bem como potenciar o foco na tarefa, a aten\u00e7\u00e3o, o autoconhecimento e o respeito pelos pares; e ainda, proporcionar a pr\u00e1tica do xadrez como instrumento e estrat\u00e9gia pedag\u00f3gica, de socializa\u00e7\u00e3o e de inclus\u00e3o, a fim de se qualificarem os cidad\u00e3os ao n\u00edvel das compet\u00eancias, princ\u00edpios e valores fixados no Perfil dos Alunos \u00e0 Sa\u00edda da Escolaridade Obrigat\u00f3ria.&nbsp;<\/p>\n<\/div>\n<\/div>\n\n\n<div class=\"is-style-boxed wp-block-themeisle-blocks-posts-grid\" id=\"wp-block-themeisle-blocks-posts-grid-01009d17\"><div class=\"is-grid o-posts-grid-columns-3\"><div class=\"o-posts-grid-post-blog o-posts-grid-post-plain\"><div class=\"o-posts-grid-post\"><div class=\"o-posts-grid-post-image\"><a href=\"https:\/\/escoladigital.madeira.gov.pt\/eb1pesjorge\/2025\/11\/28\/continuamos-com-o-clube-de-xadrez\/\"><img decoding=\"async\" width=\"257\" height=\"122\" src=\"https:\/\/escoladigital.madeira.gov.pt\/eb1pesjorge\/wp-content\/uploads\/sites\/20\/2025\/12\/Imagem-clube-xadrez.png\" class=\"attachment-full size-full\" alt=\"Continuamos com o Clube de Xadrez\" \/><\/a><\/div><div class=\"o-posts-grid-post-body\"><h4 class=\"o-posts-grid-post-title\"><a href=\"https:\/\/escoladigital.madeira.gov.pt\/eb1pesjorge\/2025\/11\/28\/continuamos-com-o-clube-de-xadrez\/\">Continuamos com o Clube de Xadrez<\/a><\/h4><div class=\"o-posts-grid-post-description\"><p>Este ano letivo continuamos a dinamizar o Clube de Xadrez, abrangendo, no presente ano letivo, todos\u2026<\/p><\/div><\/div><\/div><\/div><\/div> <\/div>","protected":false},"excerpt":{"rendered":"<p>O Clube de Xadrez&nbsp;surge na nossa comunidade escolar atrav\u00e9s da parceria entra a dire\u00e7\u00e3o de Servi\u00e7os do Desporto Escolar e [&hellip;]<\/p>\n","protected":false},"author":29,"featured_media":0,"parent":0,"menu_order":0,"comment_status":"closed","ping_status":"closed","template":"","meta":{"site-sidebar-layout":"default","site-content-layout":"","ast-site-content-layout":"default","site-content-style":"default","site-sidebar-style":"default","ast-global-header-display":"","ast-banner-title-visibility":"","ast-main-header-display":"","ast-hfb-above-header-display":"","ast-hfb-below-header-display":"","ast-hfb-mobile-header-display":"","site-post-title":"","ast-breadcrumbs-content":"","ast-featured-img":"","footer-sml-layout":"","ast-disable-related-posts":"","theme-transparent-header-meta":"","adv-header-id-meta":"","stick-header-meta":"","header-above-stick-meta":"","header-main-stick-meta":"","header-below-stick-meta":"","astra-migrate-meta-layouts":"default","ast-page-background-enabled":"default","ast-page-background-meta":{"desktop":{"background-color":"var(--ast-global-color-5)","background-image":"","background-repeat":"repeat","background-position":"center center","background-size":"auto","background-attachment":"scroll","background-type":"","background-media":"","overlay-type":"","overlay-color":"","overlay-opacity":"","overlay-gradient":""},"tablet":{"background-color":"","background-image":"","background-repeat":"repeat","background-position":"center center","background-size":"auto","background-attachment":"scroll","background-type":"","background-media":"","overlay-type":"","overlay-color":"","overlay-opacity":"","overlay-gradient":""},"mobile":{"background-color":"","background-image":"","background-repeat":"repeat","background-position":"center center","background-size":"auto","background-attachment":"scroll","background-type":"","background-media":"","overlay-type":"","overlay-color":"","overlay-opacity":"","overlay-gradient":""}},"ast-content-background-meta":{"desktop":{"background-color":"var(--ast-global-color-4)","background-image":"","background-repeat":"repeat","background-position":"center center","background-size":"auto","background-attachment":"scroll","background-type":"","background-media":"","overlay-type":"","overlay-color":"","overlay-opacity":"","overlay-gradient":""},"tablet":{"background-color":"var(--ast-global-color-4)","background-image":"","background-repeat":"repeat","background-position":"center center","background-size":"auto","background-attachment":"scroll","background-type":"","background-media":"","overlay-type":"","overlay-color":"","overlay-opacity":"","overlay-gradient":""},"mobile":{"background-color":"var(--ast-global-color-4)","background-image":"","background-repeat":"repeat","background-position":"center center","background-size":"auto","background-attachment":"scroll","background-type":"","background-media":"","overlay-type":"","overlay-color":"","overlay-opacity":"","overlay-gradient":""}},"_themeisle_gutenberg_block_has_review":false,"footnotes":""},"class_list":["post-348","page","type-page","status-publish","hentry"],"_links":{"self":[{"href":"https:\/\/escoladigital.madeira.gov.pt\/eb1pesjorge\/wp-json\/wp\/v2\/pages\/348","targetHints":{"allow":["GET"]}}],"collection":[{"href":"https:\/\/escoladigital.madeira.gov.pt\/eb1pesjorge\/wp-json\/wp\/v2\/pages"}],"about":[{"href":"https:\/\/escoladigital.madeira.gov.pt\/eb1pesjorge\/wp-json\/wp\/v2\/types\/page"}],"author":[{"embeddable":true,"href":"https:\/\/escoladigital.madeira.gov.pt\/eb1pesjorge\/wp-json\/wp\/v2\/users\/29"}],"replies":[{"embeddable":true,"href":"https:\/\/escoladigital.madeira.gov.pt\/eb1pesjorge\/wp-json\/wp\/v2\/comments?post=348"}],"version-history":[{"count":8,"href":"https:\/\/escoladigital.madeira.gov.pt\/eb1pesjorge\/wp-json\/wp\/v2\/pages\/348\/revisions"}],"predecessor-version":[{"id":1031,"href":"https:\/\/escoladigital.madeira.gov.pt\/eb1pesjorge\/wp-json\/wp\/v2\/pages\/348\/revisions\/1031"}],"wp:attachment":[{"href":"https:\/\/escoladigital.madeira.gov.pt\/eb1pesjorge\/wp-json\/wp\/v2\/media?parent=348"}],"curies":[{"name":"wp","href":"https:\/\/api.w.org\/{rel}","templated":true}]}}