{"id":420,"date":"2025-12-04T00:35:05","date_gmt":"2025-12-04T00:35:05","guid":{"rendered":"https:\/\/escoladigital.madeira.gov.pt\/eb1pesjorge\/?page_id=420"},"modified":"2025-12-12T01:09:29","modified_gmt":"2025-12-12T01:09:29","slug":"horarios-de-funcionamento","status":"publish","type":"page","link":"https:\/\/escoladigital.madeira.gov.pt\/eb1pesjorge\/horarios-de-funcionamento\/","title":{"rendered":"Hor\u00e1rios de Funcionamento"},"content":{"rendered":"\n<div class=\"wp-block-group has-border-color has-ast-global-color-1-border-color has-ast-global-color-5-background-color has-background is-vertical is-layout-flex wp-container-core-group-is-layout-fe9cc265 wp-block-group-is-layout-flex\" style=\"border-width:5px;border-top-left-radius:10px;border-top-right-radius:10px;border-bottom-left-radius:10px;border-bottom-right-radius:10px\">\n<p><strong><br><\/strong>O Edif\u00edcio de S\u00e3o Jorge est\u00e1 aberto das 8:00 \u00e0s 18:30.<\/p>\n\n\n\n<p>Hor\u00e1rio da&nbsp;Creche: 08:00 &#8211; 18:30;<\/p>\n\n\n\n<p>Hor\u00e1rio do Pr\u00e9-Escolar: 08:30 &#8211; 18:30;<\/p>\n\n\n\n<p>Atividade<strong>&nbsp;<\/strong>Curricular do 1.\u00ba ciclo: 08:30 &#8211; 13:30;<\/p>\n\n\n\n<p><strong>&nbsp;<\/strong>Atividades de Enriquecimento do Curr\u00edculo para o 1.\u00ba Ciclo: 14:30 &#8211; 18.00;<\/p>\n\n\n\n<p>Ocupa\u00e7\u00e3o de Tempos Livres (OTL) para o 1.\u00ba Ciclo: 18:00 &#8211; 18:30;<\/p>\n\n\n\n<p>Atividades letivas do Ensino B\u00e1sico Recorrente \u00e0s 3.\u00aa, 4.\u00aa e 6.\u00aa feiras: 10:00 &#8211; 13:00;<\/p>\n\n\n\n<p>Hor\u00e1rio dos&nbsp;Servi\u00e7os Administrativos: 09:00 &#8211; 17:00.<\/p>\n<\/div>\n\n\n\n<p><\/p>\n","protected":false},"excerpt":{"rendered":"<p>O Edif\u00edcio de S\u00e3o Jorge est\u00e1 aberto das 8:00 \u00e0s 18:30. Hor\u00e1rio da&nbsp;Creche: 08:00 &#8211; 18:30; Hor\u00e1rio do Pr\u00e9-Escolar: 08:30 [&hellip;]<\/p>\n","protected":false},"author":29,"featured_media":0,"parent":0,"menu_order":0,"comment_status":"closed","ping_status":"closed","template":"","meta":{"site-sidebar-layout":"default","site-content-layout":"","ast-site-content-layout":"default","site-content-style":"default","site-sidebar-style":"default","ast-global-header-display":"","ast-banner-title-visibility":"","ast-main-header-display":"","ast-hfb-above-header-display":"","ast-hfb-below-header-display":"","ast-hfb-mobile-header-display":"","site-post-title":"","ast-breadcrumbs-content":"","ast-featured-img":"","footer-sml-layout":"","ast-disable-related-posts":"","theme-transparent-header-meta":"","adv-header-id-meta":"","stick-header-meta":"","header-above-stick-meta":"","header-main-stick-meta":"","header-below-stick-meta":"","astra-migrate-meta-layouts":"default","ast-page-background-enabled":"default","ast-page-background-meta":{"desktop":{"background-color":"var(--ast-global-color-5)","background-image":"","background-repeat":"repeat","background-position":"center center","background-size":"auto","background-attachment":"scroll","background-type":"","background-media":"","overlay-type":"","overlay-color":"","overlay-opacity":"","overlay-gradient":""},"tablet":{"background-color":"","background-image":"","background-repeat":"repeat","background-position":"center center","background-size":"auto","background-attachment":"scroll","background-type":"","background-media":"","overlay-type":"","overlay-color":"","overlay-opacity":"","overlay-gradient":""},"mobile":{"background-color":"","background-image":"","background-repeat":"repeat","background-position":"center center","background-size":"auto","background-attachment":"scroll","background-type":"","background-media":"","overlay-type":"","overlay-color":"","overlay-opacity":"","overlay-gradient":""}},"ast-content-background-meta":{"desktop":{"background-color":"var(--ast-global-color-4)","background-image":"","background-repeat":"repeat","background-position":"center center","background-size":"auto","background-attachment":"scroll","background-type":"","background-media":"","overlay-type":"","overlay-color":"","overlay-opacity":"","overlay-gradient":""},"tablet":{"background-color":"var(--ast-global-color-4)","background-image":"","background-repeat":"repeat","background-position":"center center","background-size":"auto","background-attachment":"scroll","background-type":"","background-media":"","overlay-type":"","overlay-color":"","overlay-opacity":"","overlay-gradient":""},"mobile":{"background-color":"var(--ast-global-color-4)","background-image":"","background-repeat":"repeat","background-position":"center center","background-size":"auto","background-attachment":"scroll","background-type":"","background-media":"","overlay-type":"","overlay-color":"","overlay-opacity":"","overlay-gradient":""}},"_themeisle_gutenberg_block_has_review":false,"footnotes":""},"class_list":["post-420","page","type-page","status-publish","hentry"],"_links":{"self":[{"href":"https:\/\/escoladigital.madeira.gov.pt\/eb1pesjorge\/wp-json\/wp\/v2\/pages\/420","targetHints":{"allow":["GET"]}}],"collection":[{"href":"https:\/\/escoladigital.madeira.gov.pt\/eb1pesjorge\/wp-json\/wp\/v2\/pages"}],"about":[{"href":"https:\/\/escoladigital.madeira.gov.pt\/eb1pesjorge\/wp-json\/wp\/v2\/types\/page"}],"author":[{"embeddable":true,"href":"https:\/\/escoladigital.madeira.gov.pt\/eb1pesjorge\/wp-json\/wp\/v2\/users\/29"}],"replies":[{"embeddable":true,"href":"https:\/\/escoladigital.madeira.gov.pt\/eb1pesjorge\/wp-json\/wp\/v2\/comments?post=420"}],"version-history":[{"count":4,"href":"https:\/\/escoladigital.madeira.gov.pt\/eb1pesjorge\/wp-json\/wp\/v2\/pages\/420\/revisions"}],"predecessor-version":[{"id":912,"href":"https:\/\/escoladigital.madeira.gov.pt\/eb1pesjorge\/wp-json\/wp\/v2\/pages\/420\/revisions\/912"}],"wp:attachment":[{"href":"https:\/\/escoladigital.madeira.gov.pt\/eb1pesjorge\/wp-json\/wp\/v2\/media?parent=420"}],"curies":[{"name":"wp","href":"https:\/\/api.w.org\/{rel}","templated":true}]}}