{"id":448,"date":"2025-12-08T14:29:40","date_gmt":"2025-12-08T14:29:40","guid":{"rendered":"https:\/\/escoladigital.madeira.gov.pt\/eb1pesjorge\/?page_id=448"},"modified":"2025-12-15T22:35:17","modified_gmt":"2025-12-15T22:35:17","slug":"bau-de-leitura-2","status":"publish","type":"page","link":"https:\/\/escoladigital.madeira.gov.pt\/eb1pesjorge\/bau-de-leitura-2\/","title":{"rendered":"Ba\u00fa de Leitura"},"content":{"rendered":"\n<div class=\"wp-block-media-text is-stacked-on-mobile has-border-color has-ast-global-color-5-background-color has-background\" style=\"border-color:var(--ast-global-color-0);border-width:5px;border-top-left-radius:10px;border-top-right-radius:10px;border-bottom-left-radius:10px;border-bottom-right-radius:10px;grid-template-columns:26% auto\"><figure class=\"wp-block-media-text__media\"><a href=\"https:\/\/projetosdre.madeira.gov.pt\/pbaudeleitura\/\"><img fetchpriority=\"high\" decoding=\"async\" width=\"1024\" height=\"1024\" src=\"https:\/\/escoladigital.madeira.gov.pt\/eb1pesjorge\/wp-content\/uploads\/sites\/20\/2025\/11\/Bau-de-Leitura-1024x1024.jpg\" alt=\"\" class=\"wp-image-49 size-full\" srcset=\"https:\/\/escoladigital.madeira.gov.pt\/eb1pesjorge\/wp-content\/uploads\/sites\/20\/2025\/11\/Bau-de-Leitura-1024x1024.jpg 1024w, https:\/\/escoladigital.madeira.gov.pt\/eb1pesjorge\/wp-content\/uploads\/sites\/20\/2025\/11\/Bau-de-Leitura-300x300.jpg 300w, https:\/\/escoladigital.madeira.gov.pt\/eb1pesjorge\/wp-content\/uploads\/sites\/20\/2025\/11\/Bau-de-Leitura-150x150.jpg 150w, https:\/\/escoladigital.madeira.gov.pt\/eb1pesjorge\/wp-content\/uploads\/sites\/20\/2025\/11\/Bau-de-Leitura-768x768.jpg 768w, https:\/\/escoladigital.madeira.gov.pt\/eb1pesjorge\/wp-content\/uploads\/sites\/20\/2025\/11\/Bau-de-Leitura.jpg 1400w\" sizes=\"(max-width: 1024px) 100vw, 1024px\" \/><\/a><\/figure><div class=\"wp-block-media-text__content\">\n<div class=\"wp-block-group is-vertical is-layout-flex wp-container-core-group-is-layout-fe9cc265 wp-block-group-is-layout-flex\">\n<p>O Edif\u00edcio de S\u00e3o Jorge participa h\u00e1 muitos anos letivos no <strong><a href=\"https:\/\/projetosdre.madeira.gov.pt\/pbaudeleitura\/\">Projeto Ba\u00fa de Leitura<\/a><\/strong>, uma iniciativa tutelada pela Secretaria Regional da Educa\u00e7\u00e3o, Ci\u00eancia e Tecnologia implementado na Regi\u00e3o Aut\u00f3noma da Madeira em 2001, com o apoio da Funda\u00e7\u00e3o Gulbenkian.<\/p>\n\n\n\n<p>Ao integrar este projeto pretendemos valorizar a literacia e enriquecer o percurso educativo dos nossos alunos, promovendo e fomentando a import\u00e2ncia dos livros na aprendizagem e o gosto pela leitura desde os primeiros anos de escolaridade.<\/p>\n<\/div>\n<\/div><\/div>\n\n\n<div class=\"is-style-boxed wp-block-themeisle-blocks-posts-grid\" id=\"wp-block-themeisle-blocks-posts-grid-0d3fcb0a\"><div class=\"is-grid o-posts-grid-columns-3\"><div class=\"o-posts-grid-post-blog o-posts-grid-post-plain\"><div class=\"o-posts-grid-post\"><div class=\"o-posts-grid-post-image\"><a href=\"https:\/\/escoladigital.madeira.gov.pt\/eb1pesjorge\/2025\/11\/12\/triatlo-literario\/\"><img decoding=\"async\" width=\"317\" height=\"291\" src=\"https:\/\/escoladigital.madeira.gov.pt\/eb1pesjorge\/wp-content\/uploads\/sites\/20\/2025\/12\/Triatlo-literario_bau-de-leitura.png\" class=\"attachment-full size-full\" alt=\"Triatlo Liter\u00e1rio\" srcset=\"https:\/\/escoladigital.madeira.gov.pt\/eb1pesjorge\/wp-content\/uploads\/sites\/20\/2025\/12\/Triatlo-literario_bau-de-leitura.png 317w, https:\/\/escoladigital.madeira.gov.pt\/eb1pesjorge\/wp-content\/uploads\/sites\/20\/2025\/12\/Triatlo-literario_bau-de-leitura-300x275.png 300w\" sizes=\"(max-width: 317px) 100vw, 317px\" \/><\/a><\/div><div class=\"o-posts-grid-post-body\"><h4 class=\"o-posts-grid-post-title\"><a href=\"https:\/\/escoladigital.madeira.gov.pt\/eb1pesjorge\/2025\/11\/12\/triatlo-literario\/\">Triatlo Liter\u00e1rio<\/a><\/h4><div class=\"o-posts-grid-post-description\"><p>No dia 5 de novembro realizou-se o Triatlo Liter\u00e1rio, fase escolar, no nosso Edif\u00edcio. Os alunos tes\u2026<\/p><\/div><\/div><\/div><\/div><\/div> <\/div>","protected":false},"excerpt":{"rendered":"","protected":false},"author":29,"featured_media":0,"parent":0,"menu_order":0,"comment_status":"closed","ping_status":"closed","template":"","meta":{"site-sidebar-layout":"default","site-content-layout":"","ast-site-content-layout":"default","site-content-style":"default","site-sidebar-style":"default","ast-global-header-display":"","ast-banner-title-visibility":"","ast-main-header-display":"","ast-hfb-above-header-display":"","ast-hfb-below-header-display":"","ast-hfb-mobile-header-display":"","site-post-title":"","ast-breadcrumbs-content":"","ast-featured-img":"","footer-sml-layout":"","ast-disable-related-posts":"","theme-transparent-header-meta":"","adv-header-id-meta":"","stick-header-meta":"","header-above-stick-meta":"","header-main-stick-meta":"","header-below-stick-meta":"","astra-migrate-meta-layouts":"default","ast-page-background-enabled":"default","ast-page-background-meta":{"desktop":{"background-color":"var(--ast-global-color-5)","background-image":"","background-repeat":"repeat","background-position":"center center","background-size":"auto","background-attachment":"scroll","background-type":"","background-media":"","overlay-type":"","overlay-color":"","overlay-opacity":"","overlay-gradient":""},"tablet":{"background-color":"","background-image":"","background-repeat":"repeat","background-position":"center center","background-size":"auto","background-attachment":"scroll","background-type":"","background-media":"","overlay-type":"","overlay-color":"","overlay-opacity":"","overlay-gradient":""},"mobile":{"background-color":"","background-image":"","background-repeat":"repeat","background-position":"center center","background-size":"auto","background-attachment":"scroll","background-type":"","background-media":"","overlay-type":"","overlay-color":"","overlay-opacity":"","overlay-gradient":""}},"ast-content-background-meta":{"desktop":{"background-color":"var(--ast-global-color-4)","background-image":"","background-repeat":"repeat","background-position":"center center","background-size":"auto","background-attachment":"scroll","background-type":"","background-media":"","overlay-type":"","overlay-color":"","overlay-opacity":"","overlay-gradient":""},"tablet":{"background-color":"var(--ast-global-color-4)","background-image":"","background-repeat":"repeat","background-position":"center center","background-size":"auto","background-attachment":"scroll","background-type":"","background-media":"","overlay-type":"","overlay-color":"","overlay-opacity":"","overlay-gradient":""},"mobile":{"background-color":"var(--ast-global-color-4)","background-image":"","background-repeat":"repeat","background-position":"center center","background-size":"auto","background-attachment":"scroll","background-type":"","background-media":"","overlay-type":"","overlay-color":"","overlay-opacity":"","overlay-gradient":""}},"_themeisle_gutenberg_block_has_review":false,"footnotes":""},"class_list":["post-448","page","type-page","status-publish","hentry"],"_links":{"self":[{"href":"https:\/\/escoladigital.madeira.gov.pt\/eb1pesjorge\/wp-json\/wp\/v2\/pages\/448","targetHints":{"allow":["GET"]}}],"collection":[{"href":"https:\/\/escoladigital.madeira.gov.pt\/eb1pesjorge\/wp-json\/wp\/v2\/pages"}],"about":[{"href":"https:\/\/escoladigital.madeira.gov.pt\/eb1pesjorge\/wp-json\/wp\/v2\/types\/page"}],"author":[{"embeddable":true,"href":"https:\/\/escoladigital.madeira.gov.pt\/eb1pesjorge\/wp-json\/wp\/v2\/users\/29"}],"replies":[{"embeddable":true,"href":"https:\/\/escoladigital.madeira.gov.pt\/eb1pesjorge\/wp-json\/wp\/v2\/comments?post=448"}],"version-history":[{"count":9,"href":"https:\/\/escoladigital.madeira.gov.pt\/eb1pesjorge\/wp-json\/wp\/v2\/pages\/448\/revisions"}],"predecessor-version":[{"id":1093,"href":"https:\/\/escoladigital.madeira.gov.pt\/eb1pesjorge\/wp-json\/wp\/v2\/pages\/448\/revisions\/1093"}],"wp:attachment":[{"href":"https:\/\/escoladigital.madeira.gov.pt\/eb1pesjorge\/wp-json\/wp\/v2\/media?parent=448"}],"curies":[{"name":"wp","href":"https:\/\/api.w.org\/{rel}","templated":true}]}}