{"id":465,"date":"2025-12-08T15:24:26","date_gmt":"2025-12-08T15:24:26","guid":{"rendered":"https:\/\/escoladigital.madeira.gov.pt\/eb1pesjorge\/?page_id=465"},"modified":"2025-12-12T01:12:31","modified_gmt":"2025-12-12T01:12:31","slug":"pagamento-de-mensalidades-refeicoes","status":"publish","type":"page","link":"https:\/\/escoladigital.madeira.gov.pt\/eb1pesjorge\/pagamento-de-mensalidades-refeicoes\/","title":{"rendered":"Pagamento de mensalidades | refei\u00e7\u00f5es"},"content":{"rendered":"\n<div class=\"wp-block-group has-border-color has-ast-global-color-5-background-color has-background is-vertical is-layout-flex wp-container-core-group-is-layout-fe9cc265 wp-block-group-is-layout-flex\" style=\"border-color:var(--ast-global-color-1);border-width:5px;border-top-left-radius:10px;border-top-right-radius:10px;border-bottom-left-radius:10px;border-bottom-right-radius:10px\">\n<p class=\"has-ast-global-color-6-color has-text-color has-link-color wp-elements-2c1d62d4fb13933df44cd3a1d2abd764\">O pagamento das mensalidades e das refei\u00e7\u00f5es dever\u00e1 ser efetuado at\u00e9 ao dia 8 de cada m\u00eas; quando o dia 8 coincidir com o fim de semana ou feriado, dever\u00e1 efetu\u00e1-lo&nbsp;at\u00e9 ao dia \u00fatil, imediatamente a seguir.<br>O pagamento poder\u00e1 ser feito por transfer\u00eancia banc\u00e1ria e poder\u00e1 consultar o valor da presta\u00e7\u00e3o na Plataforma da Comunidade Educativa &#8211; <a href=\"https:\/\/place.madeira.gov.pt\/aluno\">PLACE Aluno<\/a>.<\/p>\n\n\n\n<p class=\"has-ast-global-color-6-color has-text-color has-link-color wp-elements-008c40971d921314864f5667a9aac71d\">Neste caso, dever\u00e1&nbsp;entregar o comprovativo da transfer\u00eancia no gabinete da coordena\u00e7\u00e3o do Edif\u00edcio de S\u00e3o Jorge&nbsp;ou enviar o comprovativo para o endere\u00e7o de correio eletr\u00f3nico <a href=\"mailto:saojorge.ebssantana@edu.madeira.gov.pt\">saojorge.ebssantana@edu.madeira.gov.pt<\/a>.<\/p>\n\n\n\n<p class=\"has-ast-global-color-6-color has-text-color has-link-color wp-elements-d85c087a47a2ca688e5a0470c0633daa\">IBAN da conta&nbsp;banc\u00e1ria \u2013&nbsp;pedir informa\u00e7\u00e3o nos servi\u00e7os administrativos do gabinete de coordena\u00e7\u00e3o do Edif\u00edcio.<\/p>\n\n\n\n<p><\/p>\n<\/div>\n\n\n\n<p><\/p>\n","protected":false},"excerpt":{"rendered":"<p>O pagamento das mensalidades e das refei\u00e7\u00f5es dever\u00e1 ser efetuado at\u00e9 ao dia 8 de cada m\u00eas; quando o dia [&hellip;]<\/p>\n","protected":false},"author":29,"featured_media":0,"parent":0,"menu_order":0,"comment_status":"closed","ping_status":"closed","template":"","meta":{"site-sidebar-layout":"default","site-content-layout":"","ast-site-content-layout":"default","site-content-style":"default","site-sidebar-style":"default","ast-global-header-display":"","ast-banner-title-visibility":"","ast-main-header-display":"","ast-hfb-above-header-display":"","ast-hfb-below-header-display":"","ast-hfb-mobile-header-display":"","site-post-title":"","ast-breadcrumbs-content":"","ast-featured-img":"","footer-sml-layout":"","ast-disable-related-posts":"","theme-transparent-header-meta":"","adv-header-id-meta":"","stick-header-meta":"","header-above-stick-meta":"","header-main-stick-meta":"","header-below-stick-meta":"","astra-migrate-meta-layouts":"default","ast-page-background-enabled":"default","ast-page-background-meta":{"desktop":{"background-color":"var(--ast-global-color-5)","background-image":"","background-repeat":"repeat","background-position":"center center","background-size":"auto","background-attachment":"scroll","background-type":"","background-media":"","overlay-type":"","overlay-color":"","overlay-opacity":"","overlay-gradient":""},"tablet":{"background-color":"","background-image":"","background-repeat":"repeat","background-position":"center center","background-size":"auto","background-attachment":"scroll","background-type":"","background-media":"","overlay-type":"","overlay-color":"","overlay-opacity":"","overlay-gradient":""},"mobile":{"background-color":"","background-image":"","background-repeat":"repeat","background-position":"center center","background-size":"auto","background-attachment":"scroll","background-type":"","background-media":"","overlay-type":"","overlay-color":"","overlay-opacity":"","overlay-gradient":""}},"ast-content-background-meta":{"desktop":{"background-color":"var(--ast-global-color-4)","background-image":"","background-repeat":"repeat","background-position":"center center","background-size":"auto","background-attachment":"scroll","background-type":"","background-media":"","overlay-type":"","overlay-color":"","overlay-opacity":"","overlay-gradient":""},"tablet":{"background-color":"var(--ast-global-color-4)","background-image":"","background-repeat":"repeat","background-position":"center center","background-size":"auto","background-attachment":"scroll","background-type":"","background-media":"","overlay-type":"","overlay-color":"","overlay-opacity":"","overlay-gradient":""},"mobile":{"background-color":"var(--ast-global-color-4)","background-image":"","background-repeat":"repeat","background-position":"center center","background-size":"auto","background-attachment":"scroll","background-type":"","background-media":"","overlay-type":"","overlay-color":"","overlay-opacity":"","overlay-gradient":""}},"_themeisle_gutenberg_block_has_review":false,"footnotes":""},"class_list":["post-465","page","type-page","status-publish","hentry"],"_links":{"self":[{"href":"https:\/\/escoladigital.madeira.gov.pt\/eb1pesjorge\/wp-json\/wp\/v2\/pages\/465","targetHints":{"allow":["GET"]}}],"collection":[{"href":"https:\/\/escoladigital.madeira.gov.pt\/eb1pesjorge\/wp-json\/wp\/v2\/pages"}],"about":[{"href":"https:\/\/escoladigital.madeira.gov.pt\/eb1pesjorge\/wp-json\/wp\/v2\/types\/page"}],"author":[{"embeddable":true,"href":"https:\/\/escoladigital.madeira.gov.pt\/eb1pesjorge\/wp-json\/wp\/v2\/users\/29"}],"replies":[{"embeddable":true,"href":"https:\/\/escoladigital.madeira.gov.pt\/eb1pesjorge\/wp-json\/wp\/v2\/comments?post=465"}],"version-history":[{"count":3,"href":"https:\/\/escoladigital.madeira.gov.pt\/eb1pesjorge\/wp-json\/wp\/v2\/pages\/465\/revisions"}],"predecessor-version":[{"id":916,"href":"https:\/\/escoladigital.madeira.gov.pt\/eb1pesjorge\/wp-json\/wp\/v2\/pages\/465\/revisions\/916"}],"wp:attachment":[{"href":"https:\/\/escoladigital.madeira.gov.pt\/eb1pesjorge\/wp-json\/wp\/v2\/media?parent=465"}],"curies":[{"name":"wp","href":"https:\/\/api.w.org\/{rel}","templated":true}]}}