{"id":537,"date":"2025-12-08T21:31:34","date_gmt":"2025-12-08T21:31:34","guid":{"rendered":"https:\/\/escoladigital.madeira.gov.pt\/eb1pesjorge\/?page_id=537"},"modified":"2025-12-12T01:06:26","modified_gmt":"2025-12-12T01:06:26","slug":"clube-tic","status":"publish","type":"page","link":"https:\/\/escoladigital.madeira.gov.pt\/eb1pesjorge\/clube-tic\/","title":{"rendered":"Clube TIC"},"content":{"rendered":"\n<div class=\"wp-block-media-text is-stacked-on-mobile has-border-color has-ast-global-color-5-background-color has-background\" style=\"border-color:var(--ast-global-color-1);border-width:5px;border-top-left-radius:10px;border-top-right-radius:10px;border-bottom-left-radius:10px;border-bottom-right-radius:10px;grid-template-columns:36% auto\"><figure class=\"wp-block-media-text__media\"><img fetchpriority=\"high\" decoding=\"async\" width=\"682\" height=\"451\" src=\"https:\/\/escoladigital.madeira.gov.pt\/eb1pesjorge\/wp-content\/uploads\/sites\/20\/2025\/12\/Clube-TIC.png\" alt=\"\" class=\"wp-image-538 size-full\" srcset=\"https:\/\/escoladigital.madeira.gov.pt\/eb1pesjorge\/wp-content\/uploads\/sites\/20\/2025\/12\/Clube-TIC.png 682w, https:\/\/escoladigital.madeira.gov.pt\/eb1pesjorge\/wp-content\/uploads\/sites\/20\/2025\/12\/Clube-TIC-300x198.png 300w\" sizes=\"(max-width: 682px) 100vw, 682px\" \/><\/figure><div class=\"wp-block-media-text__content\">\n<div class=\"wp-block-group is-vertical is-layout-flex wp-container-core-group-is-layout-fe9cc265 wp-block-group-is-layout-flex\">\n<p><strong>&nbsp;<\/strong>No Edif\u00edcio de S\u00e3o Jorge,  uma vez mais, est\u00e1 a ser desenvolvido o Clube TIC, com o grupo de alunos que n\u00e3o frequenta o Grupo Coral, no qual \u00e9 desenvolvido o projeto Aprender com o Cinema, explorado os recursos existentes na Sala Markespace e dinamizadas propostas pelo programa EDUCAmedia e os projetos CAP3R e Ci\u00eancias da Computa\u00e7\u00e3o. <\/p>\n\n\n\n<p>Pretende-se promover a literacia digital e desenvolver e aprofundar os conhecimentos e compet\u00eancias digitais e audiovisuais proporcionando um contacto l\u00fadico e educativo com as tecnologias, complementando desta forma a atividade de enriquecimento do curr\u00edculo TIC.<\/p>\n<\/div>\n<\/div><\/div>\n\n\n\n<p><\/p>\n","protected":false},"excerpt":{"rendered":"","protected":false},"author":29,"featured_media":0,"parent":0,"menu_order":0,"comment_status":"closed","ping_status":"closed","template":"","meta":{"site-sidebar-layout":"default","site-content-layout":"","ast-site-content-layout":"default","site-content-style":"default","site-sidebar-style":"default","ast-global-header-display":"","ast-banner-title-visibility":"","ast-main-header-display":"","ast-hfb-above-header-display":"","ast-hfb-below-header-display":"","ast-hfb-mobile-header-display":"","site-post-title":"","ast-breadcrumbs-content":"","ast-featured-img":"","footer-sml-layout":"","ast-disable-related-posts":"","theme-transparent-header-meta":"","adv-header-id-meta":"","stick-header-meta":"","header-above-stick-meta":"","header-main-stick-meta":"","header-below-stick-meta":"","astra-migrate-meta-layouts":"default","ast-page-background-enabled":"default","ast-page-background-meta":{"desktop":{"background-color":"var(--ast-global-color-5)","background-image":"","background-repeat":"repeat","background-position":"center center","background-size":"auto","background-attachment":"scroll","background-type":"","background-media":"","overlay-type":"","overlay-color":"","overlay-opacity":"","overlay-gradient":""},"tablet":{"background-color":"","background-image":"","background-repeat":"repeat","background-position":"center center","background-size":"auto","background-attachment":"scroll","background-type":"","background-media":"","overlay-type":"","overlay-color":"","overlay-opacity":"","overlay-gradient":""},"mobile":{"background-color":"","background-image":"","background-repeat":"repeat","background-position":"center center","background-size":"auto","background-attachment":"scroll","background-type":"","background-media":"","overlay-type":"","overlay-color":"","overlay-opacity":"","overlay-gradient":""}},"ast-content-background-meta":{"desktop":{"background-color":"var(--ast-global-color-4)","background-image":"","background-repeat":"repeat","background-position":"center center","background-size":"auto","background-attachment":"scroll","background-type":"","background-media":"","overlay-type":"","overlay-color":"","overlay-opacity":"","overlay-gradient":""},"tablet":{"background-color":"var(--ast-global-color-4)","background-image":"","background-repeat":"repeat","background-position":"center center","background-size":"auto","background-attachment":"scroll","background-type":"","background-media":"","overlay-type":"","overlay-color":"","overlay-opacity":"","overlay-gradient":""},"mobile":{"background-color":"var(--ast-global-color-4)","background-image":"","background-repeat":"repeat","background-position":"center center","background-size":"auto","background-attachment":"scroll","background-type":"","background-media":"","overlay-type":"","overlay-color":"","overlay-opacity":"","overlay-gradient":""}},"_themeisle_gutenberg_block_has_review":false,"footnotes":""},"class_list":["post-537","page","type-page","status-publish","hentry"],"_links":{"self":[{"href":"https:\/\/escoladigital.madeira.gov.pt\/eb1pesjorge\/wp-json\/wp\/v2\/pages\/537","targetHints":{"allow":["GET"]}}],"collection":[{"href":"https:\/\/escoladigital.madeira.gov.pt\/eb1pesjorge\/wp-json\/wp\/v2\/pages"}],"about":[{"href":"https:\/\/escoladigital.madeira.gov.pt\/eb1pesjorge\/wp-json\/wp\/v2\/types\/page"}],"author":[{"embeddable":true,"href":"https:\/\/escoladigital.madeira.gov.pt\/eb1pesjorge\/wp-json\/wp\/v2\/users\/29"}],"replies":[{"embeddable":true,"href":"https:\/\/escoladigital.madeira.gov.pt\/eb1pesjorge\/wp-json\/wp\/v2\/comments?post=537"}],"version-history":[{"count":6,"href":"https:\/\/escoladigital.madeira.gov.pt\/eb1pesjorge\/wp-json\/wp\/v2\/pages\/537\/revisions"}],"predecessor-version":[{"id":907,"href":"https:\/\/escoladigital.madeira.gov.pt\/eb1pesjorge\/wp-json\/wp\/v2\/pages\/537\/revisions\/907"}],"wp:attachment":[{"href":"https:\/\/escoladigital.madeira.gov.pt\/eb1pesjorge\/wp-json\/wp\/v2\/media?parent=537"}],"curies":[{"name":"wp","href":"https:\/\/api.w.org\/{rel}","templated":true}]}}