{"id":551,"date":"2025-12-08T22:25:47","date_gmt":"2025-12-08T22:25:47","guid":{"rendered":"https:\/\/escoladigital.madeira.gov.pt\/eb1pesjorge\/?page_id=551"},"modified":"2025-12-22T18:41:21","modified_gmt":"2025-12-22T18:41:21","slug":"clube-dos-exploradores","status":"publish","type":"page","link":"https:\/\/escoladigital.madeira.gov.pt\/eb1pesjorge\/clube-dos-exploradores\/","title":{"rendered":"Clube dos Exploradores"},"content":{"rendered":"\n<div class=\"wp-block-group has-border-color has-ast-global-color-5-background-color has-background is-vertical is-layout-flex wp-container-core-group-is-layout-fe9cc265 wp-block-group-is-layout-flex\" style=\"border-color:var(--ast-global-color-1);border-width:5px;border-top-left-radius:10px;border-top-right-radius:10px;border-bottom-left-radius:10px;border-bottom-right-radius:10px\">\n<p>No Edif\u00edcio de S\u00e3o Jorge, o Clube dos Exploradores, desenvolvido com o 1.\u00ba ano, \u00e9 um espa\u00e7o din\u00e2mico destinado a estimular a curiosidade natural das crian\u00e7as e a sua vontade de descobrir o mundo. Aqui, o conhecimento constr\u00f3i-se atrav\u00e9s da explora\u00e7\u00e3o pr\u00e1tica, privilegiando atividades que permitem aos alunos contactar diretamente com o meio que os rodeia \u2014 a escola, a natureza, a comunidade e o ambiente quotidiano.<\/p>\n\n\n\n<p> As atividades propostas incentivam a utiliza\u00e7\u00e3o de processos simples de investiga\u00e7\u00e3o, como descobrir, observar, analisar, descrever, comparar, formular quest\u00f5es, propor poss\u00edveis respostas e verificar resultados. <\/p>\n\n\n\n<p>Os Exploradores participam em tarefas e projetos comuns, aprendendo a comunicar, a partilhar ideias, a confrontar diferentes pontos de vista e a construir solu\u00e7\u00f5es em conjunto. Estas experi\u00eancias fortalecem o esp\u00edrito cr\u00edtico, a responsabilidade e o respeito pelo trabalho dos outros.<\/p>\n\n\n\n<p>O Clube dos Exploradores \u00e9, assim, um espa\u00e7o onde aprender \u00e9 uma aventura cont\u00ednua, feita de curiosidade, coopera\u00e7\u00e3o e descoberta do mundo.<\/p>\n<\/div>\n\n\n\n<div class=\"wp-block-media-text is-stacked-on-mobile\" style=\"grid-template-columns:57% auto\"><figure class=\"wp-block-media-text__media\"><img fetchpriority=\"high\" decoding=\"async\" width=\"1024\" height=\"1024\" src=\"https:\/\/escoladigital.madeira.gov.pt\/eb1pesjorge\/wp-content\/uploads\/sites\/20\/2025\/12\/Clube-dos-Exploradores-1024x1024.jpeg\" alt=\"\" class=\"wp-image-1136 size-full\" srcset=\"https:\/\/escoladigital.madeira.gov.pt\/eb1pesjorge\/wp-content\/uploads\/sites\/20\/2025\/12\/Clube-dos-Exploradores-1024x1024.jpeg 1024w, https:\/\/escoladigital.madeira.gov.pt\/eb1pesjorge\/wp-content\/uploads\/sites\/20\/2025\/12\/Clube-dos-Exploradores-300x300.jpeg 300w, https:\/\/escoladigital.madeira.gov.pt\/eb1pesjorge\/wp-content\/uploads\/sites\/20\/2025\/12\/Clube-dos-Exploradores-150x150.jpeg 150w, https:\/\/escoladigital.madeira.gov.pt\/eb1pesjorge\/wp-content\/uploads\/sites\/20\/2025\/12\/Clube-dos-Exploradores-768x768.jpeg 768w, https:\/\/escoladigital.madeira.gov.pt\/eb1pesjorge\/wp-content\/uploads\/sites\/20\/2025\/12\/Clube-dos-Exploradores-1536x1536.jpeg 1536w, https:\/\/escoladigital.madeira.gov.pt\/eb1pesjorge\/wp-content\/uploads\/sites\/20\/2025\/12\/Clube-dos-Exploradores.jpeg 2048w\" sizes=\"(max-width: 1024px) 100vw, 1024px\" \/><\/figure><div class=\"wp-block-media-text__content\">\n<p class=\"has-large-font-size\">Descobrir o Natal!<\/p>\n<\/div><\/div>\n\n\n\n<div class=\"wp-block-media-text is-stacked-on-mobile\" style=\"grid-template-columns:57% auto\"><figure class=\"wp-block-media-text__media\"><img decoding=\"async\" width=\"1024\" height=\"1024\" src=\"https:\/\/escoladigital.madeira.gov.pt\/eb1pesjorge\/wp-content\/uploads\/sites\/20\/2025\/12\/Outono-Exploradores-1024x1024.jpeg\" alt=\"\" class=\"wp-image-1138 size-full\" srcset=\"https:\/\/escoladigital.madeira.gov.pt\/eb1pesjorge\/wp-content\/uploads\/sites\/20\/2025\/12\/Outono-Exploradores-1024x1024.jpeg 1024w, https:\/\/escoladigital.madeira.gov.pt\/eb1pesjorge\/wp-content\/uploads\/sites\/20\/2025\/12\/Outono-Exploradores-300x300.jpeg 300w, https:\/\/escoladigital.madeira.gov.pt\/eb1pesjorge\/wp-content\/uploads\/sites\/20\/2025\/12\/Outono-Exploradores-150x150.jpeg 150w, https:\/\/escoladigital.madeira.gov.pt\/eb1pesjorge\/wp-content\/uploads\/sites\/20\/2025\/12\/Outono-Exploradores-768x768.jpeg 768w, https:\/\/escoladigital.madeira.gov.pt\/eb1pesjorge\/wp-content\/uploads\/sites\/20\/2025\/12\/Outono-Exploradores-1536x1536.jpeg 1536w, https:\/\/escoladigital.madeira.gov.pt\/eb1pesjorge\/wp-content\/uploads\/sites\/20\/2025\/12\/Outono-Exploradores.jpeg 1600w\" sizes=\"(max-width: 1024px) 100vw, 1024px\" \/><\/figure><div class=\"wp-block-media-text__content\">\n<p class=\"has-text-align-center has-large-font-size\">Descobrir o outono nos jardins da escola.<\/p>\n<\/div><\/div>\n\n\n\n<div class=\"wp-block-media-text is-stacked-on-mobile\" style=\"grid-template-columns:57% auto\"><figure class=\"wp-block-media-text__media\"><img decoding=\"async\" width=\"1024\" height=\"1024\" src=\"https:\/\/escoladigital.madeira.gov.pt\/eb1pesjorge\/wp-content\/uploads\/sites\/20\/2025\/12\/Castanha-Exploradores-1024x1024.jpeg\" alt=\"\" class=\"wp-image-1140 size-full\" srcset=\"https:\/\/escoladigital.madeira.gov.pt\/eb1pesjorge\/wp-content\/uploads\/sites\/20\/2025\/12\/Castanha-Exploradores-1024x1024.jpeg 1024w, https:\/\/escoladigital.madeira.gov.pt\/eb1pesjorge\/wp-content\/uploads\/sites\/20\/2025\/12\/Castanha-Exploradores-300x300.jpeg 300w, https:\/\/escoladigital.madeira.gov.pt\/eb1pesjorge\/wp-content\/uploads\/sites\/20\/2025\/12\/Castanha-Exploradores-150x150.jpeg 150w, https:\/\/escoladigital.madeira.gov.pt\/eb1pesjorge\/wp-content\/uploads\/sites\/20\/2025\/12\/Castanha-Exploradores-768x768.jpeg 768w, https:\/\/escoladigital.madeira.gov.pt\/eb1pesjorge\/wp-content\/uploads\/sites\/20\/2025\/12\/Castanha-Exploradores-1536x1536.jpeg 1536w, https:\/\/escoladigital.madeira.gov.pt\/eb1pesjorge\/wp-content\/uploads\/sites\/20\/2025\/12\/Castanha-Exploradores.jpeg 2048w\" sizes=\"(max-width: 1024px) 100vw, 1024px\" \/><\/figure><div class=\"wp-block-media-text__content\">\n<p class=\"has-large-font-size\">Descobrir a Castanha!<\/p>\n<\/div><\/div>\n","protected":false},"excerpt":{"rendered":"<p>No Edif\u00edcio de S\u00e3o Jorge, o Clube dos Exploradores, desenvolvido com o 1.\u00ba ano, \u00e9 um espa\u00e7o din\u00e2mico destinado a [&hellip;]<\/p>\n","protected":false},"author":29,"featured_media":0,"parent":0,"menu_order":0,"comment_status":"closed","ping_status":"closed","template":"","meta":{"site-sidebar-layout":"default","site-content-layout":"","ast-site-content-layout":"default","site-content-style":"default","site-sidebar-style":"default","ast-global-header-display":"","ast-banner-title-visibility":"","ast-main-header-display":"","ast-hfb-above-header-display":"","ast-hfb-below-header-display":"","ast-hfb-mobile-header-display":"","site-post-title":"","ast-breadcrumbs-content":"","ast-featured-img":"","footer-sml-layout":"","ast-disable-related-posts":"","theme-transparent-header-meta":"","adv-header-id-meta":"","stick-header-meta":"","header-above-stick-meta":"","header-main-stick-meta":"","header-below-stick-meta":"","astra-migrate-meta-layouts":"default","ast-page-background-enabled":"default","ast-page-background-meta":{"desktop":{"background-color":"var(--ast-global-color-5)","background-image":"","background-repeat":"repeat","background-position":"center center","background-size":"auto","background-attachment":"scroll","background-type":"","background-media":"","overlay-type":"","overlay-color":"","overlay-opacity":"","overlay-gradient":""},"tablet":{"background-color":"","background-image":"","background-repeat":"repeat","background-position":"center center","background-size":"auto","background-attachment":"scroll","background-type":"","background-media":"","overlay-type":"","overlay-color":"","overlay-opacity":"","overlay-gradient":""},"mobile":{"background-color":"","background-image":"","background-repeat":"repeat","background-position":"center center","background-size":"auto","background-attachment":"scroll","background-type":"","background-media":"","overlay-type":"","overlay-color":"","overlay-opacity":"","overlay-gradient":""}},"ast-content-background-meta":{"desktop":{"background-color":"var(--ast-global-color-4)","background-image":"","background-repeat":"repeat","background-position":"center center","background-size":"auto","background-attachment":"scroll","background-type":"","background-media":"","overlay-type":"","overlay-color":"","overlay-opacity":"","overlay-gradient":""},"tablet":{"background-color":"var(--ast-global-color-4)","background-image":"","background-repeat":"repeat","background-position":"center center","background-size":"auto","background-attachment":"scroll","background-type":"","background-media":"","overlay-type":"","overlay-color":"","overlay-opacity":"","overlay-gradient":""},"mobile":{"background-color":"var(--ast-global-color-4)","background-image":"","background-repeat":"repeat","background-position":"center center","background-size":"auto","background-attachment":"scroll","background-type":"","background-media":"","overlay-type":"","overlay-color":"","overlay-opacity":"","overlay-gradient":""}},"_themeisle_gutenberg_block_has_review":false,"footnotes":""},"class_list":["post-551","page","type-page","status-publish","hentry"],"_links":{"self":[{"href":"https:\/\/escoladigital.madeira.gov.pt\/eb1pesjorge\/wp-json\/wp\/v2\/pages\/551","targetHints":{"allow":["GET"]}}],"collection":[{"href":"https:\/\/escoladigital.madeira.gov.pt\/eb1pesjorge\/wp-json\/wp\/v2\/pages"}],"about":[{"href":"https:\/\/escoladigital.madeira.gov.pt\/eb1pesjorge\/wp-json\/wp\/v2\/types\/page"}],"author":[{"embeddable":true,"href":"https:\/\/escoladigital.madeira.gov.pt\/eb1pesjorge\/wp-json\/wp\/v2\/users\/29"}],"replies":[{"embeddable":true,"href":"https:\/\/escoladigital.madeira.gov.pt\/eb1pesjorge\/wp-json\/wp\/v2\/comments?post=551"}],"version-history":[{"count":7,"href":"https:\/\/escoladigital.madeira.gov.pt\/eb1pesjorge\/wp-json\/wp\/v2\/pages\/551\/revisions"}],"predecessor-version":[{"id":1141,"href":"https:\/\/escoladigital.madeira.gov.pt\/eb1pesjorge\/wp-json\/wp\/v2\/pages\/551\/revisions\/1141"}],"wp:attachment":[{"href":"https:\/\/escoladigital.madeira.gov.pt\/eb1pesjorge\/wp-json\/wp\/v2\/media?parent=551"}],"curies":[{"name":"wp","href":"https:\/\/api.w.org\/{rel}","templated":true}]}}