{"id":733,"date":"2025-12-10T22:37:11","date_gmt":"2025-12-10T22:37:11","guid":{"rendered":"https:\/\/escoladigital.madeira.gov.pt\/eb1pesjorge\/?page_id=733"},"modified":"2025-12-16T16:44:27","modified_gmt":"2025-12-16T16:44:27","slug":"pessoal-nao-docente","status":"publish","type":"page","link":"https:\/\/escoladigital.madeira.gov.pt\/eb1pesjorge\/pessoal-nao-docente\/","title":{"rendered":"Pessoal N\u00e3o Docente"},"content":{"rendered":"\n<div class=\"wp-block-columns has-border-color has-ast-global-color-2-color has-text-color has-link-color wp-elements-05ad5676ee9ab24e01d657751ef96943 is-layout-flex wp-container-core-columns-is-layout-28f84493 wp-block-columns-is-layout-flex\" style=\"border-color:var(--ast-global-color-1);border-width:5px;border-top-left-radius:10px;border-top-right-radius:10px;border-bottom-left-radius:10px;border-bottom-right-radius:10px\">\n<div class=\"wp-block-column has-border-color has-ast-global-color-1-border-color has-ast-global-color-5-background-color has-background has-small-font-size is-layout-flow wp-container-core-column-is-layout-f6aaae3a wp-block-column-is-layout-flow\" style=\"border-width:5px;padding-top:0;padding-right:var(--wp--preset--spacing--20);padding-bottom:0;padding-left:var(--wp--preset--spacing--20)\">\n<p class=\"has-text-align-center\" style=\"font-size:16px\"><strong>Fun\u00e7\u00e3o<\/strong><\/p>\n\n\n\n<p class=\"has-text-align-center\" style=\"border-style:none;border-width:0px;font-size:14px\">T\u00e9cnica Superior de Biblioteca<\/p>\n\n\n\n<p class=\"has-text-align-center\" style=\"border-style:none;border-width:0px;font-size:14px\">Assistente T\u00e9cnica<\/p>\n\n\n\n<p class=\"has-text-align-center\" style=\"border-style:none;border-width:0px;font-size:14px\">T\u00e9cnica de Apoio \u00e0 Inf\u00e2ncia<\/p>\n\n\n\n<p class=\"has-text-align-center\" style=\"border-style:none;border-width:0px;font-size:14px\">T\u00e9cnica de Apoio \u00e0 Inf\u00e2ncia<\/p>\n\n\n\n<p class=\"has-text-align-center\" style=\"border-style:none;border-width:0px;font-size:14px\">T\u00e9cnica de Apoio \u00e0 Inf\u00e2ncia<\/p>\n\n\n\n<p class=\"has-text-align-center\" style=\"border-style:none;border-width:0px;font-size:14px\">T\u00e9cnica de Apoio \u00e0 Inf\u00e2ncia<\/p>\n\n\n\n<p class=\"has-text-align-center\" style=\"border-style:none;border-width:0px;font-size:14px\">T\u00e9cnica de Apoio \u00e0 Inf\u00e2ncia<\/p>\n\n\n\n<p class=\"has-text-align-center\" style=\"border-style:none;border-width:0px;font-size:14px\">T\u00e9cnica de Apoio \u00e0 Inf\u00e2ncia<\/p>\n\n\n\n<p class=\"has-text-align-center\" style=\"border-style:none;border-width:0px;font-size:14px\">Assistente Operacional<\/p>\n\n\n\n<p class=\"has-text-align-center\" style=\"border-style:none;border-width:0px;font-size:14px\">Assistente Operacional<\/p>\n<\/div>\n\n\n\n<div class=\"wp-block-column has-border-color has-ast-global-color-1-border-color has-ast-global-color-5-background-color has-background has-small-font-size is-layout-flow wp-container-core-column-is-layout-f6aaae3a wp-block-column-is-layout-flow\" style=\"border-width:5px;padding-top:0;padding-right:var(--wp--preset--spacing--20);padding-bottom:0;padding-left:var(--wp--preset--spacing--20)\">\n<p class=\"has-text-align-center\" style=\"border-style:none;border-width:0px;font-size:16px\"><strong>Pessoal N\u00e3o Docente<\/strong><\/p>\n\n\n\n<p class=\"has-text-align-center\" style=\"border-style:none;border-width:0px;font-size:14px\">Elda Gon\u00e7alves<\/p>\n\n\n\n<p class=\"has-text-align-center\" style=\"border-style:none;border-width:0px;font-size:14px\">Gabriela Freitas<\/p>\n\n\n\n<p class=\"has-text-align-center\" style=\"border-style:none;border-width:0px;font-size:14px\">An\u00e1lia Pacheco<\/p>\n\n\n\n<p class=\"has-text-align-center\" style=\"border-style:none;border-width:0px;font-size:14px\">Andrea Viveiros<\/p>\n\n\n\n<p class=\"has-text-align-center\" style=\"border-style:none;border-width:0px;font-size:14px\">Carla Caldeira<\/p>\n\n\n\n<p class=\"has-text-align-center\" style=\"border-style:none;border-width:0px;font-size:14px\">Flor\u00eancia Santos<\/p>\n\n\n\n<p class=\"has-text-align-center\" style=\"border-style:none;border-width:0px;font-size:14px\">Goarett Mendes<\/p>\n\n\n\n<p class=\"has-text-align-center\" style=\"border-style:none;border-width:0px;font-size:14px\">L\u00facia Ascens\u00e3o<\/p>\n\n\n\n<p class=\"has-text-align-center\" style=\"border-style:none;border-width:0px;font-size:14px\">Margarida Silva<\/p>\n\n\n\n<p class=\"has-text-align-center\" style=\"border-style:none;border-width:0px;font-size:14px\">Am\u00e9rico Noite<\/p>\n<\/div>\n<\/div>\n\n\n\n<p><\/p>\n","protected":false},"excerpt":{"rendered":"<p>Fun\u00e7\u00e3o T\u00e9cnica Superior de Biblioteca Assistente T\u00e9cnica T\u00e9cnica de Apoio \u00e0 Inf\u00e2ncia T\u00e9cnica de Apoio \u00e0 Inf\u00e2ncia T\u00e9cnica de Apoio [&hellip;]<\/p>\n","protected":false},"author":29,"featured_media":0,"parent":0,"menu_order":0,"comment_status":"closed","ping_status":"closed","template":"","meta":{"site-sidebar-layout":"default","site-content-layout":"","ast-site-content-layout":"default","site-content-style":"default","site-sidebar-style":"default","ast-global-header-display":"","ast-banner-title-visibility":"","ast-main-header-display":"","ast-hfb-above-header-display":"","ast-hfb-below-header-display":"","ast-hfb-mobile-header-display":"","site-post-title":"","ast-breadcrumbs-content":"","ast-featured-img":"","footer-sml-layout":"","ast-disable-related-posts":"","theme-transparent-header-meta":"","adv-header-id-meta":"","stick-header-meta":"","header-above-stick-meta":"","header-main-stick-meta":"","header-below-stick-meta":"","astra-migrate-meta-layouts":"default","ast-page-background-enabled":"default","ast-page-background-meta":{"desktop":{"background-color":"var(--ast-global-color-5)","background-image":"","background-repeat":"repeat","background-position":"center center","background-size":"auto","background-attachment":"scroll","background-type":"","background-media":"","overlay-type":"","overlay-color":"","overlay-opacity":"","overlay-gradient":""},"tablet":{"background-color":"","background-image":"","background-repeat":"repeat","background-position":"center center","background-size":"auto","background-attachment":"scroll","background-type":"","background-media":"","overlay-type":"","overlay-color":"","overlay-opacity":"","overlay-gradient":""},"mobile":{"background-color":"","background-image":"","background-repeat":"repeat","background-position":"center center","background-size":"auto","background-attachment":"scroll","background-type":"","background-media":"","overlay-type":"","overlay-color":"","overlay-opacity":"","overlay-gradient":""}},"ast-content-background-meta":{"desktop":{"background-color":"var(--ast-global-color-4)","background-image":"","background-repeat":"repeat","background-position":"center center","background-size":"auto","background-attachment":"scroll","background-type":"","background-media":"","overlay-type":"","overlay-color":"","overlay-opacity":"","overlay-gradient":""},"tablet":{"background-color":"var(--ast-global-color-4)","background-image":"","background-repeat":"repeat","background-position":"center center","background-size":"auto","background-attachment":"scroll","background-type":"","background-media":"","overlay-type":"","overlay-color":"","overlay-opacity":"","overlay-gradient":""},"mobile":{"background-color":"var(--ast-global-color-4)","background-image":"","background-repeat":"repeat","background-position":"center center","background-size":"auto","background-attachment":"scroll","background-type":"","background-media":"","overlay-type":"","overlay-color":"","overlay-opacity":"","overlay-gradient":""}},"_themeisle_gutenberg_block_has_review":false,"footnotes":""},"class_list":["post-733","page","type-page","status-publish","hentry"],"_links":{"self":[{"href":"https:\/\/escoladigital.madeira.gov.pt\/eb1pesjorge\/wp-json\/wp\/v2\/pages\/733","targetHints":{"allow":["GET"]}}],"collection":[{"href":"https:\/\/escoladigital.madeira.gov.pt\/eb1pesjorge\/wp-json\/wp\/v2\/pages"}],"about":[{"href":"https:\/\/escoladigital.madeira.gov.pt\/eb1pesjorge\/wp-json\/wp\/v2\/types\/page"}],"author":[{"embeddable":true,"href":"https:\/\/escoladigital.madeira.gov.pt\/eb1pesjorge\/wp-json\/wp\/v2\/users\/29"}],"replies":[{"embeddable":true,"href":"https:\/\/escoladigital.madeira.gov.pt\/eb1pesjorge\/wp-json\/wp\/v2\/comments?post=733"}],"version-history":[{"count":3,"href":"https:\/\/escoladigital.madeira.gov.pt\/eb1pesjorge\/wp-json\/wp\/v2\/pages\/733\/revisions"}],"predecessor-version":[{"id":1118,"href":"https:\/\/escoladigital.madeira.gov.pt\/eb1pesjorge\/wp-json\/wp\/v2\/pages\/733\/revisions\/1118"}],"wp:attachment":[{"href":"https:\/\/escoladigital.madeira.gov.pt\/eb1pesjorge\/wp-json\/wp\/v2\/media?parent=733"}],"curies":[{"name":"wp","href":"https:\/\/api.w.org\/{rel}","templated":true}]}}