{"id":935,"date":"2025-12-12T01:37:06","date_gmt":"2025-12-12T01:37:06","guid":{"rendered":"https:\/\/escoladigital.madeira.gov.pt\/eb1pesjorge\/?page_id=935"},"modified":"2025-12-12T01:53:17","modified_gmt":"2025-12-12T01:53:17","slug":"cargos","status":"publish","type":"page","link":"https:\/\/escoladigital.madeira.gov.pt\/eb1pesjorge\/cargos\/","title":{"rendered":"Cargos"},"content":{"rendered":"\n<div class=\"wp-block-columns has-border-color is-layout-flex wp-container-core-columns-is-layout-28f84493 wp-block-columns-is-layout-flex\" style=\"border-color:var(--ast-global-color-1);border-width:5px;border-top-left-radius:10px;border-top-right-radius:10px;border-bottom-left-radius:10px;border-bottom-right-radius:10px\">\n<div class=\"wp-block-column has-border-color has-ast-global-color-1-border-color has-ast-global-color-5-background-color has-background is-layout-flow wp-container-core-column-is-layout-f6aaae3a wp-block-column-is-layout-flow\" style=\"border-width:5px;padding-top:0;padding-right:var(--wp--preset--spacing--20);padding-bottom:0;padding-left:var(--wp--preset--spacing--20)\">\n<p class=\"has-text-align-center has-medium-font-size\"><strong>Cargos<\/strong><\/p>\n\n\n\n<p class=\"has-text-align-center has-border-color has-ast-global-color-1-border-color\">Coordenadora do Edif\u00edcio<\/p>\n\n\n\n<p class=\"has-text-align-center has-border-color has-ast-global-color-1-border-color\">Coordenadora TIC<\/p>\n\n\n\n<p class=\"has-text-align-center has-border-color has-ast-global-color-1-border-color\">Coordenadoras Eco-Escolas<\/p>\n\n\n\n<p class=\"has-text-align-center has-border-color has-ast-global-color-1-border-color\">Delegado de Seguran\u00e7a<\/p>\n\n\n\n<p class=\"has-text-align-center has-border-color has-ast-global-color-1-border-color\">Titulares de Grupo &#8211; Creche<\/p>\n\n\n\n<p class=\"has-text-align-center has-border-color has-ast-global-color-1-border-color\">Titulares de Grupo &#8211; Pr\u00e9-Escolar 1<\/p>\n\n\n\n<p class=\"has-text-align-center has-border-color has-ast-global-color-1-border-color\">Titulares de Grupo &#8211; Pr\u00e9-Escolar 2<\/p>\n\n\n\n<p class=\"has-text-align-center has-border-color has-ast-global-color-1-border-color\">Titulares de Turma &#8211; 1.\u00ba ano<\/p>\n\n\n\n<p class=\"has-text-align-center has-border-color has-ast-global-color-1-border-color\">Titulares de Turma &#8211; 2.\u00ba ano<\/p>\n\n\n\n<p class=\"has-text-align-center has-border-color has-ast-global-color-1-border-color\">Titulares de Turma &#8211; 3.\u00ba e 4.\u00ba anos<\/p>\n\n\n\n<p class=\"has-text-align-center has-border-color has-ast-global-color-1-border-color\">Titulares de Turma &#8211; Ensino B\u00e1sico Recorrente<\/p>\n<\/div>\n\n\n\n<div class=\"wp-block-column has-border-color has-ast-global-color-1-border-color has-ast-global-color-5-background-color has-background is-layout-flow wp-container-core-column-is-layout-f6aaae3a wp-block-column-is-layout-flow\" style=\"border-width:5px;padding-top:0;padding-right:var(--wp--preset--spacing--20);padding-bottom:0;padding-left:var(--wp--preset--spacing--20)\">\n<p class=\"has-text-align-center has-medium-font-size\"><strong>Docentes<\/strong><\/p>\n\n\n\n<p class=\"has-text-align-center has-border-color has-ast-global-color-1-border-color\">Paula Noite<\/p>\n\n\n\n<p class=\"has-text-align-center has-border-color has-ast-global-color-1-border-color\">Graciela Andrade<\/p>\n\n\n\n<p class=\"has-text-align-center has-border-color has-ast-global-color-1-border-color\">M\u00f3nica Sp\u00ednola e Andreia Santos<\/p>\n\n\n\n<p class=\"has-text-align-center has-border-color has-ast-global-color-1-border-color\">Francisco Serafim<\/p>\n\n\n\n<p class=\"has-text-align-center has-border-color has-ast-global-color-1-border-color\">Guida Santos e Liliana Gomes<\/p>\n\n\n\n<p class=\"has-text-align-center has-border-color has-ast-global-color-1-border-color\">Lu\u00edsa Pereira e M\u00e1rcia Mendon\u00e7a<\/p>\n\n\n\n<p class=\"has-text-align-center has-border-color has-ast-global-color-1-border-color\">Andreia Santos e Georgita Noite<\/p>\n\n\n\n<p class=\"has-text-align-center has-border-color has-ast-global-color-1-border-color\">B\u00e1rbara Moreira<\/p>\n\n\n\n<p class=\"has-text-align-center has-border-color has-ast-global-color-1-border-color\">Ana Gil<\/p>\n\n\n\n<p class=\"has-text-align-center has-border-color has-ast-global-color-1-border-color\">Daniela Fernandes<\/p>\n\n\n\n<p class=\"has-text-align-center has-border-color has-ast-global-color-1-border-color\">M\u00f3nica Sp\u00ednola<\/p>\n<\/div>\n<\/div>\n","protected":false},"excerpt":{"rendered":"<p>Cargos Coordenadora do Edif\u00edcio Coordenadora TIC Coordenadoras Eco-Escolas Delegado de Seguran\u00e7a Titulares de Grupo &#8211; Creche Titulares de Grupo &#8211; [&hellip;]<\/p>\n","protected":false},"author":29,"featured_media":0,"parent":0,"menu_order":0,"comment_status":"closed","ping_status":"closed","template":"","meta":{"site-sidebar-layout":"default","site-content-layout":"","ast-site-content-layout":"default","site-content-style":"default","site-sidebar-style":"default","ast-global-header-display":"","ast-banner-title-visibility":"","ast-main-header-display":"","ast-hfb-above-header-display":"","ast-hfb-below-header-display":"","ast-hfb-mobile-header-display":"","site-post-title":"","ast-breadcrumbs-content":"","ast-featured-img":"","footer-sml-layout":"","ast-disable-related-posts":"","theme-transparent-header-meta":"","adv-header-id-meta":"","stick-header-meta":"","header-above-stick-meta":"","header-main-stick-meta":"","header-below-stick-meta":"","astra-migrate-meta-layouts":"default","ast-page-background-enabled":"default","ast-page-background-meta":{"desktop":{"background-color":"var(--ast-global-color-5)","background-image":"","background-repeat":"repeat","background-position":"center center","background-size":"auto","background-attachment":"scroll","background-type":"","background-media":"","overlay-type":"","overlay-color":"","overlay-opacity":"","overlay-gradient":""},"tablet":{"background-color":"","background-image":"","background-repeat":"repeat","background-position":"center center","background-size":"auto","background-attachment":"scroll","background-type":"","background-media":"","overlay-type":"","overlay-color":"","overlay-opacity":"","overlay-gradient":""},"mobile":{"background-color":"","background-image":"","background-repeat":"repeat","background-position":"center center","background-size":"auto","background-attachment":"scroll","background-type":"","background-media":"","overlay-type":"","overlay-color":"","overlay-opacity":"","overlay-gradient":""}},"ast-content-background-meta":{"desktop":{"background-color":"var(--ast-global-color-4)","background-image":"","background-repeat":"repeat","background-position":"center center","background-size":"auto","background-attachment":"scroll","background-type":"","background-media":"","overlay-type":"","overlay-color":"","overlay-opacity":"","overlay-gradient":""},"tablet":{"background-color":"var(--ast-global-color-4)","background-image":"","background-repeat":"repeat","background-position":"center center","background-size":"auto","background-attachment":"scroll","background-type":"","background-media":"","overlay-type":"","overlay-color":"","overlay-opacity":"","overlay-gradient":""},"mobile":{"background-color":"var(--ast-global-color-4)","background-image":"","background-repeat":"repeat","background-position":"center center","background-size":"auto","background-attachment":"scroll","background-type":"","background-media":"","overlay-type":"","overlay-color":"","overlay-opacity":"","overlay-gradient":""}},"_themeisle_gutenberg_block_has_review":false,"footnotes":""},"class_list":["post-935","page","type-page","status-publish","hentry"],"_links":{"self":[{"href":"https:\/\/escoladigital.madeira.gov.pt\/eb1pesjorge\/wp-json\/wp\/v2\/pages\/935","targetHints":{"allow":["GET"]}}],"collection":[{"href":"https:\/\/escoladigital.madeira.gov.pt\/eb1pesjorge\/wp-json\/wp\/v2\/pages"}],"about":[{"href":"https:\/\/escoladigital.madeira.gov.pt\/eb1pesjorge\/wp-json\/wp\/v2\/types\/page"}],"author":[{"embeddable":true,"href":"https:\/\/escoladigital.madeira.gov.pt\/eb1pesjorge\/wp-json\/wp\/v2\/users\/29"}],"replies":[{"embeddable":true,"href":"https:\/\/escoladigital.madeira.gov.pt\/eb1pesjorge\/wp-json\/wp\/v2\/comments?post=935"}],"version-history":[{"count":3,"href":"https:\/\/escoladigital.madeira.gov.pt\/eb1pesjorge\/wp-json\/wp\/v2\/pages\/935\/revisions"}],"predecessor-version":[{"id":946,"href":"https:\/\/escoladigital.madeira.gov.pt\/eb1pesjorge\/wp-json\/wp\/v2\/pages\/935\/revisions\/946"}],"wp:attachment":[{"href":"https:\/\/escoladigital.madeira.gov.pt\/eb1pesjorge\/wp-json\/wp\/v2\/media?parent=935"}],"curies":[{"name":"wp","href":"https:\/\/api.w.org\/{rel}","templated":true}]}}