{"id":345,"date":"2024-12-06T09:12:26","date_gmt":"2024-12-06T09:12:26","guid":{"rendered":"https:\/\/escoladigital.madeira.gov.pt\/eb1pesvicente\/?page_id=345"},"modified":"2025-06-11T16:50:06","modified_gmt":"2025-06-11T16:50:06","slug":"matriculas","status":"publish","type":"page","link":"https:\/\/escoladigital.madeira.gov.pt\/eb1pesvicente\/matriculas\/","title":{"rendered":"Matr\u00edculas"},"content":{"rendered":"\n<figure class=\"wp-block-image aligncenter size-full is-resized\"><img fetchpriority=\"high\" decoding=\"async\" width=\"600\" height=\"200\" src=\"https:\/\/escoladigital.madeira.gov.pt\/eb1pesvicente\/wp-content\/uploads\/sites\/60\/2024\/12\/matriculas-1.png\" alt=\"\" class=\"wp-image-400\" style=\"width:600px;height:auto\" srcset=\"https:\/\/escoladigital.madeira.gov.pt\/eb1pesvicente\/wp-content\/uploads\/sites\/60\/2024\/12\/matriculas-1.png 600w, https:\/\/escoladigital.madeira.gov.pt\/eb1pesvicente\/wp-content\/uploads\/sites\/60\/2024\/12\/matriculas-1-300x100.png 300w\" sizes=\"(max-width: 600px) 100vw, 600px\" \/><\/figure>\n\n\n\n<p><strong>A Matr\u00edcula Escolar<\/strong> \u00e9 o&nbsp;processo administrativo pelo qual um aluno \u00e9 oficialmente registado numa institui\u00e7\u00e3o de ensino. Esse procedimento formaliza a inscri\u00e7\u00e3o do estudante numa determinada escola para o ano letivo vigente, assegurando-lhe uma vaga no ano escolar apropriado.<\/p>\n\n\n\n<figure class=\"wp-block-image aligncenter size-full is-resized\"><img decoding=\"async\" width=\"474\" height=\"162\" src=\"https:\/\/escoladigital.madeira.gov.pt\/eb1pesvicente\/wp-content\/uploads\/sites\/60\/2025\/06\/OIF.jpeg\" alt=\"\" class=\"wp-image-1025\" style=\"width:380px;height:auto\" srcset=\"https:\/\/escoladigital.madeira.gov.pt\/eb1pesvicente\/wp-content\/uploads\/sites\/60\/2025\/06\/OIF.jpeg 474w, https:\/\/escoladigital.madeira.gov.pt\/eb1pesvicente\/wp-content\/uploads\/sites\/60\/2025\/06\/OIF-300x103.jpeg 300w\" sizes=\"(max-width: 474px) 100vw, 474px\" \/><\/figure>\n\n\n\n<p class=\"has-text-align-center\"><strong>Matr\u00edculas para o ano letivo 2025\/2026<\/strong>&#8211; calend\u00e1rio e <em>documenta\u00e7\u00e3o necess\u00e1ria<\/em><\/p>\n\n\n\n<p><strong><em>As matr\u00edculas para o pr\u00f3ximo ano letivo para a Creche, Pr\u00e9~Escolar e 1\u00ba ciclo acontecer\u00e3o entre 2 a 9 de julho de 2025.<\/em><\/strong><\/p>\n\n\n\n<p><strong>Para a Matr\u00edcula na Creche e Pr\u00e9-Escolar: <\/strong>Cart\u00e3o de Cidad\u00e3o ou Passaporte ou Autoriza\u00e7\u00e3o de Resid\u00eancia; Boletim de Vacinas atualizado; Comprovativo de morada; Declara\u00e7\u00e3o de escal\u00e3o de\u00a0Abono\u00a0de Fam\u00edlia. <\/p>\n\n\n\n<p><strong>Para a Matr\u00edcula<\/strong> <strong>no 1\u00ba ciclo:  <\/strong>Cart\u00e3o de Cidad\u00e3o ou Passaporte ou Autoriza\u00e7\u00e3o de Resid\u00eancia; Boletim de Vacinas atualizado; Comprovativo de morada; Declara\u00e7\u00e3o de escal\u00e3o de\u00a0Abono\u00a0de Fam\u00edlia; IBAN e o n\u00famero de identifica\u00e7\u00e3o fiscal associado (NIF).<\/p>\n\n\n\n<p class=\"has-text-align-center\"><strong>BOAS F\u00c8RIAS!<\/strong><\/p>\n\n\n\n<p><\/p>\n","protected":false},"excerpt":{"rendered":"<p>A Matr\u00edcula Escolar \u00e9 o&nbsp;processo administrativo pelo qual um aluno \u00e9 oficialmente registado numa institui\u00e7\u00e3o de ensino. Esse procedimento formaliza [&hellip;]<\/p>\n","protected":false},"author":76,"featured_media":0,"parent":0,"menu_order":0,"comment_status":"closed","ping_status":"closed","template":"","meta":{"site-sidebar-layout":"default","site-content-layout":"","ast-site-content-layout":"default","site-content-style":"default","site-sidebar-style":"default","ast-global-header-display":"","ast-banner-title-visibility":"","ast-main-header-display":"","ast-hfb-above-header-display":"","ast-hfb-below-header-display":"","ast-hfb-mobile-header-display":"","site-post-title":"","ast-breadcrumbs-content":"","ast-featured-img":"","footer-sml-layout":"","ast-disable-related-posts":"","theme-transparent-header-meta":"","adv-header-id-meta":"","stick-header-meta":"","header-above-stick-meta":"","header-main-stick-meta":"","header-below-stick-meta":"","astra-migrate-meta-layouts":"default","ast-page-background-enabled":"default","ast-page-background-meta":{"desktop":{"background-color":"var(--ast-global-color-4)","background-image":"","background-repeat":"repeat","background-position":"center center","background-size":"auto","background-attachment":"scroll","background-type":"","background-media":"","overlay-type":"","overlay-color":"","overlay-opacity":"","overlay-gradient":""},"tablet":{"background-color":"","background-image":"","background-repeat":"repeat","background-position":"center center","background-size":"auto","background-attachment":"scroll","background-type":"","background-media":"","overlay-type":"","overlay-color":"","overlay-opacity":"","overlay-gradient":""},"mobile":{"background-color":"","background-image":"","background-repeat":"repeat","background-position":"center center","background-size":"auto","background-attachment":"scroll","background-type":"","background-media":"","overlay-type":"","overlay-color":"","overlay-opacity":"","overlay-gradient":""}},"ast-content-background-meta":{"desktop":{"background-color":"var(--ast-global-color-5)","background-image":"","background-repeat":"repeat","background-position":"center center","background-size":"auto","background-attachment":"scroll","background-type":"","background-media":"","overlay-type":"","overlay-color":"","overlay-opacity":"","overlay-gradient":""},"tablet":{"background-color":"var(--ast-global-color-5)","background-image":"","background-repeat":"repeat","background-position":"center center","background-size":"auto","background-attachment":"scroll","background-type":"","background-media":"","overlay-type":"","overlay-color":"","overlay-opacity":"","overlay-gradient":""},"mobile":{"background-color":"var(--ast-global-color-5)","background-image":"","background-repeat":"repeat","background-position":"center center","background-size":"auto","background-attachment":"scroll","background-type":"","background-media":"","overlay-type":"","overlay-color":"","overlay-opacity":"","overlay-gradient":""}},"_themeisle_gutenberg_block_has_review":false,"footnotes":""},"class_list":["post-345","page","type-page","status-publish","hentry"],"_links":{"self":[{"href":"https:\/\/escoladigital.madeira.gov.pt\/eb1pesvicente\/wp-json\/wp\/v2\/pages\/345","targetHints":{"allow":["GET"]}}],"collection":[{"href":"https:\/\/escoladigital.madeira.gov.pt\/eb1pesvicente\/wp-json\/wp\/v2\/pages"}],"about":[{"href":"https:\/\/escoladigital.madeira.gov.pt\/eb1pesvicente\/wp-json\/wp\/v2\/types\/page"}],"author":[{"embeddable":true,"href":"https:\/\/escoladigital.madeira.gov.pt\/eb1pesvicente\/wp-json\/wp\/v2\/users\/76"}],"replies":[{"embeddable":true,"href":"https:\/\/escoladigital.madeira.gov.pt\/eb1pesvicente\/wp-json\/wp\/v2\/comments?post=345"}],"version-history":[{"count":7,"href":"https:\/\/escoladigital.madeira.gov.pt\/eb1pesvicente\/wp-json\/wp\/v2\/pages\/345\/revisions"}],"predecessor-version":[{"id":1026,"href":"https:\/\/escoladigital.madeira.gov.pt\/eb1pesvicente\/wp-json\/wp\/v2\/pages\/345\/revisions\/1026"}],"wp:attachment":[{"href":"https:\/\/escoladigital.madeira.gov.pt\/eb1pesvicente\/wp-json\/wp\/v2\/media?parent=345"}],"curies":[{"name":"wp","href":"https:\/\/api.w.org\/{rel}","templated":true}]}}