{"id":426,"date":"2024-12-11T14:49:36","date_gmt":"2024-12-11T14:49:36","guid":{"rendered":"https:\/\/escoladigital.madeira.gov.pt\/eb1pesvicente\/?page_id=426"},"modified":"2024-12-14T17:09:31","modified_gmt":"2024-12-14T17:09:31","slug":"servicos-administrativos","status":"publish","type":"page","link":"https:\/\/escoladigital.madeira.gov.pt\/eb1pesvicente\/servicos-administrativos\/","title":{"rendered":"Servi\u00e7os Administrativos"},"content":{"rendered":"\n<figure class=\"wp-block-image size-full\"><img decoding=\"async\" width=\"150\" height=\"150\" src=\"https:\/\/escoladigital.madeira.gov.pt\/eb1pesvicente\/wp-content\/uploads\/sites\/60\/2024\/12\/telefone-sem-fio-com-viva-voz-d1261-lado-1_resized_resized.png\" alt=\"\" class=\"wp-image-514\" \/><\/figure>\n\n\n\n<p><strong>Contatos de telefone<\/strong><\/p>\n\n\n\n<p>Edif\u00edcio da Vila: <strong>291 146 054<\/strong><\/p>\n\n\n\n<p>Edif\u00edcio da Creche: <strong>291 146 055<\/strong><\/p>\n\n\n\n<p>Edif\u00edcio dos Lameiros: <strong>291 146 056<\/strong><\/p>\n\n\n\n<p>Edif\u00edcio de Ponta Delgada: <strong>29 146 057<\/strong><\/p>\n\n\n\n<p>Edif\u00edcio de Boaventura: <strong>291 146 058<\/strong><\/p>\n\n\n\n<figure class=\"wp-block-image size-full\"><img decoding=\"async\" width=\"150\" height=\"150\" src=\"https:\/\/escoladigital.madeira.gov.pt\/eb1pesvicente\/wp-content\/uploads\/sites\/60\/2024\/12\/OIP_resized.png\" alt=\"\" class=\"wp-image-515\" \/><\/figure>\n\n\n\n<p><strong>eb1pecsaovicente@edu.madeira.gov.pt<\/strong><\/p>\n\n\n\n<p><strong>Nota:<\/strong> Para mais informa\u00e7\u00f5es aceder aos subt\u00edtulos deste menu.<\/p>\n","protected":false},"excerpt":{"rendered":"<p>Contatos de telefone Edif\u00edcio da Vila: 291 146 054 Edif\u00edcio da Creche: 291 146 055 Edif\u00edcio dos Lameiros: 291 146 [&hellip;]<\/p>\n","protected":false},"author":76,"featured_media":0,"parent":0,"menu_order":0,"comment_status":"closed","ping_status":"closed","template":"","meta":{"site-sidebar-layout":"default","site-content-layout":"","ast-site-content-layout":"default","site-content-style":"default","site-sidebar-style":"default","ast-global-header-display":"","ast-banner-title-visibility":"","ast-main-header-display":"","ast-hfb-above-header-display":"","ast-hfb-below-header-display":"","ast-hfb-mobile-header-display":"","site-post-title":"","ast-breadcrumbs-content":"","ast-featured-img":"","footer-sml-layout":"","ast-disable-related-posts":"","theme-transparent-header-meta":"","adv-header-id-meta":"","stick-header-meta":"","header-above-stick-meta":"","header-main-stick-meta":"","header-below-stick-meta":"","astra-migrate-meta-layouts":"default","ast-page-background-enabled":"default","ast-page-background-meta":{"desktop":{"background-color":"var(--ast-global-color-4)","background-image":"","background-repeat":"repeat","background-position":"center center","background-size":"auto","background-attachment":"scroll","background-type":"","background-media":"","overlay-type":"","overlay-color":"","overlay-opacity":"","overlay-gradient":""},"tablet":{"background-color":"","background-image":"","background-repeat":"repeat","background-position":"center center","background-size":"auto","background-attachment":"scroll","background-type":"","background-media":"","overlay-type":"","overlay-color":"","overlay-opacity":"","overlay-gradient":""},"mobile":{"background-color":"","background-image":"","background-repeat":"repeat","background-position":"center center","background-size":"auto","background-attachment":"scroll","background-type":"","background-media":"","overlay-type":"","overlay-color":"","overlay-opacity":"","overlay-gradient":""}},"ast-content-background-meta":{"desktop":{"background-color":"var(--ast-global-color-5)","background-image":"","background-repeat":"repeat","background-position":"center center","background-size":"auto","background-attachment":"scroll","background-type":"","background-media":"","overlay-type":"","overlay-color":"","overlay-opacity":"","overlay-gradient":""},"tablet":{"background-color":"var(--ast-global-color-5)","background-image":"","background-repeat":"repeat","background-position":"center center","background-size":"auto","background-attachment":"scroll","background-type":"","background-media":"","overlay-type":"","overlay-color":"","overlay-opacity":"","overlay-gradient":""},"mobile":{"background-color":"var(--ast-global-color-5)","background-image":"","background-repeat":"repeat","background-position":"center center","background-size":"auto","background-attachment":"scroll","background-type":"","background-media":"","overlay-type":"","overlay-color":"","overlay-opacity":"","overlay-gradient":""}},"_themeisle_gutenberg_block_has_review":false,"footnotes":""},"class_list":["post-426","page","type-page","status-publish","hentry"],"_links":{"self":[{"href":"https:\/\/escoladigital.madeira.gov.pt\/eb1pesvicente\/wp-json\/wp\/v2\/pages\/426","targetHints":{"allow":["GET"]}}],"collection":[{"href":"https:\/\/escoladigital.madeira.gov.pt\/eb1pesvicente\/wp-json\/wp\/v2\/pages"}],"about":[{"href":"https:\/\/escoladigital.madeira.gov.pt\/eb1pesvicente\/wp-json\/wp\/v2\/types\/page"}],"author":[{"embeddable":true,"href":"https:\/\/escoladigital.madeira.gov.pt\/eb1pesvicente\/wp-json\/wp\/v2\/users\/76"}],"replies":[{"embeddable":true,"href":"https:\/\/escoladigital.madeira.gov.pt\/eb1pesvicente\/wp-json\/wp\/v2\/comments?post=426"}],"version-history":[{"count":4,"href":"https:\/\/escoladigital.madeira.gov.pt\/eb1pesvicente\/wp-json\/wp\/v2\/pages\/426\/revisions"}],"predecessor-version":[{"id":521,"href":"https:\/\/escoladigital.madeira.gov.pt\/eb1pesvicente\/wp-json\/wp\/v2\/pages\/426\/revisions\/521"}],"wp:attachment":[{"href":"https:\/\/escoladigital.madeira.gov.pt\/eb1pesvicente\/wp-json\/wp\/v2\/media?parent=426"}],"curies":[{"name":"wp","href":"https:\/\/api.w.org\/{rel}","templated":true}]}}