{"id":68,"date":"2024-11-27T14:18:37","date_gmt":"2024-11-27T14:18:37","guid":{"rendered":"https:\/\/escoladigital.madeira.gov.pt\/eb1pesvicente\/?page_id=68"},"modified":"2024-12-01T21:25:56","modified_gmt":"2024-12-01T21:25:56","slug":"projetos-daa-escola","status":"publish","type":"page","link":"https:\/\/escoladigital.madeira.gov.pt\/eb1pesvicente\/projetos-daa-escola\/","title":{"rendered":"Documentos da Escola"},"content":{"rendered":"\n<figure class=\"wp-block-image aligncenter size-full\"><img fetchpriority=\"high\" decoding=\"async\" width=\"640\" height=\"279\" src=\"https:\/\/escoladigital.madeira.gov.pt\/eb1pesvicente\/wp-content\/uploads\/sites\/60\/2024\/12\/thumbnail_Escola-foto-atualizada-redimencionada.jpg\" alt=\"\" class=\"wp-image-173\" srcset=\"https:\/\/escoladigital.madeira.gov.pt\/eb1pesvicente\/wp-content\/uploads\/sites\/60\/2024\/12\/thumbnail_Escola-foto-atualizada-redimencionada.jpg 640w, https:\/\/escoladigital.madeira.gov.pt\/eb1pesvicente\/wp-content\/uploads\/sites\/60\/2024\/12\/thumbnail_Escola-foto-atualizada-redimencionada-300x131.jpg 300w\" sizes=\"(max-width: 640px) 100vw, 640px\" \/><\/figure>\n\n\n\n<p><\/p>\n\n\n\n<div class=\"wp-block-columns is-layout-flex wp-container-core-columns-is-layout-28f84493 wp-block-columns-is-layout-flex\">\n<div class=\"wp-block-column is-layout-flow wp-block-column-is-layout-flow\">\n<div data-wp-interactive=\"core\/file\" class=\"wp-block-file\"><object data-wp-bind--hidden=\"!state.hasPdfPreview\" hidden class=\"wp-block-file__embed\" data=\"https:\/\/escoladigital.madeira.gov.pt\/eb1pesvicente\/wp-content\/uploads\/sites\/60\/2024\/11\/NOVO-PEE_23-26.pdf\" type=\"application\/pdf\" style=\"width:100%;height:600px\" aria-label=\"Incorpora\u00e7\u00e3o de NOVO PEE_23-26.\"><\/object><a id=\"wp-block-file--media-ab7e6761-90f5-48a0-8d5f-60f7f0b88986\" href=\"https:\/\/escoladigital.madeira.gov.pt\/eb1pesvicente\/wp-content\/uploads\/sites\/60\/2024\/11\/NOVO-PEE_23-26.pdf\">NOVO PEE_23-26<\/a><a href=\"https:\/\/escoladigital.madeira.gov.pt\/eb1pesvicente\/wp-content\/uploads\/sites\/60\/2024\/11\/NOVO-PEE_23-26.pdf\" class=\"wp-block-file__button wp-element-button\" download aria-describedby=\"wp-block-file--media-ab7e6761-90f5-48a0-8d5f-60f7f0b88986\">Descarregar<\/a><\/div>\n<\/div>\n\n\n\n<div class=\"wp-block-column is-layout-flow wp-block-column-is-layout-flow\">\n<div data-wp-interactive=\"core\/file\" class=\"wp-block-file\"><object data-wp-bind--hidden=\"!state.hasPdfPreview\" hidden class=\"wp-block-file__embed\" data=\"https:\/\/escoladigital.madeira.gov.pt\/eb1pesvicente\/wp-content\/uploads\/sites\/60\/2024\/11\/adenda-PEE-alterada-a-8-11_ultima.pdf\" type=\"application\/pdf\" style=\"width:100%;height:600px\" aria-label=\"Incorpora\u00e7\u00e3o de adenda PEE alterada a 8-11_\u00faltima.\"><\/object><a id=\"wp-block-file--media-17c9299f-167c-4fd0-aa16-142c15f40b4b\" href=\"https:\/\/escoladigital.madeira.gov.pt\/eb1pesvicente\/wp-content\/uploads\/sites\/60\/2024\/11\/adenda-PEE-alterada-a-8-11_ultima.pdf\">adenda PEE alterada a 8-11_\u00faltima<\/a><a href=\"https:\/\/escoladigital.madeira.gov.pt\/eb1pesvicente\/wp-content\/uploads\/sites\/60\/2024\/11\/adenda-PEE-alterada-a-8-11_ultima.pdf\" class=\"wp-block-file__button wp-element-button\" download aria-describedby=\"wp-block-file--media-17c9299f-167c-4fd0-aa16-142c15f40b4b\">Descarregar<\/a><\/div>\n<\/div>\n<\/div>\n\n\n\n\n\n<div class=\"wp-block-columns is-layout-flex wp-container-core-columns-is-layout-28f84493 wp-block-columns-is-layout-flex\">\n<div class=\"wp-block-column is-layout-flow wp-block-column-is-layout-flow\">\n<div data-wp-interactive=\"core\/file\" class=\"wp-block-file\"><object data-wp-bind--hidden=\"!state.hasPdfPreview\" hidden class=\"wp-block-file__embed\" data=\"https:\/\/escoladigital.madeira.gov.pt\/eb1pesvicente\/wp-content\/uploads\/sites\/60\/2024\/11\/PAA-24-25.pdf\" type=\"application\/pdf\" style=\"width:100%;height:600px\" aria-label=\"Incorpora\u00e7\u00e3o de PAA-24-25.\"><\/object><a id=\"wp-block-file--media-9dea6211-83c0-4877-8176-0744433627dc\" href=\"https:\/\/escoladigital.madeira.gov.pt\/eb1pesvicente\/wp-content\/uploads\/sites\/60\/2024\/11\/PAA-24-25.pdf\">PAA-24-25<\/a><a href=\"https:\/\/escoladigital.madeira.gov.pt\/eb1pesvicente\/wp-content\/uploads\/sites\/60\/2024\/11\/PAA-24-25.pdf\" class=\"wp-block-file__button wp-element-button\" download aria-describedby=\"wp-block-file--media-9dea6211-83c0-4877-8176-0744433627dc\">Descarregar<\/a><\/div>\n<\/div>\n\n\n\n<div class=\"wp-block-column is-layout-flow wp-block-column-is-layout-flow\">\n<div data-wp-interactive=\"core\/file\" class=\"wp-block-file\"><object data-wp-bind--hidden=\"!state.hasPdfPreview\" hidden class=\"wp-block-file__embed\" data=\"https:\/\/escoladigital.madeira.gov.pt\/eb1pesvicente\/wp-content\/uploads\/sites\/60\/2024\/11\/Atual-Regulamento-Interno-2022-2026_apos-plano-melhoria.pdf\" type=\"application\/pdf\" style=\"width:100%;height:600px\" aria-label=\"Incorpora\u00e7\u00e3o de Atual Regulamento Interno 2022-2026_ap\u00f3s plano melhoria.\"><\/object><a id=\"wp-block-file--media-6e2e5464-7dae-47d6-8781-ee51dcb3acef\" href=\"https:\/\/escoladigital.madeira.gov.pt\/eb1pesvicente\/wp-content\/uploads\/sites\/60\/2024\/11\/Atual-Regulamento-Interno-2022-2026_apos-plano-melhoria.pdf\">Atual Regulamento Interno 2022-2026_ap\u00f3s plano melhoria<\/a><a href=\"https:\/\/escoladigital.madeira.gov.pt\/eb1pesvicente\/wp-content\/uploads\/sites\/60\/2024\/11\/Atual-Regulamento-Interno-2022-2026_apos-plano-melhoria.pdf\" class=\"wp-block-file__button wp-element-button\" download aria-describedby=\"wp-block-file--media-6e2e5464-7dae-47d6-8781-ee51dcb3acef\">Descarregar<\/a><\/div>\n<\/div>\n<\/div>\n\n\n\n<div class=\"wp-block-buttons is-layout-flex wp-block-buttons-is-layout-flex\">\n<div class=\"wp-block-button\"><a class=\"wp-block-button__link wp-element-button\" href=\"http:\/\/eb1pesvicente\/eb1pesvicente\/shared-files\/136\/?NOVO PEE_23-26.pdf\">PEE<\/a><\/div>\n<\/div>\n\n\n\n<p><\/p>\n\n\n\n<h2 class=\"wp-block-heading has-text-align-left\"><\/h2>\n\n\n\n<h2 class=\"wp-block-heading\"><\/h2>\n\n\n\n<blockquote class=\"wp-block-quote is-layout-flow wp-block-quote-is-layout-flow\">\n<p><\/p>\n<\/blockquote>\n\n\n\n<div id=\"wp-block-themeisle-blocks-button-group-9faabb4e\" class=\"wp-block-themeisle-blocks-button-group wp-block-buttons\">\n<div id=\"wp-block-themeisle-blocks-button-a35fb121\" class=\"wp-block-themeisle-blocks-button wp-block-button\"><a target=\"_self\" rel=\"noopener noreferrer\" class=\"wp-block-button__link\"><span><\/span><\/a><\/div>\n<\/div>\n","protected":false},"excerpt":{"rendered":"","protected":false},"author":76,"featured_media":0,"parent":0,"menu_order":0,"comment_status":"closed","ping_status":"closed","template":"","meta":{"site-sidebar-layout":"no-sidebar","site-content-layout":"","ast-site-content-layout":"full-width-container","site-content-style":"default","site-sidebar-style":"default","ast-global-header-display":"","ast-banner-title-visibility":"","ast-main-header-display":"","ast-hfb-above-header-display":"","ast-hfb-below-header-display":"","ast-hfb-mobile-header-display":"","site-post-title":"","ast-breadcrumbs-content":"","ast-featured-img":"disabled","footer-sml-layout":"","ast-disable-related-posts":"","theme-transparent-header-meta":"","adv-header-id-meta":"","stick-header-meta":"","header-above-stick-meta":"","header-main-stick-meta":"","header-below-stick-meta":"","astra-migrate-meta-layouts":"default","ast-page-background-enabled":"default","ast-page-background-meta":{"desktop":{"background-color":"var(--ast-global-color-4)","background-image":"","background-repeat":"repeat","background-position":"center center","background-size":"auto","background-attachment":"scroll","background-type":"","background-media":"","overlay-type":"","overlay-color":"","overlay-opacity":"","overlay-gradient":""},"tablet":{"background-color":"","background-image":"","background-repeat":"repeat","background-position":"center center","background-size":"auto","background-attachment":"scroll","background-type":"","background-media":"","overlay-type":"","overlay-color":"","overlay-opacity":"","overlay-gradient":""},"mobile":{"background-color":"","background-image":"","background-repeat":"repeat","background-position":"center center","background-size":"auto","background-attachment":"scroll","background-type":"","background-media":"","overlay-type":"","overlay-color":"","overlay-opacity":"","overlay-gradient":""}},"ast-content-background-meta":{"desktop":{"background-color":"var(--ast-global-color-5)","background-image":"","background-repeat":"repeat","background-position":"center center","background-size":"auto","background-attachment":"scroll","background-type":"","background-media":"","overlay-type":"","overlay-color":"","overlay-opacity":"","overlay-gradient":""},"tablet":{"background-color":"var(--ast-global-color-5)","background-image":"","background-repeat":"repeat","background-position":"center center","background-size":"auto","background-attachment":"scroll","background-type":"","background-media":"","overlay-type":"","overlay-color":"","overlay-opacity":"","overlay-gradient":""},"mobile":{"background-color":"var(--ast-global-color-5)","background-image":"","background-repeat":"repeat","background-position":"center center","background-size":"auto","background-attachment":"scroll","background-type":"","background-media":"","overlay-type":"","overlay-color":"","overlay-opacity":"","overlay-gradient":""}},"_themeisle_gutenberg_block_has_review":false,"footnotes":""},"class_list":["post-68","page","type-page","status-publish","hentry"],"_links":{"self":[{"href":"https:\/\/escoladigital.madeira.gov.pt\/eb1pesvicente\/wp-json\/wp\/v2\/pages\/68","targetHints":{"allow":["GET"]}}],"collection":[{"href":"https:\/\/escoladigital.madeira.gov.pt\/eb1pesvicente\/wp-json\/wp\/v2\/pages"}],"about":[{"href":"https:\/\/escoladigital.madeira.gov.pt\/eb1pesvicente\/wp-json\/wp\/v2\/types\/page"}],"author":[{"embeddable":true,"href":"https:\/\/escoladigital.madeira.gov.pt\/eb1pesvicente\/wp-json\/wp\/v2\/users\/76"}],"replies":[{"embeddable":true,"href":"https:\/\/escoladigital.madeira.gov.pt\/eb1pesvicente\/wp-json\/wp\/v2\/comments?post=68"}],"version-history":[{"count":25,"href":"https:\/\/escoladigital.madeira.gov.pt\/eb1pesvicente\/wp-json\/wp\/v2\/pages\/68\/revisions"}],"predecessor-version":[{"id":234,"href":"https:\/\/escoladigital.madeira.gov.pt\/eb1pesvicente\/wp-json\/wp\/v2\/pages\/68\/revisions\/234"}],"wp:attachment":[{"href":"https:\/\/escoladigital.madeira.gov.pt\/eb1pesvicente\/wp-json\/wp\/v2\/media?parent=68"}],"curies":[{"name":"wp","href":"https:\/\/api.w.org\/{rel}","templated":true}]}}