{"id":75,"date":"2024-11-27T14:25:17","date_gmt":"2024-11-27T14:25:17","guid":{"rendered":"https:\/\/escoladigital.madeira.gov.pt\/eb1pesvicente\/?page_id=75"},"modified":"2025-05-14T01:22:59","modified_gmt":"2025-05-14T01:22:59","slug":"educacao-para-a-seguranca-e-protecao-de-riscos","status":"publish","type":"page","link":"https:\/\/escoladigital.madeira.gov.pt\/eb1pesvicente\/educacao-para-a-seguranca-e-protecao-de-riscos\/","title":{"rendered":"Educa\u00e7\u00e3o para a Seguran\u00e7a e Preven\u00e7\u00e3o de Riscos"},"content":{"rendered":"\n<figure class=\"wp-block-image aligncenter size-full\"><img fetchpriority=\"high\" decoding=\"async\" width=\"350\" height=\"350\" src=\"https:\/\/escoladigital.madeira.gov.pt\/eb1pesvicente\/wp-content\/uploads\/sites\/60\/2024\/11\/OIP-2.jpg\" alt=\"\" class=\"wp-image-109\" srcset=\"https:\/\/escoladigital.madeira.gov.pt\/eb1pesvicente\/wp-content\/uploads\/sites\/60\/2024\/11\/OIP-2.jpg 350w, https:\/\/escoladigital.madeira.gov.pt\/eb1pesvicente\/wp-content\/uploads\/sites\/60\/2024\/11\/OIP-2-300x300.jpg 300w, https:\/\/escoladigital.madeira.gov.pt\/eb1pesvicente\/wp-content\/uploads\/sites\/60\/2024\/11\/OIP-2-150x150.jpg 150w\" sizes=\"(max-width: 350px) 100vw, 350px\" \/><\/figure>\n\n\n\n<p><strong>Atitudes conscientes\/comportamentos de preven\u00e7\u00e3o e de autoprote\u00e7\u00e3o<\/strong><\/p>\n\n\n\n<p>O Projeto de Educa\u00e7\u00e3o para a Seguran\u00e7a e Preven\u00e7\u00e3o de Riscos (ESPR) pretende conceber aos alunos uma literacia a n\u00edvel dos diferentes riscos a que est\u00e3o expostos motivando-os em simult\u00e2neo para a escolha consciente de atitudes e comportamentos de preven\u00e7\u00e3o e de autoprote\u00e7\u00e3o que diminua a exposi\u00e7\u00e3o e a fragilidade perante os v\u00e1rios tipos de acidentes conscientizando-se. Para tal a Escola faz jus ao treino de alguns procedimentos de preven\u00e7\u00e3o e emerg\u00eancia.<\/p>\n\n\n\n<p class=\"has-text-align-center\">As \u00e1reas tem\u00e1ticas nesta abordagem de car\u00e1ter multidimensional \u00e0 seguran\u00e7a est\u00e3o dentro do contexto dos riscos naturais, mistos e tecnol\u00f3gicos, a sa\u00fade, a seguran\u00e7a rodovi\u00e1ria, de consumo e alimentar, dos planos familiares de emerg\u00eancia e do sistema de prote\u00e7\u00e3o civil, a seguran\u00e7a contra inc\u00eandios em edif\u00edcios e o plano de preven\u00e7\u00e3o e emerg\u00eancia da Escola.<\/p>\n\n\n\n<p>A Escola dita: &#8220;N\u00e3o corra riscos!&#8221; &#8220;Perca um minuto mas ganhe seguran\u00e7a! &#8221; &#8220;O seu melhor presente \u00e9 estar presente!&#8221;<\/p>\n\n\n\n<p class=\"has-text-align-center\"><strong>Planifica\u00e7\u00e3o Anual de Projeto de Seguran\u00e7a<\/strong><\/p>\n\n\n\n<div data-wp-interactive=\"core\/file\" class=\"wp-block-file\"><object data-wp-bind--hidden=\"!state.hasPdfPreview\" hidden class=\"wp-block-file__embed\" data=\"https:\/\/escoladigital.madeira.gov.pt\/eb1pesvicente\/wp-content\/uploads\/sites\/60\/2025\/05\/PLANIFICACAO-PROJETO-SEGURANCA-2024-2025-2-1.pdf\" type=\"application\/pdf\" style=\"width:100%;height:600px\" aria-label=\"Incorpora\u00e7\u00e3o de PLANIFICACAO-PROJETO-SEGURANCA-2024-2025-2.\"><\/object><a id=\"wp-block-file--media-2cfe3b27-125a-4dce-8146-2945f1ae813a\" href=\"https:\/\/escoladigital.madeira.gov.pt\/eb1pesvicente\/wp-content\/uploads\/sites\/60\/2025\/05\/PLANIFICACAO-PROJETO-SEGURANCA-2024-2025-2-1.pdf\">PLANIFICACAO-PROJETO-SEGURANCA-2024-2025-2<\/a><a href=\"https:\/\/escoladigital.madeira.gov.pt\/eb1pesvicente\/wp-content\/uploads\/sites\/60\/2025\/05\/PLANIFICACAO-PROJETO-SEGURANCA-2024-2025-2-1.pdf\" class=\"wp-block-file__button wp-element-button\" download aria-describedby=\"wp-block-file--media-2cfe3b27-125a-4dce-8146-2945f1ae813a\">Descarregar<\/a><\/div>\n\n\n\n<p class=\"has-text-align-center\"><strong>Planos de Preven\u00e7\u00e3o\/Emerg\u00eancia e Plantas<\/strong><\/p>\n\n\n\n<div data-wp-interactive=\"core\/file\" class=\"wp-block-file alignleft\"><object data-wp-bind--hidden=\"!state.hasPdfPreview\" hidden class=\"wp-block-file__embed\" data=\"https:\/\/escoladigital.madeira.gov.pt\/eb1pesvicente\/wp-content\/uploads\/sites\/60\/2024\/12\/Fasciculo-III-2024-2025-VILA.pdf\" type=\"application\/pdf\" style=\"width:100%;height:600px\" aria-label=\"Incorpora\u00e7\u00e3o de Fasciculo III - 2024-2025- VILA.\"><\/object><a id=\"wp-block-file--media-87d5b15e-c2ef-4c90-a90a-b661b223e33d\" href=\"https:\/\/escoladigital.madeira.gov.pt\/eb1pesvicente\/wp-content\/uploads\/sites\/60\/2024\/12\/Fasciculo-III-2024-2025-VILA.pdf\">Fasciculo III &#8211; 2024-2025- VILA<\/a><a href=\"https:\/\/escoladigital.madeira.gov.pt\/eb1pesvicente\/wp-content\/uploads\/sites\/60\/2024\/12\/Fasciculo-III-2024-2025-VILA.pdf\" class=\"wp-block-file__button wp-element-button\" download aria-describedby=\"wp-block-file--media-87d5b15e-c2ef-4c90-a90a-b661b223e33d\">Descarregar<\/a><\/div>\n\n\n\n<div data-wp-interactive=\"core\/file\" class=\"wp-block-file\"><object data-wp-bind--hidden=\"!state.hasPdfPreview\" hidden class=\"wp-block-file__embed\" data=\"https:\/\/escoladigital.madeira.gov.pt\/eb1pesvicente\/wp-content\/uploads\/sites\/60\/2024\/12\/Fasciculo_III-2024-2025-CRECHE-SAO-VICENTE.pdf\" type=\"application\/pdf\" style=\"width:100%;height:600px\" aria-label=\"Incorpora\u00e7\u00e3o de Fasciculo_III - 2024-2025-CRECHE S\u00c3O VICENTE.\"><\/object><a id=\"wp-block-file--media-5eaa084f-4b58-4d82-a05f-46cd71a5daa6\" href=\"https:\/\/escoladigital.madeira.gov.pt\/eb1pesvicente\/wp-content\/uploads\/sites\/60\/2024\/12\/Fasciculo_III-2024-2025-CRECHE-SAO-VICENTE.pdf\">Fasciculo_III &#8211; 2024-2025-CRECHE S\u00c3O VICENTE<\/a><a href=\"https:\/\/escoladigital.madeira.gov.pt\/eb1pesvicente\/wp-content\/uploads\/sites\/60\/2024\/12\/Fasciculo_III-2024-2025-CRECHE-SAO-VICENTE.pdf\" class=\"wp-block-file__button wp-element-button\" download aria-describedby=\"wp-block-file--media-5eaa084f-4b58-4d82-a05f-46cd71a5daa6\">Descarregar<\/a><\/div>\n\n\n\n<div data-wp-interactive=\"core\/file\" class=\"wp-block-file alignleft\"><object data-wp-bind--hidden=\"!state.hasPdfPreview\" hidden class=\"wp-block-file__embed\" data=\"https:\/\/escoladigital.madeira.gov.pt\/eb1pesvicente\/wp-content\/uploads\/sites\/60\/2024\/12\/Fasciculo_III-2024-2025-LAMEIROS.pdf\" type=\"application\/pdf\" style=\"width:100%;height:600px\" aria-label=\"Incorpora\u00e7\u00e3o de Fasciculo_III- 2024-2025-LAMEIROS.\"><\/object><a id=\"wp-block-file--media-14568921-3d3f-4a67-88e6-369035bfa2a4\" href=\"https:\/\/escoladigital.madeira.gov.pt\/eb1pesvicente\/wp-content\/uploads\/sites\/60\/2024\/12\/Fasciculo_III-2024-2025-LAMEIROS.pdf\">Fasciculo_III- 2024-2025-LAMEIROS<\/a><a href=\"https:\/\/escoladigital.madeira.gov.pt\/eb1pesvicente\/wp-content\/uploads\/sites\/60\/2024\/12\/Fasciculo_III-2024-2025-LAMEIROS.pdf\" class=\"wp-block-file__button wp-element-button\" download aria-describedby=\"wp-block-file--media-14568921-3d3f-4a67-88e6-369035bfa2a4\">Descarregar<\/a><\/div>\n\n\n\n<div data-wp-interactive=\"core\/file\" class=\"wp-block-file\"><object data-wp-bind--hidden=\"!state.hasPdfPreview\" hidden class=\"wp-block-file__embed\" data=\"https:\/\/escoladigital.madeira.gov.pt\/eb1pesvicente\/wp-content\/uploads\/sites\/60\/2024\/12\/FASCICULO-III-2024-2025-PONTA-DELGADA.pdf\" type=\"application\/pdf\" style=\"width:100%;height:600px\" aria-label=\"Incorpora\u00e7\u00e3o de FASC\u00cdCULO III - 2024-2025-PONTA DELGADA.\"><\/object><a id=\"wp-block-file--media-97d5899b-2c1f-450d-b1d8-531785573868\" href=\"https:\/\/escoladigital.madeira.gov.pt\/eb1pesvicente\/wp-content\/uploads\/sites\/60\/2024\/12\/FASCICULO-III-2024-2025-PONTA-DELGADA.pdf\">FASC\u00cdCULO III &#8211; 2024-2025-PONTA DELGADA<\/a><a href=\"https:\/\/escoladigital.madeira.gov.pt\/eb1pesvicente\/wp-content\/uploads\/sites\/60\/2024\/12\/FASCICULO-III-2024-2025-PONTA-DELGADA.pdf\" class=\"wp-block-file__button wp-element-button\" download aria-describedby=\"wp-block-file--media-97d5899b-2c1f-450d-b1d8-531785573868\">Descarregar<\/a><\/div>\n\n\n\n<div data-wp-interactive=\"core\/file\" class=\"wp-block-file alignleft\"><object data-wp-bind--hidden=\"!state.hasPdfPreview\" hidden class=\"wp-block-file__embed\" data=\"https:\/\/escoladigital.madeira.gov.pt\/eb1pesvicente\/wp-content\/uploads\/sites\/60\/2024\/12\/FASCICULO-III-2024-2025-BOAVENTURA.pdf\" type=\"application\/pdf\" style=\"width:100%;height:600px\" aria-label=\"Incorpora\u00e7\u00e3o de FASC\u00cdCULO III -  2024-2025- BOAVENTURA.\"><\/object><a id=\"wp-block-file--media-8b9251c5-b181-4de6-8b8d-498ca310789b\" href=\"https:\/\/escoladigital.madeira.gov.pt\/eb1pesvicente\/wp-content\/uploads\/sites\/60\/2024\/12\/FASCICULO-III-2024-2025-BOAVENTURA.pdf\">FASC\u00cdCULO III &#8211;  2024-2025- BOAVENTURA<\/a><a href=\"https:\/\/escoladigital.madeira.gov.pt\/eb1pesvicente\/wp-content\/uploads\/sites\/60\/2024\/12\/FASCICULO-III-2024-2025-BOAVENTURA.pdf\" class=\"wp-block-file__button wp-element-button\" download aria-describedby=\"wp-block-file--media-8b9251c5-b181-4de6-8b8d-498ca310789b\">Descarregar<\/a><\/div>\n\n\n\n<div data-wp-interactive=\"core\/file\" class=\"wp-block-file\"><object data-wp-bind--hidden=\"!state.hasPdfPreview\" hidden class=\"wp-block-file__embed\" data=\"https:\/\/escoladigital.madeira.gov.pt\/eb1pesvicente\/wp-content\/uploads\/sites\/60\/2024\/12\/plantas-edificio-Vila.pdf\" type=\"application\/pdf\" style=\"width:100%;height:600px\" aria-label=\"Incorpora\u00e7\u00e3o de plantas-edificio Vila.\"><\/object><a id=\"wp-block-file--media-41c5c707-2ab8-499b-8ead-fcb12d019f70\" href=\"https:\/\/escoladigital.madeira.gov.pt\/eb1pesvicente\/wp-content\/uploads\/sites\/60\/2024\/12\/plantas-edificio-Vila.pdf\">plantas-edificio Vila<\/a><a href=\"https:\/\/escoladigital.madeira.gov.pt\/eb1pesvicente\/wp-content\/uploads\/sites\/60\/2024\/12\/plantas-edificio-Vila.pdf\" class=\"wp-block-file__button wp-element-button\" download aria-describedby=\"wp-block-file--media-41c5c707-2ab8-499b-8ead-fcb12d019f70\">Descarregar<\/a><\/div>\n\n\n\n<figure class=\"wp-block-image aligncenter size-large is-resized\"><img decoding=\"async\" width=\"1024\" height=\"1024\" src=\"https:\/\/escoladigital.madeira.gov.pt\/eb1pesvicente\/wp-content\/uploads\/sites\/60\/2025\/05\/Dia-da-Internet-Segura-1024x1024.png\" alt=\"\" class=\"wp-image-969\" style=\"width:496px;height:auto\" srcset=\"https:\/\/escoladigital.madeira.gov.pt\/eb1pesvicente\/wp-content\/uploads\/sites\/60\/2025\/05\/Dia-da-Internet-Segura-1024x1024.png 1024w, https:\/\/escoladigital.madeira.gov.pt\/eb1pesvicente\/wp-content\/uploads\/sites\/60\/2025\/05\/Dia-da-Internet-Segura-300x300.png 300w, https:\/\/escoladigital.madeira.gov.pt\/eb1pesvicente\/wp-content\/uploads\/sites\/60\/2025\/05\/Dia-da-Internet-Segura-150x150.png 150w, https:\/\/escoladigital.madeira.gov.pt\/eb1pesvicente\/wp-content\/uploads\/sites\/60\/2025\/05\/Dia-da-Internet-Segura-768x768.png 768w, https:\/\/escoladigital.madeira.gov.pt\/eb1pesvicente\/wp-content\/uploads\/sites\/60\/2025\/05\/Dia-da-Internet-Segura.png 1080w\" sizes=\"(max-width: 1024px) 100vw, 1024px\" \/><\/figure>\n","protected":false},"excerpt":{"rendered":"<p>Atitudes conscientes\/comportamentos de preven\u00e7\u00e3o e de autoprote\u00e7\u00e3o O Projeto de Educa\u00e7\u00e3o para a Seguran\u00e7a e Preven\u00e7\u00e3o de Riscos (ESPR) pretende [&hellip;]<\/p>\n","protected":false},"author":76,"featured_media":0,"parent":0,"menu_order":0,"comment_status":"closed","ping_status":"closed","template":"","meta":{"site-sidebar-layout":"default","site-content-layout":"","ast-site-content-layout":"default","site-content-style":"default","site-sidebar-style":"default","ast-global-header-display":"","ast-banner-title-visibility":"","ast-main-header-display":"","ast-hfb-above-header-display":"","ast-hfb-below-header-display":"","ast-hfb-mobile-header-display":"","site-post-title":"","ast-breadcrumbs-content":"","ast-featured-img":"","footer-sml-layout":"","ast-disable-related-posts":"","theme-transparent-header-meta":"","adv-header-id-meta":"","stick-header-meta":"","header-above-stick-meta":"","header-main-stick-meta":"","header-below-stick-meta":"","astra-migrate-meta-layouts":"default","ast-page-background-enabled":"default","ast-page-background-meta":{"desktop":{"background-color":"var(--ast-global-color-4)","background-image":"","background-repeat":"repeat","background-position":"center center","background-size":"auto","background-attachment":"scroll","background-type":"","background-media":"","overlay-type":"","overlay-color":"","overlay-opacity":"","overlay-gradient":""},"tablet":{"background-color":"","background-image":"","background-repeat":"repeat","background-position":"center center","background-size":"auto","background-attachment":"scroll","background-type":"","background-media":"","overlay-type":"","overlay-color":"","overlay-opacity":"","overlay-gradient":""},"mobile":{"background-color":"","background-image":"","background-repeat":"repeat","background-position":"center center","background-size":"auto","background-attachment":"scroll","background-type":"","background-media":"","overlay-type":"","overlay-color":"","overlay-opacity":"","overlay-gradient":""}},"ast-content-background-meta":{"desktop":{"background-color":"var(--ast-global-color-5)","background-image":"","background-repeat":"repeat","background-position":"center center","background-size":"auto","background-attachment":"scroll","background-type":"","background-media":"","overlay-type":"","overlay-color":"","overlay-opacity":"","overlay-gradient":""},"tablet":{"background-color":"var(--ast-global-color-5)","background-image":"","background-repeat":"repeat","background-position":"center center","background-size":"auto","background-attachment":"scroll","background-type":"","background-media":"","overlay-type":"","overlay-color":"","overlay-opacity":"","overlay-gradient":""},"mobile":{"background-color":"var(--ast-global-color-5)","background-image":"","background-repeat":"repeat","background-position":"center center","background-size":"auto","background-attachment":"scroll","background-type":"","background-media":"","overlay-type":"","overlay-color":"","overlay-opacity":"","overlay-gradient":""}},"_themeisle_gutenberg_block_has_review":false,"footnotes":""},"class_list":["post-75","page","type-page","status-publish","hentry"],"_links":{"self":[{"href":"https:\/\/escoladigital.madeira.gov.pt\/eb1pesvicente\/wp-json\/wp\/v2\/pages\/75","targetHints":{"allow":["GET"]}}],"collection":[{"href":"https:\/\/escoladigital.madeira.gov.pt\/eb1pesvicente\/wp-json\/wp\/v2\/pages"}],"about":[{"href":"https:\/\/escoladigital.madeira.gov.pt\/eb1pesvicente\/wp-json\/wp\/v2\/types\/page"}],"author":[{"embeddable":true,"href":"https:\/\/escoladigital.madeira.gov.pt\/eb1pesvicente\/wp-json\/wp\/v2\/users\/76"}],"replies":[{"embeddable":true,"href":"https:\/\/escoladigital.madeira.gov.pt\/eb1pesvicente\/wp-json\/wp\/v2\/comments?post=75"}],"version-history":[{"count":17,"href":"https:\/\/escoladigital.madeira.gov.pt\/eb1pesvicente\/wp-json\/wp\/v2\/pages\/75\/revisions"}],"predecessor-version":[{"id":970,"href":"https:\/\/escoladigital.madeira.gov.pt\/eb1pesvicente\/wp-json\/wp\/v2\/pages\/75\/revisions\/970"}],"wp:attachment":[{"href":"https:\/\/escoladigital.madeira.gov.pt\/eb1pesvicente\/wp-json\/wp\/v2\/media?parent=75"}],"curies":[{"name":"wp","href":"https:\/\/api.w.org\/{rel}","templated":true}]}}