{"id":95,"date":"2024-11-27T15:02:26","date_gmt":"2024-11-27T15:02:26","guid":{"rendered":"https:\/\/escoladigital.madeira.gov.pt\/eb1pesvicente\/?page_id=95"},"modified":"2024-12-16T20:48:12","modified_gmt":"2024-12-16T20:48:12","slug":"a-escola","status":"publish","type":"page","link":"https:\/\/escoladigital.madeira.gov.pt\/eb1pesvicente\/a-escola\/","title":{"rendered":"A Escola"},"content":{"rendered":"<div style=\"height:400pxpx;\" class=\"wp-block-themeisle-blocks-leaflet-map\" id=\"wp-block-themeisle-blocks-leaflet-map-9cabdf95\"><\/div>\n<script type=\"text\/javascript\">\n\t\/* <![CDATA[ *\/\n\t\tif ( ! window.themeisleLeafletMaps ) window.themeisleLeafletMaps =[];\n\t\twindow.themeisleLeafletMaps.push( { container: \"wp-block-themeisle-blocks-leaflet-map-9cabdf95\", attributes: {\"id\":\"wp-block-themeisle-blocks-leaflet-map-9cabdf95\",\"location\":\"Estrada Municipal D. Jo\\u00e3o V n\\u00ba 53, Poiso, 9240-218 S\\u00e3o Vicente\",\"latitude\":\"32.800189644731034\",\"longitude\":\"-17.044429779052738\",\"bbox\":\"-17.070178985595707,32.79297472637012,-17.01868057250977,32.80740397762631\",\"zoom\":15,\"markers\":[{\"id\":\"286488d2-dc7f-4162-8fd3-d27365f65300\",\"latitude\":32.79902627873525,\"longitude\":-17.043271064758304,\"title\":\"Add a title\",\"description\":\"\"}],\"height\":\"400px\",\"zoomControl\":true,\"draggable\":true,\"hasCustomCSS\":false,\"customCSS\":\"\",\"otterConditions\":[]} } );\n\t\/* ]]> *\/\n<\/script>\n\n\n\n<figure class=\"wp-block-image aligncenter size-large\"><img fetchpriority=\"high\" decoding=\"async\" width=\"1024\" height=\"446\" src=\"https:\/\/escoladigital.madeira.gov.pt\/eb1pesvicente\/wp-content\/uploads\/sites\/60\/2024\/11\/thumbnail_Escola-foto-atualizada-com-nome-cortado-2-1024x446.jpg\" alt=\"\" class=\"wp-image-102\" srcset=\"https:\/\/escoladigital.madeira.gov.pt\/eb1pesvicente\/wp-content\/uploads\/sites\/60\/2024\/11\/thumbnail_Escola-foto-atualizada-com-nome-cortado-2-1024x446.jpg 1024w, https:\/\/escoladigital.madeira.gov.pt\/eb1pesvicente\/wp-content\/uploads\/sites\/60\/2024\/11\/thumbnail_Escola-foto-atualizada-com-nome-cortado-2-300x131.jpg 300w, https:\/\/escoladigital.madeira.gov.pt\/eb1pesvicente\/wp-content\/uploads\/sites\/60\/2024\/11\/thumbnail_Escola-foto-atualizada-com-nome-cortado-2-768x334.jpg 768w, https:\/\/escoladigital.madeira.gov.pt\/eb1pesvicente\/wp-content\/uploads\/sites\/60\/2024\/11\/thumbnail_Escola-foto-atualizada-com-nome-cortado-2.jpg 1280w\" sizes=\"(max-width: 1024px) 100vw, 1024px\" \/><\/figure>\n\n\n\n<p class=\"has-text-align-center\"><strong>Morada principal: <\/strong>Estrada Municipal D. Jo\u00e3o V n\u00ba 53, Poiso, 9240-218 S\u00e3o Vicente<\/p>\n\n\n\n<p><strong>Contatos:<\/strong><\/p>\n\n\n\n<ul class=\"wp-block-list\">\n<li><strong>Edif\u00edcio da Vila:<\/strong> telefone n\u00famero <strong>291 146 054<\/strong><\/li>\n\n\n\n<li><strong>Edif\u00edcio da Creche:<\/strong> telefone n\u00famero <strong>291 146 055<\/strong><\/li>\n\n\n\n<li><strong>Edif\u00edcio dos Lameiros:<\/strong> telefone n\u00famero <strong>291 146 056<\/strong><\/li>\n\n\n\n<li><strong>Edif\u00edcio de Ponta Delgada:<\/strong> telefone n\u00famero <strong>291 146 057<\/strong><\/li>\n\n\n\n<li><strong>Edif\u00edcio de Boaventura:<\/strong> telefone n\u00famero <strong>291 146 05<\/strong>8<\/li>\n\n\n\n<li><strong>Email<\/strong> <strong>geral:<\/strong> eb1pecsaovicente@edu.madeira.gov.pt<\/li>\n<\/ul>\n\n\n\n<p class=\"has-text-align-center\"><strong>Carateriza\u00e7\u00e3o:<\/strong><\/p>\n\n\n\n<p><strong>Funcionamento:<\/strong> A Escola abrange cinco edif\u00edcios os quais situam-se nas tr\u00eas freguesias do concelho de S\u00e3o Vicente funcionando separadamente a Creche, Pr\u00e9-Escolar e 1\u00ba ciclo.<\/p>\n\n\n\n<p class=\"has-text-align-left\"><strong>Meio<\/strong>: Deriva o seu nome de uma lenda do Santo S\u00e3o Vicente, que apareceu na Foz da Ribeira, junto \u00e0 ponte, conhecida por Capela do Calhau ou do Santo. O concelho de S\u00e3o Vicente engloba, no seu per\u00edmetro, as Freguesias de S\u00e3o Vicente, Ponta Delgada e Boaventura. Esta situa\u00e7\u00e3o \u00e9 resultante das mudan\u00e7as operadas no s\u00e9c. XIX, na estrutura municipal da Ilha. Em 1744, com a cria\u00e7\u00e3o da nova Vila e sede do concelho em S\u00e3o Vicente, os lugares do Porto Moniz, Seixal, Ponta Delgada, Boaventura, Arco e S\u00e3o Jorge estiveram sob a sua al\u00e7ada. A reestrutura\u00e7\u00e3o levada a cabo em 1835 conduziu ao aparecimento de dois novos munic\u00edpios (Santana e Porto Moniz), por isso, S\u00e3o Vicente ficou reduzido na sua \u00e1rea. Mas isto durou pouco. Com os decretos de 10 de dezembro de 1867 e 18 de novembro de 1895, o concelho regressou \u00e0 extens\u00e3o inicial. Depois, a partir de 1898, com o restabelecimento dos munic\u00edpios extintos, ele retornou \u00e0 atual \u00e1rea. Com a \u00e1rea de 78,70 Km2, \u00e9 um dos mais extensos e antigos concelhos da Regi\u00e3o Aut\u00f3noma da Madeira.<\/p>\n\n\n\n<p><strong>Localiza\u00e7\u00e3o:<\/strong> Na freguesia de S\u00e3o Vicente, essencialmente serrana, o n\u00facleo da vila, com o mesmo nome, situa-se em terras baixas no interior de um vale rodeado de paredes rochosas. A freguesia de Ponta Delgada est\u00e1 localizada a cerca de 6 quil\u00f3metros da sede do concelho de S\u00e3o Vicente, enquanto a freguesia de Boaventura dista 9,5 km da sede do concelho e confina com as freguesias do Arco de S\u00e3o Jorge, Ponta Delgada, S\u00e3o Vicente e Curral das Freiras (segundo a p\u00e1gina oficial da C\u00e2mara Municipal de S\u00e3o Vicente).<\/p>\n\n\n\n<p>Acrescenta-se que o concelho de S\u00e3o Vicente composto pelas tr\u00eas freguesias em ep\u00edgrafe foi considerado a capital da Laurissilva.<\/p>\n\n\n\n<p class=\"has-text-align-left\"><strong>Encarregados de educa\u00e7\u00e3o\/ Pais: <\/strong>De forma global e resumidamente, podemos afirmar que grande parte das fam\u00edlias pertencem a um n\u00edvel socioecon\u00f3mico m\u00e9dio. Os encarregados de educa\u00e7\u00e3o s\u00e3o maioritariamente de nacionalidade portuguesa, contudo nos \u00faltimos anos tem havido um aumento de encarregados de educa\u00e7\u00e3o de v\u00e1rias nacionalidades. Em rela\u00e7\u00e3o aos grupos profissionais n\u00e3o h\u00e1 muita discrep\u00e2ncia entre os pais e as m\u00e3es, dividem-se entre o setor secund\u00e1rio e terci\u00e1rio. Relativamente \u00e0s habilita\u00e7\u00f5es liter\u00e1rias dos encarregados de educa\u00e7\u00e3o, ela encontra-se visivelmente diferenciada, ao que aos diferentes elementos que a comp\u00f5em diz respeito. Assim em rela\u00e7\u00e3o aos pais, a forma\u00e7\u00e3o divide-se entre o 3\u00ba ciclo e o ensino secund\u00e1rio, relativamente \u00e0s m\u00e3es constata-se que esta se encontra dividida entre o ensino secund\u00e1rio e licenciatura.<\/p>\n\n\n\n<p><strong>Recursos humanos:<\/strong><\/p>\n\n\n\n<p>&#8211; Docentes de Educa\u00e7\u00e3o de Inf\u00e2ncia;<\/p>\n\n\n\n<p>&#8211; Docentes do 1\u00ba Ciclo;<\/p>\n\n\n\n<p>&#8211; Docentes Especializadas;<\/p>\n\n\n\n<p>&#8211; T\u00e9cnicos Superiores na \u00c1rea da Anima\u00e7\u00e3o Sociocultural de Bibliotecas Escolares;<\/p>\n\n\n\n<p>&#8211; T\u00e9cnicos Superiores Especializados;<\/p>\n\n\n\n<p>&#8211; Assistentes operacionais;<\/p>\n\n\n\n<p>&#8211; Assistentes t\u00e9cnicas;<\/p>\n\n\n\n<p>&#8211; T\u00e9cnicas de Apoio \u00e0 Inf\u00e2ncia.<\/p>\n\n\n\n<p><strong>Oferta Educativa-Creche, Pr\u00e9-Escolar e 1\u00ba ciclo<\/strong><\/p>\n\n\n\n<p>&#8211; Atividades Curriculares;<\/p>\n\n\n\n<p>&#8211; Atividades de Enriquecimento;<\/p>\n\n\n\n<p>&#8211; Apoio Pedag\u00f3gico Especializado;<\/p>\n\n\n\n<p>&#8211; Apoio \u00e0 L\u00edngua N\u00e3o Materna;<\/p>\n\n\n\n<p>&#8211; Clubes ( Emo\u00e7\u00f5es; Escrita Criativa; Leitura; Matem\u00e1tica; M\u00fasica; Desporto e Trabalhos Manuais).<\/p>\n\n\n\n<p>&#8211; Ba\u00fa de Leitura.<\/p>\n\n\n\n<p><\/p>\n","protected":false},"excerpt":{"rendered":"<p>Morada principal: Estrada Municipal D. Jo\u00e3o V n\u00ba 53, Poiso, 9240-218 S\u00e3o Vicente Contatos: Carateriza\u00e7\u00e3o: Funcionamento: A Escola abrange cinco [&hellip;]<\/p>\n","protected":false},"author":76,"featured_media":0,"parent":0,"menu_order":0,"comment_status":"closed","ping_status":"closed","template":"","meta":{"site-sidebar-layout":"default","site-content-layout":"","ast-site-content-layout":"default","site-content-style":"default","site-sidebar-style":"default","ast-global-header-display":"","ast-banner-title-visibility":"","ast-main-header-display":"","ast-hfb-above-header-display":"","ast-hfb-below-header-display":"","ast-hfb-mobile-header-display":"","site-post-title":"","ast-breadcrumbs-content":"","ast-featured-img":"","footer-sml-layout":"","ast-disable-related-posts":"","theme-transparent-header-meta":"","adv-header-id-meta":"","stick-header-meta":"","header-above-stick-meta":"","header-main-stick-meta":"","header-below-stick-meta":"","astra-migrate-meta-layouts":"default","ast-page-background-enabled":"default","ast-page-background-meta":{"desktop":{"background-color":"var(--ast-global-color-4)","background-image":"","background-repeat":"repeat","background-position":"center center","background-size":"auto","background-attachment":"scroll","background-type":"","background-media":"","overlay-type":"","overlay-color":"","overlay-opacity":"","overlay-gradient":""},"tablet":{"background-color":"","background-image":"","background-repeat":"repeat","background-position":"center center","background-size":"auto","background-attachment":"scroll","background-type":"","background-media":"","overlay-type":"","overlay-color":"","overlay-opacity":"","overlay-gradient":""},"mobile":{"background-color":"","background-image":"","background-repeat":"repeat","background-position":"center center","background-size":"auto","background-attachment":"scroll","background-type":"","background-media":"","overlay-type":"","overlay-color":"","overlay-opacity":"","overlay-gradient":""}},"ast-content-background-meta":{"desktop":{"background-color":"var(--ast-global-color-5)","background-image":"","background-repeat":"repeat","background-position":"center center","background-size":"auto","background-attachment":"scroll","background-type":"","background-media":"","overlay-type":"","overlay-color":"","overlay-opacity":"","overlay-gradient":""},"tablet":{"background-color":"var(--ast-global-color-5)","background-image":"","background-repeat":"repeat","background-position":"center center","background-size":"auto","background-attachment":"scroll","background-type":"","background-media":"","overlay-type":"","overlay-color":"","overlay-opacity":"","overlay-gradient":""},"mobile":{"background-color":"var(--ast-global-color-5)","background-image":"","background-repeat":"repeat","background-position":"center center","background-size":"auto","background-attachment":"scroll","background-type":"","background-media":"","overlay-type":"","overlay-color":"","overlay-opacity":"","overlay-gradient":""}},"_themeisle_gutenberg_block_has_review":false,"footnotes":""},"class_list":["post-95","page","type-page","status-publish","hentry"],"_links":{"self":[{"href":"https:\/\/escoladigital.madeira.gov.pt\/eb1pesvicente\/wp-json\/wp\/v2\/pages\/95","targetHints":{"allow":["GET"]}}],"collection":[{"href":"https:\/\/escoladigital.madeira.gov.pt\/eb1pesvicente\/wp-json\/wp\/v2\/pages"}],"about":[{"href":"https:\/\/escoladigital.madeira.gov.pt\/eb1pesvicente\/wp-json\/wp\/v2\/types\/page"}],"author":[{"embeddable":true,"href":"https:\/\/escoladigital.madeira.gov.pt\/eb1pesvicente\/wp-json\/wp\/v2\/users\/76"}],"replies":[{"embeddable":true,"href":"https:\/\/escoladigital.madeira.gov.pt\/eb1pesvicente\/wp-json\/wp\/v2\/comments?post=95"}],"version-history":[{"count":19,"href":"https:\/\/escoladigital.madeira.gov.pt\/eb1pesvicente\/wp-json\/wp\/v2\/pages\/95\/revisions"}],"predecessor-version":[{"id":637,"href":"https:\/\/escoladigital.madeira.gov.pt\/eb1pesvicente\/wp-json\/wp\/v2\/pages\/95\/revisions\/637"}],"wp:attachment":[{"href":"https:\/\/escoladigital.madeira.gov.pt\/eb1pesvicente\/wp-json\/wp\/v2\/media?parent=95"}],"curies":[{"name":"wp","href":"https:\/\/api.w.org\/{rel}","templated":true}]}}