{"id":429,"date":"2026-01-28T16:46:42","date_gmt":"2026-01-28T16:46:42","guid":{"rendered":"https:\/\/escoladigital.madeira.gov.pt\/eb1pevcacongo\/?page_id=429"},"modified":"2026-02-10T21:07:02","modified_gmt":"2026-02-10T21:07:02","slug":"tic","status":"publish","type":"page","link":"https:\/\/escoladigital.madeira.gov.pt\/eb1pevcacongo\/tic\/","title":{"rendered":"TIC"},"content":{"rendered":"\n<p class=\"has-text-align-center\">PROJETOS<\/p>\n\n\n\n<h2 class=\"wp-block-heading\">Aprender com o Cinema<\/h2>\n\n\n\n<p>O projeto \u201cAprender com o Cinema\u201d assenta na proje\u00e7\u00e3o de diversos filmes durante o ano letivo, que s\u00e3o selecionados segundo dois crit\u00e9rios: o conte\u00fado tem\u00e1tico a ser desenvolvido na sala de aula e a idade do aluno.<\/p>\n\n\n\n<p>Para cada um dos filmes projetados foi elaborado um guia did\u00e1tico para que os professores possam desenvolver um trabalho transdisciplinar que tenha como ponto de partida a s\u00e9tima arte. Desta forma, o professor ter\u00e1 dispon\u00edveis v\u00e1rias atividades dispon\u00edveis que podem ser desenvolvidas em diversos momentos e em articula\u00e7\u00e3o com v\u00e1rias disciplinas. Pretende tamb\u00e9m fazer a promo\u00e7\u00e3o de institui\u00e7\u00f5es, locais, personalidades madeirenses, filmes escolares, atrav\u00e9s de propostas de atividades.<\/p>\n\n\n\n<p>Os filmes deixam de ser apenas conte\u00fados para passar a ser experi\u00eancias educativas multissensoriais e interdisciplinares, articuladas com o curr\u00edculo e com a identidade regional.<\/p>\n\n\n\n<p><\/p>\n\n\n\n<p><\/p>\n\n\n\n<p><\/p>\n\n\n\n<h2 class=\"wp-block-heading\">TICultura<\/h2>\n\n\n\n<p>O projeto &#8220;TICultura&#8221; pretende constituir um plano de atividades com base na associa\u00e7\u00e3o de duas dimens\u00f5es, por um lado a das TIC\/Multim\u00e9dia e por outro o enfoque nos temas culturais, com destaque, sobretudo, para os que estejam relacionados com a realidade local e regional. A componente da cultura, que engloba diversas \u00e1reas, como o patrim\u00f3nio material e imaterial, a m\u00fasica, a literatura, a hist\u00f3ria, as artes pl\u00e1sticas, a mem\u00f3ria coletiva, entre outras, servir\u00e1 de base para o estabelecimento de planos de atividades que permitam uma abordagem a tem\u00e1ticas culturais em contexto escolar.<\/p>\n\n\n\n<p>Por\u00e9m, torna-se necess\u00e1rio definir em concreto o que se pode entender como cultura e que temas culturais poder\u00e3o ent\u00e3o ser trabalhados, para que, mais facilmente se perceba o interesse da implementa\u00e7\u00e3o de um projeto desta natureza.<\/p>\n\n\n\n<figure class=\"wp-block-gallery has-nested-images columns-default is-cropped wp-block-gallery-1 is-layout-flex wp-block-gallery-is-layout-flex\">\n<figure class=\"wp-block-image size-large\"><img fetchpriority=\"high\" decoding=\"async\" width=\"1024\" height=\"644\" data-id=\"476\" src=\"https:\/\/escoladigital.madeira.gov.pt\/eb1pevcacongo\/wp-content\/uploads\/sites\/53\/2026\/02\/Selo-escola-Tecnologica-1024x644.png\" alt=\"\" class=\"wp-image-476\" srcset=\"https:\/\/escoladigital.madeira.gov.pt\/eb1pevcacongo\/wp-content\/uploads\/sites\/53\/2026\/02\/Selo-escola-Tecnologica-1024x644.png 1024w, https:\/\/escoladigital.madeira.gov.pt\/eb1pevcacongo\/wp-content\/uploads\/sites\/53\/2026\/02\/Selo-escola-Tecnologica-300x189.png 300w, https:\/\/escoladigital.madeira.gov.pt\/eb1pevcacongo\/wp-content\/uploads\/sites\/53\/2026\/02\/Selo-escola-Tecnologica-768x483.png 768w, https:\/\/escoladigital.madeira.gov.pt\/eb1pevcacongo\/wp-content\/uploads\/sites\/53\/2026\/02\/Selo-escola-Tecnologica-1536x966.png 1536w, https:\/\/escoladigital.madeira.gov.pt\/eb1pevcacongo\/wp-content\/uploads\/sites\/53\/2026\/02\/Selo-escola-Tecnologica-2048x1288.png 2048w\" sizes=\"(max-width: 1024px) 100vw, 1024px\" \/><\/figure>\n<\/figure>\n\n\n\n<p><\/p>\n","protected":false},"excerpt":{"rendered":"<p>PROJETOS Aprender com o Cinema O projeto \u201cAprender com o Cinema\u201d assenta na proje\u00e7\u00e3o de diversos filmes durante o ano letivo, que s\u00e3o selecionados segundo dois crit\u00e9rios: o conte\u00fado tem\u00e1tico a ser desenvolvido na sala de aula e a idade do aluno. Para cada um dos filmes projetados foi elaborado um guia did\u00e1tico para que [&hellip;]<\/p>\n","protected":false},"author":69,"featured_media":0,"parent":0,"menu_order":0,"comment_status":"closed","ping_status":"closed","template":"","meta":{"site-sidebar-layout":"default","site-content-layout":"","ast-site-content-layout":"default","site-content-style":"default","site-sidebar-style":"default","ast-global-header-display":"","ast-banner-title-visibility":"","ast-main-header-display":"","ast-hfb-above-header-display":"","ast-hfb-below-header-display":"","ast-hfb-mobile-header-display":"","site-post-title":"","ast-breadcrumbs-content":"","ast-featured-img":"","footer-sml-layout":"","ast-disable-related-posts":"","theme-transparent-header-meta":"","adv-header-id-meta":"","stick-header-meta":"","header-above-stick-meta":"","header-main-stick-meta":"","header-below-stick-meta":"","astra-migrate-meta-layouts":"default","ast-page-background-enabled":"default","ast-page-background-meta":{"desktop":{"background-color":"var(--ast-global-color-5)","background-image":"","background-repeat":"repeat","background-position":"center center","background-size":"auto","background-attachment":"scroll","background-type":"","background-media":"","overlay-type":"","overlay-color":"","overlay-opacity":"","overlay-gradient":""},"tablet":{"background-color":"","background-image":"","background-repeat":"repeat","background-position":"center center","background-size":"auto","background-attachment":"scroll","background-type":"","background-media":"","overlay-type":"","overlay-color":"","overlay-opacity":"","overlay-gradient":""},"mobile":{"background-color":"","background-image":"","background-repeat":"repeat","background-position":"center center","background-size":"auto","background-attachment":"scroll","background-type":"","background-media":"","overlay-type":"","overlay-color":"","overlay-opacity":"","overlay-gradient":""}},"ast-content-background-meta":{"desktop":{"background-color":"var(--ast-global-color-4)","background-image":"","background-repeat":"repeat","background-position":"center center","background-size":"auto","background-attachment":"scroll","background-type":"","background-media":"","overlay-type":"","overlay-color":"","overlay-opacity":"","overlay-gradient":""},"tablet":{"background-color":"var(--ast-global-color-4)","background-image":"","background-repeat":"repeat","background-position":"center center","background-size":"auto","background-attachment":"scroll","background-type":"","background-media":"","overlay-type":"","overlay-color":"","overlay-opacity":"","overlay-gradient":""},"mobile":{"background-color":"var(--ast-global-color-4)","background-image":"","background-repeat":"repeat","background-position":"center center","background-size":"auto","background-attachment":"scroll","background-type":"","background-media":"","overlay-type":"","overlay-color":"","overlay-opacity":"","overlay-gradient":""}},"_themeisle_gutenberg_block_has_review":false,"footnotes":""},"class_list":["post-429","page","type-page","status-publish","hentry"],"_links":{"self":[{"href":"https:\/\/escoladigital.madeira.gov.pt\/eb1pevcacongo\/wp-json\/wp\/v2\/pages\/429","targetHints":{"allow":["GET"]}}],"collection":[{"href":"https:\/\/escoladigital.madeira.gov.pt\/eb1pevcacongo\/wp-json\/wp\/v2\/pages"}],"about":[{"href":"https:\/\/escoladigital.madeira.gov.pt\/eb1pevcacongo\/wp-json\/wp\/v2\/types\/page"}],"author":[{"embeddable":true,"href":"https:\/\/escoladigital.madeira.gov.pt\/eb1pevcacongo\/wp-json\/wp\/v2\/users\/69"}],"replies":[{"embeddable":true,"href":"https:\/\/escoladigital.madeira.gov.pt\/eb1pevcacongo\/wp-json\/wp\/v2\/comments?post=429"}],"version-history":[{"count":9,"href":"https:\/\/escoladigital.madeira.gov.pt\/eb1pevcacongo\/wp-json\/wp\/v2\/pages\/429\/revisions"}],"predecessor-version":[{"id":482,"href":"https:\/\/escoladigital.madeira.gov.pt\/eb1pevcacongo\/wp-json\/wp\/v2\/pages\/429\/revisions\/482"}],"wp:attachment":[{"href":"https:\/\/escoladigital.madeira.gov.pt\/eb1pevcacongo\/wp-json\/wp\/v2\/media?parent=429"}],"curies":[{"name":"wp","href":"https:\/\/api.w.org\/{rel}","templated":true}]}}