{"id":46,"date":"2025-01-29T14:36:39","date_gmt":"2025-01-29T14:36:39","guid":{"rendered":"https:\/\/escoladigital.madeira.gov.pt\/eb1pevcacongo\/?page_id=46"},"modified":"2025-11-25T15:08:11","modified_gmt":"2025-11-25T15:08:11","slug":"contatos","status":"publish","type":"page","link":"https:\/\/escoladigital.madeira.gov.pt\/eb1pevcacongo\/contatos\/","title":{"rendered":"Contactos"},"content":{"rendered":"\n<p><\/p>\n\n\n\n<p><\/p>\n\n\n\n<p class=\"has-text-align-center\"><strong>Delega\u00e7\u00e3o Escolar do Funchal <\/strong><\/p>\n\n\n\n<p class=\"has-text-align-center\"><strong>C\u00f3digo da Escola-<\/strong> 3103108<\/p>\n\n\n\n<p class=\"has-text-align-center\"><strong>Morada &#8211;<\/strong> <em>Estrada Visconde Cacongo, N\u00ba 31 e 103, 9060-007(8) Funchal<\/em><\/p>\n\n\n\n<p class=\"has-text-align-center\"><strong>E-mails &#8211;<\/strong> <em>eb1pevcacongo@edu.madeira.gov.pt<\/em><\/p>\n\n\n\n<p class=\"has-text-align-center\"><strong>Telefones:  <\/strong><em>Edif\u00edcio da Visconde &#8211;  Fixo (291146015) M\u00f3vel (964280425) <\/em><\/p>\n\n\n\n<p class=\"has-text-align-center\">           <em>Edif\u00edcio do Faial &#8211; Fixo (291146007) M\u00f3vel (964280389<strong>)<\/strong><\/em><\/p>\n\n\n\n<p class=\"has-text-align-center\"><\/p>\n\n\n\n<p><\/p>\n","protected":false},"excerpt":{"rendered":"<p>Delega\u00e7\u00e3o Escolar do Funchal C\u00f3digo da Escola- 3103108 Morada &#8211; Estrada Visconde Cacongo, N\u00ba 31 e 103, 9060-007(8) Funchal E-mails &#8211; eb1pevcacongo@edu.madeira.gov.pt Telefones: Edif\u00edcio da Visconde &#8211; Fixo (291146015) M\u00f3vel (964280425) Edif\u00edcio do Faial &#8211; Fixo (291146007) M\u00f3vel (964280389)<\/p>\n","protected":false},"author":69,"featured_media":0,"parent":0,"menu_order":0,"comment_status":"closed","ping_status":"closed","template":"","meta":{"site-sidebar-layout":"default","site-content-layout":"","ast-site-content-layout":"default","site-content-style":"default","site-sidebar-style":"default","ast-global-header-display":"","ast-banner-title-visibility":"","ast-main-header-display":"","ast-hfb-above-header-display":"","ast-hfb-below-header-display":"","ast-hfb-mobile-header-display":"","site-post-title":"disabled","ast-breadcrumbs-content":"","ast-featured-img":"","footer-sml-layout":"","ast-disable-related-posts":"","theme-transparent-header-meta":"","adv-header-id-meta":"","stick-header-meta":"","header-above-stick-meta":"","header-main-stick-meta":"","header-below-stick-meta":"","astra-migrate-meta-layouts":"default","ast-page-background-enabled":"default","ast-page-background-meta":{"desktop":{"background-color":"var(--ast-global-color-5)","background-image":"","background-repeat":"repeat","background-position":"center center","background-size":"auto","background-attachment":"scroll","background-type":"","background-media":"","overlay-type":"","overlay-color":"","overlay-opacity":"","overlay-gradient":""},"tablet":{"background-color":"","background-image":"","background-repeat":"repeat","background-position":"center center","background-size":"auto","background-attachment":"scroll","background-type":"","background-media":"","overlay-type":"","overlay-color":"","overlay-opacity":"","overlay-gradient":""},"mobile":{"background-color":"","background-image":"","background-repeat":"repeat","background-position":"center center","background-size":"auto","background-attachment":"scroll","background-type":"","background-media":"","overlay-type":"","overlay-color":"","overlay-opacity":"","overlay-gradient":""}},"ast-content-background-meta":{"desktop":{"background-color":"var(--ast-global-color-4)","background-image":"","background-repeat":"repeat","background-position":"center center","background-size":"auto","background-attachment":"scroll","background-type":"","background-media":"","overlay-type":"","overlay-color":"","overlay-opacity":"","overlay-gradient":""},"tablet":{"background-color":"var(--ast-global-color-4)","background-image":"","background-repeat":"repeat","background-position":"center center","background-size":"auto","background-attachment":"scroll","background-type":"","background-media":"","overlay-type":"","overlay-color":"","overlay-opacity":"","overlay-gradient":""},"mobile":{"background-color":"var(--ast-global-color-4)","background-image":"","background-repeat":"repeat","background-position":"center center","background-size":"auto","background-attachment":"scroll","background-type":"","background-media":"","overlay-type":"","overlay-color":"","overlay-opacity":"","overlay-gradient":""}},"_themeisle_gutenberg_block_has_review":false,"footnotes":""},"class_list":["post-46","page","type-page","status-publish","hentry"],"_links":{"self":[{"href":"https:\/\/escoladigital.madeira.gov.pt\/eb1pevcacongo\/wp-json\/wp\/v2\/pages\/46","targetHints":{"allow":["GET"]}}],"collection":[{"href":"https:\/\/escoladigital.madeira.gov.pt\/eb1pevcacongo\/wp-json\/wp\/v2\/pages"}],"about":[{"href":"https:\/\/escoladigital.madeira.gov.pt\/eb1pevcacongo\/wp-json\/wp\/v2\/types\/page"}],"author":[{"embeddable":true,"href":"https:\/\/escoladigital.madeira.gov.pt\/eb1pevcacongo\/wp-json\/wp\/v2\/users\/69"}],"replies":[{"embeddable":true,"href":"https:\/\/escoladigital.madeira.gov.pt\/eb1pevcacongo\/wp-json\/wp\/v2\/comments?post=46"}],"version-history":[{"count":16,"href":"https:\/\/escoladigital.madeira.gov.pt\/eb1pevcacongo\/wp-json\/wp\/v2\/pages\/46\/revisions"}],"predecessor-version":[{"id":370,"href":"https:\/\/escoladigital.madeira.gov.pt\/eb1pevcacongo\/wp-json\/wp\/v2\/pages\/46\/revisions\/370"}],"wp:attachment":[{"href":"https:\/\/escoladigital.madeira.gov.pt\/eb1pevcacongo\/wp-json\/wp\/v2\/media?parent=46"}],"curies":[{"name":"wp","href":"https:\/\/api.w.org\/{rel}","templated":true}]}}