{"id":1266,"date":"2026-03-03T20:54:22","date_gmt":"2026-03-03T20:54:22","guid":{"rendered":"https:\/\/escoladigital.madeira.gov.pt\/eb23dafnjunior\/?page_id=1266"},"modified":"2026-03-06T11:16:57","modified_gmt":"2026-03-06T11:16:57","slug":"declaracoes-art-o-15-da-lei-dos-compromissos-e-pagamentos-em-atraso-lcpa","status":"publish","type":"page","link":"https:\/\/escoladigital.madeira.gov.pt\/eb23dafnjunior\/declaracoes-art-o-15-da-lei-dos-compromissos-e-pagamentos-em-atraso-lcpa\/","title":{"rendered":"Declara\u00e7\u00f5es \u2013 Art.\u00ba 15 da Lei dos Compromissos e Pagamentos em Atraso (LCPA)"},"content":{"rendered":"\n<p>Em cumprimento do disposto no <strong>Artigo 15.\u00ba da Lei n.\u00ba 8\/2012<\/strong>, na reda\u00e7\u00e3o conferida pela <strong>Lei n.\u00ba 22\/2015, de 17 de mar\u00e7o<\/strong>, a nossa escola disponibiliza publicamente as declara\u00e7\u00f5es anuais relativas a:<\/p>\n\n\n\n<ul class=\"wp-block-list\">\n<li>Pagamentos em atraso<\/li>\n\n\n\n<li>Recebimentos em atraso<\/li>\n\n\n\n<li>Compromissos plurianuais<\/li>\n<\/ul>\n\n\n\n<p>Estas declara\u00e7\u00f5es contribuem para a <strong>transpar\u00eancia financeira<\/strong> e para o cumprimento das obriga\u00e7\u00f5es legais aplic\u00e1veis \u00e0s entidades p\u00fablicas. As mesmas s\u00e3o publicadas ap\u00f3s valida\u00e7\u00e3o interna e entrega \u00e0s entidades competentes.<\/p>\n\n\n\n<p>\ud83d\udcc2 <strong>Declara\u00e7\u00f5es \u2013 Ano 2025<\/strong><\/p>\n\n\n\n<div class=\"wp-block-file\"><a id=\"wp-block-file--media-6b65f042-3b93-4d1f-9c7e-80f5d50e4a68\" href=\"https:\/\/escoladigital.madeira.gov.pt\/eb23dafnjunior\/wp-content\/uploads\/sites\/23\/2026\/03\/Declaracao-pagamentos-em-atraso-a-31-12-2025.pdf\"> &#8211; Declara\u00e7\u00e3o pagamentos em atraso a 31-12-2025<\/a><\/div>\n\n\n\n<div class=\"wp-block-file\"><a id=\"wp-block-file--media-2646f947-6f2c-4821-8ed1-7afc2fb4c9d8\" href=\"https:\/\/escoladigital.madeira.gov.pt\/eb23dafnjunior\/wp-content\/uploads\/sites\/23\/2026\/03\/Declaracao-recebimentos-em-atraso-a-31-12-2025.pdf\">&#8211; Declara\u00e7\u00e3o recebimentos em atraso a 31-12-2025<\/a><\/div>\n\n\n\n<div class=\"wp-block-file\"><a id=\"wp-block-file--media-f7c7cc0c-8bbf-4950-93a7-6175da884016\" href=\"https:\/\/escoladigital.madeira.gov.pt\/eb23dafnjunior\/wp-content\/uploads\/sites\/23\/2026\/03\/Declaracao-compromissos-plurianuais-a-31-12-2025.pdf\"> &#8211; Declara\u00e7\u00e3o compromissos plurianuais a 31-12-2025<\/a><\/div>\n\n\n\n<p><\/p>\n","protected":false},"excerpt":{"rendered":"<p>Em cumprimento do disposto no Artigo 15.\u00ba da Lei n.\u00ba 8\/2012, na reda\u00e7\u00e3o conferida pela Lei n.\u00ba 22\/2015, de 17 de mar\u00e7o, a nossa escola disponibiliza publicamente as declara\u00e7\u00f5es anuais relativas a: Estas declara\u00e7\u00f5es contribuem para a transpar\u00eancia financeira e para o cumprimento das obriga\u00e7\u00f5es legais aplic\u00e1veis \u00e0s entidades p\u00fablicas. As mesmas s\u00e3o publicadas ap\u00f3s [&hellip;]<\/p>\n","protected":false},"author":32,"featured_media":0,"parent":0,"menu_order":0,"comment_status":"closed","ping_status":"closed","template":"","meta":{"site-sidebar-layout":"default","site-content-layout":"","ast-site-content-layout":"default","site-content-style":"default","site-sidebar-style":"default","ast-global-header-display":"","ast-banner-title-visibility":"","ast-main-header-display":"","ast-hfb-above-header-display":"","ast-hfb-below-header-display":"","ast-hfb-mobile-header-display":"","site-post-title":"","ast-breadcrumbs-content":"","ast-featured-img":"","footer-sml-layout":"","ast-disable-related-posts":"","theme-transparent-header-meta":"","adv-header-id-meta":"","stick-header-meta":"","header-above-stick-meta":"","header-main-stick-meta":"","header-below-stick-meta":"","astra-migrate-meta-layouts":"default","ast-page-background-enabled":"default","ast-page-background-meta":{"desktop":{"background-color":"var(--ast-global-color-4)","background-image":"","background-repeat":"repeat","background-position":"center center","background-size":"auto","background-attachment":"scroll","background-type":"","background-media":"","overlay-type":"","overlay-color":"","overlay-opacity":"","overlay-gradient":""},"tablet":{"background-color":"","background-image":"","background-repeat":"repeat","background-position":"center center","background-size":"auto","background-attachment":"scroll","background-type":"","background-media":"","overlay-type":"","overlay-color":"","overlay-opacity":"","overlay-gradient":""},"mobile":{"background-color":"","background-image":"","background-repeat":"repeat","background-position":"center center","background-size":"auto","background-attachment":"scroll","background-type":"","background-media":"","overlay-type":"","overlay-color":"","overlay-opacity":"","overlay-gradient":""}},"ast-content-background-meta":{"desktop":{"background-color":"var(--ast-global-color-5)","background-image":"","background-repeat":"repeat","background-position":"center center","background-size":"auto","background-attachment":"scroll","background-type":"","background-media":"","overlay-type":"","overlay-color":"","overlay-opacity":"","overlay-gradient":""},"tablet":{"background-color":"var(--ast-global-color-5)","background-image":"","background-repeat":"repeat","background-position":"center center","background-size":"auto","background-attachment":"scroll","background-type":"","background-media":"","overlay-type":"","overlay-color":"","overlay-opacity":"","overlay-gradient":""},"mobile":{"background-color":"var(--ast-global-color-5)","background-image":"","background-repeat":"repeat","background-position":"center center","background-size":"auto","background-attachment":"scroll","background-type":"","background-media":"","overlay-type":"","overlay-color":"","overlay-opacity":"","overlay-gradient":""}},"_themeisle_gutenberg_block_has_review":false,"footnotes":""},"class_list":["post-1266","page","type-page","status-publish","hentry"],"_links":{"self":[{"href":"https:\/\/escoladigital.madeira.gov.pt\/eb23dafnjunior\/wp-json\/wp\/v2\/pages\/1266","targetHints":{"allow":["GET"]}}],"collection":[{"href":"https:\/\/escoladigital.madeira.gov.pt\/eb23dafnjunior\/wp-json\/wp\/v2\/pages"}],"about":[{"href":"https:\/\/escoladigital.madeira.gov.pt\/eb23dafnjunior\/wp-json\/wp\/v2\/types\/page"}],"author":[{"embeddable":true,"href":"https:\/\/escoladigital.madeira.gov.pt\/eb23dafnjunior\/wp-json\/wp\/v2\/users\/32"}],"replies":[{"embeddable":true,"href":"https:\/\/escoladigital.madeira.gov.pt\/eb23dafnjunior\/wp-json\/wp\/v2\/comments?post=1266"}],"version-history":[{"count":3,"href":"https:\/\/escoladigital.madeira.gov.pt\/eb23dafnjunior\/wp-json\/wp\/v2\/pages\/1266\/revisions"}],"predecessor-version":[{"id":1274,"href":"https:\/\/escoladigital.madeira.gov.pt\/eb23dafnjunior\/wp-json\/wp\/v2\/pages\/1266\/revisions\/1274"}],"wp:attachment":[{"href":"https:\/\/escoladigital.madeira.gov.pt\/eb23dafnjunior\/wp-json\/wp\/v2\/media?parent=1266"}],"curies":[{"name":"wp","href":"https:\/\/api.w.org\/{rel}","templated":true}]}}