{"id":1293,"date":"2026-04-27T08:37:13","date_gmt":"2026-04-27T08:37:13","guid":{"rendered":"https:\/\/escoladigital.madeira.gov.pt\/eb23dafnjunior\/?page_id=1293"},"modified":"2026-04-27T09:10:51","modified_gmt":"2026-04-27T09:10:51","slug":"documentos-financeiros-prestacao-de-contas","status":"publish","type":"page","link":"https:\/\/escoladigital.madeira.gov.pt\/eb23dafnjunior\/documentos-financeiros-prestacao-de-contas\/","title":{"rendered":"Presta\u00e7\u00e3o de Contas"},"content":{"rendered":"\n<p>Em cumprimento do princ\u00edpio da transpar\u00eancia da gest\u00e3o financeira, or\u00e7amental e patrimonial, e nos termos do ponto 23 do Despacho n.\u00ba 543\/2025, de 16 de dezembro, da Sec\u00e7\u00e3o Regional do Tribunal de Contas, s\u00e3o aqui disponibilizados os documentos de presta\u00e7\u00e3o de contas da Escola B\u00e1sica com Pr\u00e9-escolar e Creche Dr. Alfredo Ferreira N\u00f3brega J\u00fanior.<\/p>\n\n\n\n<div class=\"wp-block-file\"><a id=\"wp-block-file--media-5c857bd1-0101-4d44-a662-1e3880b23cad\" href=\"https:\/\/escoladigital.madeira.gov.pt\/eb23dafnjunior\/wp-content\/uploads\/sites\/23\/2026\/04\/1.Atas_Aprovacao_CG2025.pdf\">1.Atas_Aprovacao_CG2025<\/a><\/div>\n\n\n\n<div class=\"wp-block-file\"><a id=\"wp-block-file--media-93467ca6-991d-417d-adc8-1bac23cb262f\" href=\"https:\/\/escoladigital.madeira.gov.pt\/eb23dafnjunior\/wp-content\/uploads\/sites\/23\/2026\/04\/2.Anexos_Demonstracoes_Orcamentais.pdf\">2.Anexos_Demonstra\u00e7\u00f5es_Or\u00e7amentais<\/a><\/div>\n\n\n\n<div class=\"wp-block-file\"><a id=\"wp-block-file--media-385ebff6-4159-4c7d-9c6d-03f29004f7a6\" href=\"https:\/\/escoladigital.madeira.gov.pt\/eb23dafnjunior\/wp-content\/uploads\/sites\/23\/2026\/04\/3.Demonstracoes_Financeiras.pdf\">3.Demonstracoes_Financeiras<\/a><\/div>\n\n\n\n<div class=\"wp-block-file\"><a id=\"wp-block-file--media-bf2af45c-546a-4516-8ad2-2584dd35a59f\" href=\"https:\/\/escoladigital.madeira.gov.pt\/eb23dafnjunior\/wp-content\/uploads\/sites\/23\/2026\/04\/4.Demonstracoes_Financeiras_BALANCO.pdf\">4.Demonstra\u00e7\u00f5es_Financeiras_BALAN\u00c7O<\/a><\/div>\n\n\n\n<div class=\"wp-block-file\"><a id=\"wp-block-file--media-2a5657de-15ff-4c87-99ae-8f98fe53c0ab\" href=\"https:\/\/escoladigital.madeira.gov.pt\/eb23dafnjunior\/wp-content\/uploads\/sites\/23\/2026\/04\/5.Demonstracao_Financeiras_DEMONSTRACAO-PATRIMONIO-LIQUIDO.pdf\">5.Demonstra\u00e7\u00e3o_Financeiras_DEMONSTRA\u00c7\u00c3O PATRIM\u00d3NIO L\u00cdQUIDO<\/a><\/div>\n\n\n\n<div class=\"wp-block-file\"><a id=\"wp-block-file--media-2d49274d-a282-4a16-a201-469d302222b1\" href=\"https:\/\/escoladigital.madeira.gov.pt\/eb23dafnjunior\/wp-content\/uploads\/sites\/23\/2026\/04\/6.Demonstracoes_Financeiras_DEMONSTRACAO-FLUXOS-CAIXA.pdf\">6.Demonstra\u00e7\u00f5es_Financeiras_DEMONSTRA\u00c7\u00c3O FLUXOS CAIXA<\/a><\/div>\n\n\n\n<div class=\"wp-block-file\"><a id=\"wp-block-file--media-27d84328-534c-438b-bd27-691ff7cd6213\" href=\"https:\/\/escoladigital.madeira.gov.pt\/eb23dafnjunior\/wp-content\/uploads\/sites\/23\/2026\/04\/7.Demonstracoes_Financeiras_DEMONSTRACAO-RESULTADOS.pdf\">7.Demonstra\u00e7\u00f5es_Financeiras_DEMONSTRA\u00c7\u00c3O RESULTADOS<\/a><\/div>\n\n\n\n<div class=\"wp-block-file\"><a id=\"wp-block-file--media-04959128-2983-4a47-b1ca-2c0ff7c2cadd\" href=\"https:\/\/escoladigital.madeira.gov.pt\/eb23dafnjunior\/wp-content\/uploads\/sites\/23\/2026\/04\/8.Relatorio_Gestao_2025.pdf\">8.Relatorio_Gestao_2025<\/a><\/div>\n","protected":false},"excerpt":{"rendered":"<p>Em cumprimento do princ\u00edpio da transpar\u00eancia da gest\u00e3o financeira, or\u00e7amental e patrimonial, e nos termos do ponto 23 do Despacho n.\u00ba 543\/2025, de 16 de dezembro, da Sec\u00e7\u00e3o Regional do Tribunal de Contas, s\u00e3o aqui disponibilizados os documentos de presta\u00e7\u00e3o de contas da Escola B\u00e1sica com Pr\u00e9-escolar e Creche Dr. Alfredo Ferreira N\u00f3brega J\u00fanior.<\/p>\n","protected":false},"author":32,"featured_media":0,"parent":0,"menu_order":0,"comment_status":"closed","ping_status":"closed","template":"","meta":{"site-sidebar-layout":"default","site-content-layout":"","ast-site-content-layout":"default","site-content-style":"default","site-sidebar-style":"default","ast-global-header-display":"","ast-banner-title-visibility":"","ast-main-header-display":"","ast-hfb-above-header-display":"","ast-hfb-below-header-display":"","ast-hfb-mobile-header-display":"","site-post-title":"","ast-breadcrumbs-content":"","ast-featured-img":"","footer-sml-layout":"","ast-disable-related-posts":"","theme-transparent-header-meta":"","adv-header-id-meta":"","stick-header-meta":"","header-above-stick-meta":"","header-main-stick-meta":"","header-below-stick-meta":"","astra-migrate-meta-layouts":"default","ast-page-background-enabled":"default","ast-page-background-meta":{"desktop":{"background-color":"var(--ast-global-color-4)","background-image":"","background-repeat":"repeat","background-position":"center center","background-size":"auto","background-attachment":"scroll","background-type":"","background-media":"","overlay-type":"","overlay-color":"","overlay-opacity":"","overlay-gradient":""},"tablet":{"background-color":"","background-image":"","background-repeat":"repeat","background-position":"center center","background-size":"auto","background-attachment":"scroll","background-type":"","background-media":"","overlay-type":"","overlay-color":"","overlay-opacity":"","overlay-gradient":""},"mobile":{"background-color":"","background-image":"","background-repeat":"repeat","background-position":"center center","background-size":"auto","background-attachment":"scroll","background-type":"","background-media":"","overlay-type":"","overlay-color":"","overlay-opacity":"","overlay-gradient":""}},"ast-content-background-meta":{"desktop":{"background-color":"var(--ast-global-color-5)","background-image":"","background-repeat":"repeat","background-position":"center center","background-size":"auto","background-attachment":"scroll","background-type":"","background-media":"","overlay-type":"","overlay-color":"","overlay-opacity":"","overlay-gradient":""},"tablet":{"background-color":"var(--ast-global-color-5)","background-image":"","background-repeat":"repeat","background-position":"center center","background-size":"auto","background-attachment":"scroll","background-type":"","background-media":"","overlay-type":"","overlay-color":"","overlay-opacity":"","overlay-gradient":""},"mobile":{"background-color":"var(--ast-global-color-5)","background-image":"","background-repeat":"repeat","background-position":"center center","background-size":"auto","background-attachment":"scroll","background-type":"","background-media":"","overlay-type":"","overlay-color":"","overlay-opacity":"","overlay-gradient":""}},"_themeisle_gutenberg_block_has_review":false,"footnotes":""},"class_list":["post-1293","page","type-page","status-publish","hentry"],"_links":{"self":[{"href":"https:\/\/escoladigital.madeira.gov.pt\/eb23dafnjunior\/wp-json\/wp\/v2\/pages\/1293","targetHints":{"allow":["GET"]}}],"collection":[{"href":"https:\/\/escoladigital.madeira.gov.pt\/eb23dafnjunior\/wp-json\/wp\/v2\/pages"}],"about":[{"href":"https:\/\/escoladigital.madeira.gov.pt\/eb23dafnjunior\/wp-json\/wp\/v2\/types\/page"}],"author":[{"embeddable":true,"href":"https:\/\/escoladigital.madeira.gov.pt\/eb23dafnjunior\/wp-json\/wp\/v2\/users\/32"}],"replies":[{"embeddable":true,"href":"https:\/\/escoladigital.madeira.gov.pt\/eb23dafnjunior\/wp-json\/wp\/v2\/comments?post=1293"}],"version-history":[{"count":2,"href":"https:\/\/escoladigital.madeira.gov.pt\/eb23dafnjunior\/wp-json\/wp\/v2\/pages\/1293\/revisions"}],"predecessor-version":[{"id":1307,"href":"https:\/\/escoladigital.madeira.gov.pt\/eb23dafnjunior\/wp-json\/wp\/v2\/pages\/1293\/revisions\/1307"}],"wp:attachment":[{"href":"https:\/\/escoladigital.madeira.gov.pt\/eb23dafnjunior\/wp-json\/wp\/v2\/media?parent=1293"}],"curies":[{"name":"wp","href":"https:\/\/api.w.org\/{rel}","templated":true}]}}