{"id":628,"date":"2025-02-19T23:03:06","date_gmt":"2025-02-19T23:03:06","guid":{"rendered":"https:\/\/escoladigital.madeira.gov.pt\/eb23dafnjunior\/?page_id=628"},"modified":"2025-02-19T23:06:07","modified_gmt":"2025-02-19T23:06:07","slug":"historia","status":"publish","type":"page","link":"https:\/\/escoladigital.madeira.gov.pt\/eb23dafnjunior\/historia\/","title":{"rendered":"Hist\u00f3ria"},"content":{"rendered":"\n<figure class=\"wp-block-image aligncenter size-full\"><img decoding=\"async\" width=\"141\" height=\"167\" src=\"https:\/\/escoladigital.madeira.gov.pt\/eb23dafnjunior\/wp-content\/uploads\/sites\/23\/2025\/02\/DrAlfredo.png\" alt=\"\" class=\"wp-image-440\" \/><\/figure>\n\n\n\n<p><\/p>\n\n\n\n<p>A&nbsp;<strong>Escola B\u00e1sica com Pr\u00e9-escolar e Creche Dr. Alfredo Ferreira N\u00f3brega J\u00fanior<\/strong>&nbsp;situa-se na freguesia da Camacha, concelho de Santa Cruz e \u00e9 constitu\u00edda por dois edif\u00edcios:<\/p>\n\n\n\n<ul class=\"wp-block-list\"><\/ul>\n\n\n\n<ul class=\"wp-block-list\">\n<li>A Escola B\u00e1sica 2\u00ba e 3\u00ba Ciclos Dr. Alfredo Ferreira de N\u00f3brega J\u00fanior, Edif\u00edcio Sede, foi inaugurada a 30 de setembro de 1993. O seu nome ficou a dever-se a uma personalidade importante desta localidade \u2013 Dr. Alfredo Ferreira de N\u00f3brega J\u00fanior.<\/li>\n<\/ul>\n\n\n\n<ul class=\"wp-block-list\">\n<li>A Escola B\u00e1sica do 1.\u00ba Ciclo com Pr\u00e9-escolar da Camacha, atual Edif\u00edcio 2, conta com mais de meio s\u00e9culo de hist\u00f3ria e foi inaugurada a 6 de julho de 1969 pelo Sr. Governador Civil Braamcamp Sobral, um edif\u00edcio do Plano dos Centen\u00e1rios.<\/li>\n<\/ul>\n\n\n\n<div class=\"wp-block-columns is-layout-flex wp-container-core-columns-is-layout-28f84493 wp-block-columns-is-layout-flex\">\n<div class=\"wp-block-column is-layout-flow wp-block-column-is-layout-flow\">\n<p class=\"has-text-align-center\"><strong>Edif\u00edcio Sede<\/strong><\/p>\n\n\n\n<figure class=\"wp-block-image size-large\"><img fetchpriority=\"high\" decoding=\"async\" width=\"1024\" height=\"556\" src=\"https:\/\/escoladigital.madeira.gov.pt\/eb23dafnjunior\/wp-content\/uploads\/sites\/23\/2025\/02\/Edificio-Sede-1024x556.png\" alt=\"\" class=\"wp-image-450\" srcset=\"https:\/\/escoladigital.madeira.gov.pt\/eb23dafnjunior\/wp-content\/uploads\/sites\/23\/2025\/02\/Edificio-Sede-1024x556.png 1024w, https:\/\/escoladigital.madeira.gov.pt\/eb23dafnjunior\/wp-content\/uploads\/sites\/23\/2025\/02\/Edificio-Sede-300x163.png 300w, https:\/\/escoladigital.madeira.gov.pt\/eb23dafnjunior\/wp-content\/uploads\/sites\/23\/2025\/02\/Edificio-Sede-768x417.png 768w, https:\/\/escoladigital.madeira.gov.pt\/eb23dafnjunior\/wp-content\/uploads\/sites\/23\/2025\/02\/Edificio-Sede.png 1385w\" sizes=\"(max-width: 1024px) 100vw, 1024px\" \/><\/figure>\n<\/div>\n\n\n\n<div class=\"wp-block-column is-layout-flow wp-block-column-is-layout-flow\">\n<p class=\"has-text-align-center\"><strong>Edif\u00edcio 2 <\/strong><\/p>\n\n\n\n<figure class=\"wp-block-image size-large\"><img decoding=\"async\" width=\"1024\" height=\"549\" src=\"https:\/\/escoladigital.madeira.gov.pt\/eb23dafnjunior\/wp-content\/uploads\/sites\/23\/2025\/02\/20250204_161154-scaled-e1738946961655-1024x549.jpg\" alt=\"\" class=\"wp-image-454\" srcset=\"https:\/\/escoladigital.madeira.gov.pt\/eb23dafnjunior\/wp-content\/uploads\/sites\/23\/2025\/02\/20250204_161154-scaled-e1738946961655-1024x549.jpg 1024w, https:\/\/escoladigital.madeira.gov.pt\/eb23dafnjunior\/wp-content\/uploads\/sites\/23\/2025\/02\/20250204_161154-scaled-e1738946961655-300x161.jpg 300w, https:\/\/escoladigital.madeira.gov.pt\/eb23dafnjunior\/wp-content\/uploads\/sites\/23\/2025\/02\/20250204_161154-scaled-e1738946961655-768x412.jpg 768w, https:\/\/escoladigital.madeira.gov.pt\/eb23dafnjunior\/wp-content\/uploads\/sites\/23\/2025\/02\/20250204_161154-scaled-e1738946961655-1536x823.jpg 1536w, https:\/\/escoladigital.madeira.gov.pt\/eb23dafnjunior\/wp-content\/uploads\/sites\/23\/2025\/02\/20250204_161154-scaled-e1738946961655-2048x1097.jpg 2048w\" sizes=\"(max-width: 1024px) 100vw, 1024px\" \/><\/figure>\n<\/div>\n<\/div>\n","protected":false},"excerpt":{"rendered":"<p>A&nbsp;Escola B\u00e1sica com Pr\u00e9-escolar e Creche Dr. Alfredo Ferreira N\u00f3brega J\u00fanior&nbsp;situa-se na freguesia da Camacha, concelho de Santa Cruz e \u00e9 constitu\u00edda por dois edif\u00edcios: Edif\u00edcio Sede Edif\u00edcio 2<\/p>\n","protected":false},"author":32,"featured_media":0,"parent":0,"menu_order":0,"comment_status":"closed","ping_status":"closed","template":"","meta":{"site-sidebar-layout":"default","site-content-layout":"","ast-site-content-layout":"default","site-content-style":"default","site-sidebar-style":"default","ast-global-header-display":"","ast-banner-title-visibility":"","ast-main-header-display":"","ast-hfb-above-header-display":"","ast-hfb-below-header-display":"","ast-hfb-mobile-header-display":"","site-post-title":"","ast-breadcrumbs-content":"","ast-featured-img":"","footer-sml-layout":"","ast-disable-related-posts":"","theme-transparent-header-meta":"","adv-header-id-meta":"","stick-header-meta":"","header-above-stick-meta":"","header-main-stick-meta":"","header-below-stick-meta":"","astra-migrate-meta-layouts":"default","ast-page-background-enabled":"default","ast-page-background-meta":{"desktop":{"background-color":"var(--ast-global-color-4)","background-image":"","background-repeat":"repeat","background-position":"center center","background-size":"auto","background-attachment":"scroll","background-type":"","background-media":"","overlay-type":"","overlay-color":"","overlay-opacity":"","overlay-gradient":""},"tablet":{"background-color":"","background-image":"","background-repeat":"repeat","background-position":"center center","background-size":"auto","background-attachment":"scroll","background-type":"","background-media":"","overlay-type":"","overlay-color":"","overlay-opacity":"","overlay-gradient":""},"mobile":{"background-color":"","background-image":"","background-repeat":"repeat","background-position":"center center","background-size":"auto","background-attachment":"scroll","background-type":"","background-media":"","overlay-type":"","overlay-color":"","overlay-opacity":"","overlay-gradient":""}},"ast-content-background-meta":{"desktop":{"background-color":"var(--ast-global-color-5)","background-image":"","background-repeat":"repeat","background-position":"center center","background-size":"auto","background-attachment":"scroll","background-type":"","background-media":"","overlay-type":"","overlay-color":"","overlay-opacity":"","overlay-gradient":""},"tablet":{"background-color":"var(--ast-global-color-5)","background-image":"","background-repeat":"repeat","background-position":"center center","background-size":"auto","background-attachment":"scroll","background-type":"","background-media":"","overlay-type":"","overlay-color":"","overlay-opacity":"","overlay-gradient":""},"mobile":{"background-color":"var(--ast-global-color-5)","background-image":"","background-repeat":"repeat","background-position":"center center","background-size":"auto","background-attachment":"scroll","background-type":"","background-media":"","overlay-type":"","overlay-color":"","overlay-opacity":"","overlay-gradient":""}},"_themeisle_gutenberg_block_has_review":false,"footnotes":""},"class_list":["post-628","page","type-page","status-publish","hentry"],"_links":{"self":[{"href":"https:\/\/escoladigital.madeira.gov.pt\/eb23dafnjunior\/wp-json\/wp\/v2\/pages\/628","targetHints":{"allow":["GET"]}}],"collection":[{"href":"https:\/\/escoladigital.madeira.gov.pt\/eb23dafnjunior\/wp-json\/wp\/v2\/pages"}],"about":[{"href":"https:\/\/escoladigital.madeira.gov.pt\/eb23dafnjunior\/wp-json\/wp\/v2\/types\/page"}],"author":[{"embeddable":true,"href":"https:\/\/escoladigital.madeira.gov.pt\/eb23dafnjunior\/wp-json\/wp\/v2\/users\/32"}],"replies":[{"embeddable":true,"href":"https:\/\/escoladigital.madeira.gov.pt\/eb23dafnjunior\/wp-json\/wp\/v2\/comments?post=628"}],"version-history":[{"count":3,"href":"https:\/\/escoladigital.madeira.gov.pt\/eb23dafnjunior\/wp-json\/wp\/v2\/pages\/628\/revisions"}],"predecessor-version":[{"id":632,"href":"https:\/\/escoladigital.madeira.gov.pt\/eb23dafnjunior\/wp-json\/wp\/v2\/pages\/628\/revisions\/632"}],"wp:attachment":[{"href":"https:\/\/escoladigital.madeira.gov.pt\/eb23dafnjunior\/wp-json\/wp\/v2\/media?parent=628"}],"curies":[{"name":"wp","href":"https:\/\/api.w.org\/{rel}","templated":true}]}}