{"id":655,"date":"2025-02-19T23:36:25","date_gmt":"2025-02-19T23:36:25","guid":{"rendered":"https:\/\/escoladigital.madeira.gov.pt\/eb23dafnjunior\/?page_id=655"},"modified":"2025-02-19T23:37:17","modified_gmt":"2025-02-19T23:37:17","slug":"projeto-educativo-de-escola-2","status":"publish","type":"page","link":"https:\/\/escoladigital.madeira.gov.pt\/eb23dafnjunior\/projeto-educativo-de-escola-2\/","title":{"rendered":"Projeto Educativo de Escola\u200b"},"content":{"rendered":"\n<p><em>&#8220;<strong>Projeto educativo&nbsp;<\/strong>&#8211; o documento que consagra a orienta\u00e7\u00e3o educativa da escola, elaborado e aprovado pelos seus \u00f3rg\u00e3os de administra\u00e7\u00e3o e gest\u00e3o para um horizonte de quatro anos, no qual se explicitam os princ\u00ed\u00adpios, os valores, as metas e as estrat\u00e9gias segundo os quais a escola se prop\u00f5e a cumprir a sua fun\u00e7\u00e3o educativa.&#8221;<\/em><\/p>\n\n\n\n<p class=\"has-text-align-right\"><em>Al\u00ednea a) do ponto 1 do artigo 3.\u00ba do Decreto Legislativo Regional 21\/2006\/M<\/em> de 21 de Julho<\/p>\n\n\n\n<div class=\"wp-block-file\"><a id=\"wp-block-file--media-7e7476f3-e253-4ead-ad7b-6c3cd127f012\" href=\"https:\/\/escoladigital.madeira.gov.pt\/eb23dafnjunior\/wp-content\/uploads\/sites\/23\/2025\/02\/PEE-22-26-05-01-2023-1.pdf\" target=\"_blank\" rel=\"noreferrer noopener\">PEE 22-26 <\/a><a href=\"https:\/\/escoladigital.madeira.gov.pt\/eb23dafnjunior\/wp-content\/uploads\/sites\/23\/2025\/02\/PEE-22-26-05-01-2023-1.pdf\" class=\"wp-block-file__button wp-element-button\" download aria-describedby=\"wp-block-file--media-7e7476f3-e253-4ead-ad7b-6c3cd127f012\">Descarregar<\/a><\/div>\n\n\n\n<p><\/p>\n","protected":false},"excerpt":{"rendered":"<p>&#8220;Projeto educativo&nbsp;&#8211; o documento que consagra a orienta\u00e7\u00e3o educativa da escola, elaborado e aprovado pelos seus \u00f3rg\u00e3os de administra\u00e7\u00e3o e gest\u00e3o para um horizonte de quatro anos, no qual se explicitam os princ\u00ed\u00adpios, os valores, as metas e as estrat\u00e9gias segundo os quais a escola se prop\u00f5e a cumprir a sua fun\u00e7\u00e3o educativa.&#8221; Al\u00ednea a) [&hellip;]<\/p>\n","protected":false},"author":32,"featured_media":0,"parent":0,"menu_order":0,"comment_status":"closed","ping_status":"closed","template":"","meta":{"site-sidebar-layout":"default","site-content-layout":"","ast-site-content-layout":"default","site-content-style":"default","site-sidebar-style":"default","ast-global-header-display":"","ast-banner-title-visibility":"","ast-main-header-display":"","ast-hfb-above-header-display":"","ast-hfb-below-header-display":"","ast-hfb-mobile-header-display":"","site-post-title":"","ast-breadcrumbs-content":"","ast-featured-img":"","footer-sml-layout":"","ast-disable-related-posts":"","theme-transparent-header-meta":"","adv-header-id-meta":"","stick-header-meta":"","header-above-stick-meta":"","header-main-stick-meta":"","header-below-stick-meta":"","astra-migrate-meta-layouts":"default","ast-page-background-enabled":"default","ast-page-background-meta":{"desktop":{"background-color":"var(--ast-global-color-4)","background-image":"","background-repeat":"repeat","background-position":"center center","background-size":"auto","background-attachment":"scroll","background-type":"","background-media":"","overlay-type":"","overlay-color":"","overlay-opacity":"","overlay-gradient":""},"tablet":{"background-color":"","background-image":"","background-repeat":"repeat","background-position":"center center","background-size":"auto","background-attachment":"scroll","background-type":"","background-media":"","overlay-type":"","overlay-color":"","overlay-opacity":"","overlay-gradient":""},"mobile":{"background-color":"","background-image":"","background-repeat":"repeat","background-position":"center center","background-size":"auto","background-attachment":"scroll","background-type":"","background-media":"","overlay-type":"","overlay-color":"","overlay-opacity":"","overlay-gradient":""}},"ast-content-background-meta":{"desktop":{"background-color":"var(--ast-global-color-5)","background-image":"","background-repeat":"repeat","background-position":"center center","background-size":"auto","background-attachment":"scroll","background-type":"","background-media":"","overlay-type":"","overlay-color":"","overlay-opacity":"","overlay-gradient":""},"tablet":{"background-color":"var(--ast-global-color-5)","background-image":"","background-repeat":"repeat","background-position":"center center","background-size":"auto","background-attachment":"scroll","background-type":"","background-media":"","overlay-type":"","overlay-color":"","overlay-opacity":"","overlay-gradient":""},"mobile":{"background-color":"var(--ast-global-color-5)","background-image":"","background-repeat":"repeat","background-position":"center center","background-size":"auto","background-attachment":"scroll","background-type":"","background-media":"","overlay-type":"","overlay-color":"","overlay-opacity":"","overlay-gradient":""}},"_themeisle_gutenberg_block_has_review":false,"footnotes":""},"class_list":["post-655","page","type-page","status-publish","hentry"],"_links":{"self":[{"href":"https:\/\/escoladigital.madeira.gov.pt\/eb23dafnjunior\/wp-json\/wp\/v2\/pages\/655","targetHints":{"allow":["GET"]}}],"collection":[{"href":"https:\/\/escoladigital.madeira.gov.pt\/eb23dafnjunior\/wp-json\/wp\/v2\/pages"}],"about":[{"href":"https:\/\/escoladigital.madeira.gov.pt\/eb23dafnjunior\/wp-json\/wp\/v2\/types\/page"}],"author":[{"embeddable":true,"href":"https:\/\/escoladigital.madeira.gov.pt\/eb23dafnjunior\/wp-json\/wp\/v2\/users\/32"}],"replies":[{"embeddable":true,"href":"https:\/\/escoladigital.madeira.gov.pt\/eb23dafnjunior\/wp-json\/wp\/v2\/comments?post=655"}],"version-history":[{"count":2,"href":"https:\/\/escoladigital.madeira.gov.pt\/eb23dafnjunior\/wp-json\/wp\/v2\/pages\/655\/revisions"}],"predecessor-version":[{"id":659,"href":"https:\/\/escoladigital.madeira.gov.pt\/eb23dafnjunior\/wp-json\/wp\/v2\/pages\/655\/revisions\/659"}],"wp:attachment":[{"href":"https:\/\/escoladigital.madeira.gov.pt\/eb23dafnjunior\/wp-json\/wp\/v2\/media?parent=655"}],"curies":[{"name":"wp","href":"https:\/\/api.w.org\/{rel}","templated":true}]}}