{"id":670,"date":"2025-02-19T23:57:23","date_gmt":"2025-02-19T23:57:23","guid":{"rendered":"https:\/\/escoladigital.madeira.gov.pt\/eb23dafnjunior\/?page_id=670"},"modified":"2026-03-24T12:44:48","modified_gmt":"2026-03-24T12:44:48","slug":"projeto-manuais-digitais","status":"publish","type":"page","link":"https:\/\/escoladigital.madeira.gov.pt\/eb23dafnjunior\/projeto-manuais-digitais\/","title":{"rendered":"Projeto Manuais Digitais"},"content":{"rendered":"\n<figure class=\"wp-block-image aligncenter size-medium is-resized is-style-default\"><img decoding=\"async\" width=\"300\" height=\"145\" src=\"https:\/\/escoladigital.madeira.gov.pt\/eb23dafnjunior\/wp-content\/uploads\/sites\/23\/2025\/02\/Manuais-Digitais-Logo-300x145.jpg\" alt=\"\" class=\"wp-image-320\" style=\"width:auto;height:80px\" srcset=\"https:\/\/escoladigital.madeira.gov.pt\/eb23dafnjunior\/wp-content\/uploads\/sites\/23\/2025\/02\/Manuais-Digitais-Logo-300x145.jpg 300w, https:\/\/escoladigital.madeira.gov.pt\/eb23dafnjunior\/wp-content\/uploads\/sites\/23\/2025\/02\/Manuais-Digitais-Logo.jpg 528w\" sizes=\"(max-width: 300px) 100vw, 300px\" \/><\/figure>\n\n\n\n<p>O Projeto Manuais Digitais, implementado pela Secretaria Regional de Educa\u00e7\u00e3o, Ci\u00eancia e Tecnologia, disponibiliza a todos os alunos do 5.\u00ba ao 12.\u00ba ano um dispositivo digital \u2014 <strong>tablet no Ensino B\u00e1sico<\/strong> e <strong>Chromebook no Ensino Secund\u00e1rio<\/strong> \u2014 para apoio ao processo de ensino e aprendizagem. Estes equipamentos permitem o acesso aos manuais digitais, recursos educativos online e plataformas utilizadas no contexto escolar.<\/p>\n\n\n\n<p>Para garantir um uso adequado, seguro e respons\u00e1vel dos dispositivos, foi criado o <strong>Regulamento de Utiliza\u00e7\u00e3o dos Tablets<\/strong>, que define direitos, deveres e regras de utiliza\u00e7\u00e3o dentro e fora da escola, incluindo normas de seguran\u00e7a, manuten\u00e7\u00e3o e comportamento digital.<\/p>\n\n\n\n<figure class=\"wp-block-embed aligncenter is-type-video is-provider-youtube wp-block-embed-youtube\"><div class=\"wp-block-embed__wrapper\">\n<iframe title=\"PMD24\" width=\"500\" height=\"281\" src=\"https:\/\/www.youtube.com\/embed\/G4xndj_FsIM?feature=oembed\" frameborder=\"0\" allow=\"accelerometer; autoplay; clipboard-write; encrypted-media; gyroscope; picture-in-picture; web-share\" referrerpolicy=\"strict-origin-when-cross-origin\" allowfullscreen><\/iframe>\n<\/div><\/figure>\n\n\n\n<p><\/p>\n\n\n\n<h4 class=\"wp-block-heading\"><strong>Regulamento de utiliza\u00e7\u00e3o dos tablets<\/strong><\/h4>\n\n\n\n<ul class=\"wp-block-list\">\n<li>Promover o uso respons\u00e1vel e pedag\u00f3gico dos equipamentos.<\/li>\n\n\n\n<li>Garantir a seguran\u00e7a digital dos alunos.<\/li>\n\n\n\n<li>Proteger e preservar o material escolar.<\/li>\n\n\n\n<li>Orientar boas pr\u00e1ticas de utiliza\u00e7\u00e3o dentro e fora da sala de aula<\/li>\n<\/ul>\n\n\n\n<h5 class=\"wp-block-heading\">Documento Oficial<\/h5>\n\n\n\n<div class=\"wp-block-file\"><a id=\"wp-block-file--media-38596f57-96cb-46d6-b67e-6ee693d81101\" href=\"https:\/\/escoladigital.madeira.gov.pt\/eb23dafnjunior\/wp-content\/uploads\/sites\/23\/2026\/03\/RegulamentoTablets.pdf\">RegulamentoTablets<\/a><\/div>\n\n\n\n<ul class=\"wp-block-list\"><\/ul>\n\n\n\n<ul class=\"wp-block-list\"><\/ul>\n\n\n\n<figure class=\"wp-block-image aligncenter size-large is-resized\"><img fetchpriority=\"high\" decoding=\"async\" width=\"1024\" height=\"101\" src=\"https:\/\/escoladigital.madeira.gov.pt\/eb23dafnjunior\/wp-content\/uploads\/sites\/23\/2025\/04\/logo1-1024x101.png\" alt=\"\" class=\"wp-image-903\" style=\"width:auto;height:80px\" srcset=\"https:\/\/escoladigital.madeira.gov.pt\/eb23dafnjunior\/wp-content\/uploads\/sites\/23\/2025\/04\/logo1-1024x101.png 1024w, https:\/\/escoladigital.madeira.gov.pt\/eb23dafnjunior\/wp-content\/uploads\/sites\/23\/2025\/04\/logo1-300x30.png 300w, https:\/\/escoladigital.madeira.gov.pt\/eb23dafnjunior\/wp-content\/uploads\/sites\/23\/2025\/04\/logo1-768x76.png 768w, https:\/\/escoladigital.madeira.gov.pt\/eb23dafnjunior\/wp-content\/uploads\/sites\/23\/2025\/04\/logo1-1536x152.png 1536w, https:\/\/escoladigital.madeira.gov.pt\/eb23dafnjunior\/wp-content\/uploads\/sites\/23\/2025\/04\/logo1.png 1772w\" sizes=\"(max-width: 1024px) 100vw, 1024px\" \/><\/figure>\n","protected":false},"excerpt":{"rendered":"<p>O Projeto Manuais Digitais, implementado pela Secretaria Regional de Educa\u00e7\u00e3o, Ci\u00eancia e Tecnologia, disponibiliza a todos os alunos do 5.\u00ba ao 12.\u00ba ano um dispositivo digital \u2014 tablet no Ensino B\u00e1sico e Chromebook no Ensino Secund\u00e1rio \u2014 para apoio ao processo de ensino e aprendizagem. Estes equipamentos permitem o acesso aos manuais digitais, recursos educativos [&hellip;]<\/p>\n","protected":false},"author":32,"featured_media":0,"parent":0,"menu_order":0,"comment_status":"closed","ping_status":"closed","template":"","meta":{"site-sidebar-layout":"default","site-content-layout":"","ast-site-content-layout":"default","site-content-style":"default","site-sidebar-style":"default","ast-global-header-display":"","ast-banner-title-visibility":"","ast-main-header-display":"","ast-hfb-above-header-display":"","ast-hfb-below-header-display":"","ast-hfb-mobile-header-display":"","site-post-title":"","ast-breadcrumbs-content":"","ast-featured-img":"","footer-sml-layout":"","ast-disable-related-posts":"","theme-transparent-header-meta":"","adv-header-id-meta":"","stick-header-meta":"","header-above-stick-meta":"","header-main-stick-meta":"","header-below-stick-meta":"","astra-migrate-meta-layouts":"default","ast-page-background-enabled":"default","ast-page-background-meta":{"desktop":{"background-color":"var(--ast-global-color-4)","background-image":"","background-repeat":"repeat","background-position":"center center","background-size":"auto","background-attachment":"scroll","background-type":"","background-media":"","overlay-type":"","overlay-color":"","overlay-opacity":"","overlay-gradient":""},"tablet":{"background-color":"","background-image":"","background-repeat":"repeat","background-position":"center center","background-size":"auto","background-attachment":"scroll","background-type":"","background-media":"","overlay-type":"","overlay-color":"","overlay-opacity":"","overlay-gradient":""},"mobile":{"background-color":"","background-image":"","background-repeat":"repeat","background-position":"center center","background-size":"auto","background-attachment":"scroll","background-type":"","background-media":"","overlay-type":"","overlay-color":"","overlay-opacity":"","overlay-gradient":""}},"ast-content-background-meta":{"desktop":{"background-color":"var(--ast-global-color-5)","background-image":"","background-repeat":"repeat","background-position":"center center","background-size":"auto","background-attachment":"scroll","background-type":"","background-media":"","overlay-type":"","overlay-color":"","overlay-opacity":"","overlay-gradient":""},"tablet":{"background-color":"var(--ast-global-color-5)","background-image":"","background-repeat":"repeat","background-position":"center center","background-size":"auto","background-attachment":"scroll","background-type":"","background-media":"","overlay-type":"","overlay-color":"","overlay-opacity":"","overlay-gradient":""},"mobile":{"background-color":"var(--ast-global-color-5)","background-image":"","background-repeat":"repeat","background-position":"center center","background-size":"auto","background-attachment":"scroll","background-type":"","background-media":"","overlay-type":"","overlay-color":"","overlay-opacity":"","overlay-gradient":""}},"_themeisle_gutenberg_block_has_review":false,"footnotes":""},"class_list":["post-670","page","type-page","status-publish","hentry"],"_links":{"self":[{"href":"https:\/\/escoladigital.madeira.gov.pt\/eb23dafnjunior\/wp-json\/wp\/v2\/pages\/670","targetHints":{"allow":["GET"]}}],"collection":[{"href":"https:\/\/escoladigital.madeira.gov.pt\/eb23dafnjunior\/wp-json\/wp\/v2\/pages"}],"about":[{"href":"https:\/\/escoladigital.madeira.gov.pt\/eb23dafnjunior\/wp-json\/wp\/v2\/types\/page"}],"author":[{"embeddable":true,"href":"https:\/\/escoladigital.madeira.gov.pt\/eb23dafnjunior\/wp-json\/wp\/v2\/users\/32"}],"replies":[{"embeddable":true,"href":"https:\/\/escoladigital.madeira.gov.pt\/eb23dafnjunior\/wp-json\/wp\/v2\/comments?post=670"}],"version-history":[{"count":15,"href":"https:\/\/escoladigital.madeira.gov.pt\/eb23dafnjunior\/wp-json\/wp\/v2\/pages\/670\/revisions"}],"predecessor-version":[{"id":1291,"href":"https:\/\/escoladigital.madeira.gov.pt\/eb23dafnjunior\/wp-json\/wp\/v2\/pages\/670\/revisions\/1291"}],"wp:attachment":[{"href":"https:\/\/escoladigital.madeira.gov.pt\/eb23dafnjunior\/wp-json\/wp\/v2\/media?parent=670"}],"curies":[{"name":"wp","href":"https:\/\/api.w.org\/{rel}","templated":true}]}}