{"id":725,"date":"2025-02-20T01:22:56","date_gmt":"2025-02-20T01:22:56","guid":{"rendered":"https:\/\/escoladigital.madeira.gov.pt\/eb23dafnjunior\/?page_id=725"},"modified":"2025-02-20T23:50:13","modified_gmt":"2025-02-20T23:50:13","slug":"nucleos-desportivos","status":"publish","type":"page","link":"https:\/\/escoladigital.madeira.gov.pt\/eb23dafnjunior\/nucleos-desportivos\/","title":{"rendered":"N\u00facleos Desportivos"},"content":{"rendered":"\n<div class=\"wp-block-columns is-layout-flex wp-container-core-columns-is-layout-28f84493 wp-block-columns-is-layout-flex\">\n<div class=\"wp-block-column is-layout-flow wp-block-column-is-layout-flow\">\n<div id=\"wp-block-themeisle-blocks-tabs-56e57c4f\" class=\"wp-block-themeisle-blocks-tabs\"><div class=\"wp-block-themeisle-blocks-tabs__content\">\n<div data-title=\"N\u00facleo Atletismo\" class=\"wp-block-themeisle-blocks-tabs-item\"><div class=\"wp-block-themeisle-blocks-tabs-item__header\">N\u00facleo Atletismo<\/div><div class=\"wp-block-themeisle-blocks-tabs-item__content\">\n\n<figure class=\"wp-block-image size-large\"><img fetchpriority=\"high\" decoding=\"async\" width=\"724\" height=\"1024\" src=\"https:\/\/escoladigital.madeira.gov.pt\/eb23dafnjunior\/wp-content\/uploads\/sites\/23\/2025\/02\/ATLETISMO-4-page-001-724x1024.jpg\" alt=\"\" class=\"wp-image-726\" srcset=\"https:\/\/escoladigital.madeira.gov.pt\/eb23dafnjunior\/wp-content\/uploads\/sites\/23\/2025\/02\/ATLETISMO-4-page-001-724x1024.jpg 724w, https:\/\/escoladigital.madeira.gov.pt\/eb23dafnjunior\/wp-content\/uploads\/sites\/23\/2025\/02\/ATLETISMO-4-page-001-212x300.jpg 212w, https:\/\/escoladigital.madeira.gov.pt\/eb23dafnjunior\/wp-content\/uploads\/sites\/23\/2025\/02\/ATLETISMO-4-page-001-768x1086.jpg 768w, https:\/\/escoladigital.madeira.gov.pt\/eb23dafnjunior\/wp-content\/uploads\/sites\/23\/2025\/02\/ATLETISMO-4-page-001-1086x1536.jpg 1086w, https:\/\/escoladigital.madeira.gov.pt\/eb23dafnjunior\/wp-content\/uploads\/sites\/23\/2025\/02\/ATLETISMO-4-page-001-1448x2048.jpg 1448w, https:\/\/escoladigital.madeira.gov.pt\/eb23dafnjunior\/wp-content\/uploads\/sites\/23\/2025\/02\/ATLETISMO-4-page-001-scaled.jpg 1810w\" sizes=\"(max-width: 724px) 100vw, 724px\" \/><\/figure>\n\n<\/div><\/div>\n\n\n\n<div data-title=\"N\u00facleo Nata\u00e7\u00e3o\" class=\"wp-block-themeisle-blocks-tabs-item\"><div class=\"wp-block-themeisle-blocks-tabs-item__header\">N\u00facleo Nata\u00e7\u00e3o<\/div><div class=\"wp-block-themeisle-blocks-tabs-item__content\">\n\n<figure class=\"wp-block-image size-large\"><img decoding=\"async\" width=\"724\" height=\"1024\" src=\"https:\/\/escoladigital.madeira.gov.pt\/eb23dafnjunior\/wp-content\/uploads\/sites\/23\/2025\/02\/Cartaz-nucleo-natacao-24.25_page-0001-724x1024.jpg\" alt=\"\" class=\"wp-image-728\" srcset=\"https:\/\/escoladigital.madeira.gov.pt\/eb23dafnjunior\/wp-content\/uploads\/sites\/23\/2025\/02\/Cartaz-nucleo-natacao-24.25_page-0001-724x1024.jpg 724w, https:\/\/escoladigital.madeira.gov.pt\/eb23dafnjunior\/wp-content\/uploads\/sites\/23\/2025\/02\/Cartaz-nucleo-natacao-24.25_page-0001-212x300.jpg 212w, https:\/\/escoladigital.madeira.gov.pt\/eb23dafnjunior\/wp-content\/uploads\/sites\/23\/2025\/02\/Cartaz-nucleo-natacao-24.25_page-0001-768x1086.jpg 768w, https:\/\/escoladigital.madeira.gov.pt\/eb23dafnjunior\/wp-content\/uploads\/sites\/23\/2025\/02\/Cartaz-nucleo-natacao-24.25_page-0001-1086x1536.jpg 1086w, https:\/\/escoladigital.madeira.gov.pt\/eb23dafnjunior\/wp-content\/uploads\/sites\/23\/2025\/02\/Cartaz-nucleo-natacao-24.25_page-0001-1448x2048.jpg 1448w, https:\/\/escoladigital.madeira.gov.pt\/eb23dafnjunior\/wp-content\/uploads\/sites\/23\/2025\/02\/Cartaz-nucleo-natacao-24.25_page-0001-scaled.jpg 1810w\" sizes=\"(max-width: 724px) 100vw, 724px\" \/><\/figure>\n\n<\/div><\/div>\n\n\n\n<div data-title=\"N\u00facleo Patinagem\" class=\"wp-block-themeisle-blocks-tabs-item\"><div class=\"wp-block-themeisle-blocks-tabs-item__header\">N\u00facleo Patinagem<\/div><div class=\"wp-block-themeisle-blocks-tabs-item__content\">\n\n<figure class=\"wp-block-image size-large\"><img decoding=\"async\" width=\"1024\" height=\"725\" src=\"https:\/\/escoladigital.madeira.gov.pt\/eb23dafnjunior\/wp-content\/uploads\/sites\/23\/2025\/02\/Cartaz-Patinagem-2024-2025.docx13Set_page-0001-1024x725.jpg\" alt=\"\" class=\"wp-image-729\" srcset=\"https:\/\/escoladigital.madeira.gov.pt\/eb23dafnjunior\/wp-content\/uploads\/sites\/23\/2025\/02\/Cartaz-Patinagem-2024-2025.docx13Set_page-0001-1024x725.jpg 1024w, https:\/\/escoladigital.madeira.gov.pt\/eb23dafnjunior\/wp-content\/uploads\/sites\/23\/2025\/02\/Cartaz-Patinagem-2024-2025.docx13Set_page-0001-300x212.jpg 300w, https:\/\/escoladigital.madeira.gov.pt\/eb23dafnjunior\/wp-content\/uploads\/sites\/23\/2025\/02\/Cartaz-Patinagem-2024-2025.docx13Set_page-0001-768x543.jpg 768w, https:\/\/escoladigital.madeira.gov.pt\/eb23dafnjunior\/wp-content\/uploads\/sites\/23\/2025\/02\/Cartaz-Patinagem-2024-2025.docx13Set_page-0001-1536x1087.jpg 1536w, https:\/\/escoladigital.madeira.gov.pt\/eb23dafnjunior\/wp-content\/uploads\/sites\/23\/2025\/02\/Cartaz-Patinagem-2024-2025.docx13Set_page-0001.jpg 1754w\" sizes=\"(max-width: 1024px) 100vw, 1024px\" \/><\/figure>\n\n<\/div><\/div>\n\n\n\n<div data-title=\"N\u00facleo Madeirabol\" class=\"wp-block-themeisle-blocks-tabs-item\"><div class=\"wp-block-themeisle-blocks-tabs-item__header\">N\u00facleo Madeirabol<\/div><div class=\"wp-block-themeisle-blocks-tabs-item__content\">\n\n<figure class=\"wp-block-image size-large\"><img loading=\"lazy\" decoding=\"async\" width=\"1024\" height=\"724\" src=\"https:\/\/escoladigital.madeira.gov.pt\/eb23dafnjunior\/wp-content\/uploads\/sites\/23\/2025\/02\/Cartaz-Madeirabol-2024_horizontal_page-0001-1024x724.jpg\" alt=\"\" class=\"wp-image-727\" srcset=\"https:\/\/escoladigital.madeira.gov.pt\/eb23dafnjunior\/wp-content\/uploads\/sites\/23\/2025\/02\/Cartaz-Madeirabol-2024_horizontal_page-0001-1024x724.jpg 1024w, https:\/\/escoladigital.madeira.gov.pt\/eb23dafnjunior\/wp-content\/uploads\/sites\/23\/2025\/02\/Cartaz-Madeirabol-2024_horizontal_page-0001-300x212.jpg 300w, https:\/\/escoladigital.madeira.gov.pt\/eb23dafnjunior\/wp-content\/uploads\/sites\/23\/2025\/02\/Cartaz-Madeirabol-2024_horizontal_page-0001-768x543.jpg 768w, https:\/\/escoladigital.madeira.gov.pt\/eb23dafnjunior\/wp-content\/uploads\/sites\/23\/2025\/02\/Cartaz-Madeirabol-2024_horizontal_page-0001-1536x1085.jpg 1536w, https:\/\/escoladigital.madeira.gov.pt\/eb23dafnjunior\/wp-content\/uploads\/sites\/23\/2025\/02\/Cartaz-Madeirabol-2024_horizontal_page-0001.jpg 1755w\" sizes=\"(max-width: 1024px) 100vw, 1024px\" \/><\/figure>\n\n<\/div><\/div>\n<\/div><\/div>\n<\/div>\n<\/div>\n\n\n\n<div class=\"wp-block-columns is-layout-flex wp-container-core-columns-is-layout-28f84493 wp-block-columns-is-layout-flex\">\n<div class=\"wp-block-column is-layout-flow wp-block-column-is-layout-flow\">\n<p><strong>Publica\u00e7\u00f5es | Atividades<\/strong><\/p>\n\n\n\n<hr class=\"wp-block-separator has-alpha-channel-opacity is-style-wide\" \/>\n\n\n<div class=\"is-style-boxed wp-block-themeisle-blocks-posts-grid\" id=\"wp-block-themeisle-blocks-posts-grid-49b7bc9f\"><div class=\"is-list\"><div class=\"o-posts-grid-post-blog o-posts-grid-post-plain\"><div class=\"o-posts-grid-post\"><div class=\"o-posts-grid-post-image\"><a href=\"https:\/\/escoladigital.madeira.gov.pt\/eb23dafnjunior\/2025\/04\/29\/corta-mato-escolar-final-regional\/\"><img loading=\"lazy\" decoding=\"async\" width=\"2000\" height=\"1500\" src=\"https:\/\/escoladigital.madeira.gov.pt\/eb23dafnjunior\/wp-content\/uploads\/sites\/23\/2025\/04\/DE.jpg\" class=\"attachment-full size-full\" alt=\"Corta-mato Escolar &#8211; Final Regional\" srcset=\"https:\/\/escoladigital.madeira.gov.pt\/eb23dafnjunior\/wp-content\/uploads\/sites\/23\/2025\/04\/DE.jpg 2000w, https:\/\/escoladigital.madeira.gov.pt\/eb23dafnjunior\/wp-content\/uploads\/sites\/23\/2025\/04\/DE-300x225.jpg 300w, https:\/\/escoladigital.madeira.gov.pt\/eb23dafnjunior\/wp-content\/uploads\/sites\/23\/2025\/04\/DE-1024x768.jpg 1024w, https:\/\/escoladigital.madeira.gov.pt\/eb23dafnjunior\/wp-content\/uploads\/sites\/23\/2025\/04\/DE-768x576.jpg 768w, https:\/\/escoladigital.madeira.gov.pt\/eb23dafnjunior\/wp-content\/uploads\/sites\/23\/2025\/04\/DE-1536x1152.jpg 1536w\" sizes=\"(max-width: 2000px) 100vw, 2000px\" \/><\/a><\/div><div class=\"o-posts-grid-post-body\"><h4 class=\"o-posts-grid-post-title\"><a href=\"https:\/\/escoladigital.madeira.gov.pt\/eb23dafnjunior\/2025\/04\/29\/corta-mato-escolar-final-regional\/\">Corta-mato Escolar &#8211; Final Regional<\/a><\/h4><div class=\"o-posts-grid-post-description\"><p><\/p><\/div><\/div><\/div><\/div><div class=\"o-posts-grid-post-blog o-posts-grid-post-plain\"><div class=\"o-posts-grid-post\"><div class=\"o-posts-grid-post-image\"><a href=\"https:\/\/escoladigital.madeira.gov.pt\/eb23dafnjunior\/2025\/04\/23\/fase-de-apuramento-do-campeonato-regional-de-destrezas-e-agilidade-em-patinagem\/\"><img loading=\"lazy\" decoding=\"async\" width=\"2560\" height=\"1920\" src=\"https:\/\/escoladigital.madeira.gov.pt\/eb23dafnjunior\/wp-content\/uploads\/sites\/23\/2025\/02\/1-scaled.jpg\" class=\"attachment-full size-full\" alt=\"Fase de Apuramento do Campeonato Regional de Destrezas e Agilidade em patinagem\" srcset=\"https:\/\/escoladigital.madeira.gov.pt\/eb23dafnjunior\/wp-content\/uploads\/sites\/23\/2025\/02\/1-scaled.jpg 2560w, https:\/\/escoladigital.madeira.gov.pt\/eb23dafnjunior\/wp-content\/uploads\/sites\/23\/2025\/02\/1-300x225.jpg 300w, https:\/\/escoladigital.madeira.gov.pt\/eb23dafnjunior\/wp-content\/uploads\/sites\/23\/2025\/02\/1-1024x768.jpg 1024w, https:\/\/escoladigital.madeira.gov.pt\/eb23dafnjunior\/wp-content\/uploads\/sites\/23\/2025\/02\/1-768x576.jpg 768w, https:\/\/escoladigital.madeira.gov.pt\/eb23dafnjunior\/wp-content\/uploads\/sites\/23\/2025\/02\/1-1536x1152.jpg 1536w, https:\/\/escoladigital.madeira.gov.pt\/eb23dafnjunior\/wp-content\/uploads\/sites\/23\/2025\/02\/1-2048x1536.jpg 2048w\" sizes=\"(max-width: 2560px) 100vw, 2560px\" \/><\/a><\/div><div class=\"o-posts-grid-post-body\"><h4 class=\"o-posts-grid-post-title\"><a href=\"https:\/\/escoladigital.madeira.gov.pt\/eb23dafnjunior\/2025\/04\/23\/fase-de-apuramento-do-campeonato-regional-de-destrezas-e-agilidade-em-patinagem\/\">Fase de Apuramento do Campeonato Regional de Destrezas e Agilidade em patinagem<\/a><\/h4><div class=\"o-posts-grid-post-description\"><p><\/p><\/div><\/div><\/div><\/div><div class=\"o-posts-grid-post-blog o-posts-grid-post-plain\"><div class=\"o-posts-grid-post\"><div class=\"o-posts-grid-post-image\"><a href=\"https:\/\/escoladigital.madeira.gov.pt\/eb23dafnjunior\/2025\/02\/25\/desporto-escolar-nucleo-badminton\/\"><img loading=\"lazy\" decoding=\"async\" width=\"2560\" height=\"1920\" src=\"https:\/\/escoladigital.madeira.gov.pt\/eb23dafnjunior\/wp-content\/uploads\/sites\/23\/2025\/02\/1-scaled.jpg\" class=\"attachment-full size-full\" alt=\"Desporto Escolar | N\u00facleo Badminton\" srcset=\"https:\/\/escoladigital.madeira.gov.pt\/eb23dafnjunior\/wp-content\/uploads\/sites\/23\/2025\/02\/1-scaled.jpg 2560w, https:\/\/escoladigital.madeira.gov.pt\/eb23dafnjunior\/wp-content\/uploads\/sites\/23\/2025\/02\/1-300x225.jpg 300w, https:\/\/escoladigital.madeira.gov.pt\/eb23dafnjunior\/wp-content\/uploads\/sites\/23\/2025\/02\/1-1024x768.jpg 1024w, https:\/\/escoladigital.madeira.gov.pt\/eb23dafnjunior\/wp-content\/uploads\/sites\/23\/2025\/02\/1-768x576.jpg 768w, https:\/\/escoladigital.madeira.gov.pt\/eb23dafnjunior\/wp-content\/uploads\/sites\/23\/2025\/02\/1-1536x1152.jpg 1536w, https:\/\/escoladigital.madeira.gov.pt\/eb23dafnjunior\/wp-content\/uploads\/sites\/23\/2025\/02\/1-2048x1536.jpg 2048w\" sizes=\"(max-width: 2560px) 100vw, 2560px\" \/><\/a><\/div><div class=\"o-posts-grid-post-body\"><h4 class=\"o-posts-grid-post-title\"><a href=\"https:\/\/escoladigital.madeira.gov.pt\/eb23dafnjunior\/2025\/02\/25\/desporto-escolar-nucleo-badminton\/\">Desporto Escolar | N\u00facleo Badminton<\/a><\/h4><div class=\"o-posts-grid-post-description\"><p><\/p><\/div><\/div><\/div><\/div><div class=\"o-posts-grid-post-blog o-posts-grid-post-plain\"><div class=\"o-posts-grid-post\"><div class=\"o-posts-grid-post-image\"><a href=\"https:\/\/escoladigital.madeira.gov.pt\/eb23dafnjunior\/2025\/02\/10\/nucleo-de-badminton\/\"><img loading=\"lazy\" decoding=\"async\" width=\"2560\" height=\"1920\" src=\"https:\/\/escoladigital.madeira.gov.pt\/eb23dafnjunior\/wp-content\/uploads\/sites\/23\/2025\/02\/grupo-scaled.jpg\" class=\"attachment-full size-full\" alt=\"N\u00facleo de Badminton\" srcset=\"https:\/\/escoladigital.madeira.gov.pt\/eb23dafnjunior\/wp-content\/uploads\/sites\/23\/2025\/02\/grupo-scaled.jpg 2560w, https:\/\/escoladigital.madeira.gov.pt\/eb23dafnjunior\/wp-content\/uploads\/sites\/23\/2025\/02\/grupo-300x225.jpg 300w, https:\/\/escoladigital.madeira.gov.pt\/eb23dafnjunior\/wp-content\/uploads\/sites\/23\/2025\/02\/grupo-1024x768.jpg 1024w, https:\/\/escoladigital.madeira.gov.pt\/eb23dafnjunior\/wp-content\/uploads\/sites\/23\/2025\/02\/grupo-768x576.jpg 768w, https:\/\/escoladigital.madeira.gov.pt\/eb23dafnjunior\/wp-content\/uploads\/sites\/23\/2025\/02\/grupo-1536x1152.jpg 1536w, https:\/\/escoladigital.madeira.gov.pt\/eb23dafnjunior\/wp-content\/uploads\/sites\/23\/2025\/02\/grupo-2048x1536.jpg 2048w\" sizes=\"(max-width: 2560px) 100vw, 2560px\" \/><\/a><\/div><div class=\"o-posts-grid-post-body\"><h4 class=\"o-posts-grid-post-title\"><a href=\"https:\/\/escoladigital.madeira.gov.pt\/eb23dafnjunior\/2025\/02\/10\/nucleo-de-badminton\/\">N\u00facleo de Badminton<\/a><\/h4><div class=\"o-posts-grid-post-description\"><p><\/p><\/div><\/div><\/div><\/div><\/div> <\/div><\/div>\n<\/div>\n","protected":false},"excerpt":{"rendered":"<p>Publica\u00e7\u00f5es | Atividades<\/p>\n","protected":false},"author":32,"featured_media":0,"parent":0,"menu_order":0,"comment_status":"closed","ping_status":"closed","template":"","meta":{"site-sidebar-layout":"default","site-content-layout":"","ast-site-content-layout":"default","site-content-style":"default","site-sidebar-style":"default","ast-global-header-display":"","ast-banner-title-visibility":"","ast-main-header-display":"","ast-hfb-above-header-display":"","ast-hfb-below-header-display":"","ast-hfb-mobile-header-display":"","site-post-title":"","ast-breadcrumbs-content":"","ast-featured-img":"","footer-sml-layout":"","ast-disable-related-posts":"","theme-transparent-header-meta":"","adv-header-id-meta":"","stick-header-meta":"","header-above-stick-meta":"","header-main-stick-meta":"","header-below-stick-meta":"","astra-migrate-meta-layouts":"default","ast-page-background-enabled":"default","ast-page-background-meta":{"desktop":{"background-color":"var(--ast-global-color-4)","background-image":"","background-repeat":"repeat","background-position":"center center","background-size":"auto","background-attachment":"scroll","background-type":"","background-media":"","overlay-type":"","overlay-color":"","overlay-opacity":"","overlay-gradient":""},"tablet":{"background-color":"","background-image":"","background-repeat":"repeat","background-position":"center center","background-size":"auto","background-attachment":"scroll","background-type":"","background-media":"","overlay-type":"","overlay-color":"","overlay-opacity":"","overlay-gradient":""},"mobile":{"background-color":"","background-image":"","background-repeat":"repeat","background-position":"center center","background-size":"auto","background-attachment":"scroll","background-type":"","background-media":"","overlay-type":"","overlay-color":"","overlay-opacity":"","overlay-gradient":""}},"ast-content-background-meta":{"desktop":{"background-color":"var(--ast-global-color-5)","background-image":"","background-repeat":"repeat","background-position":"center center","background-size":"auto","background-attachment":"scroll","background-type":"","background-media":"","overlay-type":"","overlay-color":"","overlay-opacity":"","overlay-gradient":""},"tablet":{"background-color":"var(--ast-global-color-5)","background-image":"","background-repeat":"repeat","background-position":"center center","background-size":"auto","background-attachment":"scroll","background-type":"","background-media":"","overlay-type":"","overlay-color":"","overlay-opacity":"","overlay-gradient":""},"mobile":{"background-color":"var(--ast-global-color-5)","background-image":"","background-repeat":"repeat","background-position":"center center","background-size":"auto","background-attachment":"scroll","background-type":"","background-media":"","overlay-type":"","overlay-color":"","overlay-opacity":"","overlay-gradient":""}},"_themeisle_gutenberg_block_has_review":false,"footnotes":""},"class_list":["post-725","page","type-page","status-publish","hentry"],"_links":{"self":[{"href":"https:\/\/escoladigital.madeira.gov.pt\/eb23dafnjunior\/wp-json\/wp\/v2\/pages\/725","targetHints":{"allow":["GET"]}}],"collection":[{"href":"https:\/\/escoladigital.madeira.gov.pt\/eb23dafnjunior\/wp-json\/wp\/v2\/pages"}],"about":[{"href":"https:\/\/escoladigital.madeira.gov.pt\/eb23dafnjunior\/wp-json\/wp\/v2\/types\/page"}],"author":[{"embeddable":true,"href":"https:\/\/escoladigital.madeira.gov.pt\/eb23dafnjunior\/wp-json\/wp\/v2\/users\/32"}],"replies":[{"embeddable":true,"href":"https:\/\/escoladigital.madeira.gov.pt\/eb23dafnjunior\/wp-json\/wp\/v2\/comments?post=725"}],"version-history":[{"count":4,"href":"https:\/\/escoladigital.madeira.gov.pt\/eb23dafnjunior\/wp-json\/wp\/v2\/pages\/725\/revisions"}],"predecessor-version":[{"id":805,"href":"https:\/\/escoladigital.madeira.gov.pt\/eb23dafnjunior\/wp-json\/wp\/v2\/pages\/725\/revisions\/805"}],"wp:attachment":[{"href":"https:\/\/escoladigital.madeira.gov.pt\/eb23dafnjunior\/wp-json\/wp\/v2\/media?parent=725"}],"curies":[{"name":"wp","href":"https:\/\/api.w.org\/{rel}","templated":true}]}}