{"id":978,"date":"2025-05-13T08:15:08","date_gmt":"2025-05-13T08:15:08","guid":{"rendered":"https:\/\/escoladigital.madeira.gov.pt\/eb23dafnjunior\/?page_id=978"},"modified":"2026-02-07T00:23:58","modified_gmt":"2026-02-07T00:23:58","slug":"regime-geral-da-prevencao-da-corrupcao","status":"publish","type":"page","link":"https:\/\/escoladigital.madeira.gov.pt\/eb23dafnjunior\/regime-geral-da-prevencao-da-corrupcao\/","title":{"rendered":"Regime Geral da Preven\u00e7\u00e3o da Corrup\u00e7\u00e3o"},"content":{"rendered":"\n<div class=\"wp-block-columns is-layout-flex wp-container-core-columns-is-layout-28f84493 wp-block-columns-is-layout-flex\">\n<div class=\"wp-block-column is-layout-flow wp-block-column-is-layout-flow\">\n<h4 class=\"wp-block-heading\"><strong>C\u00f3digo de Conduta<\/strong><\/h4>\n\n\n\n<div class=\"wp-block-columns is-layout-flex wp-container-core-columns-is-layout-28f84493 wp-block-columns-is-layout-flex\">\n<div class=\"wp-block-column is-layout-flow wp-block-column-is-layout-flow\" style=\"flex-basis:5%\"><\/div>\n\n\n\n<div class=\"wp-block-column is-layout-flow wp-block-column-is-layout-flow\" style=\"flex-basis:95%\">\n<div class=\"wp-block-file\"><a id=\"wp-block-file--media-2a44d47c-d062-4917-8f84-c5fbfcc5ab09\" href=\"https:\/\/escoladigital.madeira.gov.pt\/eb23dafnjunior\/wp-content\/uploads\/sites\/23\/2025\/11\/A3-CodigoConduta.CCE_.24jul24.pdf.pdf\">A3-C\u00f3digoConduta.CCE.24jul24.pdf<\/a><a href=\"https:\/\/escoladigital.madeira.gov.pt\/eb23dafnjunior\/wp-content\/uploads\/sites\/23\/2025\/11\/A3-CodigoConduta.CCE_.24jul24.pdf.pdf\" class=\"wp-block-file__button wp-element-button\" download aria-describedby=\"wp-block-file--media-2a44d47c-d062-4917-8f84-c5fbfcc5ab09\">Descarregar<\/a><\/div>\n<\/div>\n<\/div>\n\n\n\n<h4 class=\"wp-block-heading\"><strong>Plano de Preven\u00e7\u00e3o de Riscos<\/strong><\/h4>\n\n\n\n<div class=\"wp-block-columns is-layout-flex wp-container-core-columns-is-layout-28f84493 wp-block-columns-is-layout-flex\">\n<div class=\"wp-block-column is-layout-flow wp-block-column-is-layout-flow\" style=\"flex-basis:5%\"><\/div>\n\n\n\n<div class=\"wp-block-column is-layout-flow wp-block-column-is-layout-flow\" style=\"flex-basis:95%\">\n<div class=\"wp-block-file\"><a id=\"wp-block-file--media-4ed86139-a312-49c8-9bf0-836a1b4e61b6\" href=\"https:\/\/escoladigital.madeira.gov.pt\/eb23dafnjunior\/wp-content\/uploads\/sites\/23\/2025\/05\/PPR.22abr25CCE.pdf\">Plano de Preven\u00e7\u00e3o de Riscos &#8211;  22abr25<\/a><a href=\"https:\/\/escoladigital.madeira.gov.pt\/eb23dafnjunior\/wp-content\/uploads\/sites\/23\/2025\/05\/PPR.22abr25CCE.pdf\" class=\"wp-block-file__button wp-element-button\" download aria-describedby=\"wp-block-file--media-4ed86139-a312-49c8-9bf0-836a1b4e61b6\">Descarregar<\/a><\/div>\n<\/div>\n<\/div>\n\n\n\n<hr class=\"wp-block-separator has-alpha-channel-opacity is-style-wide\" \/>\n\n\n\n<h4 class=\"wp-block-heading\"><strong>Relat\u00f3rio de Execu\u00e7\u00e3o do Plano de Preven\u00e7\u00e3o de Riscos<\/strong><\/h4>\n\n\n\n<div class=\"wp-block-columns is-layout-flex wp-container-core-columns-is-layout-28f84493 wp-block-columns-is-layout-flex\">\n<div class=\"wp-block-column is-layout-flow wp-block-column-is-layout-flow\" style=\"flex-basis:5%\"><\/div>\n\n\n\n<div class=\"wp-block-column is-layout-flow wp-block-column-is-layout-flow\" style=\"flex-basis:95%\">\n<div class=\"wp-block-file\"><a id=\"wp-block-file--media-24042c89-465e-4026-9590-0c4cb0d3b67e\" href=\"https:\/\/escoladigital.madeira.gov.pt\/eb23dafnjunior\/wp-content\/uploads\/sites\/23\/2025\/05\/RE-PPR.1oRelatorioAbr25-1.pdf\">Relat\u00f3rio de Execu\u00e7\u00e3o do Plano de Preven\u00e7\u00e3o de Riscos<strong> <\/strong>&#8211; Abril de 2025<\/a><a href=\"https:\/\/escoladigital.madeira.gov.pt\/eb23dafnjunior\/wp-content\/uploads\/sites\/23\/2025\/05\/RE-PPR.1oRelatorioAbr25-1.pdf\" class=\"wp-block-file__button wp-element-button\" download aria-describedby=\"wp-block-file--media-24042c89-465e-4026-9590-0c4cb0d3b67e\">Descarregar<\/a><\/div>\n<\/div>\n<\/div>\n\n\n\n<hr class=\"wp-block-separator has-alpha-channel-opacity is-style-wide\" \/>\n\n\n\n<h4 class=\"wp-block-heading\"><strong>Quadro de acompanhamento dos instrumentos do RGPC (Recomenda\u00e7\u00e3o \/2024 do MENAC)<\/strong><\/h4>\n\n\n\n<div class=\"wp-block-columns is-layout-flex wp-container-core-columns-is-layout-28f84493 wp-block-columns-is-layout-flex\">\n<div class=\"wp-block-column is-layout-flow wp-block-column-is-layout-flow\" style=\"flex-basis:5%\"><\/div>\n\n\n\n<div class=\"wp-block-column is-layout-flow wp-block-column-is-layout-flow\" style=\"flex-basis:95%\">\n<div class=\"wp-block-file\"><a id=\"wp-block-file--media-31ce3bda-1030-460f-858a-006527173209\" href=\"https:\/\/escoladigital.madeira.gov.pt\/eb23dafnjunior\/wp-content\/uploads\/sites\/23\/2025\/05\/Anexo-1-MODELO-Recomendacao-7-MENAC-Abr2025.pdf\">Anexo 1 &#8211; MODELO-Recomenda\u00e7\u00e3o 7-MENAC &#8211; Abr2025<\/a><a href=\"https:\/\/escoladigital.madeira.gov.pt\/eb23dafnjunior\/wp-content\/uploads\/sites\/23\/2025\/05\/Anexo-1-MODELO-Recomendacao-7-MENAC-Abr2025.pdf\" class=\"wp-block-file__button wp-element-button\" download aria-describedby=\"wp-block-file--media-31ce3bda-1030-460f-858a-006527173209\">Descarregar<\/a><\/div>\n<\/div>\n<\/div>\n\n\n\n<hr class=\"wp-block-separator has-alpha-channel-opacity is-style-wide\" \/>\n<\/div>\n<\/div>\n\n\n\n<p><\/p>\n","protected":false},"excerpt":{"rendered":"<p>C\u00f3digo de Conduta Plano de Preven\u00e7\u00e3o de Riscos Relat\u00f3rio de Execu\u00e7\u00e3o do Plano de Preven\u00e7\u00e3o de Riscos Quadro de acompanhamento dos instrumentos do RGPC (Recomenda\u00e7\u00e3o \/2024 do MENAC)<\/p>\n","protected":false},"author":32,"featured_media":0,"parent":0,"menu_order":0,"comment_status":"closed","ping_status":"closed","template":"","meta":{"site-sidebar-layout":"default","site-content-layout":"","ast-site-content-layout":"default","site-content-style":"default","site-sidebar-style":"default","ast-global-header-display":"","ast-banner-title-visibility":"","ast-main-header-display":"","ast-hfb-above-header-display":"","ast-hfb-below-header-display":"","ast-hfb-mobile-header-display":"","site-post-title":"","ast-breadcrumbs-content":"","ast-featured-img":"","footer-sml-layout":"","ast-disable-related-posts":"","theme-transparent-header-meta":"","adv-header-id-meta":"","stick-header-meta":"","header-above-stick-meta":"","header-main-stick-meta":"","header-below-stick-meta":"","astra-migrate-meta-layouts":"default","ast-page-background-enabled":"default","ast-page-background-meta":{"desktop":{"background-color":"var(--ast-global-color-4)","background-image":"","background-repeat":"repeat","background-position":"center center","background-size":"auto","background-attachment":"scroll","background-type":"","background-media":"","overlay-type":"","overlay-color":"","overlay-opacity":"","overlay-gradient":""},"tablet":{"background-color":"","background-image":"","background-repeat":"repeat","background-position":"center center","background-size":"auto","background-attachment":"scroll","background-type":"","background-media":"","overlay-type":"","overlay-color":"","overlay-opacity":"","overlay-gradient":""},"mobile":{"background-color":"","background-image":"","background-repeat":"repeat","background-position":"center center","background-size":"auto","background-attachment":"scroll","background-type":"","background-media":"","overlay-type":"","overlay-color":"","overlay-opacity":"","overlay-gradient":""}},"ast-content-background-meta":{"desktop":{"background-color":"var(--ast-global-color-5)","background-image":"","background-repeat":"repeat","background-position":"center center","background-size":"auto","background-attachment":"scroll","background-type":"","background-media":"","overlay-type":"","overlay-color":"","overlay-opacity":"","overlay-gradient":""},"tablet":{"background-color":"var(--ast-global-color-5)","background-image":"","background-repeat":"repeat","background-position":"center center","background-size":"auto","background-attachment":"scroll","background-type":"","background-media":"","overlay-type":"","overlay-color":"","overlay-opacity":"","overlay-gradient":""},"mobile":{"background-color":"var(--ast-global-color-5)","background-image":"","background-repeat":"repeat","background-position":"center center","background-size":"auto","background-attachment":"scroll","background-type":"","background-media":"","overlay-type":"","overlay-color":"","overlay-opacity":"","overlay-gradient":""}},"_themeisle_gutenberg_block_has_review":false,"footnotes":""},"class_list":["post-978","page","type-page","status-publish","hentry"],"_links":{"self":[{"href":"https:\/\/escoladigital.madeira.gov.pt\/eb23dafnjunior\/wp-json\/wp\/v2\/pages\/978","targetHints":{"allow":["GET"]}}],"collection":[{"href":"https:\/\/escoladigital.madeira.gov.pt\/eb23dafnjunior\/wp-json\/wp\/v2\/pages"}],"about":[{"href":"https:\/\/escoladigital.madeira.gov.pt\/eb23dafnjunior\/wp-json\/wp\/v2\/types\/page"}],"author":[{"embeddable":true,"href":"https:\/\/escoladigital.madeira.gov.pt\/eb23dafnjunior\/wp-json\/wp\/v2\/users\/32"}],"replies":[{"embeddable":true,"href":"https:\/\/escoladigital.madeira.gov.pt\/eb23dafnjunior\/wp-json\/wp\/v2\/comments?post=978"}],"version-history":[{"count":12,"href":"https:\/\/escoladigital.madeira.gov.pt\/eb23dafnjunior\/wp-json\/wp\/v2\/pages\/978\/revisions"}],"predecessor-version":[{"id":1244,"href":"https:\/\/escoladigital.madeira.gov.pt\/eb23dafnjunior\/wp-json\/wp\/v2\/pages\/978\/revisions\/1244"}],"wp:attachment":[{"href":"https:\/\/escoladigital.madeira.gov.pt\/eb23dafnjunior\/wp-json\/wp\/v2\/media?parent=978"}],"curies":[{"name":"wp","href":"https:\/\/api.w.org\/{rel}","templated":true}]}}